{"id":1087,"date":"2019-02-22T09:48:07","date_gmt":"2019-02-22T09:48:07","guid":{"rendered":"https:\/\/www.gilroynapolishort.com\/?page_id=1087"},"modified":"2024-11-20T06:46:46","modified_gmt":"2024-11-20T14:46:46","slug":"dui-lawyer-forest-grove","status":"publish","type":"page","link":"https:\/\/www.gilroynapolishort.com\/es\/dui-lawyer-forest-grove\/","title":{"rendered":"Abogado de DUI en Forest Grove, Oreg\u00f3n"},"content":{"rendered":"<h1>Abogado de primera clase en casos de DUI en Forest Grove, Oreg\u00f3n<\/h1>\n<p>Fundada en 1850, Forest Grove siempre ha sido una peque\u00f1a ciudad tranquila, pero a medida que la poblaci\u00f3n de Portland se ha expandido en los \u00faltimos a\u00f1os, la ciudad ha estado creciendo a un ritmo r\u00e1pido porque la mayor\u00eda de las personas est\u00e1n ansiosas por escapar del alto costo de vida en Portland para ir a la &quot;ciudad m\u00e1s peque\u00f1a&quot; m\u00e1s asequible de Forest Grove.<\/p>\n<p>Lamentablemente, a medida que Portland crece, no ha sido raro escuchar informes de m\u00e1s accidentes relacionados con DUI, pero la buena noticia es que todos los conductores en el \u00e1rea de Forest Grove pueden darse una ventaja cuando utilizan Gilroy Napoli Short Law Group si son arrestados por DUI.<\/p>\n<p>Ll\u00e1menos hoy al 503-747-7198 para una consulta gratuita con un abogado.<\/p>\n<h2>Ayudamos a los infractores primerizos de DUI en Forest Grove<\/h2>\n<p>\u00bfSe enfrenta a un arresto por primera vez y una posible condena por conducir bajo la influencia del alcohol (DUI)?<\/p>\n<p>Sabemos que esta puede ser una experiencia preocupante y muy estresante, ya que este arresto podr\u00eda ser su primera vez lidiando con un DUI y quiz\u00e1s no sepa qu\u00e9 hacer. Por eso, deber\u00eda contratar a un abogado especializado en DUI en Forest Grove, quien le brindar\u00e1 la orientaci\u00f3n profesional y el asesoramiento legal necesarios para garantizar que sus derechos no sean violados.<\/p>\n<p>Uno de los errores m\u00e1s grandes que debes evitar cuando <a href=\"https:\/\/www.gilroynapolishort.com\/es\/practice-areas\/duii-felony-duii\/\">Lidiando con un DUI<\/a> Es el error de aceptar un acuerdo con la polic\u00eda.<\/p>\n<p>Aunque un acuerdo con la fiscal\u00eda pueda parecer la opci\u00f3n m\u00e1s sencilla, suele ser un error grave. No querr\u00e1 renunciar a sus derechos sin antes hablar con un abogado con experiencia. <a href=\"https:\/\/www.gilroynapolishort.com\/es\/practice-areas\/criminal-defense\/\">abogado defensor penal<\/a>.<\/p>\n<p><img loading=\"lazy\" decoding=\"async\" src=\"https:\/\/gnslawgroup.wpenginepowered.com\/wp-content\/uploads\/2019\/02\/i-62903-DUII-Lawyers-4456.jpg\" sizes=\"auto, (max-width: 1200px) 100vw, 1200px\" srcset=\"https:\/\/gnslawgroup.wpenginepowered.com\/wp-content\/uploads\/2019\/02\/i-62903-DUII-Lawyers-4456.jpg 1200w, https:\/\/gnslawgroup.wpenginepowered.com\/wp-content\/uploads\/2019\/02\/i-62903-DUII-Lawyers-4456-300x75.jpg 300w, https:\/\/gnslawgroup.wpenginepowered.com\/wp-content\/uploads\/2019\/02\/i-62903-DUII-Lawyers-4456-768x192.jpg 768w, https:\/\/gnslawgroup.wpenginepowered.com\/wp-content\/uploads\/2019\/02\/i-62903-DUII-Lawyers-4456-1024x256.jpg 1024w\" alt=\"\" width=\"1200\" height=\"300\" \/><\/p>\n<h2>Somos abogados defensores expertos en el condado de Washington<\/h2>\n<p>Entendemos que est\u00e1 buscando en l\u00ednea un abogado especializado en DUI en Forest Grove. Sin embargo, es importante saber que no todos los abogados tienen la misma experiencia en defensa penal ni la misma pericia en el manejo de cargos relacionados con DUI.<\/p>\n<p>Al buscar un abogado especializado en DUI para su caso, es fundamental elegir a alguien con amplia experiencia y una s\u00f3lida trayectoria en la defensa de casos de DUI. Esto aumenta significativamente sus posibilidades de obtener un resultado favorable.<\/p>\n<p>\u00a1No se conforme con cualquier abogado para que lo represente! Busque un profesional legal especializado en casos de DUI con el conocimiento y la experiencia necesarios para brindar la mejor defensa posible. Su elecci\u00f3n puede marcar la diferencia en el resultado de su caso.<\/p>\n<h2>Elija un abogado local de DUI de Forest Grove<\/h2>\n<p>Aunque muchos bufetes de abogados en Estados Unidos afirman especializarse en casos relacionados con DUI, la realidad es que al contratar a un bufete de abogados de otro estado, es muy probable que no les vaya bien en el sistema judicial local de Forest Grove. \u00bfPor qu\u00e9? Es posible que desconozcan las leyes locales y no tengan experiencia con los tribunales locales.<\/p>\n<p>En lugar de contratar a un abogado especializado en DUI de fuera de la ciudad, deber\u00eda contratar a uno con sede en el \u00e1rea de Forest Grove. Le conviene alguien local, ya que estar\u00e1 familiarizado con el sistema judicial local y nuestras leyes, y tendr\u00e1 la experiencia necesaria para ganar su caso y eliminar los cargos de su expediente.<\/p>\n<h2><strong>Consulta gratuita\u00a0<\/strong>\u2014\u00a0<strong>Contacte a Gilroy Napoli Short Law Group<\/strong><\/h2>\n<p><a href=\"https:\/\/www.gilroynapolishort.com\/es\/contact\/\">Cont\u00e1ctanos<\/a>\u00a0\u00bfListo para hablar con un abogado especializado en DUI en el \u00e1rea de Forest Grove? Si es as\u00ed, contacte hoy mismo con Gilroy, Napoli y Short Law Group llamando al 541-306-2990 o cont\u00e1ctenos en l\u00ednea a trav\u00e9s de nuestro sitio web.<\/p>\n<p>Nuestra empresa tiene su sede en el \u00e1rea de Forest Grove, atendemos a personas de todo Oreg\u00f3n, incluidos los residentes de Beaverton, Salem, Portland y Hillsboro.<\/p>\n<p><strong>Se habla espa\u00f1ol.<\/strong><\/p>\n<p>Llame hoy para una consulta gratuita: <a href=\"tel:5037477198\">503-747-7198<\/a><\/p>","protected":false},"excerpt":{"rendered":"<p>First-Class Forest Grove, Oregon DUI Attorney Founded in 1850, Forest Grove has always been a sleepy small town, but as Portland\u2019s population has expanded in recent years, the town has&#8230;<\/p>","protected":false},"author":2,"featured_media":0,"parent":0,"menu_order":0,"comment_status":"closed","ping_status":"closed","template":"single-dui-page.php","meta":{"_acf_changed":false,"footnotes":""},"class_list":["post-1087","page","type-page","status-publish","hentry"],"acf":[],"yoast_head":"<!-- This site is optimized with the Yoast SEO plugin v27.3 - https:\/\/yoast.com\/product\/yoast-seo-wordpress\/ -->\n<title>Forest Grove DUI Attorney | Forest Grove Oregon DUI Lawyers<\/title>\n<meta name=\"description\" content=\"Forest Grove DUI Attorney: Serving clients throughout Forest Grove, Beaverton, Aloha, Tigard, Hillsboro, Sherwood, Lake Oswego, West Linn and Washington County Oregon. Call for a free no obligation consultation.\" \/>\n<meta name=\"robots\" content=\"index, follow, max-snippet:-1, max-image-preview:large, max-video-preview:-1\" \/>\n<link rel=\"canonical\" href=\"https:\/\/www.gilroynapolishort.com\/es\/dui-lawyer-forest-grove\/\" \/>\n<meta property=\"og:locale\" content=\"es_MX\" \/>\n<meta property=\"og:type\" content=\"article\" \/>\n<meta property=\"og:title\" content=\"Forest Grove DUI Attorney | Forest Grove Oregon DUI Lawyers\" \/>\n<meta property=\"og:description\" content=\"Forest Grove DUI Attorney: Serving clients throughout Forest Grove, Beaverton, Aloha, Tigard, Hillsboro, Sherwood, Lake Oswego, West Linn and Washington County Oregon. Call for a free no obligation consultation.\" \/>\n<meta property=\"og:url\" content=\"https:\/\/www.gilroynapolishort.com\/es\/dui-lawyer-forest-grove\/\" \/>\n<meta property=\"og:site_name\" content=\"GNS Law Group\" \/>\n<meta property=\"article:modified_time\" content=\"2024-11-20T14:46:46+00:00\" \/>\n<meta property=\"og:image\" content=\"https:\/\/gnslawgroup.wpenginepowered.com\/wp-content\/uploads\/2019\/02\/i-62903-DUII-Lawyers-4456.jpg\" \/>\n<meta name=\"twitter:card\" content=\"summary_large_image\" \/>\n<meta name=\"twitter:label1\" content=\"Est. reading time\" \/>\n\t<meta name=\"twitter:data1\" content=\"3 minutos\" \/>\n<script type=\"application\/ld+json\" class=\"yoast-schema-graph\">{\"@context\":\"https:\\\/\\\/schema.org\",\"@graph\":[{\"@type\":\"WebPage\",\"@id\":\"https:\\\/\\\/www.gilroynapolishort.com\\\/dui-lawyer-forest-grove\\\/\",\"url\":\"https:\\\/\\\/www.gilroynapolishort.com\\\/dui-lawyer-forest-grove\\\/\",\"name\":\"Forest Grove DUI Attorney | Forest Grove Oregon DUI Lawyers\",\"isPartOf\":{\"@id\":\"https:\\\/\\\/www.gilroynapolishort.com\\\/#website\"},\"primaryImageOfPage\":{\"@id\":\"https:\\\/\\\/www.gilroynapolishort.com\\\/dui-lawyer-forest-grove\\\/#primaryimage\"},\"image\":{\"@id\":\"https:\\\/\\\/www.gilroynapolishort.com\\\/dui-lawyer-forest-grove\\\/#primaryimage\"},\"thumbnailUrl\":\"https:\\\/\\\/gnslawgroup.wpenginepowered.com\\\/wp-content\\\/uploads\\\/2019\\\/02\\\/i-62903-DUII-Lawyers-4456.jpg\",\"datePublished\":\"2019-02-22T09:48:07+00:00\",\"dateModified\":\"2024-11-20T14:46:46+00:00\",\"description\":\"Forest Grove DUI Attorney: Serving clients throughout Forest Grove, Beaverton, Aloha, Tigard, Hillsboro, Sherwood, Lake Oswego, West Linn and Washington County Oregon. Call for a free no obligation consultation.\",\"breadcrumb\":{\"@id\":\"https:\\\/\\\/www.gilroynapolishort.com\\\/dui-lawyer-forest-grove\\\/#breadcrumb\"},\"inLanguage\":\"es\",\"potentialAction\":[{\"@type\":\"ReadAction\",\"target\":[\"https:\\\/\\\/www.gilroynapolishort.com\\\/dui-lawyer-forest-grove\\\/\"]}]},{\"@type\":\"ImageObject\",\"inLanguage\":\"es\",\"@id\":\"https:\\\/\\\/www.gilroynapolishort.com\\\/dui-lawyer-forest-grove\\\/#primaryimage\",\"url\":\"https:\\\/\\\/gnslawgroup.wpenginepowered.com\\\/wp-content\\\/uploads\\\/2019\\\/02\\\/i-62903-DUII-Lawyers-4456.jpg\",\"contentUrl\":\"https:\\\/\\\/gnslawgroup.wpenginepowered.com\\\/wp-content\\\/uploads\\\/2019\\\/02\\\/i-62903-DUII-Lawyers-4456.jpg\"},{\"@type\":\"BreadcrumbList\",\"@id\":\"https:\\\/\\\/www.gilroynapolishort.com\\\/dui-lawyer-forest-grove\\\/#breadcrumb\",\"itemListElement\":[{\"@type\":\"ListItem\",\"position\":1,\"name\":\"Home\",\"item\":\"https:\\\/\\\/www.gilroynapolishort.com\\\/\"},{\"@type\":\"ListItem\",\"position\":2,\"name\":\"Forest Grove, Oregon DUI Attorney\"}]},{\"@type\":\"WebSite\",\"@id\":\"https:\\\/\\\/www.gilroynapolishort.com\\\/#website\",\"url\":\"https:\\\/\\\/www.gilroynapolishort.com\\\/\",\"name\":\"Gilroy Napoli Short Law Group\",\"description\":\"\",\"potentialAction\":[{\"@type\":\"SearchAction\",\"target\":{\"@type\":\"EntryPoint\",\"urlTemplate\":\"https:\\\/\\\/www.gilroynapolishort.com\\\/?s={search_term_string}\"},\"query-input\":{\"@type\":\"PropertyValueSpecification\",\"valueRequired\":true,\"valueName\":\"search_term_string\"}}],\"inLanguage\":\"es\"}]}<\/script>\n<!-- \/ Yoast SEO plugin. -->","yoast_head_json":{"title":"Forest Grove DUI Attorney | Forest Grove Oregon DUI Lawyers","description":"Forest Grove DUI Attorney: Serving clients throughout Forest Grove, Beaverton, Aloha, Tigard, Hillsboro, Sherwood, Lake Oswego, West Linn and Washington County Oregon. Call for a free no obligation consultation.","robots":{"index":"index","follow":"follow","max-snippet":"max-snippet:-1","max-image-preview":"max-image-preview:large","max-video-preview":"max-video-preview:-1"},"canonical":"https:\/\/www.gilroynapolishort.com\/es\/dui-lawyer-forest-grove\/","og_locale":"es_MX","og_type":"article","og_title":"Forest Grove DUI Attorney | Forest Grove Oregon DUI Lawyers","og_description":"Forest Grove DUI Attorney: Serving clients throughout Forest Grove, Beaverton, Aloha, Tigard, Hillsboro, Sherwood, Lake Oswego, West Linn and Washington County Oregon. Call for a free no obligation consultation.","og_url":"https:\/\/www.gilroynapolishort.com\/es\/dui-lawyer-forest-grove\/","og_site_name":"GNS Law Group","article_modified_time":"2024-11-20T14:46:46+00:00","og_image":[{"url":"https:\/\/gnslawgroup.wpenginepowered.com\/wp-content\/uploads\/2019\/02\/i-62903-DUII-Lawyers-4456.jpg","type":"","width":"","height":""}],"twitter_card":"summary_large_image","twitter_misc":{"Est. reading time":"3 minutos"},"schema":{"@context":"https:\/\/schema.org","@graph":[{"@type":"WebPage","@id":"https:\/\/www.gilroynapolishort.com\/dui-lawyer-forest-grove\/","url":"https:\/\/www.gilroynapolishort.com\/dui-lawyer-forest-grove\/","name":"Forest Grove DUI Attorney | Forest Grove Oregon DUI Lawyers","isPartOf":{"@id":"https:\/\/www.gilroynapolishort.com\/#website"},"primaryImageOfPage":{"@id":"https:\/\/www.gilroynapolishort.com\/dui-lawyer-forest-grove\/#primaryimage"},"image":{"@id":"https:\/\/www.gilroynapolishort.com\/dui-lawyer-forest-grove\/#primaryimage"},"thumbnailUrl":"https:\/\/gnslawgroup.wpenginepowered.com\/wp-content\/uploads\/2019\/02\/i-62903-DUII-Lawyers-4456.jpg","datePublished":"2019-02-22T09:48:07+00:00","dateModified":"2024-11-20T14:46:46+00:00","description":"Forest Grove DUI Attorney: Serving clients throughout Forest Grove, Beaverton, Aloha, Tigard, Hillsboro, Sherwood, Lake Oswego, West Linn and Washington County Oregon. Call for a free no obligation consultation.","breadcrumb":{"@id":"https:\/\/www.gilroynapolishort.com\/dui-lawyer-forest-grove\/#breadcrumb"},"inLanguage":"es","potentialAction":[{"@type":"ReadAction","target":["https:\/\/www.gilroynapolishort.com\/dui-lawyer-forest-grove\/"]}]},{"@type":"ImageObject","inLanguage":"es","@id":"https:\/\/www.gilroynapolishort.com\/dui-lawyer-forest-grove\/#primaryimage","url":"https:\/\/gnslawgroup.wpenginepowered.com\/wp-content\/uploads\/2019\/02\/i-62903-DUII-Lawyers-4456.jpg","contentUrl":"https:\/\/gnslawgroup.wpenginepowered.com\/wp-content\/uploads\/2019\/02\/i-62903-DUII-Lawyers-4456.jpg"},{"@type":"BreadcrumbList","@id":"https:\/\/www.gilroynapolishort.com\/dui-lawyer-forest-grove\/#breadcrumb","itemListElement":[{"@type":"ListItem","position":1,"name":"Home","item":"https:\/\/www.gilroynapolishort.com\/"},{"@type":"ListItem","position":2,"name":"Forest Grove, Oregon DUI Attorney"}]},{"@type":"WebSite","@id":"https:\/\/www.gilroynapolishort.com\/#website","url":"https:\/\/www.gilroynapolishort.com\/","name":"Grupo de abogados Gilroy Napoli Short","description":"","potentialAction":[{"@type":"SearchAction","target":{"@type":"EntryPoint","urlTemplate":"https:\/\/www.gilroynapolishort.com\/?s={search_term_string}"},"query-input":{"@type":"PropertyValueSpecification","valueRequired":true,"valueName":"search_term_string"}}],"inLanguage":"es"}]}},"_links":{"self":[{"href":"https:\/\/www.gilroynapolishort.com\/es\/wp-json\/wp\/v2\/pages\/1087","targetHints":{"allow":["GET"]}}],"collection":[{"href":"https:\/\/www.gilroynapolishort.com\/es\/wp-json\/wp\/v2\/pages"}],"about":[{"href":"https:\/\/www.gilroynapolishort.com\/es\/wp-json\/wp\/v2\/types\/page"}],"author":[{"embeddable":true,"href":"https:\/\/www.gilroynapolishort.com\/es\/wp-json\/wp\/v2\/users\/2"}],"replies":[{"embeddable":true,"href":"https:\/\/www.gilroynapolishort.com\/es\/wp-json\/wp\/v2\/comments?post=1087"}],"version-history":[{"count":0,"href":"https:\/\/www.gilroynapolishort.com\/es\/wp-json\/wp\/v2\/pages\/1087\/revisions"}],"wp:attachment":[{"href":"https:\/\/www.gilroynapolishort.com\/es\/wp-json\/wp\/v2\/media?parent=1087"}],"curies":[{"name":"wp","href":"https:\/\/api.w.org\/{rel}","templated":true}]}}