{"id":1089,"date":"2019-02-22T09:48:36","date_gmt":"2019-02-22T09:48:36","guid":{"rendered":"https:\/\/www.gilroynapolishort.com\/?page_id=1089"},"modified":"2024-11-21T05:55:59","modified_gmt":"2024-11-21T13:55:59","slug":"dui-lawyer-sherwood","status":"publish","type":"page","link":"https:\/\/www.gilroynapolishort.com\/es\/dui-lawyer-sherwood\/","title":{"rendered":"Abogado de DUI en Sherwood, Oreg\u00f3n"},"content":{"rendered":"<h1>Respetado abogado de DUI en Sherwood, Oregon<\/h1>\n<p>Ubicado al sureste de Portland, Oreg\u00f3n, en el condado de Washington, se encuentra el pueblo de Sherwood. Fundado en la d\u00e9cada de 1890, originalmente se supon\u00eda que Sherwood se llamar\u00eda Smockville en honor a su ic\u00f3nico fundador, James Christopher Smock. Afortunadamente, los residentes decidieron no hacerlo y lo llamaron Sherwood.<\/p>\n<p>Con una poblaci\u00f3n de poco menos de 20.000 habitantes, Sherwood, Oreg\u00f3n, sigue siendo una ciudad peque\u00f1a ideal, especialmente para quienes desean escapar del alto costo de vida del \u00e1rea de Portland.<\/p>\n<p>A medida que Portland crece, tambi\u00e9n crece la ciudad de Sherwood. Quienes decidieron escapar del ajetreo de Portland compraron casas en Sherwood.<\/p>\n<p>Una consecuencia de vivir en Sherwood es que, en los \u00faltimos a\u00f1os, hemos visto m\u00e1s accidentes por conducir bajo los efectos del alcohol que nunca. Afortunadamente, todos los conductores del \u00e1rea de Sherwood pueden garantizar la protecci\u00f3n de sus derechos si son arrestados por conducir bajo los efectos del alcohol al elegir a Gilroy, Napoli, Short Law Group.<\/p>\n<p>Ll\u00e1menos hoy al 503-747-7198 para una consulta gratuita con un abogado.<\/p>\n<p><img loading=\"lazy\" decoding=\"async\" src=\"https:\/\/gnslawgroup.wpenginepowered.com\/wp-content\/uploads\/2019\/02\/i-62903-DUII-Lawyers-4456.jpg\" sizes=\"auto, (max-width: 1200px) 100vw, 1200px\" srcset=\"https:\/\/gnslawgroup.wpenginepowered.com\/wp-content\/uploads\/2019\/02\/i-62903-DUII-Lawyers-4456.jpg 1200w, https:\/\/gnslawgroup.wpenginepowered.com\/wp-content\/uploads\/2019\/02\/i-62903-DUII-Lawyers-4456-300x75.jpg 300w, https:\/\/gnslawgroup.wpenginepowered.com\/wp-content\/uploads\/2019\/02\/i-62903-DUII-Lawyers-4456-768x192.jpg 768w, https:\/\/gnslawgroup.wpenginepowered.com\/wp-content\/uploads\/2019\/02\/i-62903-DUII-Lawyers-4456-1024x256.jpg 1024w\" alt=\"\" width=\"1200\" height=\"300\" \/><\/p>\n<h2>\u00a1Ayudamos a los delincuentes primerizos en Sherwood!<\/h2>\n<p>\u00bfSe enfrenta a una posible condena por conducir bajo la influencia del alcohol (DUI)? Si es as\u00ed, sabemos que puede ser una experiencia muy estresante y dif\u00edcil, especialmente si es su primera vez, por lo que le conviene contratar a los abogados con m\u00e1s experiencia. <a href=\"https:\/\/www.gilroynapolishort.com\/es\/practice-areas\/criminal-defense\/\">abogado defensor penal<\/a> en el \u00e1rea de Sherwood para representarlo.<\/p>\n<p>Sin duda, tras un primer arresto, la polic\u00eda podr\u00eda presionarlo para que firme un acuerdo con la fiscal\u00eda si le han ofrecido uno. Lamentablemente, esta es una de las peores opciones que podr\u00eda tomar. Aunque ahora no lo parezca, a\u00fan tiene m\u00e1s opciones.<\/p>\n<p>Para evitar perder sus derechos, debe contratar a un abogado con experiencia en DUI en el \u00e1rea de Sherwood que se asegurar\u00e1 de que sus derechos est\u00e9n bien representados y, lo m\u00e1s importante de todo, garantizar\u00e1 que los cargos se eliminen de su registro una vez que gane su caso judicial de DUI.<\/p>\n<h2>Abogados expertos en DUI en Sherwood, Oregon<\/h2>\n<p>Adem\u00e1s de contratar a un abogado con experiencia, tambi\u00e9n debe asegurarse de que: <a href=\"https:\/\/www.gilroynapolishort.com\/es\/practice-areas\/duii-felony-duii\/\">Contratar a un abogado que se especialice \u00fanicamente en el manejo de casos relacionados con DUI.<\/a>Hacer esto le garantizar\u00e1 la mayor probabilidad de ganar su caso y, en \u00faltima instancia, de que los cargos se eliminen de su registro.<\/p>\n<h2>Elija un abogado especializado en DUI en Sherwood cerca de usted<\/h2>\n<p>S\u00ed, vivimos en la era de internet, donde es posible contactar f\u00e1cilmente con empresas en todo Estados Unidos, incluyendo bufetes de abogados. Al contratar a un abogado especializado en DUI de otro estado, es muy probable que no est\u00e9 familiarizado con el sistema judicial local, incluidas nuestras leyes. Por eso es recomendable contratar a un abogado local, ya que estar\u00e1 familiarizado con nuestras leyes y el sistema judicial local.<\/p>\n<h2><strong>Consulta gratuita\u00a0<\/strong>\u2014\u00a0<strong>Contacte a Gilroy Napoli Short Law Group<\/strong><\/h2>\n<p>El tiempo importa despu\u00e9s de ser arrestado por conducir bajo los efectos del alcohol. \u00a1No espere ni un segundo m\u00e1s para hablar con un abogado experimentado sobre su caso! Conozca m\u00e1s sobre los servicios que Gilroy, Napoli y Short Law Group pueden ofrecerle llam\u00e1ndonos al 503-747-7198 o haga clic aqu\u00ed.\u00a0<a href=\"https:\/\/www.gilroynapolishort.com\/es\/contact\/\">Cont\u00e1ctanos<\/a>\u00a0para conectarse con nosotros en l\u00ednea.<\/p>\n<p><strong>Se habla espa\u00f1ol.<\/strong><\/p>\n<p>Llame hoy para una consulta gratuita: <a href=\"tel:5037477198\">503-747-7198<\/a><\/p>","protected":false},"excerpt":{"rendered":"<p>Respected Sherwood, Oregon DUI Attorney Located southeast of Portland Oregon, in the Washington County area is the town of Sherwood. Founded in the 1890s, Sherwood was originally supposed to be&#8230;<\/p>","protected":false},"author":2,"featured_media":0,"parent":0,"menu_order":0,"comment_status":"closed","ping_status":"closed","template":"single-dui-page.php","meta":{"_acf_changed":false,"footnotes":""},"class_list":["post-1089","page","type-page","status-publish","hentry"],"acf":[],"yoast_head":"<!-- This site is optimized with the Yoast SEO plugin v27.3 - https:\/\/yoast.com\/product\/yoast-seo-wordpress\/ -->\n<title>Sherwood DUI Attorney | Sherwood Oregon DUI Lawyers<\/title>\n<meta name=\"description\" content=\"Sherwood DUI Attorney: Serving clients throughout Sherwood, Beaverton, Aloha, Tigard, Hillsboro, Forest Grove, Lake Oswego, West Linn and Washington County Oregon. Call for a free no obligation consultation.\" \/>\n<meta name=\"robots\" content=\"index, follow, max-snippet:-1, max-image-preview:large, max-video-preview:-1\" \/>\n<link rel=\"canonical\" href=\"https:\/\/www.gilroynapolishort.com\/es\/dui-lawyer-sherwood\/\" \/>\n<meta property=\"og:locale\" content=\"es_MX\" \/>\n<meta property=\"og:type\" content=\"article\" \/>\n<meta property=\"og:title\" content=\"Sherwood DUI Attorney | Sherwood Oregon DUI Lawyers\" \/>\n<meta property=\"og:description\" content=\"Sherwood DUI Attorney: Serving clients throughout Sherwood, Beaverton, Aloha, Tigard, Hillsboro, Forest Grove, Lake Oswego, West Linn and Washington County Oregon. Call for a free no obligation consultation.\" \/>\n<meta property=\"og:url\" content=\"https:\/\/www.gilroynapolishort.com\/es\/dui-lawyer-sherwood\/\" \/>\n<meta property=\"og:site_name\" content=\"GNS Law Group\" \/>\n<meta property=\"article:modified_time\" content=\"2024-11-21T13:55:59+00:00\" \/>\n<meta property=\"og:image\" content=\"https:\/\/gnslawgroup.wpenginepowered.com\/wp-content\/uploads\/2019\/02\/i-62903-DUII-Lawyers-4456.jpg\" \/>\n<meta name=\"twitter:card\" content=\"summary_large_image\" \/>\n<meta name=\"twitter:label1\" content=\"Est. reading time\" \/>\n\t<meta name=\"twitter:data1\" content=\"3 minutos\" \/>\n<script type=\"application\/ld+json\" class=\"yoast-schema-graph\">{\"@context\":\"https:\\\/\\\/schema.org\",\"@graph\":[{\"@type\":\"WebPage\",\"@id\":\"https:\\\/\\\/www.gilroynapolishort.com\\\/dui-lawyer-sherwood\\\/\",\"url\":\"https:\\\/\\\/www.gilroynapolishort.com\\\/dui-lawyer-sherwood\\\/\",\"name\":\"Sherwood DUI Attorney | Sherwood Oregon DUI Lawyers\",\"isPartOf\":{\"@id\":\"https:\\\/\\\/www.gilroynapolishort.com\\\/#website\"},\"primaryImageOfPage\":{\"@id\":\"https:\\\/\\\/www.gilroynapolishort.com\\\/dui-lawyer-sherwood\\\/#primaryimage\"},\"image\":{\"@id\":\"https:\\\/\\\/www.gilroynapolishort.com\\\/dui-lawyer-sherwood\\\/#primaryimage\"},\"thumbnailUrl\":\"https:\\\/\\\/gnslawgroup.wpenginepowered.com\\\/wp-content\\\/uploads\\\/2019\\\/02\\\/i-62903-DUII-Lawyers-4456.jpg\",\"datePublished\":\"2019-02-22T09:48:36+00:00\",\"dateModified\":\"2024-11-21T13:55:59+00:00\",\"description\":\"Sherwood DUI Attorney: Serving clients throughout Sherwood, Beaverton, Aloha, Tigard, Hillsboro, Forest Grove, Lake Oswego, West Linn and Washington County Oregon. Call for a free no obligation consultation.\",\"breadcrumb\":{\"@id\":\"https:\\\/\\\/www.gilroynapolishort.com\\\/dui-lawyer-sherwood\\\/#breadcrumb\"},\"inLanguage\":\"es\",\"potentialAction\":[{\"@type\":\"ReadAction\",\"target\":[\"https:\\\/\\\/www.gilroynapolishort.com\\\/dui-lawyer-sherwood\\\/\"]}]},{\"@type\":\"ImageObject\",\"inLanguage\":\"es\",\"@id\":\"https:\\\/\\\/www.gilroynapolishort.com\\\/dui-lawyer-sherwood\\\/#primaryimage\",\"url\":\"https:\\\/\\\/gnslawgroup.wpenginepowered.com\\\/wp-content\\\/uploads\\\/2019\\\/02\\\/i-62903-DUII-Lawyers-4456.jpg\",\"contentUrl\":\"https:\\\/\\\/gnslawgroup.wpenginepowered.com\\\/wp-content\\\/uploads\\\/2019\\\/02\\\/i-62903-DUII-Lawyers-4456.jpg\"},{\"@type\":\"BreadcrumbList\",\"@id\":\"https:\\\/\\\/www.gilroynapolishort.com\\\/dui-lawyer-sherwood\\\/#breadcrumb\",\"itemListElement\":[{\"@type\":\"ListItem\",\"position\":1,\"name\":\"Home\",\"item\":\"https:\\\/\\\/www.gilroynapolishort.com\\\/\"},{\"@type\":\"ListItem\",\"position\":2,\"name\":\"Sherwood, Oregon DUI Attorney\"}]},{\"@type\":\"WebSite\",\"@id\":\"https:\\\/\\\/www.gilroynapolishort.com\\\/#website\",\"url\":\"https:\\\/\\\/www.gilroynapolishort.com\\\/\",\"name\":\"Gilroy Napoli Short Law Group\",\"description\":\"\",\"potentialAction\":[{\"@type\":\"SearchAction\",\"target\":{\"@type\":\"EntryPoint\",\"urlTemplate\":\"https:\\\/\\\/www.gilroynapolishort.com\\\/?s={search_term_string}\"},\"query-input\":{\"@type\":\"PropertyValueSpecification\",\"valueRequired\":true,\"valueName\":\"search_term_string\"}}],\"inLanguage\":\"es\"}]}<\/script>\n<!-- \/ Yoast SEO plugin. -->","yoast_head_json":{"title":"Sherwood DUI Attorney | Sherwood Oregon DUI Lawyers","description":"Sherwood DUI Attorney: Serving clients throughout Sherwood, Beaverton, Aloha, Tigard, Hillsboro, Forest Grove, Lake Oswego, West Linn and Washington County Oregon. Call for a free no obligation consultation.","robots":{"index":"index","follow":"follow","max-snippet":"max-snippet:-1","max-image-preview":"max-image-preview:large","max-video-preview":"max-video-preview:-1"},"canonical":"https:\/\/www.gilroynapolishort.com\/es\/dui-lawyer-sherwood\/","og_locale":"es_MX","og_type":"article","og_title":"Sherwood DUI Attorney | Sherwood Oregon DUI Lawyers","og_description":"Sherwood DUI Attorney: Serving clients throughout Sherwood, Beaverton, Aloha, Tigard, Hillsboro, Forest Grove, Lake Oswego, West Linn and Washington County Oregon. Call for a free no obligation consultation.","og_url":"https:\/\/www.gilroynapolishort.com\/es\/dui-lawyer-sherwood\/","og_site_name":"GNS Law Group","article_modified_time":"2024-11-21T13:55:59+00:00","og_image":[{"url":"https:\/\/gnslawgroup.wpenginepowered.com\/wp-content\/uploads\/2019\/02\/i-62903-DUII-Lawyers-4456.jpg","type":"","width":"","height":""}],"twitter_card":"summary_large_image","twitter_misc":{"Est. reading time":"3 minutos"},"schema":{"@context":"https:\/\/schema.org","@graph":[{"@type":"WebPage","@id":"https:\/\/www.gilroynapolishort.com\/dui-lawyer-sherwood\/","url":"https:\/\/www.gilroynapolishort.com\/dui-lawyer-sherwood\/","name":"Sherwood DUI Attorney | Sherwood Oregon DUI Lawyers","isPartOf":{"@id":"https:\/\/www.gilroynapolishort.com\/#website"},"primaryImageOfPage":{"@id":"https:\/\/www.gilroynapolishort.com\/dui-lawyer-sherwood\/#primaryimage"},"image":{"@id":"https:\/\/www.gilroynapolishort.com\/dui-lawyer-sherwood\/#primaryimage"},"thumbnailUrl":"https:\/\/gnslawgroup.wpenginepowered.com\/wp-content\/uploads\/2019\/02\/i-62903-DUII-Lawyers-4456.jpg","datePublished":"2019-02-22T09:48:36+00:00","dateModified":"2024-11-21T13:55:59+00:00","description":"Sherwood DUI Attorney: Serving clients throughout Sherwood, Beaverton, Aloha, Tigard, Hillsboro, Forest Grove, Lake Oswego, West Linn and Washington County Oregon. Call for a free no obligation consultation.","breadcrumb":{"@id":"https:\/\/www.gilroynapolishort.com\/dui-lawyer-sherwood\/#breadcrumb"},"inLanguage":"es","potentialAction":[{"@type":"ReadAction","target":["https:\/\/www.gilroynapolishort.com\/dui-lawyer-sherwood\/"]}]},{"@type":"ImageObject","inLanguage":"es","@id":"https:\/\/www.gilroynapolishort.com\/dui-lawyer-sherwood\/#primaryimage","url":"https:\/\/gnslawgroup.wpenginepowered.com\/wp-content\/uploads\/2019\/02\/i-62903-DUII-Lawyers-4456.jpg","contentUrl":"https:\/\/gnslawgroup.wpenginepowered.com\/wp-content\/uploads\/2019\/02\/i-62903-DUII-Lawyers-4456.jpg"},{"@type":"BreadcrumbList","@id":"https:\/\/www.gilroynapolishort.com\/dui-lawyer-sherwood\/#breadcrumb","itemListElement":[{"@type":"ListItem","position":1,"name":"Home","item":"https:\/\/www.gilroynapolishort.com\/"},{"@type":"ListItem","position":2,"name":"Sherwood, Oregon DUI Attorney"}]},{"@type":"WebSite","@id":"https:\/\/www.gilroynapolishort.com\/#website","url":"https:\/\/www.gilroynapolishort.com\/","name":"Grupo de abogados Gilroy Napoli Short","description":"","potentialAction":[{"@type":"SearchAction","target":{"@type":"EntryPoint","urlTemplate":"https:\/\/www.gilroynapolishort.com\/?s={search_term_string}"},"query-input":{"@type":"PropertyValueSpecification","valueRequired":true,"valueName":"search_term_string"}}],"inLanguage":"es"}]}},"_links":{"self":[{"href":"https:\/\/www.gilroynapolishort.com\/es\/wp-json\/wp\/v2\/pages\/1089","targetHints":{"allow":["GET"]}}],"collection":[{"href":"https:\/\/www.gilroynapolishort.com\/es\/wp-json\/wp\/v2\/pages"}],"about":[{"href":"https:\/\/www.gilroynapolishort.com\/es\/wp-json\/wp\/v2\/types\/page"}],"author":[{"embeddable":true,"href":"https:\/\/www.gilroynapolishort.com\/es\/wp-json\/wp\/v2\/users\/2"}],"replies":[{"embeddable":true,"href":"https:\/\/www.gilroynapolishort.com\/es\/wp-json\/wp\/v2\/comments?post=1089"}],"version-history":[{"count":0,"href":"https:\/\/www.gilroynapolishort.com\/es\/wp-json\/wp\/v2\/pages\/1089\/revisions"}],"wp:attachment":[{"href":"https:\/\/www.gilroynapolishort.com\/es\/wp-json\/wp\/v2\/media?parent=1089"}],"curies":[{"name":"wp","href":"https:\/\/api.w.org\/{rel}","templated":true}]}}