{"id":1094,"date":"2019-02-22T09:49:24","date_gmt":"2019-02-22T09:49:24","guid":{"rendered":"https:\/\/www.gilroynapolishort.com\/?page_id=1094"},"modified":"2024-11-21T06:03:52","modified_gmt":"2024-11-21T14:03:52","slug":"dui-lawyer-lake-oswego","status":"publish","type":"page","link":"https:\/\/www.gilroynapolishort.com\/es\/dui-lawyer-lake-oswego\/","title":{"rendered":"Abogado de DUI en Lake Oswego"},"content":{"rendered":"<h1>Abogado l\u00edder en casos de DUI en Lake Oswego<\/h1>\n<p>Lake Oswego, Oreg\u00f3n, se encuentra en el condado de Clackamas, el tercero m\u00e1s grande del estado. El condado es mayoritariamente rural y cuenta con procesos judiciales y policiales que lo distinguen de otras \u00e1reas de Portland. Si ha sido acusado de conducir bajo los efectos del alcohol (DUI), debe contactar a un abogado que ejerza en la ciudad y tenga experiencia en guiar a sus clientes a trav\u00e9s del sistema judicial local. Gilroy Napoli Short es un bufete de abogados que cuenta con un equipo de abogados expertos en DUI con m\u00e1s de 30 a\u00f1os de experiencia trabajando en este condado. Tienen una capacidad \u00fanica para ayudarle si comete un error y se ve envuelto en problemas con la ley.<\/p>\n<h2>La importancia de un abogado con experiencia en casos de DUI en Lake Oswego<\/h2>\n<p>Contar con un abogado que haya forjado relaciones personales con los jueces y los servicios fiscales de Lake Oswego y el condado de Clackamas puede marcar una diferencia significativa en el resultado de su caso. Dichas relaciones no se reducen a acuerdos secretos ni a otras irregularidades. Los a\u00f1os que Gilroy Napoli Short lleva en Lake Oswego nos han dado credibilidad ante los jueces y los agentes de polic\u00eda. Si ven a uno de nuestros... <a href=\"https:\/\/www.gilroynapolishort.com\/es\/practice-areas\/criminal-defense\/\">abogados de defensa penal<\/a> Al representarte, saben que eres una buena persona que cometi\u00f3 un error.<\/p>\n<p><img loading=\"lazy\" decoding=\"async\" src=\"https:\/\/gnslawgroup.wpenginepowered.com\/wp-content\/uploads\/2019\/02\/i-62903-DUII-Lawyers-4456.jpg\" sizes=\"auto, (max-width: 1200px) 100vw, 1200px\" srcset=\"https:\/\/gnslawgroup.wpenginepowered.com\/wp-content\/uploads\/2019\/02\/i-62903-DUII-Lawyers-4456.jpg 1200w, https:\/\/gnslawgroup.wpenginepowered.com\/wp-content\/uploads\/2019\/02\/i-62903-DUII-Lawyers-4456-300x75.jpg 300w, https:\/\/gnslawgroup.wpenginepowered.com\/wp-content\/uploads\/2019\/02\/i-62903-DUII-Lawyers-4456-768x192.jpg 768w, https:\/\/gnslawgroup.wpenginepowered.com\/wp-content\/uploads\/2019\/02\/i-62903-DUII-Lawyers-4456-1024x256.jpg 1024w\" alt=\"\" width=\"1200\" height=\"300\" \/><\/p>\n<h2>Cargos por conducir bajo los efectos del alcohol en el condado de Clackamas<\/h2>\n<p>Un cargo por conducir bajo los efectos del alcohol es grave en el condado de Clackamas, tan grave como en cualquier otra parte del pa\u00eds. Una condena puede arruinar su vida y reputaci\u00f3n. Podr\u00eda enfrentar multas, penas de c\u00e1rcel y servicio comunitario. Pasar por un juicio que culmine en una condena generar\u00e1 una gran tensi\u00f3n en su familia y da\u00f1ar\u00e1 sus relaciones personales. Tambi\u00e9n podr\u00eda causar la p\u00e9rdida de su empleo, dificultar su acceso a nuevos empleos y generar dificultades econ\u00f3micas.<\/p>\n<p>Contratar a un abogado competente y con experiencia inmediatamente despu\u00e9s de ser arrestado y acusado del delito probablemente reducir\u00e1 la gravedad de la experiencia que tendr\u00e1 que vivir en el sistema judicial. El condado de Clackamas cuenta con un programa de desv\u00edo para las primeras condenas por conducir bajo los efectos del alcohol. En caso de que ocurra lo peor, podr\u00eda ser elegible.<\/p>\n<p>Sin embargo, los cargos y las pruebas en su contra deben ser revisados y examinados por su abogado antes de siquiera pensar en tales asuntos. <a href=\"https:\/\/www.gilroynapolishort.com\/es\/practice-areas\/duii-felony-duii\/\">Si usted ha sido arrestado por conducir bajo los efectos del alcohol<\/a>Deber\u00eda llamar a los abogados de defensa penal de nuestro bufete para una consulta gratuita. Podr\u00e1 contar su versi\u00f3n de los hechos y recibir asesoramiento sobre las mejores opciones para usted y su familia.<\/p>\n<p>Ll\u00e1menos hoy al 503-747-7198 para una consulta gratuita con un abogado.<\/p>\n<h2><strong>Consulta gratuita\u00a0<\/strong>\u2014\u00a0<strong>Contacte a Gilroy Napoli Short Law Group<\/strong><\/h2>\n<p><a href=\"https:\/\/www.gilroynapolishort.com\/es\/contact\/\">Cont\u00e1ctanos\u00a0<\/a>Ll\u00e1menos hoy mismo para programar una consulta inicial gratuita y descubrir sus opciones legales. Puede llamar a Gilroy Napoli Short Law Group al 503-747-7198. Representamos a personas en Portland, Salem, Beaverton, Hillsboro y otras partes de Oreg\u00f3n.<\/p>\n<p><strong>Se habla espa\u00f1ol.<\/strong><\/p>\n<p>Llame hoy para una consulta gratuita: <a href=\"tel:5037477198\">503-747-7198<\/a><\/p>","protected":false},"excerpt":{"rendered":"<p>Leading Lake Oswego DUI Attorney Lake Oswego, Oregon is located in Clackamas County, the third largest in the state. The county is mostly rural, and it has law enforcement and&#8230;<\/p>","protected":false},"author":2,"featured_media":0,"parent":0,"menu_order":0,"comment_status":"closed","ping_status":"closed","template":"single-dui-page.php","meta":{"_acf_changed":false,"footnotes":""},"class_list":["post-1094","page","type-page","status-publish","hentry"],"acf":[],"yoast_head":"<!-- This site is optimized with the Yoast SEO plugin v27.3 - https:\/\/yoast.com\/product\/yoast-seo-wordpress\/ -->\n<title>Lake Oswego DUI Attorney | Lake Oswego County Oregon DUI Lawyer<\/title>\n<meta name=\"description\" content=\"Lake Oswego DUI Attorney: Serving clients throughout Lake Oswego County, including Carver, Damascus, Redland, Boring, Johnson Creek &amp; Lake Oswego Oregon Call for a free no obligation consultation.\" \/>\n<meta name=\"robots\" content=\"index, follow, max-snippet:-1, max-image-preview:large, max-video-preview:-1\" \/>\n<link rel=\"canonical\" href=\"https:\/\/www.gilroynapolishort.com\/es\/dui-lawyer-lake-oswego\/\" \/>\n<meta property=\"og:locale\" content=\"es_MX\" \/>\n<meta property=\"og:type\" content=\"article\" \/>\n<meta property=\"og:title\" content=\"Lake Oswego DUI Attorney | Lake Oswego County Oregon DUI Lawyer\" \/>\n<meta property=\"og:description\" content=\"Lake Oswego DUI Attorney: Serving clients throughout Lake Oswego County, including Carver, Damascus, Redland, Boring, Johnson Creek &amp; Lake Oswego Oregon Call for a free no obligation consultation.\" \/>\n<meta property=\"og:url\" content=\"https:\/\/www.gilroynapolishort.com\/es\/dui-lawyer-lake-oswego\/\" \/>\n<meta property=\"og:site_name\" content=\"GNS Law Group\" \/>\n<meta property=\"article:modified_time\" content=\"2024-11-21T14:03:52+00:00\" \/>\n<meta property=\"og:image\" content=\"https:\/\/gnslawgroup.wpenginepowered.com\/wp-content\/uploads\/2019\/02\/i-62903-DUII-Lawyers-4456.jpg\" \/>\n<meta name=\"twitter:card\" content=\"summary_large_image\" \/>\n<meta name=\"twitter:label1\" content=\"Est. reading time\" \/>\n\t<meta name=\"twitter:data1\" content=\"3 minutos\" \/>\n<script type=\"application\/ld+json\" class=\"yoast-schema-graph\">{\"@context\":\"https:\\\/\\\/schema.org\",\"@graph\":[{\"@type\":\"WebPage\",\"@id\":\"https:\\\/\\\/www.gilroynapolishort.com\\\/dui-lawyer-lake-oswego\\\/\",\"url\":\"https:\\\/\\\/www.gilroynapolishort.com\\\/dui-lawyer-lake-oswego\\\/\",\"name\":\"Lake Oswego DUI Attorney | Lake Oswego County Oregon DUI Lawyer\",\"isPartOf\":{\"@id\":\"https:\\\/\\\/www.gilroynapolishort.com\\\/#website\"},\"primaryImageOfPage\":{\"@id\":\"https:\\\/\\\/www.gilroynapolishort.com\\\/dui-lawyer-lake-oswego\\\/#primaryimage\"},\"image\":{\"@id\":\"https:\\\/\\\/www.gilroynapolishort.com\\\/dui-lawyer-lake-oswego\\\/#primaryimage\"},\"thumbnailUrl\":\"https:\\\/\\\/gnslawgroup.wpenginepowered.com\\\/wp-content\\\/uploads\\\/2019\\\/02\\\/i-62903-DUII-Lawyers-4456.jpg\",\"datePublished\":\"2019-02-22T09:49:24+00:00\",\"dateModified\":\"2024-11-21T14:03:52+00:00\",\"description\":\"Lake Oswego DUI Attorney: Serving clients throughout Lake Oswego County, including Carver, Damascus, Redland, Boring, Johnson Creek & Lake Oswego Oregon Call for a free no obligation consultation.\",\"breadcrumb\":{\"@id\":\"https:\\\/\\\/www.gilroynapolishort.com\\\/dui-lawyer-lake-oswego\\\/#breadcrumb\"},\"inLanguage\":\"es\",\"potentialAction\":[{\"@type\":\"ReadAction\",\"target\":[\"https:\\\/\\\/www.gilroynapolishort.com\\\/dui-lawyer-lake-oswego\\\/\"]}]},{\"@type\":\"ImageObject\",\"inLanguage\":\"es\",\"@id\":\"https:\\\/\\\/www.gilroynapolishort.com\\\/dui-lawyer-lake-oswego\\\/#primaryimage\",\"url\":\"https:\\\/\\\/gnslawgroup.wpenginepowered.com\\\/wp-content\\\/uploads\\\/2019\\\/02\\\/i-62903-DUII-Lawyers-4456.jpg\",\"contentUrl\":\"https:\\\/\\\/gnslawgroup.wpenginepowered.com\\\/wp-content\\\/uploads\\\/2019\\\/02\\\/i-62903-DUII-Lawyers-4456.jpg\"},{\"@type\":\"BreadcrumbList\",\"@id\":\"https:\\\/\\\/www.gilroynapolishort.com\\\/dui-lawyer-lake-oswego\\\/#breadcrumb\",\"itemListElement\":[{\"@type\":\"ListItem\",\"position\":1,\"name\":\"Home\",\"item\":\"https:\\\/\\\/www.gilroynapolishort.com\\\/\"},{\"@type\":\"ListItem\",\"position\":2,\"name\":\"Lake Oswego DUI Attorney\"}]},{\"@type\":\"WebSite\",\"@id\":\"https:\\\/\\\/www.gilroynapolishort.com\\\/#website\",\"url\":\"https:\\\/\\\/www.gilroynapolishort.com\\\/\",\"name\":\"Gilroy Napoli Short Law Group\",\"description\":\"\",\"potentialAction\":[{\"@type\":\"SearchAction\",\"target\":{\"@type\":\"EntryPoint\",\"urlTemplate\":\"https:\\\/\\\/www.gilroynapolishort.com\\\/?s={search_term_string}\"},\"query-input\":{\"@type\":\"PropertyValueSpecification\",\"valueRequired\":true,\"valueName\":\"search_term_string\"}}],\"inLanguage\":\"es\"}]}<\/script>\n<!-- \/ Yoast SEO plugin. -->","yoast_head_json":{"title":"Lake Oswego DUI Attorney | Lake Oswego County Oregon DUI Lawyer","description":"Lake Oswego DUI Attorney: Serving clients throughout Lake Oswego County, including Carver, Damascus, Redland, Boring, Johnson Creek & Lake Oswego Oregon Call for a free no obligation consultation.","robots":{"index":"index","follow":"follow","max-snippet":"max-snippet:-1","max-image-preview":"max-image-preview:large","max-video-preview":"max-video-preview:-1"},"canonical":"https:\/\/www.gilroynapolishort.com\/es\/dui-lawyer-lake-oswego\/","og_locale":"es_MX","og_type":"article","og_title":"Lake Oswego DUI Attorney | Lake Oswego County Oregon DUI Lawyer","og_description":"Lake Oswego DUI Attorney: Serving clients throughout Lake Oswego County, including Carver, Damascus, Redland, Boring, Johnson Creek & Lake Oswego Oregon Call for a free no obligation consultation.","og_url":"https:\/\/www.gilroynapolishort.com\/es\/dui-lawyer-lake-oswego\/","og_site_name":"GNS Law Group","article_modified_time":"2024-11-21T14:03:52+00:00","og_image":[{"url":"https:\/\/gnslawgroup.wpenginepowered.com\/wp-content\/uploads\/2019\/02\/i-62903-DUII-Lawyers-4456.jpg","type":"","width":"","height":""}],"twitter_card":"summary_large_image","twitter_misc":{"Est. reading time":"3 minutos"},"schema":{"@context":"https:\/\/schema.org","@graph":[{"@type":"WebPage","@id":"https:\/\/www.gilroynapolishort.com\/dui-lawyer-lake-oswego\/","url":"https:\/\/www.gilroynapolishort.com\/dui-lawyer-lake-oswego\/","name":"Lake Oswego DUI Attorney | Lake Oswego County Oregon DUI Lawyer","isPartOf":{"@id":"https:\/\/www.gilroynapolishort.com\/#website"},"primaryImageOfPage":{"@id":"https:\/\/www.gilroynapolishort.com\/dui-lawyer-lake-oswego\/#primaryimage"},"image":{"@id":"https:\/\/www.gilroynapolishort.com\/dui-lawyer-lake-oswego\/#primaryimage"},"thumbnailUrl":"https:\/\/gnslawgroup.wpenginepowered.com\/wp-content\/uploads\/2019\/02\/i-62903-DUII-Lawyers-4456.jpg","datePublished":"2019-02-22T09:49:24+00:00","dateModified":"2024-11-21T14:03:52+00:00","description":"Lake Oswego DUI Attorney: Serving clients throughout Lake Oswego County, including Carver, Damascus, Redland, Boring, Johnson Creek & Lake Oswego Oregon Call for a free no obligation consultation.","breadcrumb":{"@id":"https:\/\/www.gilroynapolishort.com\/dui-lawyer-lake-oswego\/#breadcrumb"},"inLanguage":"es","potentialAction":[{"@type":"ReadAction","target":["https:\/\/www.gilroynapolishort.com\/dui-lawyer-lake-oswego\/"]}]},{"@type":"ImageObject","inLanguage":"es","@id":"https:\/\/www.gilroynapolishort.com\/dui-lawyer-lake-oswego\/#primaryimage","url":"https:\/\/gnslawgroup.wpenginepowered.com\/wp-content\/uploads\/2019\/02\/i-62903-DUII-Lawyers-4456.jpg","contentUrl":"https:\/\/gnslawgroup.wpenginepowered.com\/wp-content\/uploads\/2019\/02\/i-62903-DUII-Lawyers-4456.jpg"},{"@type":"BreadcrumbList","@id":"https:\/\/www.gilroynapolishort.com\/dui-lawyer-lake-oswego\/#breadcrumb","itemListElement":[{"@type":"ListItem","position":1,"name":"Home","item":"https:\/\/www.gilroynapolishort.com\/"},{"@type":"ListItem","position":2,"name":"Lake Oswego DUI Attorney"}]},{"@type":"WebSite","@id":"https:\/\/www.gilroynapolishort.com\/#website","url":"https:\/\/www.gilroynapolishort.com\/","name":"Grupo de abogados Gilroy Napoli Short","description":"","potentialAction":[{"@type":"SearchAction","target":{"@type":"EntryPoint","urlTemplate":"https:\/\/www.gilroynapolishort.com\/?s={search_term_string}"},"query-input":{"@type":"PropertyValueSpecification","valueRequired":true,"valueName":"search_term_string"}}],"inLanguage":"es"}]}},"_links":{"self":[{"href":"https:\/\/www.gilroynapolishort.com\/es\/wp-json\/wp\/v2\/pages\/1094","targetHints":{"allow":["GET"]}}],"collection":[{"href":"https:\/\/www.gilroynapolishort.com\/es\/wp-json\/wp\/v2\/pages"}],"about":[{"href":"https:\/\/www.gilroynapolishort.com\/es\/wp-json\/wp\/v2\/types\/page"}],"author":[{"embeddable":true,"href":"https:\/\/www.gilroynapolishort.com\/es\/wp-json\/wp\/v2\/users\/2"}],"replies":[{"embeddable":true,"href":"https:\/\/www.gilroynapolishort.com\/es\/wp-json\/wp\/v2\/comments?post=1094"}],"version-history":[{"count":0,"href":"https:\/\/www.gilroynapolishort.com\/es\/wp-json\/wp\/v2\/pages\/1094\/revisions"}],"wp:attachment":[{"href":"https:\/\/www.gilroynapolishort.com\/es\/wp-json\/wp\/v2\/media?parent=1094"}],"curies":[{"name":"wp","href":"https:\/\/api.w.org\/{rel}","templated":true}]}}