{"id":1096,"date":"2019-02-22T09:49:53","date_gmt":"2019-02-22T09:49:53","guid":{"rendered":"https:\/\/www.gilroynapolishort.com\/?page_id=1096"},"modified":"2024-11-21T06:09:50","modified_gmt":"2024-11-21T14:09:50","slug":"dui-lawyer-west-linn","status":"publish","type":"page","link":"https:\/\/www.gilroynapolishort.com\/es\/dui-lawyer-west-linn\/","title":{"rendered":"Abogado de DUI en West Linn"},"content":{"rendered":"<h1>Estimado abogado de DUI de West Linn<\/h1>\n<p>Los residentes de West Linn, Oreg\u00f3n, merecen tener acceso a los mejores abogados especializados en DUI de la zona. El bufete que lleve el caso tendr\u00e1 un gran impacto en si los cargos se mantienen o se retiran. Contratar a los mejores abogados especializados en DUI del condado de Clackamas marcar\u00e1 la diferencia en la sentencia, si es que llega a ese punto.<\/p>\n<p>\u00bfC\u00f3mo puede un ciudadano saber a qui\u00e9n contratar? Haciendo las preguntas correctas, por supuesto. Aqu\u00ed hay buenas preguntas para posibles abogados de DUI en West Linn, Oreg\u00f3n:<\/p>\n<p>Ll\u00e1menos hoy al 503-747-7198 para una consulta gratuita con un abogado.<\/p>\n<h2>\u00bfCu\u00e1les son sus antecedentes?<\/h2>\n<p>El Grupo Legal Gilroy Napoli Short es reconocido por su trabajo en casos de DUI. El equipo legal est\u00e1 liderado por tres socios con amplios conocimientos del sistema legal, especialmente en casos de arresto por DUI. Se enorgullecen de esforzarse al m\u00e1ximo para garantizar la confidencialidad de todos los casos, a la vez que se esfuerzan por cumplir sus promesas. El grupo legal es uno de los mejores bufetes del condado de Clackamas en cuanto a asistencia y apoyo durante todo el proceso.<\/p>\n<p><img loading=\"lazy\" decoding=\"async\" src=\"https:\/\/gnslawgroup.wpenginepowered.com\/wp-content\/uploads\/2019\/02\/i-62903-DUII-Lawyers-4456.jpg\" sizes=\"auto, (max-width: 1200px) 100vw, 1200px\" srcset=\"https:\/\/gnslawgroup.wpenginepowered.com\/wp-content\/uploads\/2019\/02\/i-62903-DUII-Lawyers-4456.jpg 1200w, https:\/\/gnslawgroup.wpenginepowered.com\/wp-content\/uploads\/2019\/02\/i-62903-DUII-Lawyers-4456-300x75.jpg 300w, https:\/\/gnslawgroup.wpenginepowered.com\/wp-content\/uploads\/2019\/02\/i-62903-DUII-Lawyers-4456-768x192.jpg 768w, https:\/\/gnslawgroup.wpenginepowered.com\/wp-content\/uploads\/2019\/02\/i-62903-DUII-Lawyers-4456-1024x256.jpg 1024w\" alt=\"\" width=\"1200\" height=\"300\" \/><\/p>\n<h2>\u00bfTienen entrenamiento especial?<\/h2>\n<p>Los abogados especializados en DUI en West Linn, Oreg\u00f3n, cuentan con alg\u00fan tipo de certificaci\u00f3n en la ley DUI. Los miembros del Grupo Legal Gilroy Napoli Short cuentan con las credenciales y la experiencia necesarias. El bufete siempre garantiza a sus clientes que est\u00e1n de su lado y que nunca los dejar\u00e1 enfrentar solos las fechas de la corte ni los cargos. El equipo de defensa legal trabaja incansablemente para asegurar que se cubran todas las lagunas legales y que todos los cargos se retiren o reduzcan cuando sea necesario.<\/p>\n<h2>\u00bfCu\u00e1nto son los honorarios de los abogados en West Linn?<\/h2>\n<p>No hay duda de que <a href=\"https:\/\/www.gilroynapolishort.com\/es\/practice-areas\/duii-felony-duii\/\">Contrataci\u00f3n de abogados para ayudar con un caso de DUI<\/a> Tendr\u00e1 ciertas tarifas. Pregunte sobre los m\u00e9todos de pago para saber cu\u00e1nto necesita. Nunca dude en ser sincero con las tarifas, porque cuanto antes resuelva el problema, antes podr\u00e1 el equipo trabajar en su caso.<\/p>\n<h2>\u00bfOfrecen consulta gratuita en el condado de Clackamas?<\/h2>\n<p>Es normal sentirse indeciso y aprensivo al contratar a un equipo de abogados para defender su caso de DUI. Despu\u00e9s de todo, es un asunto serio y confidencial. Para conocer mejor al equipo que posiblemente le ayude a limpiar su nombre y a que se retiren los cargos, el equipo de Gilroy Napoli Short Law Group ofrece una consulta gratuita.<\/p>\n<h2>Siempre hay ayuda disponible para las personas en West Linn<\/h2>\n<p>Conf\u00ede el resultado de su caso al experto <a href=\"https:\/\/www.gilroynapolishort.com\/es\/practice-areas\/criminal-defense\/\">abogados de defensa penal<\/a> West Linn, Oreg\u00f3n, tiene mucho que ofrecer. El equipo adecuado estar\u00e1 a su lado en cada paso del proceso, porque as\u00ed es como el Grupo Legal Gilroy Napoli Short maneja todos sus casos de DUI.<\/p>\n<h2><strong>Consulta gratuita\u00a0<\/strong>\u2014\u00a0<strong>Contacte a Gilroy Napoli Short Law Group<\/strong><\/h2>\n<p><a href=\"https:\/\/www.gilroynapolishort.com\/es\/contact\/\">Cont\u00e1ctanos\u00a0<\/a>Ll\u00e1menos hoy mismo para programar una consulta inicial gratuita y descubrir sus opciones legales. Puede llamar a Gilroy Napoli Short Law Group al 503-747-7198. Representamos a personas en Portland, Salem, Beaverton, Hillsboro y otras partes de Oreg\u00f3n.<\/p>\n<p><strong>Se habla espa\u00f1ol.<\/strong><\/p>\n<p>Llame hoy para una consulta gratuita: <a href=\"tel:5037477198\">503-747-7198<\/a><\/p>","protected":false},"excerpt":{"rendered":"<p>Esteemed West Linn DUI Attorney The people of West Linn, Oregon deserve access to the best DUI lawyers in the area. The law firm working on the case will have&#8230;<\/p>","protected":false},"author":2,"featured_media":0,"parent":0,"menu_order":0,"comment_status":"closed","ping_status":"closed","template":"single-dui-page.php","meta":{"_acf_changed":false,"footnotes":""},"class_list":["post-1096","page","type-page","status-publish","hentry"],"acf":[],"yoast_head":"<!-- This site is optimized with the Yoast SEO plugin v27.3 - https:\/\/yoast.com\/product\/yoast-seo-wordpress\/ -->\n<title>West Linn DUI Attorneys | West Linn Oregon DUI Lawyer<\/title>\n<meta name=\"description\" content=\"West Linn DUI Attorney: Serving clients throughout West Linn , including Carver, Damascus, Redland, Boring, Johnson Creek &amp; West Linn Oregon Call for a free no obligation consultation.\" \/>\n<meta name=\"robots\" content=\"index, follow, max-snippet:-1, max-image-preview:large, max-video-preview:-1\" \/>\n<link rel=\"canonical\" href=\"https:\/\/www.gilroynapolishort.com\/es\/dui-lawyer-west-linn\/\" \/>\n<meta property=\"og:locale\" content=\"es_MX\" \/>\n<meta property=\"og:type\" content=\"article\" \/>\n<meta property=\"og:title\" content=\"West Linn DUI Attorneys | West Linn Oregon DUI Lawyer\" \/>\n<meta property=\"og:description\" content=\"West Linn DUI Attorney: Serving clients throughout West Linn , including Carver, Damascus, Redland, Boring, Johnson Creek &amp; West Linn Oregon Call for a free no obligation consultation.\" \/>\n<meta property=\"og:url\" content=\"https:\/\/www.gilroynapolishort.com\/es\/dui-lawyer-west-linn\/\" \/>\n<meta property=\"og:site_name\" content=\"GNS Law Group\" \/>\n<meta property=\"article:modified_time\" content=\"2024-11-21T14:09:50+00:00\" \/>\n<meta property=\"og:image\" content=\"https:\/\/gnslawgroup.wpenginepowered.com\/wp-content\/uploads\/2019\/02\/i-62903-DUII-Lawyers-4456.jpg\" \/>\n<meta name=\"twitter:card\" content=\"summary_large_image\" \/>\n<meta name=\"twitter:label1\" content=\"Est. reading time\" \/>\n\t<meta name=\"twitter:data1\" content=\"3 minutos\" \/>\n<script type=\"application\/ld+json\" class=\"yoast-schema-graph\">{\"@context\":\"https:\\\/\\\/schema.org\",\"@graph\":[{\"@type\":\"WebPage\",\"@id\":\"https:\\\/\\\/www.gilroynapolishort.com\\\/dui-lawyer-west-linn\\\/\",\"url\":\"https:\\\/\\\/www.gilroynapolishort.com\\\/dui-lawyer-west-linn\\\/\",\"name\":\"West Linn DUI Attorneys | West Linn Oregon DUI Lawyer\",\"isPartOf\":{\"@id\":\"https:\\\/\\\/www.gilroynapolishort.com\\\/#website\"},\"primaryImageOfPage\":{\"@id\":\"https:\\\/\\\/www.gilroynapolishort.com\\\/dui-lawyer-west-linn\\\/#primaryimage\"},\"image\":{\"@id\":\"https:\\\/\\\/www.gilroynapolishort.com\\\/dui-lawyer-west-linn\\\/#primaryimage\"},\"thumbnailUrl\":\"https:\\\/\\\/gnslawgroup.wpenginepowered.com\\\/wp-content\\\/uploads\\\/2019\\\/02\\\/i-62903-DUII-Lawyers-4456.jpg\",\"datePublished\":\"2019-02-22T09:49:53+00:00\",\"dateModified\":\"2024-11-21T14:09:50+00:00\",\"description\":\"West Linn DUI Attorney: Serving clients throughout West Linn , including Carver, Damascus, Redland, Boring, Johnson Creek & West Linn Oregon Call for a free no obligation consultation.\",\"breadcrumb\":{\"@id\":\"https:\\\/\\\/www.gilroynapolishort.com\\\/dui-lawyer-west-linn\\\/#breadcrumb\"},\"inLanguage\":\"es\",\"potentialAction\":[{\"@type\":\"ReadAction\",\"target\":[\"https:\\\/\\\/www.gilroynapolishort.com\\\/dui-lawyer-west-linn\\\/\"]}]},{\"@type\":\"ImageObject\",\"inLanguage\":\"es\",\"@id\":\"https:\\\/\\\/www.gilroynapolishort.com\\\/dui-lawyer-west-linn\\\/#primaryimage\",\"url\":\"https:\\\/\\\/gnslawgroup.wpenginepowered.com\\\/wp-content\\\/uploads\\\/2019\\\/02\\\/i-62903-DUII-Lawyers-4456.jpg\",\"contentUrl\":\"https:\\\/\\\/gnslawgroup.wpenginepowered.com\\\/wp-content\\\/uploads\\\/2019\\\/02\\\/i-62903-DUII-Lawyers-4456.jpg\"},{\"@type\":\"BreadcrumbList\",\"@id\":\"https:\\\/\\\/www.gilroynapolishort.com\\\/dui-lawyer-west-linn\\\/#breadcrumb\",\"itemListElement\":[{\"@type\":\"ListItem\",\"position\":1,\"name\":\"Home\",\"item\":\"https:\\\/\\\/www.gilroynapolishort.com\\\/\"},{\"@type\":\"ListItem\",\"position\":2,\"name\":\"West Linn DUI Attorney\"}]},{\"@type\":\"WebSite\",\"@id\":\"https:\\\/\\\/www.gilroynapolishort.com\\\/#website\",\"url\":\"https:\\\/\\\/www.gilroynapolishort.com\\\/\",\"name\":\"Gilroy Napoli Short Law Group\",\"description\":\"\",\"potentialAction\":[{\"@type\":\"SearchAction\",\"target\":{\"@type\":\"EntryPoint\",\"urlTemplate\":\"https:\\\/\\\/www.gilroynapolishort.com\\\/?s={search_term_string}\"},\"query-input\":{\"@type\":\"PropertyValueSpecification\",\"valueRequired\":true,\"valueName\":\"search_term_string\"}}],\"inLanguage\":\"es\"}]}<\/script>\n<!-- \/ Yoast SEO plugin. -->","yoast_head_json":{"title":"West Linn DUI Attorneys | West Linn Oregon DUI Lawyer","description":"West Linn DUI Attorney: Serving clients throughout West Linn , including Carver, Damascus, Redland, Boring, Johnson Creek & West Linn Oregon Call for a free no obligation consultation.","robots":{"index":"index","follow":"follow","max-snippet":"max-snippet:-1","max-image-preview":"max-image-preview:large","max-video-preview":"max-video-preview:-1"},"canonical":"https:\/\/www.gilroynapolishort.com\/es\/dui-lawyer-west-linn\/","og_locale":"es_MX","og_type":"article","og_title":"West Linn DUI Attorneys | West Linn Oregon DUI Lawyer","og_description":"West Linn DUI Attorney: Serving clients throughout West Linn , including Carver, Damascus, Redland, Boring, Johnson Creek & West Linn Oregon Call for a free no obligation consultation.","og_url":"https:\/\/www.gilroynapolishort.com\/es\/dui-lawyer-west-linn\/","og_site_name":"GNS Law Group","article_modified_time":"2024-11-21T14:09:50+00:00","og_image":[{"url":"https:\/\/gnslawgroup.wpenginepowered.com\/wp-content\/uploads\/2019\/02\/i-62903-DUII-Lawyers-4456.jpg","type":"","width":"","height":""}],"twitter_card":"summary_large_image","twitter_misc":{"Est. reading time":"3 minutos"},"schema":{"@context":"https:\/\/schema.org","@graph":[{"@type":"WebPage","@id":"https:\/\/www.gilroynapolishort.com\/dui-lawyer-west-linn\/","url":"https:\/\/www.gilroynapolishort.com\/dui-lawyer-west-linn\/","name":"West Linn DUI Attorneys | West Linn Oregon DUI Lawyer","isPartOf":{"@id":"https:\/\/www.gilroynapolishort.com\/#website"},"primaryImageOfPage":{"@id":"https:\/\/www.gilroynapolishort.com\/dui-lawyer-west-linn\/#primaryimage"},"image":{"@id":"https:\/\/www.gilroynapolishort.com\/dui-lawyer-west-linn\/#primaryimage"},"thumbnailUrl":"https:\/\/gnslawgroup.wpenginepowered.com\/wp-content\/uploads\/2019\/02\/i-62903-DUII-Lawyers-4456.jpg","datePublished":"2019-02-22T09:49:53+00:00","dateModified":"2024-11-21T14:09:50+00:00","description":"West Linn DUI Attorney: Serving clients throughout West Linn , including Carver, Damascus, Redland, Boring, Johnson Creek & West Linn Oregon Call for a free no obligation consultation.","breadcrumb":{"@id":"https:\/\/www.gilroynapolishort.com\/dui-lawyer-west-linn\/#breadcrumb"},"inLanguage":"es","potentialAction":[{"@type":"ReadAction","target":["https:\/\/www.gilroynapolishort.com\/dui-lawyer-west-linn\/"]}]},{"@type":"ImageObject","inLanguage":"es","@id":"https:\/\/www.gilroynapolishort.com\/dui-lawyer-west-linn\/#primaryimage","url":"https:\/\/gnslawgroup.wpenginepowered.com\/wp-content\/uploads\/2019\/02\/i-62903-DUII-Lawyers-4456.jpg","contentUrl":"https:\/\/gnslawgroup.wpenginepowered.com\/wp-content\/uploads\/2019\/02\/i-62903-DUII-Lawyers-4456.jpg"},{"@type":"BreadcrumbList","@id":"https:\/\/www.gilroynapolishort.com\/dui-lawyer-west-linn\/#breadcrumb","itemListElement":[{"@type":"ListItem","position":1,"name":"Home","item":"https:\/\/www.gilroynapolishort.com\/"},{"@type":"ListItem","position":2,"name":"West Linn DUI Attorney"}]},{"@type":"WebSite","@id":"https:\/\/www.gilroynapolishort.com\/#website","url":"https:\/\/www.gilroynapolishort.com\/","name":"Grupo de abogados Gilroy Napoli Short","description":"","potentialAction":[{"@type":"SearchAction","target":{"@type":"EntryPoint","urlTemplate":"https:\/\/www.gilroynapolishort.com\/?s={search_term_string}"},"query-input":{"@type":"PropertyValueSpecification","valueRequired":true,"valueName":"search_term_string"}}],"inLanguage":"es"}]}},"_links":{"self":[{"href":"https:\/\/www.gilroynapolishort.com\/es\/wp-json\/wp\/v2\/pages\/1096","targetHints":{"allow":["GET"]}}],"collection":[{"href":"https:\/\/www.gilroynapolishort.com\/es\/wp-json\/wp\/v2\/pages"}],"about":[{"href":"https:\/\/www.gilroynapolishort.com\/es\/wp-json\/wp\/v2\/types\/page"}],"author":[{"embeddable":true,"href":"https:\/\/www.gilroynapolishort.com\/es\/wp-json\/wp\/v2\/users\/2"}],"replies":[{"embeddable":true,"href":"https:\/\/www.gilroynapolishort.com\/es\/wp-json\/wp\/v2\/comments?post=1096"}],"version-history":[{"count":0,"href":"https:\/\/www.gilroynapolishort.com\/es\/wp-json\/wp\/v2\/pages\/1096\/revisions"}],"wp:attachment":[{"href":"https:\/\/www.gilroynapolishort.com\/es\/wp-json\/wp\/v2\/media?parent=1096"}],"curies":[{"name":"wp","href":"https:\/\/api.w.org\/{rel}","templated":true}]}}