{"id":1098,"date":"2019-02-22T09:50:17","date_gmt":"2019-02-22T09:50:17","guid":{"rendered":"https:\/\/www.gilroynapolishort.com\/?page_id=1098"},"modified":"2024-11-21T06:13:23","modified_gmt":"2024-11-21T14:13:23","slug":"dui-lawyer-oregon-city","status":"publish","type":"page","link":"https:\/\/www.gilroynapolishort.com\/es\/dui-lawyer-oregon-city\/","title":{"rendered":"Abogado de DUI de Oregon City"},"content":{"rendered":"<h1>Abogado destacado en DUI de Oregon City<\/h1>\n<p>Los residentes arrestados por conducir bajo la influencia del alcohol o DUI en el condado de Clackamas podr\u00edan no saber c\u00f3mo proceder con los cargos. Este puede ser un momento angustioso, especialmente si no tiene antecedentes penales y desea que siga as\u00ed. Afortunadamente, un abogado especializado en DUI de Oregon City puede brindarle la asistencia legal que necesita.<\/p>\n<h2>Razones para contratar a un abogado especializado en DUI del condado de Clackamas<\/h2>\n<p>S\u00ed, toda persona tiene derecho a impugnar su arresto. <a href=\"https:\/\/www.gilroynapolishort.com\/es\/practice-areas\/criminal-defense\/\">abogado defensor penal<\/a> Un abogado con experiencia en casos de DUI es muy valioso para quienes desean mantener sus antecedentes penales limpios. Estas son algunas situaciones en las que se puede contratar a un abogado:<\/p>\n<h2>Personas sin experiencia con la ley<\/h2>\n<p>Puede que se le llame &quot;sistema legal&quot;, pero es un sistema muy complejo, dif\u00edcil de comprender para una persona com\u00fan. Ser arrestado por conducir bajo los efectos del alcohol puede ser una experiencia aterradora, especialmente si nunca antes ha infringido la ley. En estos casos, una persona puede aceptar t\u00e9rminos o firmar documentos que pueden ser incriminatorios. Antes de firmar o admitir cualquier acusaci\u00f3n, solicite hablar con un abogado especializado en DUI de Oregon City. Le guiar\u00e1n a trav\u00e9s del proceso para garantizar que la justicia sea justa y conforme a la ley.<\/p>\n<p><img loading=\"lazy\" decoding=\"async\" src=\"https:\/\/gnslawgroup.wpenginepowered.com\/wp-content\/uploads\/2019\/02\/i-62903-DUII-Lawyers-4456.jpg\" sizes=\"auto, (max-width: 1200px) 100vw, 1200px\" srcset=\"https:\/\/gnslawgroup.wpenginepowered.com\/wp-content\/uploads\/2019\/02\/i-62903-DUII-Lawyers-4456.jpg 1200w, https:\/\/gnslawgroup.wpenginepowered.com\/wp-content\/uploads\/2019\/02\/i-62903-DUII-Lawyers-4456-300x75.jpg 300w, https:\/\/gnslawgroup.wpenginepowered.com\/wp-content\/uploads\/2019\/02\/i-62903-DUII-Lawyers-4456-768x192.jpg 768w, https:\/\/gnslawgroup.wpenginepowered.com\/wp-content\/uploads\/2019\/02\/i-62903-DUII-Lawyers-4456-1024x256.jpg 1024w\" alt=\"\" width=\"1200\" height=\"300\" \/><\/p>\n<h2>Falta de defensores p\u00fablicos disponibles en Oregon City<\/h2>\n<p>Los defensores p\u00fablicos de Oreg\u00f3n son competentes en su trabajo, pero a veces tienen demasiadas responsabilidades para manejar un caso de DUI. Esto puede significar que el acusado tenga que comparecer ante el tribunal por su cuenta o simplemente declararse culpable del arresto. Aunque es muy com\u00fan, no deber\u00eda serlo. Un abogado especializado en DUI en su \u00e1rea puede ayudarle con su situaci\u00f3n.<\/p>\n<h2>Ayuda al tratar con el DMV local<\/h2>\n<p><a href=\"https:\/\/www.gilroynapolishort.com\/es\/practice-areas\/criminal-defense\/\">Tener un caso pendiente de DUI<\/a> Esto significa que el DMV del Condado de Clackamas podr\u00eda suspenderle la licencia o no. En algunos casos, despu\u00e9s de que los cargos se retiren o se mantengan, el DMV tambi\u00e9n suspender\u00e1 la licencia del conductor. Este es un asunto que el tribunal no puede resolver por usted, incluso si cuenta con un defensor p\u00fablico. Por otro lado, un abogado especializado en DUI puede colaborar con el personal del DMV local para que le restituyan la licencia, siempre que tenga una buena raz\u00f3n.<\/p>\n<h2>El abogado adecuado en Oregon City es importante<\/h2>\n<p>Contratar a un abogado especializado en casos de DUI es muy ventajoso. Conocen el sistema y tienen a\u00f1os de experiencia con diversos cargos por DUI. Conf\u00ede en un abogado especializado en DUI de Oregon City para defender su caso, ya que son expertos en su campo.<\/p>\n<p>Ll\u00e1menos hoy al 503-747-7198 para una consulta gratuita con un abogado.<\/p>\n<h2><strong>Consulta gratuita\u00a0<\/strong>\u2014\u00a0<strong>Contacte a Gilroy Napoli Short Law Group<\/strong><\/h2>\n<p><a href=\"https:\/\/www.gilroynapolishort.com\/es\/contact\/\">Cont\u00e1ctanos\u00a0<\/a>Ll\u00e1menos hoy mismo para programar una consulta inicial gratuita y descubrir sus opciones legales. Puede llamar a Gilroy Napoli Short Law Group al 503-747-7198. Representamos a personas en Portland, Salem, Beaverton, Hillsboro y otras partes de Oreg\u00f3n.<\/p>\n<p><strong>Se habla espa\u00f1ol.<\/strong><\/p>\n<p>Llame hoy para una consulta gratuita: <a href=\"tel:5037477198\">503-747-7198<\/a><\/p>","protected":false},"excerpt":{"rendered":"<p>Outstanding Oregon City DUI Attorney Residents who have been arrested for Driving Under the Influence or DUI in Clackamas County might find themselves at a loss with how to proceed&#8230;<\/p>","protected":false},"author":2,"featured_media":0,"parent":0,"menu_order":0,"comment_status":"closed","ping_status":"closed","template":"single-dui-page.php","meta":{"_acf_changed":false,"footnotes":""},"class_list":["post-1098","page","type-page","status-publish","hentry"],"acf":[],"yoast_head":"<!-- This site is optimized with the Yoast SEO plugin v27.3 - https:\/\/yoast.com\/product\/yoast-seo-wordpress\/ -->\n<title>Oregon City DUI Attorney | Oregon City County Oregon DUI Lawyer<\/title>\n<meta name=\"description\" content=\"Oregon City DUI Attorney: Serving clients throughout Oregon City County, including Carver, Damascus, Redland, Boring, Johnson Creek &amp; Oregon City Oregon Call for a free no obligation consultation.\" \/>\n<meta name=\"robots\" content=\"index, follow, max-snippet:-1, max-image-preview:large, max-video-preview:-1\" \/>\n<link rel=\"canonical\" href=\"https:\/\/www.gilroynapolishort.com\/es\/dui-lawyer-oregon-city\/\" \/>\n<meta property=\"og:locale\" content=\"es_MX\" \/>\n<meta property=\"og:type\" content=\"article\" \/>\n<meta property=\"og:title\" content=\"Oregon City DUI Attorney | Oregon City County Oregon DUI Lawyer\" \/>\n<meta property=\"og:description\" content=\"Oregon City DUI Attorney: Serving clients throughout Oregon City County, including Carver, Damascus, Redland, Boring, Johnson Creek &amp; Oregon City Oregon Call for a free no obligation consultation.\" \/>\n<meta property=\"og:url\" content=\"https:\/\/www.gilroynapolishort.com\/es\/dui-lawyer-oregon-city\/\" \/>\n<meta property=\"og:site_name\" content=\"GNS Law Group\" \/>\n<meta property=\"article:modified_time\" content=\"2024-11-21T14:13:23+00:00\" \/>\n<meta property=\"og:image\" content=\"https:\/\/gnslawgroup.wpenginepowered.com\/wp-content\/uploads\/2019\/02\/i-62903-DUII-Lawyers-4456.jpg\" \/>\n<meta name=\"twitter:card\" content=\"summary_large_image\" \/>\n<meta name=\"twitter:label1\" content=\"Est. reading time\" \/>\n\t<meta name=\"twitter:data1\" content=\"3 minutos\" \/>\n<script type=\"application\/ld+json\" class=\"yoast-schema-graph\">{\"@context\":\"https:\\\/\\\/schema.org\",\"@graph\":[{\"@type\":\"WebPage\",\"@id\":\"https:\\\/\\\/www.gilroynapolishort.com\\\/dui-lawyer-oregon-city\\\/\",\"url\":\"https:\\\/\\\/www.gilroynapolishort.com\\\/dui-lawyer-oregon-city\\\/\",\"name\":\"Oregon City DUI Attorney | Oregon City County Oregon DUI Lawyer\",\"isPartOf\":{\"@id\":\"https:\\\/\\\/www.gilroynapolishort.com\\\/#website\"},\"primaryImageOfPage\":{\"@id\":\"https:\\\/\\\/www.gilroynapolishort.com\\\/dui-lawyer-oregon-city\\\/#primaryimage\"},\"image\":{\"@id\":\"https:\\\/\\\/www.gilroynapolishort.com\\\/dui-lawyer-oregon-city\\\/#primaryimage\"},\"thumbnailUrl\":\"https:\\\/\\\/gnslawgroup.wpenginepowered.com\\\/wp-content\\\/uploads\\\/2019\\\/02\\\/i-62903-DUII-Lawyers-4456.jpg\",\"datePublished\":\"2019-02-22T09:50:17+00:00\",\"dateModified\":\"2024-11-21T14:13:23+00:00\",\"description\":\"Oregon City DUI Attorney: Serving clients throughout Oregon City County, including Carver, Damascus, Redland, Boring, Johnson Creek & Oregon City Oregon Call for a free no obligation consultation.\",\"breadcrumb\":{\"@id\":\"https:\\\/\\\/www.gilroynapolishort.com\\\/dui-lawyer-oregon-city\\\/#breadcrumb\"},\"inLanguage\":\"es\",\"potentialAction\":[{\"@type\":\"ReadAction\",\"target\":[\"https:\\\/\\\/www.gilroynapolishort.com\\\/dui-lawyer-oregon-city\\\/\"]}]},{\"@type\":\"ImageObject\",\"inLanguage\":\"es\",\"@id\":\"https:\\\/\\\/www.gilroynapolishort.com\\\/dui-lawyer-oregon-city\\\/#primaryimage\",\"url\":\"https:\\\/\\\/gnslawgroup.wpenginepowered.com\\\/wp-content\\\/uploads\\\/2019\\\/02\\\/i-62903-DUII-Lawyers-4456.jpg\",\"contentUrl\":\"https:\\\/\\\/gnslawgroup.wpenginepowered.com\\\/wp-content\\\/uploads\\\/2019\\\/02\\\/i-62903-DUII-Lawyers-4456.jpg\"},{\"@type\":\"BreadcrumbList\",\"@id\":\"https:\\\/\\\/www.gilroynapolishort.com\\\/dui-lawyer-oregon-city\\\/#breadcrumb\",\"itemListElement\":[{\"@type\":\"ListItem\",\"position\":1,\"name\":\"Home\",\"item\":\"https:\\\/\\\/www.gilroynapolishort.com\\\/\"},{\"@type\":\"ListItem\",\"position\":2,\"name\":\"Oregon City DUI Attorney\"}]},{\"@type\":\"WebSite\",\"@id\":\"https:\\\/\\\/www.gilroynapolishort.com\\\/#website\",\"url\":\"https:\\\/\\\/www.gilroynapolishort.com\\\/\",\"name\":\"Gilroy Napoli Short Law Group\",\"description\":\"\",\"potentialAction\":[{\"@type\":\"SearchAction\",\"target\":{\"@type\":\"EntryPoint\",\"urlTemplate\":\"https:\\\/\\\/www.gilroynapolishort.com\\\/?s={search_term_string}\"},\"query-input\":{\"@type\":\"PropertyValueSpecification\",\"valueRequired\":true,\"valueName\":\"search_term_string\"}}],\"inLanguage\":\"es\"}]}<\/script>\n<!-- \/ Yoast SEO plugin. -->","yoast_head_json":{"title":"Oregon City DUI Attorney | Oregon City County Oregon DUI Lawyer","description":"Oregon City DUI Attorney: Serving clients throughout Oregon City County, including Carver, Damascus, Redland, Boring, Johnson Creek & Oregon City Oregon Call for a free no obligation consultation.","robots":{"index":"index","follow":"follow","max-snippet":"max-snippet:-1","max-image-preview":"max-image-preview:large","max-video-preview":"max-video-preview:-1"},"canonical":"https:\/\/www.gilroynapolishort.com\/es\/dui-lawyer-oregon-city\/","og_locale":"es_MX","og_type":"article","og_title":"Oregon City DUI Attorney | Oregon City County Oregon DUI Lawyer","og_description":"Oregon City DUI Attorney: Serving clients throughout Oregon City County, including Carver, Damascus, Redland, Boring, Johnson Creek & Oregon City Oregon Call for a free no obligation consultation.","og_url":"https:\/\/www.gilroynapolishort.com\/es\/dui-lawyer-oregon-city\/","og_site_name":"GNS Law Group","article_modified_time":"2024-11-21T14:13:23+00:00","og_image":[{"url":"https:\/\/gnslawgroup.wpenginepowered.com\/wp-content\/uploads\/2019\/02\/i-62903-DUII-Lawyers-4456.jpg","type":"","width":"","height":""}],"twitter_card":"summary_large_image","twitter_misc":{"Est. reading time":"3 minutos"},"schema":{"@context":"https:\/\/schema.org","@graph":[{"@type":"WebPage","@id":"https:\/\/www.gilroynapolishort.com\/dui-lawyer-oregon-city\/","url":"https:\/\/www.gilroynapolishort.com\/dui-lawyer-oregon-city\/","name":"Oregon City DUI Attorney | Oregon City County Oregon DUI Lawyer","isPartOf":{"@id":"https:\/\/www.gilroynapolishort.com\/#website"},"primaryImageOfPage":{"@id":"https:\/\/www.gilroynapolishort.com\/dui-lawyer-oregon-city\/#primaryimage"},"image":{"@id":"https:\/\/www.gilroynapolishort.com\/dui-lawyer-oregon-city\/#primaryimage"},"thumbnailUrl":"https:\/\/gnslawgroup.wpenginepowered.com\/wp-content\/uploads\/2019\/02\/i-62903-DUII-Lawyers-4456.jpg","datePublished":"2019-02-22T09:50:17+00:00","dateModified":"2024-11-21T14:13:23+00:00","description":"Oregon City DUI Attorney: Serving clients throughout Oregon City County, including Carver, Damascus, Redland, Boring, Johnson Creek & Oregon City Oregon Call for a free no obligation consultation.","breadcrumb":{"@id":"https:\/\/www.gilroynapolishort.com\/dui-lawyer-oregon-city\/#breadcrumb"},"inLanguage":"es","potentialAction":[{"@type":"ReadAction","target":["https:\/\/www.gilroynapolishort.com\/dui-lawyer-oregon-city\/"]}]},{"@type":"ImageObject","inLanguage":"es","@id":"https:\/\/www.gilroynapolishort.com\/dui-lawyer-oregon-city\/#primaryimage","url":"https:\/\/gnslawgroup.wpenginepowered.com\/wp-content\/uploads\/2019\/02\/i-62903-DUII-Lawyers-4456.jpg","contentUrl":"https:\/\/gnslawgroup.wpenginepowered.com\/wp-content\/uploads\/2019\/02\/i-62903-DUII-Lawyers-4456.jpg"},{"@type":"BreadcrumbList","@id":"https:\/\/www.gilroynapolishort.com\/dui-lawyer-oregon-city\/#breadcrumb","itemListElement":[{"@type":"ListItem","position":1,"name":"Home","item":"https:\/\/www.gilroynapolishort.com\/"},{"@type":"ListItem","position":2,"name":"Oregon City DUI Attorney"}]},{"@type":"WebSite","@id":"https:\/\/www.gilroynapolishort.com\/#website","url":"https:\/\/www.gilroynapolishort.com\/","name":"Grupo de abogados Gilroy Napoli Short","description":"","potentialAction":[{"@type":"SearchAction","target":{"@type":"EntryPoint","urlTemplate":"https:\/\/www.gilroynapolishort.com\/?s={search_term_string}"},"query-input":{"@type":"PropertyValueSpecification","valueRequired":true,"valueName":"search_term_string"}}],"inLanguage":"es"}]}},"_links":{"self":[{"href":"https:\/\/www.gilroynapolishort.com\/es\/wp-json\/wp\/v2\/pages\/1098","targetHints":{"allow":["GET"]}}],"collection":[{"href":"https:\/\/www.gilroynapolishort.com\/es\/wp-json\/wp\/v2\/pages"}],"about":[{"href":"https:\/\/www.gilroynapolishort.com\/es\/wp-json\/wp\/v2\/types\/page"}],"author":[{"embeddable":true,"href":"https:\/\/www.gilroynapolishort.com\/es\/wp-json\/wp\/v2\/users\/2"}],"replies":[{"embeddable":true,"href":"https:\/\/www.gilroynapolishort.com\/es\/wp-json\/wp\/v2\/comments?post=1098"}],"version-history":[{"count":0,"href":"https:\/\/www.gilroynapolishort.com\/es\/wp-json\/wp\/v2\/pages\/1098\/revisions"}],"wp:attachment":[{"href":"https:\/\/www.gilroynapolishort.com\/es\/wp-json\/wp\/v2\/media?parent=1098"}],"curies":[{"name":"wp","href":"https:\/\/api.w.org\/{rel}","templated":true}]}}