{"id":1100,"date":"2019-02-22T09:50:43","date_gmt":"2019-02-22T09:50:43","guid":{"rendered":"https:\/\/www.gilroynapolishort.com\/?page_id=1100"},"modified":"2024-11-21T06:18:53","modified_gmt":"2024-11-21T14:18:53","slug":"dui-lawyer-gladstone","status":"publish","type":"page","link":"https:\/\/www.gilroynapolishort.com\/es\/dui-lawyer-gladstone\/","title":{"rendered":"Abogado de DUI en Gladstone, Oreg\u00f3n"},"content":{"rendered":"<h1>Abogado de DUI en Gladstone, Oreg\u00f3n<\/h1>\n<p>En todo el estado, las autoridades detienen a personas y las acusan de conducir bajo los efectos del alcohol. Si bien puede haber momentos en los que se sienta abrumado y asustado por estar solo, tenga en cuenta que ser acusado no significa necesariamente una condena.<\/p>\n<p>Ll\u00e1menos hoy al 503-747-7198 para una consulta gratuita con un abogado.<\/p>\n<p>Para tener la oportunidad de impugnar la condena, llame de inmediato a nuestros abogados expertos en DUI. Esto es lo que los abogados de DUI quieren que todos sus clientes sepan:<\/p>\n<h2>Citaci\u00f3n y liberaci\u00f3n en Oreg\u00f3n<\/h2>\n<p>Si un oficial le ha dado una citaci\u00f3n y luego lo ha liberado con una citaci\u00f3n por DUI, se le ordena presentarse a la fecha programada del tribunal, as\u00ed como tambi\u00e9n a la sentencia.<\/p>\n<h2>Arresto en Gladstone<\/h2>\n<p>En los casos en que el conductor ha sido arrestado, se le entrega un papel que contiene un acuerdo junto con las instrucciones de la fecha de la corte al ser liberado de la c\u00e1rcel del condado.<\/p>\n<h2>Delito grave por conducir bajo los efectos del alcohol en Gladstone<\/h2>\n<p>Los conductores acusados de conducir bajo los efectos del alcohol (DUI) permanecen en la c\u00e1rcel del condado hasta su audiencia judicial. En algunos casos, especialmente con la ayuda de un abogado especializado en DUI en Gladstone, Oreg\u00f3n, los conductores pueden ser liberados en cuanto se paga la fianza. <a href=\"https:\/\/www.gilroynapolishort.com\/es\/practice-areas\/duii-felony-duii\/\">Conductores que enfrentan cargos por delitos graves de DUI<\/a> debe comparecer ante el Tribunal de Circuito del Condado de Clackamas.<\/p>\n<p><img loading=\"lazy\" decoding=\"async\" src=\"https:\/\/gnslawgroup.wpenginepowered.com\/wp-content\/uploads\/2019\/02\/i-62903-DUII-Lawyers-4456.jpg\" sizes=\"auto, (max-width: 1200px) 100vw, 1200px\" srcset=\"https:\/\/gnslawgroup.wpenginepowered.com\/wp-content\/uploads\/2019\/02\/i-62903-DUII-Lawyers-4456.jpg 1200w, https:\/\/gnslawgroup.wpenginepowered.com\/wp-content\/uploads\/2019\/02\/i-62903-DUII-Lawyers-4456-300x75.jpg 300w, https:\/\/gnslawgroup.wpenginepowered.com\/wp-content\/uploads\/2019\/02\/i-62903-DUII-Lawyers-4456-768x192.jpg 768w, https:\/\/gnslawgroup.wpenginepowered.com\/wp-content\/uploads\/2019\/02\/i-62903-DUII-Lawyers-4456-1024x256.jpg 1024w\" alt=\"\" width=\"1200\" height=\"300\" \/><\/p>\n<h2>Comparecencia ante el tribunal en Gladstone<\/h2>\n<p>Todas las comparecencias judiciales se realizar\u00e1n en el Tribunal Municipal de Gladstone y los conductores deben conocer la fecha, hora y lugar de su comparecencia. No presentarse a la cita conlleva una orden de arresto. Las autoridades arrestar\u00e1n al conductor y le imputar\u00e1n un cargo por incomparecencia. No presentarse a la cita judicial implicar\u00e1 que los conductores permanecer\u00e1n en prisi\u00f3n hasta su pr\u00f3xima cita judicial.<\/p>\n<h2>Opciones de sentencia en el condado de Clackamas<\/h2>\n<p>Un confiable <a href=\"https:\/\/www.gilroynapolishort.com\/es\/practice-areas\/criminal-defense\/\">abogado defensor penal<\/a> Explicar\u00e1 detalladamente las diferentes opciones de sentencia. Sin embargo, es importante recordar que conducir bajo los efectos del alcohol (DUI) se considera un delito estatal y que todos los casos de DWI se manejan de manera diferente seg\u00fan el estado.<\/p>\n<p>El Programa de Tribunal de Tratamiento del Condado de Clackamas, un programa de tratamiento de adicciones de 12 pasos, ayuda a las personas a asumir la responsabilidad de sus actos y les brinda una mejor oportunidad de recuperaci\u00f3n. El modelo incluye sanciones e incentivos adicionales que motivan a los participantes a mejorar. Este programa est\u00e1 dirigido a infractores con tres o m\u00e1s delitos menores por conducir bajo los efectos del alcohol (DUII).<\/p>\n<p>En Oreg\u00f3n, todos los infractores primerizos por conducir bajo los efectos del alcohol pueden optar a un Programa de Desv\u00edo de DUI en lugar de la pena de prisi\u00f3n habitual. El infractor debe declararse culpable y no impugnar los cargos, lo que resultar\u00e1 en su desestimaci\u00f3n despu\u00e9s de un a\u00f1o.<\/p>\n<h2><strong>Consulta gratuita\u00a0<\/strong>\u2014\u00a0<strong>Contacte a Gilroy Napoli Short Law Group<\/strong><\/h2>\n<p><a href=\"https:\/\/www.gilroynapolishort.com\/es\/contact\/\">Cont\u00e1ctanos\u00a0<\/a>Ll\u00e1menos hoy mismo para programar una consulta inicial gratuita y descubrir sus opciones legales. Puede llamar a Gilroy Napoli Short Law Group al 503-747-7198. Representamos a personas en Portland, Gladstone, Milwaukie, Clackamas y la mayor\u00eda de los condados del estado de Oreg\u00f3n.<\/p>\n<p><strong>Se habla espa\u00f1ol.<\/strong><\/p>\n<p>Llame hoy para una consulta gratuita: <a href=\"tel:5037477198\">503-747-7198<\/a><\/p>","protected":false},"excerpt":{"rendered":"<p>Gladstone, Oregon DUI Attorney All over the state, people find themselves getting pulled over by the authorities and getting charged with a DUI. While there might be times when you&#8230;<\/p>","protected":false},"author":2,"featured_media":0,"parent":0,"menu_order":0,"comment_status":"closed","ping_status":"closed","template":"single-dui-page.php","meta":{"_acf_changed":false,"footnotes":""},"class_list":["post-1100","page","type-page","status-publish","hentry"],"acf":[],"yoast_head":"<!-- This site is optimized with the Yoast SEO plugin v27.3 - https:\/\/yoast.com\/product\/yoast-seo-wordpress\/ -->\n<title>Gladstone DUI Attorney | Gladstone Oregon DUI Lawyers<\/title>\n<meta name=\"description\" content=\"Gladstone DUI Attorney: Serving clients throughout Gladstone, including Carver, Damascus, Lake Oswego, Willamette, West Linn &amp; Molalla Oregon Call for a free no obligation consultation.\" \/>\n<meta name=\"robots\" content=\"index, follow, max-snippet:-1, max-image-preview:large, max-video-preview:-1\" \/>\n<link rel=\"canonical\" href=\"https:\/\/www.gilroynapolishort.com\/es\/dui-lawyer-gladstone\/\" \/>\n<meta property=\"og:locale\" content=\"es_MX\" \/>\n<meta property=\"og:type\" content=\"article\" \/>\n<meta property=\"og:title\" content=\"Gladstone DUI Attorney | Gladstone Oregon DUI Lawyers\" \/>\n<meta property=\"og:description\" content=\"Gladstone DUI Attorney: Serving clients throughout Gladstone, including Carver, Damascus, Lake Oswego, Willamette, West Linn &amp; Molalla Oregon Call for a free no obligation consultation.\" \/>\n<meta property=\"og:url\" content=\"https:\/\/www.gilroynapolishort.com\/es\/dui-lawyer-gladstone\/\" \/>\n<meta property=\"og:site_name\" content=\"GNS Law Group\" \/>\n<meta property=\"article:modified_time\" content=\"2024-11-21T14:18:53+00:00\" \/>\n<meta property=\"og:image\" content=\"https:\/\/gnslawgroup.wpenginepowered.com\/wp-content\/uploads\/2019\/02\/i-62903-DUII-Lawyers-4456.jpg\" \/>\n<meta name=\"twitter:card\" content=\"summary_large_image\" \/>\n<meta name=\"twitter:label1\" content=\"Est. reading time\" \/>\n\t<meta name=\"twitter:data1\" content=\"3 minutos\" \/>\n<script type=\"application\/ld+json\" class=\"yoast-schema-graph\">{\"@context\":\"https:\\\/\\\/schema.org\",\"@graph\":[{\"@type\":\"WebPage\",\"@id\":\"https:\\\/\\\/www.gilroynapolishort.com\\\/dui-lawyer-gladstone\\\/\",\"url\":\"https:\\\/\\\/www.gilroynapolishort.com\\\/dui-lawyer-gladstone\\\/\",\"name\":\"Gladstone DUI Attorney | Gladstone Oregon DUI Lawyers\",\"isPartOf\":{\"@id\":\"https:\\\/\\\/www.gilroynapolishort.com\\\/#website\"},\"primaryImageOfPage\":{\"@id\":\"https:\\\/\\\/www.gilroynapolishort.com\\\/dui-lawyer-gladstone\\\/#primaryimage\"},\"image\":{\"@id\":\"https:\\\/\\\/www.gilroynapolishort.com\\\/dui-lawyer-gladstone\\\/#primaryimage\"},\"thumbnailUrl\":\"https:\\\/\\\/gnslawgroup.wpenginepowered.com\\\/wp-content\\\/uploads\\\/2019\\\/02\\\/i-62903-DUII-Lawyers-4456.jpg\",\"datePublished\":\"2019-02-22T09:50:43+00:00\",\"dateModified\":\"2024-11-21T14:18:53+00:00\",\"description\":\"Gladstone DUI Attorney: Serving clients throughout Gladstone, including Carver, Damascus, Lake Oswego, Willamette, West Linn & Molalla Oregon Call for a free no obligation consultation.\",\"breadcrumb\":{\"@id\":\"https:\\\/\\\/www.gilroynapolishort.com\\\/dui-lawyer-gladstone\\\/#breadcrumb\"},\"inLanguage\":\"es\",\"potentialAction\":[{\"@type\":\"ReadAction\",\"target\":[\"https:\\\/\\\/www.gilroynapolishort.com\\\/dui-lawyer-gladstone\\\/\"]}]},{\"@type\":\"ImageObject\",\"inLanguage\":\"es\",\"@id\":\"https:\\\/\\\/www.gilroynapolishort.com\\\/dui-lawyer-gladstone\\\/#primaryimage\",\"url\":\"https:\\\/\\\/gnslawgroup.wpenginepowered.com\\\/wp-content\\\/uploads\\\/2019\\\/02\\\/i-62903-DUII-Lawyers-4456.jpg\",\"contentUrl\":\"https:\\\/\\\/gnslawgroup.wpenginepowered.com\\\/wp-content\\\/uploads\\\/2019\\\/02\\\/i-62903-DUII-Lawyers-4456.jpg\"},{\"@type\":\"BreadcrumbList\",\"@id\":\"https:\\\/\\\/www.gilroynapolishort.com\\\/dui-lawyer-gladstone\\\/#breadcrumb\",\"itemListElement\":[{\"@type\":\"ListItem\",\"position\":1,\"name\":\"Home\",\"item\":\"https:\\\/\\\/www.gilroynapolishort.com\\\/\"},{\"@type\":\"ListItem\",\"position\":2,\"name\":\"Gladstone, Oregon DUI Attorney\"}]},{\"@type\":\"WebSite\",\"@id\":\"https:\\\/\\\/www.gilroynapolishort.com\\\/#website\",\"url\":\"https:\\\/\\\/www.gilroynapolishort.com\\\/\",\"name\":\"Gilroy Napoli Short Law Group\",\"description\":\"\",\"potentialAction\":[{\"@type\":\"SearchAction\",\"target\":{\"@type\":\"EntryPoint\",\"urlTemplate\":\"https:\\\/\\\/www.gilroynapolishort.com\\\/?s={search_term_string}\"},\"query-input\":{\"@type\":\"PropertyValueSpecification\",\"valueRequired\":true,\"valueName\":\"search_term_string\"}}],\"inLanguage\":\"es\"}]}<\/script>\n<!-- \/ Yoast SEO plugin. -->","yoast_head_json":{"title":"Gladstone DUI Attorney | Gladstone Oregon DUI Lawyers","description":"Gladstone DUI Attorney: Serving clients throughout Gladstone, including Carver, Damascus, Lake Oswego, Willamette, West Linn & Molalla Oregon Call for a free no obligation consultation.","robots":{"index":"index","follow":"follow","max-snippet":"max-snippet:-1","max-image-preview":"max-image-preview:large","max-video-preview":"max-video-preview:-1"},"canonical":"https:\/\/www.gilroynapolishort.com\/es\/dui-lawyer-gladstone\/","og_locale":"es_MX","og_type":"article","og_title":"Gladstone DUI Attorney | Gladstone Oregon DUI Lawyers","og_description":"Gladstone DUI Attorney: Serving clients throughout Gladstone, including Carver, Damascus, Lake Oswego, Willamette, West Linn & Molalla Oregon Call for a free no obligation consultation.","og_url":"https:\/\/www.gilroynapolishort.com\/es\/dui-lawyer-gladstone\/","og_site_name":"GNS Law Group","article_modified_time":"2024-11-21T14:18:53+00:00","og_image":[{"url":"https:\/\/gnslawgroup.wpenginepowered.com\/wp-content\/uploads\/2019\/02\/i-62903-DUII-Lawyers-4456.jpg","type":"","width":"","height":""}],"twitter_card":"summary_large_image","twitter_misc":{"Est. reading time":"3 minutos"},"schema":{"@context":"https:\/\/schema.org","@graph":[{"@type":"WebPage","@id":"https:\/\/www.gilroynapolishort.com\/dui-lawyer-gladstone\/","url":"https:\/\/www.gilroynapolishort.com\/dui-lawyer-gladstone\/","name":"Gladstone DUI Attorney | Gladstone Oregon DUI Lawyers","isPartOf":{"@id":"https:\/\/www.gilroynapolishort.com\/#website"},"primaryImageOfPage":{"@id":"https:\/\/www.gilroynapolishort.com\/dui-lawyer-gladstone\/#primaryimage"},"image":{"@id":"https:\/\/www.gilroynapolishort.com\/dui-lawyer-gladstone\/#primaryimage"},"thumbnailUrl":"https:\/\/gnslawgroup.wpenginepowered.com\/wp-content\/uploads\/2019\/02\/i-62903-DUII-Lawyers-4456.jpg","datePublished":"2019-02-22T09:50:43+00:00","dateModified":"2024-11-21T14:18:53+00:00","description":"Gladstone DUI Attorney: Serving clients throughout Gladstone, including Carver, Damascus, Lake Oswego, Willamette, West Linn & Molalla Oregon Call for a free no obligation consultation.","breadcrumb":{"@id":"https:\/\/www.gilroynapolishort.com\/dui-lawyer-gladstone\/#breadcrumb"},"inLanguage":"es","potentialAction":[{"@type":"ReadAction","target":["https:\/\/www.gilroynapolishort.com\/dui-lawyer-gladstone\/"]}]},{"@type":"ImageObject","inLanguage":"es","@id":"https:\/\/www.gilroynapolishort.com\/dui-lawyer-gladstone\/#primaryimage","url":"https:\/\/gnslawgroup.wpenginepowered.com\/wp-content\/uploads\/2019\/02\/i-62903-DUII-Lawyers-4456.jpg","contentUrl":"https:\/\/gnslawgroup.wpenginepowered.com\/wp-content\/uploads\/2019\/02\/i-62903-DUII-Lawyers-4456.jpg"},{"@type":"BreadcrumbList","@id":"https:\/\/www.gilroynapolishort.com\/dui-lawyer-gladstone\/#breadcrumb","itemListElement":[{"@type":"ListItem","position":1,"name":"Home","item":"https:\/\/www.gilroynapolishort.com\/"},{"@type":"ListItem","position":2,"name":"Gladstone, Oregon DUI Attorney"}]},{"@type":"WebSite","@id":"https:\/\/www.gilroynapolishort.com\/#website","url":"https:\/\/www.gilroynapolishort.com\/","name":"Grupo de abogados Gilroy Napoli Short","description":"","potentialAction":[{"@type":"SearchAction","target":{"@type":"EntryPoint","urlTemplate":"https:\/\/www.gilroynapolishort.com\/?s={search_term_string}"},"query-input":{"@type":"PropertyValueSpecification","valueRequired":true,"valueName":"search_term_string"}}],"inLanguage":"es"}]}},"_links":{"self":[{"href":"https:\/\/www.gilroynapolishort.com\/es\/wp-json\/wp\/v2\/pages\/1100","targetHints":{"allow":["GET"]}}],"collection":[{"href":"https:\/\/www.gilroynapolishort.com\/es\/wp-json\/wp\/v2\/pages"}],"about":[{"href":"https:\/\/www.gilroynapolishort.com\/es\/wp-json\/wp\/v2\/types\/page"}],"author":[{"embeddable":true,"href":"https:\/\/www.gilroynapolishort.com\/es\/wp-json\/wp\/v2\/users\/2"}],"replies":[{"embeddable":true,"href":"https:\/\/www.gilroynapolishort.com\/es\/wp-json\/wp\/v2\/comments?post=1100"}],"version-history":[{"count":0,"href":"https:\/\/www.gilroynapolishort.com\/es\/wp-json\/wp\/v2\/pages\/1100\/revisions"}],"wp:attachment":[{"href":"https:\/\/www.gilroynapolishort.com\/es\/wp-json\/wp\/v2\/media?parent=1100"}],"curies":[{"name":"wp","href":"https:\/\/api.w.org\/{rel}","templated":true}]}}