{"id":1106,"date":"2019-02-22T09:54:13","date_gmt":"2019-02-22T09:54:13","guid":{"rendered":"https:\/\/www.gilroynapolishort.com\/?page_id=1106"},"modified":"2024-11-21T06:29:46","modified_gmt":"2024-11-21T14:29:46","slug":"dui-lawyer-happy-valley","status":"publish","type":"page","link":"https:\/\/www.gilroynapolishort.com\/es\/dui-lawyer-happy-valley\/","title":{"rendered":"Abogado de DUI en Happy Valley, Oreg\u00f3n"},"content":{"rendered":"<h1>Abogado excepcional de DUI en Happy Valley, Oreg\u00f3n<\/h1>\n<p>Ubicado en el condado de Clackamas, Happy Valley Oregon alguna vez se llam\u00f3 &quot;Cristilla Valley&quot; ya que recibi\u00f3 el nombre de Cristian y Matilda Deardorff, los primeros residentes del \u00e1rea, pero el nombre luego se cambi\u00f3 para reflejar el nombre de la ciudad que sus residentes conocen y aman hoy.<\/p>\n<p>Con una poblaci\u00f3n de poco m\u00e1s de 21,000 habitantes, Happy Valley puede considerarse sin duda una de las ciudades de m\u00e1s r\u00e1pido crecimiento en el \u00e1rea de Portland, Oreg\u00f3n. Sin embargo, este crecimiento tambi\u00e9n trajo consigo un aumento en los accidentes automovil\u00edsticos, incluyendo aquellos atribuidos a conducir bajo la influencia del alcohol (DUI). La realidad sobre los DUI es que pueden ser una pesadilla para todos los involucrados. Afortunadamente, hay ayuda disponible en el \u00e1rea de Happy Valley gracias a Gilroy, Napoli, Short Law Group.<\/p>\n<p>Ll\u00e1menos hoy al 503-747-7198 para una consulta gratuita con un abogado.<\/p>\n<h2>Infractores por primera vez por conducir bajo los efectos del alcohol en el condado de Clackamas<\/h2>\n<p>\u00bfLo acaban de arrestar por conducir bajo los efectos del alcohol? Sabemos que puede ser muy preocupante despu\u00e9s de ser arrestado, ya que tambi\u00e9n podr\u00eda enfrentar una condena. La buena noticia es que no tiene que enfrentarse solo al sistema legal.<\/p>\n<p>Cuando contratas un Happy Valley <a href=\"https:\/\/www.gilroynapolishort.com\/es\/practice-areas\/criminal-defense\/\">abogado defensor penal<\/a> Al igual que nuestro bufete de abogados, nos aseguraremos de que sus derechos como residente del \u00e1rea est\u00e9n bien representados y que reciba la mejor orientaci\u00f3n y asesoramiento legal posibles de uno de nuestros abogados de DUI altamente capacitados.<\/p>\n<h2>No es necesario firmar el acuerdo de culpabilidad en Happy Valley<\/h2>\n<p>Un error com\u00fan que enfrentan muchas personas tras ser arrestadas por conducir bajo los efectos del alcohol por primera vez es que tienen que firmar el acuerdo de culpabilidad que les ofrece la polic\u00eda. Lamentablemente, muchos creen que el acuerdo de culpabilidad es su \u00fanica opci\u00f3n, pero la realidad es que tienen m\u00e1s opciones de las que creen.<\/p>\n<p>Cuando contrata a un abogado de DUI de Happy Valley Oregon, puede contar con nosotros para representar sus mejores intereses y presentarle todas las opciones disponibles, para que no cometa el error de renunciar a sus derechos y arrepentirse m\u00e1s tarde.<\/p>\n<p><img loading=\"lazy\" decoding=\"async\" src=\"https:\/\/gnslawgroup.wpenginepowered.com\/wp-content\/uploads\/2019\/02\/i-62903-DUII-Lawyers-4456.jpg\" sizes=\"auto, (max-width: 1200px) 100vw, 1200px\" srcset=\"https:\/\/gnslawgroup.wpenginepowered.com\/wp-content\/uploads\/2019\/02\/i-62903-DUII-Lawyers-4456.jpg 1200w, https:\/\/gnslawgroup.wpenginepowered.com\/wp-content\/uploads\/2019\/02\/i-62903-DUII-Lawyers-4456-300x75.jpg 300w, https:\/\/gnslawgroup.wpenginepowered.com\/wp-content\/uploads\/2019\/02\/i-62903-DUII-Lawyers-4456-768x192.jpg 768w, https:\/\/gnslawgroup.wpenginepowered.com\/wp-content\/uploads\/2019\/02\/i-62903-DUII-Lawyers-4456-1024x256.jpg 1024w\" alt=\"\" width=\"1200\" height=\"300\" \/><\/p>\n<h2>Elija un abogado experto en defensa por DUI en Happy Valley<\/h2>\n<p><a href=\"https:\/\/www.gilroynapolishort.com\/es\/practice-areas\/duii-felony-duii\/\">Cuando se enfrenta a una posible condena por conducir bajo los efectos del alcohol<\/a>, Es importante que sepa que no todos los abogados especializados en DUI tienen la misma experiencia en defensa penal o en cargos por DUI. Por eso, al buscar un abogado, siempre debe elegir uno en Happy Valley especializado en DUI que se especialice en cargos penales y que tenga una alta tasa de \u00e9xito en la anulaci\u00f3n de cargos por DUI.<\/p>\n<h2>No se conforme con un abogado de otro estado<\/h2>\n<p>Aunque podr\u00eda verse tentado a contratar a un abogado especializado en DUI de otro estado, la realidad es que si no es un abogado especializado en DUI de Happy Valley, no estar\u00e1 familiarizado con nuestras leyes locales. Cada estado tiene diferentes leyes locales para los cargos por DUI, especialmente cuando se trata de reincidentes y personas que cometen delitos por primera vez.<\/p>\n<p>Se debe a s\u00ed mismo contratar a un abogado que tenga su base local, especialmente si realmente desea que sus mejores intereses sean representados en el tribunal, porque un abogado de DUI del \u00e1rea de Happy Valley conocer\u00e1 las leyes locales, presentar\u00e1 los mejores argumentos para ayudarlo a ganar su caso judicial y, en \u00faltima instancia, reducir \/ eliminar su condena de sus registros.<\/p>\n<h2><strong>Consulta gratuita\u00a0<\/strong>\u2014\u00a0<strong>Contacte a Gilroy Napoli Short Law Group<\/strong><\/h2>\n<p><a href=\"https:\/\/www.gilroynapolishort.com\/es\/contact\/\">Cont\u00e1ctanos\u00a0<\/a>Ll\u00e1menos hoy mismo para programar una consulta inicial gratuita y descubrir sus opciones legales. Puede llamar a Gilroy Napoli Short Law Group al 503-747-7198. Representamos a personas en Portland, Salem, Beaverton, Hillsboro y otras partes de Oreg\u00f3n.<\/p>\n<p><strong>Se habla espa\u00f1ol.<\/strong><\/p>\n<p>Llame hoy para una consulta gratuita: <a href=\"tel:5037477198\">503-747-7198<\/a><\/p>","protected":false},"excerpt":{"rendered":"<p>Exceptional Happy Valley Oregon DUI Attorney Located in Clackamas County, Happy Valley Oregon was once called \u201cCristilla Valley\u201d since it was named after Cristian and Matilda Deardorff, the area&#8217;s first&#8230;<\/p>","protected":false},"author":2,"featured_media":0,"parent":0,"menu_order":0,"comment_status":"closed","ping_status":"closed","template":"single-dui-page.php","meta":{"_acf_changed":false,"footnotes":""},"class_list":["post-1106","page","type-page","status-publish","hentry"],"acf":[],"yoast_head":"<!-- This site is optimized with the Yoast SEO plugin v27.3 - https:\/\/yoast.com\/product\/yoast-seo-wordpress\/ -->\n<title>Happy Valley Oregon DUI Attorney | Clackamas County Oregon DUI Lawyer<\/title>\n<meta name=\"description\" content=\"Happy Valley Oregon DUI Attorney: Serving clients throughout Clackamas County, including Happy Valley, Milwaukie, Carver, Damascus, Redland, Estacada, Boring, Johnson Creek &amp; Clackamas Oregon Call for a free no obligation consultation.\" \/>\n<meta name=\"robots\" content=\"index, follow, max-snippet:-1, max-image-preview:large, max-video-preview:-1\" \/>\n<link rel=\"canonical\" href=\"https:\/\/www.gilroynapolishort.com\/es\/dui-lawyer-happy-valley\/\" \/>\n<meta property=\"og:locale\" content=\"es_MX\" \/>\n<meta property=\"og:type\" content=\"article\" \/>\n<meta property=\"og:title\" content=\"Happy Valley Oregon DUI Attorney | Clackamas County Oregon DUI Lawyer\" \/>\n<meta property=\"og:description\" content=\"Happy Valley Oregon DUI Attorney: Serving clients throughout Clackamas County, including Happy Valley, Milwaukie, Carver, Damascus, Redland, Estacada, Boring, Johnson Creek &amp; Clackamas Oregon Call for a free no obligation consultation.\" \/>\n<meta property=\"og:url\" content=\"https:\/\/www.gilroynapolishort.com\/es\/dui-lawyer-happy-valley\/\" \/>\n<meta property=\"og:site_name\" content=\"GNS Law Group\" \/>\n<meta property=\"article:modified_time\" content=\"2024-11-21T14:29:46+00:00\" \/>\n<meta property=\"og:image\" content=\"https:\/\/gnslawgroup.wpenginepowered.com\/wp-content\/uploads\/2019\/02\/i-62903-DUII-Lawyers-4456.jpg\" \/>\n<meta name=\"twitter:card\" content=\"summary_large_image\" \/>\n<meta name=\"twitter:label1\" content=\"Est. reading time\" \/>\n\t<meta name=\"twitter:data1\" content=\"3 minutos\" \/>\n<script type=\"application\/ld+json\" class=\"yoast-schema-graph\">{\"@context\":\"https:\\\/\\\/schema.org\",\"@graph\":[{\"@type\":\"WebPage\",\"@id\":\"https:\\\/\\\/www.gilroynapolishort.com\\\/dui-lawyer-happy-valley\\\/\",\"url\":\"https:\\\/\\\/www.gilroynapolishort.com\\\/dui-lawyer-happy-valley\\\/\",\"name\":\"Happy Valley Oregon DUI Attorney | Clackamas County Oregon DUI Lawyer\",\"isPartOf\":{\"@id\":\"https:\\\/\\\/www.gilroynapolishort.com\\\/#website\"},\"primaryImageOfPage\":{\"@id\":\"https:\\\/\\\/www.gilroynapolishort.com\\\/dui-lawyer-happy-valley\\\/#primaryimage\"},\"image\":{\"@id\":\"https:\\\/\\\/www.gilroynapolishort.com\\\/dui-lawyer-happy-valley\\\/#primaryimage\"},\"thumbnailUrl\":\"https:\\\/\\\/gnslawgroup.wpenginepowered.com\\\/wp-content\\\/uploads\\\/2019\\\/02\\\/i-62903-DUII-Lawyers-4456.jpg\",\"datePublished\":\"2019-02-22T09:54:13+00:00\",\"dateModified\":\"2024-11-21T14:29:46+00:00\",\"description\":\"Happy Valley Oregon DUI Attorney: Serving clients throughout Clackamas County, including Happy Valley, Milwaukie, Carver, Damascus, Redland, Estacada, Boring, Johnson Creek & Clackamas Oregon Call for a free no obligation consultation.\",\"breadcrumb\":{\"@id\":\"https:\\\/\\\/www.gilroynapolishort.com\\\/dui-lawyer-happy-valley\\\/#breadcrumb\"},\"inLanguage\":\"es\",\"potentialAction\":[{\"@type\":\"ReadAction\",\"target\":[\"https:\\\/\\\/www.gilroynapolishort.com\\\/dui-lawyer-happy-valley\\\/\"]}]},{\"@type\":\"ImageObject\",\"inLanguage\":\"es\",\"@id\":\"https:\\\/\\\/www.gilroynapolishort.com\\\/dui-lawyer-happy-valley\\\/#primaryimage\",\"url\":\"https:\\\/\\\/gnslawgroup.wpenginepowered.com\\\/wp-content\\\/uploads\\\/2019\\\/02\\\/i-62903-DUII-Lawyers-4456.jpg\",\"contentUrl\":\"https:\\\/\\\/gnslawgroup.wpenginepowered.com\\\/wp-content\\\/uploads\\\/2019\\\/02\\\/i-62903-DUII-Lawyers-4456.jpg\"},{\"@type\":\"BreadcrumbList\",\"@id\":\"https:\\\/\\\/www.gilroynapolishort.com\\\/dui-lawyer-happy-valley\\\/#breadcrumb\",\"itemListElement\":[{\"@type\":\"ListItem\",\"position\":1,\"name\":\"Home\",\"item\":\"https:\\\/\\\/www.gilroynapolishort.com\\\/\"},{\"@type\":\"ListItem\",\"position\":2,\"name\":\"Happy Valley Oregon DUI Attorney\"}]},{\"@type\":\"WebSite\",\"@id\":\"https:\\\/\\\/www.gilroynapolishort.com\\\/#website\",\"url\":\"https:\\\/\\\/www.gilroynapolishort.com\\\/\",\"name\":\"Gilroy Napoli Short Law Group\",\"description\":\"\",\"potentialAction\":[{\"@type\":\"SearchAction\",\"target\":{\"@type\":\"EntryPoint\",\"urlTemplate\":\"https:\\\/\\\/www.gilroynapolishort.com\\\/?s={search_term_string}\"},\"query-input\":{\"@type\":\"PropertyValueSpecification\",\"valueRequired\":true,\"valueName\":\"search_term_string\"}}],\"inLanguage\":\"es\"}]}<\/script>\n<!-- \/ Yoast SEO plugin. -->","yoast_head_json":{"title":"Happy Valley Oregon DUI Attorney | Clackamas County Oregon DUI Lawyer","description":"Happy Valley Oregon DUI Attorney: Serving clients throughout Clackamas County, including Happy Valley, Milwaukie, Carver, Damascus, Redland, Estacada, Boring, Johnson Creek & Clackamas Oregon Call for a free no obligation consultation.","robots":{"index":"index","follow":"follow","max-snippet":"max-snippet:-1","max-image-preview":"max-image-preview:large","max-video-preview":"max-video-preview:-1"},"canonical":"https:\/\/www.gilroynapolishort.com\/es\/dui-lawyer-happy-valley\/","og_locale":"es_MX","og_type":"article","og_title":"Happy Valley Oregon DUI Attorney | Clackamas County Oregon DUI Lawyer","og_description":"Happy Valley Oregon DUI Attorney: Serving clients throughout Clackamas County, including Happy Valley, Milwaukie, Carver, Damascus, Redland, Estacada, Boring, Johnson Creek & Clackamas Oregon Call for a free no obligation consultation.","og_url":"https:\/\/www.gilroynapolishort.com\/es\/dui-lawyer-happy-valley\/","og_site_name":"GNS Law Group","article_modified_time":"2024-11-21T14:29:46+00:00","og_image":[{"url":"https:\/\/gnslawgroup.wpenginepowered.com\/wp-content\/uploads\/2019\/02\/i-62903-DUII-Lawyers-4456.jpg","type":"","width":"","height":""}],"twitter_card":"summary_large_image","twitter_misc":{"Est. reading time":"3 minutos"},"schema":{"@context":"https:\/\/schema.org","@graph":[{"@type":"WebPage","@id":"https:\/\/www.gilroynapolishort.com\/dui-lawyer-happy-valley\/","url":"https:\/\/www.gilroynapolishort.com\/dui-lawyer-happy-valley\/","name":"Happy Valley Oregon DUI Attorney | Clackamas County Oregon DUI Lawyer","isPartOf":{"@id":"https:\/\/www.gilroynapolishort.com\/#website"},"primaryImageOfPage":{"@id":"https:\/\/www.gilroynapolishort.com\/dui-lawyer-happy-valley\/#primaryimage"},"image":{"@id":"https:\/\/www.gilroynapolishort.com\/dui-lawyer-happy-valley\/#primaryimage"},"thumbnailUrl":"https:\/\/gnslawgroup.wpenginepowered.com\/wp-content\/uploads\/2019\/02\/i-62903-DUII-Lawyers-4456.jpg","datePublished":"2019-02-22T09:54:13+00:00","dateModified":"2024-11-21T14:29:46+00:00","description":"Happy Valley Oregon DUI Attorney: Serving clients throughout Clackamas County, including Happy Valley, Milwaukie, Carver, Damascus, Redland, Estacada, Boring, Johnson Creek & Clackamas Oregon Call for a free no obligation consultation.","breadcrumb":{"@id":"https:\/\/www.gilroynapolishort.com\/dui-lawyer-happy-valley\/#breadcrumb"},"inLanguage":"es","potentialAction":[{"@type":"ReadAction","target":["https:\/\/www.gilroynapolishort.com\/dui-lawyer-happy-valley\/"]}]},{"@type":"ImageObject","inLanguage":"es","@id":"https:\/\/www.gilroynapolishort.com\/dui-lawyer-happy-valley\/#primaryimage","url":"https:\/\/gnslawgroup.wpenginepowered.com\/wp-content\/uploads\/2019\/02\/i-62903-DUII-Lawyers-4456.jpg","contentUrl":"https:\/\/gnslawgroup.wpenginepowered.com\/wp-content\/uploads\/2019\/02\/i-62903-DUII-Lawyers-4456.jpg"},{"@type":"BreadcrumbList","@id":"https:\/\/www.gilroynapolishort.com\/dui-lawyer-happy-valley\/#breadcrumb","itemListElement":[{"@type":"ListItem","position":1,"name":"Home","item":"https:\/\/www.gilroynapolishort.com\/"},{"@type":"ListItem","position":2,"name":"Happy Valley Oregon DUI Attorney"}]},{"@type":"WebSite","@id":"https:\/\/www.gilroynapolishort.com\/#website","url":"https:\/\/www.gilroynapolishort.com\/","name":"Grupo de abogados Gilroy Napoli Short","description":"","potentialAction":[{"@type":"SearchAction","target":{"@type":"EntryPoint","urlTemplate":"https:\/\/www.gilroynapolishort.com\/?s={search_term_string}"},"query-input":{"@type":"PropertyValueSpecification","valueRequired":true,"valueName":"search_term_string"}}],"inLanguage":"es"}]}},"_links":{"self":[{"href":"https:\/\/www.gilroynapolishort.com\/es\/wp-json\/wp\/v2\/pages\/1106","targetHints":{"allow":["GET"]}}],"collection":[{"href":"https:\/\/www.gilroynapolishort.com\/es\/wp-json\/wp\/v2\/pages"}],"about":[{"href":"https:\/\/www.gilroynapolishort.com\/es\/wp-json\/wp\/v2\/types\/page"}],"author":[{"embeddable":true,"href":"https:\/\/www.gilroynapolishort.com\/es\/wp-json\/wp\/v2\/users\/2"}],"replies":[{"embeddable":true,"href":"https:\/\/www.gilroynapolishort.com\/es\/wp-json\/wp\/v2\/comments?post=1106"}],"version-history":[{"count":0,"href":"https:\/\/www.gilroynapolishort.com\/es\/wp-json\/wp\/v2\/pages\/1106\/revisions"}],"wp:attachment":[{"href":"https:\/\/www.gilroynapolishort.com\/es\/wp-json\/wp\/v2\/media?parent=1106"}],"curies":[{"name":"wp","href":"https:\/\/api.w.org\/{rel}","templated":true}]}}