{"id":1110,"date":"2019-02-22T09:54:57","date_gmt":"2019-02-22T09:54:57","guid":{"rendered":"https:\/\/www.gilroynapolishort.com\/?page_id=1110"},"modified":"2024-11-21T06:37:36","modified_gmt":"2024-11-21T14:37:36","slug":"dui-lawyer-estacada","status":"publish","type":"page","link":"https:\/\/www.gilroynapolishort.com\/es\/dui-lawyer-estacada\/","title":{"rendered":"Abogado de DUI en Estacada, Oreg\u00f3n"},"content":{"rendered":"<h1>Abogado confiable de DUI en Estacada, Oreg\u00f3n<\/h1>\n<p>Cuando un agente de la ley detiene a un conductor por conducir bajo los efectos del alcohol, es normal sentirse asustado, abrumado y, a veces, incluso desesperanzado. Una citaci\u00f3n suena muy formal y desalentadora para cualquier conductor. Que le hayan dado una citaci\u00f3n en Estacada no significa que vaya a ser condenado.<\/p>\n<p>Ll\u00e1menos hoy al 503-747-7198 para una consulta gratuita con un abogado.<\/p>\n<p>Para tener la oportunidad de impugnar la condena, llame de inmediato a nuestros abogados expertos en DUI. Esto es lo que los abogados de DUI quieren que todos sus clientes sepan:<\/p>\n<h2>Citaci\u00f3n y liberaci\u00f3n en Estacada<\/h2>\n<p>Cuando un conductor es liberado tras una citaci\u00f3n, deber\u00e1 comparecer ante el tribunal y dictar sentencia. Toda la informaci\u00f3n se encuentra en la citaci\u00f3n.<\/p>\n<h2>Arresto en el condado de Clackamas<\/h2>\n<p>A los conductores arrestados por conducir bajo los efectos del alcohol se les entregar\u00e1 un acuerdo de liberaci\u00f3n con todas las instrucciones e informaci\u00f3n sobre su fecha de audiencia judicial al ser liberados de la c\u00e1rcel del condado.<\/p>\n<h2>Delito grave por conducir bajo los efectos del alcohol en el condado de Clackamas<\/h2>\n<p>Esto es un nivel m\u00e1s serio que una citaci\u00f3n y cuando <a href=\"https:\/\/www.gilroynapolishort.com\/es\/practice-areas\/duii-felony-duii\/\">reservado con un cargo por delito grave de conducir bajo los efectos del alcohol<\/a>El conductor ser\u00e1 retenido en la c\u00e1rcel hasta la fecha de su audiencia judicial o ser\u00e1 liberado cuando se pague la fianza.<\/p>\n<h2>Comparecencia ante el tribunal de Estacada<\/h2>\n<p>Es obligatorio que toda persona con cita en el tribunal se presente en la fecha, hora y lugar indicados en la documentaci\u00f3n. De lo contrario, la incomparecencia resultar\u00e1 en una orden de arresto y los arrestados permanecer\u00e1n en prisi\u00f3n hasta su pr\u00f3xima cita en el tribunal. Adem\u00e1s de los cargos por conducir bajo los efectos del alcohol (DUI), se a\u00f1adir\u00e1 a su lista de delitos la &quot;Incomparecencia&quot;.<\/p>\n<p><img loading=\"lazy\" decoding=\"async\" src=\"https:\/\/gnslawgroup.wpenginepowered.com\/wp-content\/uploads\/2019\/02\/i-62903-DUII-Lawyers-4456.jpg\" sizes=\"auto, (max-width: 1200px) 100vw, 1200px\" srcset=\"https:\/\/gnslawgroup.wpenginepowered.com\/wp-content\/uploads\/2019\/02\/i-62903-DUII-Lawyers-4456.jpg 1200w, https:\/\/gnslawgroup.wpenginepowered.com\/wp-content\/uploads\/2019\/02\/i-62903-DUII-Lawyers-4456-300x75.jpg 300w, https:\/\/gnslawgroup.wpenginepowered.com\/wp-content\/uploads\/2019\/02\/i-62903-DUII-Lawyers-4456-768x192.jpg 768w, https:\/\/gnslawgroup.wpenginepowered.com\/wp-content\/uploads\/2019\/02\/i-62903-DUII-Lawyers-4456-1024x256.jpg 1024w\" alt=\"\" width=\"1200\" height=\"300\" \/><\/p>\n<h2>Opciones de sentencia en Oreg\u00f3n<\/h2>\n<p>Un local experimentado de Estacada, Oregon <a href=\"https:\/\/www.gilroynapolishort.com\/es\/practice-areas\/criminal-defense\/\">abogado defensor penal<\/a> Le explicar\u00e9 todas las opciones de sentencia disponibles. Estas depender\u00e1n de su caso y de otras circunstancias. Sin embargo, es importante recordar que todos los cargos por conducir bajo los efectos del alcohol (DUI) se consideran delitos estatales independientes. Sin embargo, todos los estatutos y sanciones, como la suspensi\u00f3n de la licencia, son los mismos en todo el pa\u00eds.<\/p>\n<h2>Tribunales de tratamiento del condado de Clackamas<\/h2>\n<p>Lo que distingue al Condado de Clackamas de muchos otros condados es su singular modelo de tratamiento de 12 pasos, que incluye incentivos y sanciones, conocido como los Tribunales de Tratamiento del Condado de Clackamas. Este programa busca ayudar a los infractores con tres o m\u00e1s cargos previos por conducir bajo los efectos del alcohol a recuperarse de su adicci\u00f3n y, al mismo tiempo, asumir la responsabilidad de sus delitos.<\/p>\n<h2>Programa de Desv\u00edo de DUII del Condado de Clackamas<\/h2>\n<p>Por otro lado, quienes cometen una infracci\u00f3n por primera vez tienen la opci\u00f3n de participar en el programa de Desv\u00edo de DUI en lugar de cumplir una condena de c\u00e1rcel. Sin embargo, el conductor debe declararse culpable o no impugnar los cargos y esperar hasta fin de a\u00f1o, evitando meterse en problemas, para que se desestimen los cargos.<\/p>\n<h2><strong>Consulta gratuita\u00a0<\/strong>\u2014\u00a0<strong>Contacte a Gilroy Napoli Short Law Group<\/strong><\/h2>\n<p><a href=\"https:\/\/www.gilroynapolishort.com\/es\/contact\/\">Cont\u00e1ctanos\u00a0<\/a>Ll\u00e1menos hoy mismo para programar una consulta inicial gratuita y descubrir sus opciones legales. Puede llamar a Gilroy Napoli Short Law Group al 503-747-7198. Representamos a personas en Estacada, Canby, Gladstone, Molalla, West Linn, el condado de Clackamas y la mayor\u00eda de los condados del estado de Oreg\u00f3n.<\/p>\n<p><strong>Se habla espa\u00f1ol.<\/strong><\/p>\n<p>Llame hoy para una consulta gratuita: <a href=\"tel:5037477198\">503-747-7198<\/a><\/p>","protected":false},"excerpt":{"rendered":"<p>Dependable Estacada, Oregon DUI Attorney When an officer of the law has pulled a driver over for a DUI, it is normal to feel scared, overwhelmed, and sometimes even hopeless&#8230;.<\/p>","protected":false},"author":2,"featured_media":0,"parent":0,"menu_order":0,"comment_status":"closed","ping_status":"closed","template":"single-dui-page.php","meta":{"_acf_changed":false,"footnotes":""},"class_list":["post-1110","page","type-page","status-publish","hentry"],"acf":[],"yoast_head":"<!-- This site is optimized with the Yoast SEO plugin v27.3 - https:\/\/yoast.com\/product\/yoast-seo-wordpress\/ -->\n<title>Estacada DUI Attorney | Estacada Oregon DUI Lawyers<\/title>\n<meta name=\"description\" content=\"Estacada DUI Attorney: Serving clients throughout Clackamas County, including Estacada, Oregon City, Lake Oswego, Willamette, West Linn &amp; Molalla Oregon. Call for a free no obligation consultation.\" \/>\n<meta name=\"robots\" content=\"index, follow, max-snippet:-1, max-image-preview:large, max-video-preview:-1\" \/>\n<link rel=\"canonical\" href=\"https:\/\/www.gilroynapolishort.com\/es\/dui-lawyer-estacada\/\" \/>\n<meta property=\"og:locale\" content=\"es_MX\" \/>\n<meta property=\"og:type\" content=\"article\" \/>\n<meta property=\"og:title\" content=\"Estacada DUI Attorney | Estacada Oregon DUI Lawyers\" \/>\n<meta property=\"og:description\" content=\"Estacada DUI Attorney: Serving clients throughout Clackamas County, including Estacada, Oregon City, Lake Oswego, Willamette, West Linn &amp; Molalla Oregon. Call for a free no obligation consultation.\" \/>\n<meta property=\"og:url\" content=\"https:\/\/www.gilroynapolishort.com\/es\/dui-lawyer-estacada\/\" \/>\n<meta property=\"og:site_name\" content=\"GNS Law Group\" \/>\n<meta property=\"article:modified_time\" content=\"2024-11-21T14:37:36+00:00\" \/>\n<meta property=\"og:image\" content=\"https:\/\/gnslawgroup.wpenginepowered.com\/wp-content\/uploads\/2019\/02\/i-62903-DUII-Lawyers-4456.jpg\" \/>\n<meta name=\"twitter:card\" content=\"summary_large_image\" \/>\n<meta name=\"twitter:label1\" content=\"Est. reading time\" \/>\n\t<meta name=\"twitter:data1\" content=\"3 minutos\" \/>\n<script type=\"application\/ld+json\" class=\"yoast-schema-graph\">{\"@context\":\"https:\\\/\\\/schema.org\",\"@graph\":[{\"@type\":\"WebPage\",\"@id\":\"https:\\\/\\\/www.gilroynapolishort.com\\\/dui-lawyer-estacada\\\/\",\"url\":\"https:\\\/\\\/www.gilroynapolishort.com\\\/dui-lawyer-estacada\\\/\",\"name\":\"Estacada DUI Attorney | Estacada Oregon DUI Lawyers\",\"isPartOf\":{\"@id\":\"https:\\\/\\\/www.gilroynapolishort.com\\\/#website\"},\"primaryImageOfPage\":{\"@id\":\"https:\\\/\\\/www.gilroynapolishort.com\\\/dui-lawyer-estacada\\\/#primaryimage\"},\"image\":{\"@id\":\"https:\\\/\\\/www.gilroynapolishort.com\\\/dui-lawyer-estacada\\\/#primaryimage\"},\"thumbnailUrl\":\"https:\\\/\\\/gnslawgroup.wpenginepowered.com\\\/wp-content\\\/uploads\\\/2019\\\/02\\\/i-62903-DUII-Lawyers-4456.jpg\",\"datePublished\":\"2019-02-22T09:54:57+00:00\",\"dateModified\":\"2024-11-21T14:37:36+00:00\",\"description\":\"Estacada DUI Attorney: Serving clients throughout Clackamas County, including Estacada, Oregon City, Lake Oswego, Willamette, West Linn & Molalla Oregon. Call for a free no obligation consultation.\",\"breadcrumb\":{\"@id\":\"https:\\\/\\\/www.gilroynapolishort.com\\\/dui-lawyer-estacada\\\/#breadcrumb\"},\"inLanguage\":\"es\",\"potentialAction\":[{\"@type\":\"ReadAction\",\"target\":[\"https:\\\/\\\/www.gilroynapolishort.com\\\/dui-lawyer-estacada\\\/\"]}]},{\"@type\":\"ImageObject\",\"inLanguage\":\"es\",\"@id\":\"https:\\\/\\\/www.gilroynapolishort.com\\\/dui-lawyer-estacada\\\/#primaryimage\",\"url\":\"https:\\\/\\\/gnslawgroup.wpenginepowered.com\\\/wp-content\\\/uploads\\\/2019\\\/02\\\/i-62903-DUII-Lawyers-4456.jpg\",\"contentUrl\":\"https:\\\/\\\/gnslawgroup.wpenginepowered.com\\\/wp-content\\\/uploads\\\/2019\\\/02\\\/i-62903-DUII-Lawyers-4456.jpg\"},{\"@type\":\"BreadcrumbList\",\"@id\":\"https:\\\/\\\/www.gilroynapolishort.com\\\/dui-lawyer-estacada\\\/#breadcrumb\",\"itemListElement\":[{\"@type\":\"ListItem\",\"position\":1,\"name\":\"Home\",\"item\":\"https:\\\/\\\/www.gilroynapolishort.com\\\/\"},{\"@type\":\"ListItem\",\"position\":2,\"name\":\"Estacada, Oregon DUI Attorney\"}]},{\"@type\":\"WebSite\",\"@id\":\"https:\\\/\\\/www.gilroynapolishort.com\\\/#website\",\"url\":\"https:\\\/\\\/www.gilroynapolishort.com\\\/\",\"name\":\"Gilroy Napoli Short Law Group\",\"description\":\"\",\"potentialAction\":[{\"@type\":\"SearchAction\",\"target\":{\"@type\":\"EntryPoint\",\"urlTemplate\":\"https:\\\/\\\/www.gilroynapolishort.com\\\/?s={search_term_string}\"},\"query-input\":{\"@type\":\"PropertyValueSpecification\",\"valueRequired\":true,\"valueName\":\"search_term_string\"}}],\"inLanguage\":\"es\"}]}<\/script>\n<!-- \/ Yoast SEO plugin. -->","yoast_head_json":{"title":"Estacada DUI Attorney | Estacada Oregon DUI Lawyers","description":"Estacada DUI Attorney: Serving clients throughout Clackamas County, including Estacada, Oregon City, Lake Oswego, Willamette, West Linn & Molalla Oregon. Call for a free no obligation consultation.","robots":{"index":"index","follow":"follow","max-snippet":"max-snippet:-1","max-image-preview":"max-image-preview:large","max-video-preview":"max-video-preview:-1"},"canonical":"https:\/\/www.gilroynapolishort.com\/es\/dui-lawyer-estacada\/","og_locale":"es_MX","og_type":"article","og_title":"Estacada DUI Attorney | Estacada Oregon DUI Lawyers","og_description":"Estacada DUI Attorney: Serving clients throughout Clackamas County, including Estacada, Oregon City, Lake Oswego, Willamette, West Linn & Molalla Oregon. Call for a free no obligation consultation.","og_url":"https:\/\/www.gilroynapolishort.com\/es\/dui-lawyer-estacada\/","og_site_name":"GNS Law Group","article_modified_time":"2024-11-21T14:37:36+00:00","og_image":[{"url":"https:\/\/gnslawgroup.wpenginepowered.com\/wp-content\/uploads\/2019\/02\/i-62903-DUII-Lawyers-4456.jpg","type":"","width":"","height":""}],"twitter_card":"summary_large_image","twitter_misc":{"Est. reading time":"3 minutos"},"schema":{"@context":"https:\/\/schema.org","@graph":[{"@type":"WebPage","@id":"https:\/\/www.gilroynapolishort.com\/dui-lawyer-estacada\/","url":"https:\/\/www.gilroynapolishort.com\/dui-lawyer-estacada\/","name":"Estacada DUI Attorney | Estacada Oregon DUI Lawyers","isPartOf":{"@id":"https:\/\/www.gilroynapolishort.com\/#website"},"primaryImageOfPage":{"@id":"https:\/\/www.gilroynapolishort.com\/dui-lawyer-estacada\/#primaryimage"},"image":{"@id":"https:\/\/www.gilroynapolishort.com\/dui-lawyer-estacada\/#primaryimage"},"thumbnailUrl":"https:\/\/gnslawgroup.wpenginepowered.com\/wp-content\/uploads\/2019\/02\/i-62903-DUII-Lawyers-4456.jpg","datePublished":"2019-02-22T09:54:57+00:00","dateModified":"2024-11-21T14:37:36+00:00","description":"Estacada DUI Attorney: Serving clients throughout Clackamas County, including Estacada, Oregon City, Lake Oswego, Willamette, West Linn & Molalla Oregon. Call for a free no obligation consultation.","breadcrumb":{"@id":"https:\/\/www.gilroynapolishort.com\/dui-lawyer-estacada\/#breadcrumb"},"inLanguage":"es","potentialAction":[{"@type":"ReadAction","target":["https:\/\/www.gilroynapolishort.com\/dui-lawyer-estacada\/"]}]},{"@type":"ImageObject","inLanguage":"es","@id":"https:\/\/www.gilroynapolishort.com\/dui-lawyer-estacada\/#primaryimage","url":"https:\/\/gnslawgroup.wpenginepowered.com\/wp-content\/uploads\/2019\/02\/i-62903-DUII-Lawyers-4456.jpg","contentUrl":"https:\/\/gnslawgroup.wpenginepowered.com\/wp-content\/uploads\/2019\/02\/i-62903-DUII-Lawyers-4456.jpg"},{"@type":"BreadcrumbList","@id":"https:\/\/www.gilroynapolishort.com\/dui-lawyer-estacada\/#breadcrumb","itemListElement":[{"@type":"ListItem","position":1,"name":"Home","item":"https:\/\/www.gilroynapolishort.com\/"},{"@type":"ListItem","position":2,"name":"Estacada, Oregon DUI Attorney"}]},{"@type":"WebSite","@id":"https:\/\/www.gilroynapolishort.com\/#website","url":"https:\/\/www.gilroynapolishort.com\/","name":"Grupo de abogados Gilroy Napoli Short","description":"","potentialAction":[{"@type":"SearchAction","target":{"@type":"EntryPoint","urlTemplate":"https:\/\/www.gilroynapolishort.com\/?s={search_term_string}"},"query-input":{"@type":"PropertyValueSpecification","valueRequired":true,"valueName":"search_term_string"}}],"inLanguage":"es"}]}},"_links":{"self":[{"href":"https:\/\/www.gilroynapolishort.com\/es\/wp-json\/wp\/v2\/pages\/1110","targetHints":{"allow":["GET"]}}],"collection":[{"href":"https:\/\/www.gilroynapolishort.com\/es\/wp-json\/wp\/v2\/pages"}],"about":[{"href":"https:\/\/www.gilroynapolishort.com\/es\/wp-json\/wp\/v2\/types\/page"}],"author":[{"embeddable":true,"href":"https:\/\/www.gilroynapolishort.com\/es\/wp-json\/wp\/v2\/users\/2"}],"replies":[{"embeddable":true,"href":"https:\/\/www.gilroynapolishort.com\/es\/wp-json\/wp\/v2\/comments?post=1110"}],"version-history":[{"count":0,"href":"https:\/\/www.gilroynapolishort.com\/es\/wp-json\/wp\/v2\/pages\/1110\/revisions"}],"wp:attachment":[{"href":"https:\/\/www.gilroynapolishort.com\/es\/wp-json\/wp\/v2\/media?parent=1110"}],"curies":[{"name":"wp","href":"https:\/\/api.w.org\/{rel}","templated":true}]}}