{"id":1114,"date":"2019-02-22T09:55:37","date_gmt":"2019-02-22T09:55:37","guid":{"rendered":"https:\/\/www.gilroynapolishort.com\/?page_id=1114"},"modified":"2024-11-21T08:51:00","modified_gmt":"2024-11-21T16:51:00","slug":"dui-lawyer-redmond","status":"publish","type":"page","link":"https:\/\/www.gilroynapolishort.com\/es\/dui-lawyer-redmond\/","title":{"rendered":"Abogado de DUI en Redmond"},"content":{"rendered":"<h1>Abogado confiable de DUI en Redmond<\/h1>\n<p>Enclavada en el condado de Deschutes, Oreg\u00f3n, se encuentra Redmond City. Es una ciudad conocida por sus numerosas actividades recreativas, que van desde ciclismo de monta\u00f1a y escalada en roca hasta esqu\u00ed y rafting. Con la gran variedad de emocionantes actividades al aire libre, no es de extra\u00f1ar que los amantes de las emociones fuertes y las actividades al aire libre acudan en masa a Redmond City.<\/p>\n<p>Mientras los turistas y visitantes van y vienen, Redmond City alberga a unos 26,215 residentes, seg\u00fan el Censo de 2010, con un crecimiento previsto del 8% cada a\u00f1o. Debido al continuo crecimiento de la ciudad, es importante contar con expertos en todos los campos que presten sus servicios en Redmond City. Una profesi\u00f3n de gran importancia es la de abogado especializado en DUI en Redmond, Oreg\u00f3n.<\/p>\n<p>Ll\u00e1menos hoy al 541-306-2990 para una consulta gratuita con un abogado.<\/p>\n<h2>\u00bfDeber\u00eda contratar a un abogado especializado en DUI en Redmond?<\/h2>\n<p>No todos los abogados son expertos en todos los tipos de leyes y sistemas legales. Para los residentes de Redmond City, Oreg\u00f3n, que enfrentan cargos por conducir bajo los efectos del alcohol, ya sea por primera vez o por reincidencia, no basta con confiar en un fiscal de distrito. Un abogado especializado en casos de conducir bajo los efectos del alcohol conoce todos los detalles de un caso y cuenta con los conocimientos y los recursos para defender con \u00e9xito a sus clientes.<\/p>\n<p><a href=\"https:\/\/www.gilroynapolishort.com\/es\/practice-areas\/duii-felony-duii\/\">Cuando se enfrenta a una condena por conducir bajo los efectos del alcohol<\/a> Si no est\u00e1 seguro de c\u00f3mo proceder con la legalidad del arresto, un abogado especializado en DUI en Redmond, Oreg\u00f3n, ser\u00e1 un recurso valioso para su caso. Nunca intente evadir un arresto argumentando ni intente manejar todo por su cuenta, ya que esto puede perjudicar a\u00fan m\u00e1s su caso. Un equipo legal profesional est\u00e1 mejor preparado para lidiar con el sistema legal y las autoridades a cargo de su caso.<\/p>\n<p><img loading=\"lazy\" decoding=\"async\" src=\"https:\/\/gnslawgroup.wpenginepowered.com\/wp-content\/uploads\/2019\/02\/i-62903-DUII-Lawyers-4456.jpg\" sizes=\"auto, (max-width: 1200px) 100vw, 1200px\" srcset=\"https:\/\/gnslawgroup.wpenginepowered.com\/wp-content\/uploads\/2019\/02\/i-62903-DUII-Lawyers-4456.jpg 1200w, https:\/\/gnslawgroup.wpenginepowered.com\/wp-content\/uploads\/2019\/02\/i-62903-DUII-Lawyers-4456-300x75.jpg 300w, https:\/\/gnslawgroup.wpenginepowered.com\/wp-content\/uploads\/2019\/02\/i-62903-DUII-Lawyers-4456-768x192.jpg 768w, https:\/\/gnslawgroup.wpenginepowered.com\/wp-content\/uploads\/2019\/02\/i-62903-DUII-Lawyers-4456-1024x256.jpg 1024w\" alt=\"\" width=\"1200\" height=\"300\" \/><\/p>\n<h2>C\u00f3mo evitar cargos por conducir bajo los efectos del alcohol en el centro y sur de Oreg\u00f3n<\/h2>\n<p>Otra gran raz\u00f3n para confiar en un abogado especializado en DUI que trabaja espec\u00edficamente para residentes de la ciudad de Redmond es su capacidad para negociar acuerdos con las autoridades. Los abogados conocen a la perfecci\u00f3n las leyes y el sistema legal local, por lo que pueden encontrar una soluci\u00f3n legal que ayude a reducir su condena, lo que incluso podr\u00eda llevar a la eliminaci\u00f3n de sus antecedentes.<\/p>\n<p>Su experiencia profesional y a\u00f1os de estudio de la ley son un activo valioso, especialmente para los conductores que desean mantener su historial limpio de cualquier infracci\u00f3n.<\/p>\n<p>No hay necesidad de arriesgar su futuro ni su historial limpio al trabajar en estrecha colaboraci\u00f3n con un abogado de la ciudad de Redmond especializado en casos de DUI. No espere ni un segundo m\u00e1s, llame a un abogado de confianza. <a href=\"https:\/\/www.gilroynapolishort.com\/es\/practice-areas\/criminal-defense\/\">abogado defensor penal<\/a> \u00a1Para su asesor\u00eda legal de inmediato!<\/p>\n<p>Un abogado especializado en DUI siempre vale la pena. Claramente, las ventajas superan con creces las desventajas, as\u00ed que no dude en contactar a los abogados de confianza especializados en DUI de Redmond, Oreg\u00f3n, para obtener sus servicios y la ayuda que su equipo legal puede ofrecerle.<\/p>\n<h2><strong>Consulta gratuita\u00a0<\/strong>\u2014\u00a0<strong>Contacte a Gilroy Napoli Short Law Group<\/strong><\/h2>\n<p><a href=\"https:\/\/www.gilroynapolishort.com\/es\/contact\/\">Cont\u00e1ctanos\u00a0<\/a>Ll\u00e1menos hoy mismo para programar una consulta inicial gratuita y descubrir sus opciones legales. Puede llamar a Gilroy Napoli Short Law Group al 541-306-2990. Representamos a personas en Portland, Salem, Beaverton, Hillsboro y otras partes de Oreg\u00f3n.<\/p>\n<p><strong>Se habla espa\u00f1ol.<\/strong><\/p>\n<p>Llame hoy para una consulta gratuita: <a href=\"tel:5037477198\">503-747-7198<\/a><\/p>","protected":false},"excerpt":{"rendered":"<p>Abogado confiable de DUI en Redmond. Ubicada en el condado de Deschutes, Oreg\u00f3n, se encuentra la ciudad de Redmond. Es conocida por sus numerosas actividades recreativas, que van desde ciclismo de monta\u00f1a...<\/p>","protected":false},"author":2,"featured_media":0,"parent":0,"menu_order":0,"comment_status":"closed","ping_status":"closed","template":"single-dui-page.php","meta":{"_acf_changed":false,"footnotes":""},"class_list":["post-1114","page","type-page","status-publish","hentry"],"acf":[],"yoast_head":"<!-- This site is optimized with the Yoast SEO plugin v27.3 - https:\/\/yoast.com\/product\/yoast-seo-wordpress\/ -->\n<title>Redmond DUI Attorney: Bend, Madras, Deschutes County DUII Lawyers<\/title>\n<meta name=\"description\" content=\"Redmond DUI Attorney: Serving clients throughout Redmond, including Bend, Madras, Prineville, Sunriver, Klamath &amp; Deschutes County Oregon. Call for a free no obligation consultation.\" \/>\n<meta name=\"robots\" content=\"index, follow, max-snippet:-1, max-image-preview:large, max-video-preview:-1\" \/>\n<link rel=\"canonical\" href=\"https:\/\/www.gilroynapolishort.com\/es\/dui-lawyer-redmond\/\" \/>\n<meta property=\"og:locale\" content=\"es_MX\" \/>\n<meta property=\"og:type\" content=\"article\" \/>\n<meta property=\"og:title\" content=\"Redmond DUI Attorney: Bend, Madras, Deschutes County DUII Lawyers\" \/>\n<meta property=\"og:description\" content=\"Redmond DUI Attorney: Serving clients throughout Redmond, including Bend, Madras, Prineville, Sunriver, Klamath &amp; Deschutes County Oregon. Call for a free no obligation consultation.\" \/>\n<meta property=\"og:url\" content=\"https:\/\/www.gilroynapolishort.com\/es\/dui-lawyer-redmond\/\" \/>\n<meta property=\"og:site_name\" content=\"GNS Law Group\" \/>\n<meta property=\"article:modified_time\" content=\"2024-11-21T16:51:00+00:00\" \/>\n<meta property=\"og:image\" content=\"https:\/\/gnslawgroup.wpenginepowered.com\/wp-content\/uploads\/2019\/02\/i-62903-DUII-Lawyers-4456.jpg\" \/>\n<meta name=\"twitter:card\" content=\"summary_large_image\" \/>\n<meta name=\"twitter:label1\" content=\"Est. reading time\" \/>\n\t<meta name=\"twitter:data1\" content=\"3 minutos\" \/>\n<script type=\"application\/ld+json\" class=\"yoast-schema-graph\">{\"@context\":\"https:\\\/\\\/schema.org\",\"@graph\":[{\"@type\":\"WebPage\",\"@id\":\"https:\\\/\\\/www.gilroynapolishort.com\\\/dui-lawyer-redmond\\\/\",\"url\":\"https:\\\/\\\/www.gilroynapolishort.com\\\/dui-lawyer-redmond\\\/\",\"name\":\"Redmond DUI Attorney: Bend, Madras, Deschutes County DUII Lawyers\",\"isPartOf\":{\"@id\":\"https:\\\/\\\/www.gilroynapolishort.com\\\/#website\"},\"primaryImageOfPage\":{\"@id\":\"https:\\\/\\\/www.gilroynapolishort.com\\\/dui-lawyer-redmond\\\/#primaryimage\"},\"image\":{\"@id\":\"https:\\\/\\\/www.gilroynapolishort.com\\\/dui-lawyer-redmond\\\/#primaryimage\"},\"thumbnailUrl\":\"https:\\\/\\\/gnslawgroup.wpenginepowered.com\\\/wp-content\\\/uploads\\\/2019\\\/02\\\/i-62903-DUII-Lawyers-4456.jpg\",\"datePublished\":\"2019-02-22T09:55:37+00:00\",\"dateModified\":\"2024-11-21T16:51:00+00:00\",\"description\":\"Redmond DUI Attorney: Serving clients throughout Redmond, including Bend, Madras, Prineville, Sunriver, Klamath & Deschutes County Oregon. Call for a free no obligation consultation.\",\"breadcrumb\":{\"@id\":\"https:\\\/\\\/www.gilroynapolishort.com\\\/dui-lawyer-redmond\\\/#breadcrumb\"},\"inLanguage\":\"es\",\"potentialAction\":[{\"@type\":\"ReadAction\",\"target\":[\"https:\\\/\\\/www.gilroynapolishort.com\\\/dui-lawyer-redmond\\\/\"]}]},{\"@type\":\"ImageObject\",\"inLanguage\":\"es\",\"@id\":\"https:\\\/\\\/www.gilroynapolishort.com\\\/dui-lawyer-redmond\\\/#primaryimage\",\"url\":\"https:\\\/\\\/gnslawgroup.wpenginepowered.com\\\/wp-content\\\/uploads\\\/2019\\\/02\\\/i-62903-DUII-Lawyers-4456.jpg\",\"contentUrl\":\"https:\\\/\\\/gnslawgroup.wpenginepowered.com\\\/wp-content\\\/uploads\\\/2019\\\/02\\\/i-62903-DUII-Lawyers-4456.jpg\"},{\"@type\":\"BreadcrumbList\",\"@id\":\"https:\\\/\\\/www.gilroynapolishort.com\\\/dui-lawyer-redmond\\\/#breadcrumb\",\"itemListElement\":[{\"@type\":\"ListItem\",\"position\":1,\"name\":\"Home\",\"item\":\"https:\\\/\\\/www.gilroynapolishort.com\\\/\"},{\"@type\":\"ListItem\",\"position\":2,\"name\":\"Redmond DUI Attorney\"}]},{\"@type\":\"WebSite\",\"@id\":\"https:\\\/\\\/www.gilroynapolishort.com\\\/#website\",\"url\":\"https:\\\/\\\/www.gilroynapolishort.com\\\/\",\"name\":\"Gilroy Napoli Short Law Group\",\"description\":\"\",\"potentialAction\":[{\"@type\":\"SearchAction\",\"target\":{\"@type\":\"EntryPoint\",\"urlTemplate\":\"https:\\\/\\\/www.gilroynapolishort.com\\\/?s={search_term_string}\"},\"query-input\":{\"@type\":\"PropertyValueSpecification\",\"valueRequired\":true,\"valueName\":\"search_term_string\"}}],\"inLanguage\":\"es\"}]}<\/script>\n<!-- \/ Yoast SEO plugin. -->","yoast_head_json":{"title":"Redmond DUI Attorney: Bend, Madras, Deschutes County DUII Lawyers","description":"Redmond DUI Attorney: Serving clients throughout Redmond, including Bend, Madras, Prineville, Sunriver, Klamath & Deschutes County Oregon. Call for a free no obligation consultation.","robots":{"index":"index","follow":"follow","max-snippet":"max-snippet:-1","max-image-preview":"max-image-preview:large","max-video-preview":"max-video-preview:-1"},"canonical":"https:\/\/www.gilroynapolishort.com\/es\/dui-lawyer-redmond\/","og_locale":"es_MX","og_type":"article","og_title":"Redmond DUI Attorney: Bend, Madras, Deschutes County DUII Lawyers","og_description":"Redmond DUI Attorney: Serving clients throughout Redmond, including Bend, Madras, Prineville, Sunriver, Klamath & Deschutes County Oregon. Call for a free no obligation consultation.","og_url":"https:\/\/www.gilroynapolishort.com\/es\/dui-lawyer-redmond\/","og_site_name":"GNS Law Group","article_modified_time":"2024-11-21T16:51:00+00:00","og_image":[{"url":"https:\/\/gnslawgroup.wpenginepowered.com\/wp-content\/uploads\/2019\/02\/i-62903-DUII-Lawyers-4456.jpg","type":"","width":"","height":""}],"twitter_card":"summary_large_image","twitter_misc":{"Est. reading time":"3 minutos"},"schema":{"@context":"https:\/\/schema.org","@graph":[{"@type":"WebPage","@id":"https:\/\/www.gilroynapolishort.com\/dui-lawyer-redmond\/","url":"https:\/\/www.gilroynapolishort.com\/dui-lawyer-redmond\/","name":"Redmond DUI Attorney: Bend, Madras, Deschutes County DUII Lawyers","isPartOf":{"@id":"https:\/\/www.gilroynapolishort.com\/#website"},"primaryImageOfPage":{"@id":"https:\/\/www.gilroynapolishort.com\/dui-lawyer-redmond\/#primaryimage"},"image":{"@id":"https:\/\/www.gilroynapolishort.com\/dui-lawyer-redmond\/#primaryimage"},"thumbnailUrl":"https:\/\/gnslawgroup.wpenginepowered.com\/wp-content\/uploads\/2019\/02\/i-62903-DUII-Lawyers-4456.jpg","datePublished":"2019-02-22T09:55:37+00:00","dateModified":"2024-11-21T16:51:00+00:00","description":"Redmond DUI Attorney: Serving clients throughout Redmond, including Bend, Madras, Prineville, Sunriver, Klamath & Deschutes County Oregon. Call for a free no obligation consultation.","breadcrumb":{"@id":"https:\/\/www.gilroynapolishort.com\/dui-lawyer-redmond\/#breadcrumb"},"inLanguage":"es","potentialAction":[{"@type":"ReadAction","target":["https:\/\/www.gilroynapolishort.com\/dui-lawyer-redmond\/"]}]},{"@type":"ImageObject","inLanguage":"es","@id":"https:\/\/www.gilroynapolishort.com\/dui-lawyer-redmond\/#primaryimage","url":"https:\/\/gnslawgroup.wpenginepowered.com\/wp-content\/uploads\/2019\/02\/i-62903-DUII-Lawyers-4456.jpg","contentUrl":"https:\/\/gnslawgroup.wpenginepowered.com\/wp-content\/uploads\/2019\/02\/i-62903-DUII-Lawyers-4456.jpg"},{"@type":"BreadcrumbList","@id":"https:\/\/www.gilroynapolishort.com\/dui-lawyer-redmond\/#breadcrumb","itemListElement":[{"@type":"ListItem","position":1,"name":"Home","item":"https:\/\/www.gilroynapolishort.com\/"},{"@type":"ListItem","position":2,"name":"Redmond DUI Attorney"}]},{"@type":"WebSite","@id":"https:\/\/www.gilroynapolishort.com\/#website","url":"https:\/\/www.gilroynapolishort.com\/","name":"Grupo de abogados Gilroy Napoli Short","description":"","potentialAction":[{"@type":"SearchAction","target":{"@type":"EntryPoint","urlTemplate":"https:\/\/www.gilroynapolishort.com\/?s={search_term_string}"},"query-input":{"@type":"PropertyValueSpecification","valueRequired":true,"valueName":"search_term_string"}}],"inLanguage":"es"}]}},"_links":{"self":[{"href":"https:\/\/www.gilroynapolishort.com\/es\/wp-json\/wp\/v2\/pages\/1114","targetHints":{"allow":["GET"]}}],"collection":[{"href":"https:\/\/www.gilroynapolishort.com\/es\/wp-json\/wp\/v2\/pages"}],"about":[{"href":"https:\/\/www.gilroynapolishort.com\/es\/wp-json\/wp\/v2\/types\/page"}],"author":[{"embeddable":true,"href":"https:\/\/www.gilroynapolishort.com\/es\/wp-json\/wp\/v2\/users\/2"}],"replies":[{"embeddable":true,"href":"https:\/\/www.gilroynapolishort.com\/es\/wp-json\/wp\/v2\/comments?post=1114"}],"version-history":[{"count":0,"href":"https:\/\/www.gilroynapolishort.com\/es\/wp-json\/wp\/v2\/pages\/1114\/revisions"}],"wp:attachment":[{"href":"https:\/\/www.gilroynapolishort.com\/es\/wp-json\/wp\/v2\/media?parent=1114"}],"curies":[{"name":"wp","href":"https:\/\/api.w.org\/{rel}","templated":true}]}}