{"id":1116,"date":"2019-02-22T09:55:58","date_gmt":"2019-02-22T09:55:58","guid":{"rendered":"https:\/\/www.gilroynapolishort.com\/?page_id=1116"},"modified":"2024-11-21T08:57:08","modified_gmt":"2024-11-21T16:57:08","slug":"dui-lawyer-madras","status":"publish","type":"page","link":"https:\/\/www.gilroynapolishort.com\/es\/dui-lawyer-madras\/","title":{"rendered":"Abogado de DUI en Madras"},"content":{"rendered":"<h1>Abogado confiable de DUI en Madras<\/h1>\n<p>Fundada en 1910 y con sede en el condado de Jefferson, Madras goza de una ubicaci\u00f3n ideal en la zona central de Oreg\u00f3n. Esta peque\u00f1a ciudad es conocida por sus hermosas vistas del desierto y la impresionante vista panor\u00e1mica de la Cordillera de las Cascadas. La ciudad tiene una poblaci\u00f3n relativamente peque\u00f1a, de unos 6275 habitantes, pero gracias a sus actividades recreativas al aire libre, atrae a miles de visitantes cada a\u00f1o.<\/p>\n<p>Con el aumento de turistas y visitantes que llegan a Madr\u00e1s, Oreg\u00f3n, para disfrutar de las numerosas actividades recreativas, la tranquila ciudad puede llenarse de coches que entran y salen a toda velocidad. Cuando hay coches y visitantes, siempre existe una alta probabilidad de que alguien infrinja las normas de circulaci\u00f3n locales.<\/p>\n<p>Una ley muy com\u00fan que se infringe con frecuencia es la de conducir bajo la influencia del alcohol (DUI). Lamentablemente, sin la ayuda de un grupo local y confiable de abogados especializados en DUI en Madras, Oreg\u00f3n, un solo error puede arruinar el historial criminal impecable de alguien.<\/p>\n<p>Ll\u00e1menos hoy al 541-306-2990 para una consulta gratuita con un <a href=\"https:\/\/www.gilroynapolishort.com\/es\/practice-areas\/criminal-defense\/\">abogado defensor penal<\/a>.<\/p>\n<h2>Desv\u00edo de DUI en el condado de Jefferson, Oreg\u00f3n<\/h2>\n<p>La mayor\u00eda de la gente sabe que un peque\u00f1o antecedente penal, incluso algo tan leve como conducir bajo los efectos del alcohol durante la juventud, puede tener un impacto dr\u00e1stico en su futuro \u00e9xito. Una mancha en un expediente impecable puede arruinar la carrera de un joven y hacerle perder innumerables oportunidades.<\/p>\n<p>Por esta raz\u00f3n, el estado de Oreg\u00f3n ofrece el Programa de Desv\u00edo de DUI, que permite borrar el delito de los registros oficiales una vez que el culpable lo completa. Sin embargo, la desventaja de este programa aparentemente indulgente es el tiempo que toma completarlo y el requisito de declararse culpable de la condena por DUI.<\/p>\n<p><img loading=\"lazy\" decoding=\"async\" src=\"https:\/\/gnslawgroup.wpenginepowered.com\/wp-content\/uploads\/2019\/02\/i-62903-DUII-Lawyers-4456.jpg\" sizes=\"auto, (max-width: 1200px) 100vw, 1200px\" srcset=\"https:\/\/gnslawgroup.wpenginepowered.com\/wp-content\/uploads\/2019\/02\/i-62903-DUII-Lawyers-4456.jpg 1200w, https:\/\/gnslawgroup.wpenginepowered.com\/wp-content\/uploads\/2019\/02\/i-62903-DUII-Lawyers-4456-300x75.jpg 300w, https:\/\/gnslawgroup.wpenginepowered.com\/wp-content\/uploads\/2019\/02\/i-62903-DUII-Lawyers-4456-768x192.jpg 768w, https:\/\/gnslawgroup.wpenginepowered.com\/wp-content\/uploads\/2019\/02\/i-62903-DUII-Lawyers-4456-1024x256.jpg 1024w\" alt=\"\" width=\"1200\" height=\"300\" \/><\/p>\n<h2>Contrataci\u00f3n de un abogado especializado en DUI en Madr\u00e1s<\/h2>\n<p>Aunque algunas personas firman el acuerdo con gusto, otras prefieren impugnar la condena para no tener que declararse culpables. Aqu\u00ed es donde los abogados de confianza especializados en DUI de Madras, Oreg\u00f3n, resultan \u00fatiles. Al contratar a un equipo legal para negociar y gestionar los procedimientos legales, existe una gran posibilidad de que el conductor nunca tenga que declararse culpable de los cargos y no tenga que seguir el Programa de Desv\u00edo de DUI durante 12 meses hasta que se limpie su nombre y antecedentes penales.<\/p>\n<p><a href=\"https:\/\/www.gilroynapolishort.com\/es\/practice-areas\/duii-felony-duii\/\">Contratar a un abogado especializado en DUI es m\u00e1s \u00fatil para los infractores primerizos.<\/a> que tambi\u00e9n son ciudadanos modelo que tomaron una mala decisi\u00f3n, aquellos que fueron acusados injustamente por conducir bajo la influencia del alcohol (DUI) de un delito del cual son inocentes y para los reincidentes que quieren negociar un mejor trato.<\/p>\n<p>Hay varias razones por las que los abogados especializados en DUI son valiosos en los tribunales. Contacte con el equipo local de Madr\u00e1s para limpiar su nombre y eliminar su condena cuanto antes.<\/p>\n<h2><strong>Consulta gratuita\u00a0<\/strong>\u2014\u00a0<strong>Contacte a Gilroy Napoli Short Law Group<\/strong><\/h2>\n<p><a href=\"https:\/\/www.gilroynapolishort.com\/es\/contact\/\">Cont\u00e1ctanos\u00a0<\/a>Ll\u00e1menos hoy mismo para programar una consulta inicial gratuita y descubrir sus opciones legales. Puede llamar a Gilroy Napoli Short Law Group al 541-306-2990. Representamos a personas en Portland, Salem, Beaverton, Hillsboro y otras partes de Oreg\u00f3n.<\/p>\n<p><strong>Se habla espa\u00f1ol.<\/strong><\/p>\n<p>Llame hoy para una consulta gratuita: <a href=\"tel:5037477198\">503-747-7198<\/a><\/p>","protected":false},"excerpt":{"rendered":"<p>Dependable Madras DUI Attorney Established back in 1910 and holding a county seat within Jefferson County, Madras is ideally located in the Central Oregon area. The small city is known&#8230;<\/p>","protected":false},"author":2,"featured_media":0,"parent":0,"menu_order":0,"comment_status":"closed","ping_status":"closed","template":"single-dui-page.php","meta":{"_acf_changed":false,"footnotes":""},"class_list":["post-1116","page","type-page","status-publish","hentry"],"acf":[],"yoast_head":"<!-- This site is optimized with the Yoast SEO plugin v27.3 - https:\/\/yoast.com\/product\/yoast-seo-wordpress\/ -->\n<title>Madras DUI Attorney: Jefferson County Oregon DUI Lawyers<\/title>\n<meta name=\"description\" content=\"Madras DUI Attorney: Serving clients throughout Madras, including Bend, Redmond, Crooked River Ranch, Culver, Metolius, Sunriver, Deschutes &amp; Jefferson County Oregon. Call for a free no obligation consultation.\" \/>\n<meta name=\"robots\" content=\"index, follow, max-snippet:-1, max-image-preview:large, max-video-preview:-1\" \/>\n<link rel=\"canonical\" href=\"https:\/\/www.gilroynapolishort.com\/es\/dui-lawyer-madras\/\" \/>\n<meta property=\"og:locale\" content=\"es_MX\" \/>\n<meta property=\"og:type\" content=\"article\" \/>\n<meta property=\"og:title\" content=\"Madras DUI Attorney: Jefferson County Oregon DUI Lawyers\" \/>\n<meta property=\"og:description\" content=\"Madras DUI Attorney: Serving clients throughout Madras, including Bend, Redmond, Crooked River Ranch, Culver, Metolius, Sunriver, Deschutes &amp; Jefferson County Oregon. Call for a free no obligation consultation.\" \/>\n<meta property=\"og:url\" content=\"https:\/\/www.gilroynapolishort.com\/es\/dui-lawyer-madras\/\" \/>\n<meta property=\"og:site_name\" content=\"GNS Law Group\" \/>\n<meta property=\"article:modified_time\" content=\"2024-11-21T16:57:08+00:00\" \/>\n<meta property=\"og:image\" content=\"https:\/\/gnslawgroup.wpenginepowered.com\/wp-content\/uploads\/2019\/02\/i-62903-DUII-Lawyers-4456.jpg\" \/>\n<meta name=\"twitter:card\" content=\"summary_large_image\" \/>\n<meta name=\"twitter:label1\" content=\"Est. reading time\" \/>\n\t<meta name=\"twitter:data1\" content=\"3 minutos\" \/>\n<script type=\"application\/ld+json\" class=\"yoast-schema-graph\">{\"@context\":\"https:\\\/\\\/schema.org\",\"@graph\":[{\"@type\":\"WebPage\",\"@id\":\"https:\\\/\\\/www.gilroynapolishort.com\\\/dui-lawyer-madras\\\/\",\"url\":\"https:\\\/\\\/www.gilroynapolishort.com\\\/dui-lawyer-madras\\\/\",\"name\":\"Madras DUI Attorney: Jefferson County Oregon DUI Lawyers\",\"isPartOf\":{\"@id\":\"https:\\\/\\\/www.gilroynapolishort.com\\\/#website\"},\"primaryImageOfPage\":{\"@id\":\"https:\\\/\\\/www.gilroynapolishort.com\\\/dui-lawyer-madras\\\/#primaryimage\"},\"image\":{\"@id\":\"https:\\\/\\\/www.gilroynapolishort.com\\\/dui-lawyer-madras\\\/#primaryimage\"},\"thumbnailUrl\":\"https:\\\/\\\/gnslawgroup.wpenginepowered.com\\\/wp-content\\\/uploads\\\/2019\\\/02\\\/i-62903-DUII-Lawyers-4456.jpg\",\"datePublished\":\"2019-02-22T09:55:58+00:00\",\"dateModified\":\"2024-11-21T16:57:08+00:00\",\"description\":\"Madras DUI Attorney: Serving clients throughout Madras, including Bend, Redmond, Crooked River Ranch, Culver, Metolius, Sunriver, Deschutes & Jefferson County Oregon. Call for a free no obligation consultation.\",\"breadcrumb\":{\"@id\":\"https:\\\/\\\/www.gilroynapolishort.com\\\/dui-lawyer-madras\\\/#breadcrumb\"},\"inLanguage\":\"es\",\"potentialAction\":[{\"@type\":\"ReadAction\",\"target\":[\"https:\\\/\\\/www.gilroynapolishort.com\\\/dui-lawyer-madras\\\/\"]}]},{\"@type\":\"ImageObject\",\"inLanguage\":\"es\",\"@id\":\"https:\\\/\\\/www.gilroynapolishort.com\\\/dui-lawyer-madras\\\/#primaryimage\",\"url\":\"https:\\\/\\\/gnslawgroup.wpenginepowered.com\\\/wp-content\\\/uploads\\\/2019\\\/02\\\/i-62903-DUII-Lawyers-4456.jpg\",\"contentUrl\":\"https:\\\/\\\/gnslawgroup.wpenginepowered.com\\\/wp-content\\\/uploads\\\/2019\\\/02\\\/i-62903-DUII-Lawyers-4456.jpg\"},{\"@type\":\"BreadcrumbList\",\"@id\":\"https:\\\/\\\/www.gilroynapolishort.com\\\/dui-lawyer-madras\\\/#breadcrumb\",\"itemListElement\":[{\"@type\":\"ListItem\",\"position\":1,\"name\":\"Home\",\"item\":\"https:\\\/\\\/www.gilroynapolishort.com\\\/\"},{\"@type\":\"ListItem\",\"position\":2,\"name\":\"Madras DUI Attorney\"}]},{\"@type\":\"WebSite\",\"@id\":\"https:\\\/\\\/www.gilroynapolishort.com\\\/#website\",\"url\":\"https:\\\/\\\/www.gilroynapolishort.com\\\/\",\"name\":\"Gilroy Napoli Short Law Group\",\"description\":\"\",\"potentialAction\":[{\"@type\":\"SearchAction\",\"target\":{\"@type\":\"EntryPoint\",\"urlTemplate\":\"https:\\\/\\\/www.gilroynapolishort.com\\\/?s={search_term_string}\"},\"query-input\":{\"@type\":\"PropertyValueSpecification\",\"valueRequired\":true,\"valueName\":\"search_term_string\"}}],\"inLanguage\":\"es\"}]}<\/script>\n<!-- \/ Yoast SEO plugin. -->","yoast_head_json":{"title":"Madras DUI Attorney: Jefferson County Oregon DUI Lawyers","description":"Madras DUI Attorney: Serving clients throughout Madras, including Bend, Redmond, Crooked River Ranch, Culver, Metolius, Sunriver, Deschutes & Jefferson County Oregon. Call for a free no obligation consultation.","robots":{"index":"index","follow":"follow","max-snippet":"max-snippet:-1","max-image-preview":"max-image-preview:large","max-video-preview":"max-video-preview:-1"},"canonical":"https:\/\/www.gilroynapolishort.com\/es\/dui-lawyer-madras\/","og_locale":"es_MX","og_type":"article","og_title":"Madras DUI Attorney: Jefferson County Oregon DUI Lawyers","og_description":"Madras DUI Attorney: Serving clients throughout Madras, including Bend, Redmond, Crooked River Ranch, Culver, Metolius, Sunriver, Deschutes & Jefferson County Oregon. Call for a free no obligation consultation.","og_url":"https:\/\/www.gilroynapolishort.com\/es\/dui-lawyer-madras\/","og_site_name":"GNS Law Group","article_modified_time":"2024-11-21T16:57:08+00:00","og_image":[{"url":"https:\/\/gnslawgroup.wpenginepowered.com\/wp-content\/uploads\/2019\/02\/i-62903-DUII-Lawyers-4456.jpg","type":"","width":"","height":""}],"twitter_card":"summary_large_image","twitter_misc":{"Est. reading time":"3 minutos"},"schema":{"@context":"https:\/\/schema.org","@graph":[{"@type":"WebPage","@id":"https:\/\/www.gilroynapolishort.com\/dui-lawyer-madras\/","url":"https:\/\/www.gilroynapolishort.com\/dui-lawyer-madras\/","name":"Madras DUI Attorney: Jefferson County Oregon DUI Lawyers","isPartOf":{"@id":"https:\/\/www.gilroynapolishort.com\/#website"},"primaryImageOfPage":{"@id":"https:\/\/www.gilroynapolishort.com\/dui-lawyer-madras\/#primaryimage"},"image":{"@id":"https:\/\/www.gilroynapolishort.com\/dui-lawyer-madras\/#primaryimage"},"thumbnailUrl":"https:\/\/gnslawgroup.wpenginepowered.com\/wp-content\/uploads\/2019\/02\/i-62903-DUII-Lawyers-4456.jpg","datePublished":"2019-02-22T09:55:58+00:00","dateModified":"2024-11-21T16:57:08+00:00","description":"Madras DUI Attorney: Serving clients throughout Madras, including Bend, Redmond, Crooked River Ranch, Culver, Metolius, Sunriver, Deschutes & Jefferson County Oregon. Call for a free no obligation consultation.","breadcrumb":{"@id":"https:\/\/www.gilroynapolishort.com\/dui-lawyer-madras\/#breadcrumb"},"inLanguage":"es","potentialAction":[{"@type":"ReadAction","target":["https:\/\/www.gilroynapolishort.com\/dui-lawyer-madras\/"]}]},{"@type":"ImageObject","inLanguage":"es","@id":"https:\/\/www.gilroynapolishort.com\/dui-lawyer-madras\/#primaryimage","url":"https:\/\/gnslawgroup.wpenginepowered.com\/wp-content\/uploads\/2019\/02\/i-62903-DUII-Lawyers-4456.jpg","contentUrl":"https:\/\/gnslawgroup.wpenginepowered.com\/wp-content\/uploads\/2019\/02\/i-62903-DUII-Lawyers-4456.jpg"},{"@type":"BreadcrumbList","@id":"https:\/\/www.gilroynapolishort.com\/dui-lawyer-madras\/#breadcrumb","itemListElement":[{"@type":"ListItem","position":1,"name":"Home","item":"https:\/\/www.gilroynapolishort.com\/"},{"@type":"ListItem","position":2,"name":"Madras DUI Attorney"}]},{"@type":"WebSite","@id":"https:\/\/www.gilroynapolishort.com\/#website","url":"https:\/\/www.gilroynapolishort.com\/","name":"Grupo de abogados Gilroy Napoli Short","description":"","potentialAction":[{"@type":"SearchAction","target":{"@type":"EntryPoint","urlTemplate":"https:\/\/www.gilroynapolishort.com\/?s={search_term_string}"},"query-input":{"@type":"PropertyValueSpecification","valueRequired":true,"valueName":"search_term_string"}}],"inLanguage":"es"}]}},"_links":{"self":[{"href":"https:\/\/www.gilroynapolishort.com\/es\/wp-json\/wp\/v2\/pages\/1116","targetHints":{"allow":["GET"]}}],"collection":[{"href":"https:\/\/www.gilroynapolishort.com\/es\/wp-json\/wp\/v2\/pages"}],"about":[{"href":"https:\/\/www.gilroynapolishort.com\/es\/wp-json\/wp\/v2\/types\/page"}],"author":[{"embeddable":true,"href":"https:\/\/www.gilroynapolishort.com\/es\/wp-json\/wp\/v2\/users\/2"}],"replies":[{"embeddable":true,"href":"https:\/\/www.gilroynapolishort.com\/es\/wp-json\/wp\/v2\/comments?post=1116"}],"version-history":[{"count":0,"href":"https:\/\/www.gilroynapolishort.com\/es\/wp-json\/wp\/v2\/pages\/1116\/revisions"}],"wp:attachment":[{"href":"https:\/\/www.gilroynapolishort.com\/es\/wp-json\/wp\/v2\/media?parent=1116"}],"curies":[{"name":"wp","href":"https:\/\/api.w.org\/{rel}","templated":true}]}}