{"id":1118,"date":"2019-02-22T09:56:18","date_gmt":"2019-02-22T09:56:18","guid":{"rendered":"https:\/\/www.gilroynapolishort.com\/?page_id=1118"},"modified":"2024-11-21T08:54:22","modified_gmt":"2024-11-21T16:54:22","slug":"dui-lawyer-prineville","status":"publish","type":"page","link":"https:\/\/www.gilroynapolishort.com\/es\/dui-lawyer-prineville\/","title":{"rendered":"Abogado de DUI de Prineville"},"content":{"rendered":"<h1>Abogado principal de DUI en Prineville<\/h1>\n<p>La ciudad de Prineville, Oreg\u00f3n, alberga a unos 9253 residentes desde el \u00faltimo censo de 2010, y su poblaci\u00f3n sin duda ha crecido desde entonces. La peque\u00f1a ciudad forma parte del condado de Crook y recibi\u00f3 su nombre en honor al primer comerciante que vivi\u00f3 en la zona, Barney Prine.<\/p>\n<p>Aunque el peque\u00f1o pueblo no es una gran metr\u00f3polis bulliciosa, existen leyes que cumplir y una figura de autoridad que las hace cumplir. Esto significa que, incluso con una poblaci\u00f3n peque\u00f1a, se necesitan los servicios que ofrecen los prestigiosos abogados de DUI de Prineville, Oreg\u00f3n.<\/p>\n<p>Ll\u00e1menos hoy al 541-306-2990 para una consulta gratuita con un abogado.<\/p>\n<h2>\u00bfQui\u00e9n necesita la ayuda de los abogados de DUI de Prineville?<\/h2>\n<p>Contratar a un abogado es una decisi\u00f3n importante que puede tener un gran impacto en el resultado de un caso de DUI. Las circunstancias pueden variar seg\u00fan la situaci\u00f3n de la persona arrestada, pero en \u00faltima instancia, los abogados tienen un objetivo: reducir los cargos contra su cliente o, en el mejor de los casos, limpiar su nombre y antecedentes.<\/p>\n<p>Si bien es importante para todos <a href=\"https:\/\/www.gilroynapolishort.com\/es\/practice-areas\/duii-felony-duii\/\">acusado de un delito de DUI<\/a> para analizar sus opciones de abogados de DUI en Prineville, Oregon, estos casos nunca deben tratarse sin la orientaci\u00f3n de un abogado.<\/p>\n<p><img loading=\"lazy\" decoding=\"async\" src=\"https:\/\/gnslawgroup.wpenginepowered.com\/wp-content\/uploads\/2019\/02\/i-62903-DUII-Lawyers-4456.jpg\" sizes=\"auto, (max-width: 1200px) 100vw, 1200px\" srcset=\"https:\/\/gnslawgroup.wpenginepowered.com\/wp-content\/uploads\/2019\/02\/i-62903-DUII-Lawyers-4456.jpg 1200w, https:\/\/gnslawgroup.wpenginepowered.com\/wp-content\/uploads\/2019\/02\/i-62903-DUII-Lawyers-4456-300x75.jpg 300w, https:\/\/gnslawgroup.wpenginepowered.com\/wp-content\/uploads\/2019\/02\/i-62903-DUII-Lawyers-4456-768x192.jpg 768w, https:\/\/gnslawgroup.wpenginepowered.com\/wp-content\/uploads\/2019\/02\/i-62903-DUII-Lawyers-4456-1024x256.jpg 1024w\" alt=\"\" width=\"1200\" height=\"300\" \/><\/p>\n<h2>Desestimaci\u00f3n de un DUI en Prineville<\/h2>\n<p>Hay casos en los que un conductor es acusado falsamente de cometer un delito. Si bien las razones pueden ser diferentes, sigue siendo importante trabajar con un... <a href=\"https:\/\/www.gilroynapolishort.com\/es\/practice-areas\/criminal-defense\/\">abogado defensor penal<\/a> Para limpiar su nombre de cualquier irregularidad. En algunos casos, las autoridades podr\u00edan intentar forzar una confesi\u00f3n del conductor, lo que puede causar un efecto domin\u00f3 que lleve a una persona inocente a admitir un delito que no cometi\u00f3.<\/p>\n<p>Con un abogado experimentado en DUI de su lado, esto nunca suceder\u00e1, ya que defender\u00e1n su caso hasta que se revoque la condena y se le declare inocente de todos los cargos.<\/p>\n<h2>Primer cargo por conducir bajo los efectos del alcohol en el centro y sur de Oreg\u00f3n<\/h2>\n<p>En casos donde el conductor es realmente culpable, pero es la primera vez que comete un delito, los cargos por DUI a\u00fan pueden ser retirados y anulados. Esto solo es posible cuando los mejores abogados de DUI de Prineville, Oreg\u00f3n, manejan su caso para garantizar que su primera infracci\u00f3n no le cueste su futuro ni su excelente historial.<\/p>\n<h2>Segundo cargo por conducir bajo los efectos del alcohol en el centro y sur de Oreg\u00f3n<\/h2>\n<p>Incluso los culpables merecen una representaci\u00f3n adecuada en los tribunales. Los reincidentes en DUI pueden confiar en la experiencia y el trabajo duro de abogados de confianza para ayudar a reducir los cargos en su contra. Esto puede aliviar la presi\u00f3n y la carga de enfrentarse al sistema legal por una infracci\u00f3n previa. Llame hoy mismo a nuestros abogados de DUI de Prineville y luche por su caso para obtener la mejor condena posible.<\/p>\n<h2><strong>Consulta gratuita\u00a0<\/strong>\u2014\u00a0<strong>Contacte a Gilroy Napoli Short Law Group<\/strong><\/h2>\n<p><a href=\"https:\/\/www.gilroynapolishort.com\/es\/contact\/\">Cont\u00e1ctanos\u00a0<\/a>Ll\u00e1menos hoy mismo para programar una consulta inicial gratuita y descubrir sus opciones legales. Puede llamar a Gilroy Napoli Short Law Group al 541-306-2990. Representamos a personas en Portland, Salem, Beaverton, Hillsboro y otras partes de Oreg\u00f3n.<\/p>\n<p><strong>Se habla espa\u00f1ol.<\/strong><\/p>\n<p>Llame hoy para una consulta gratuita: <a href=\"tel:5037477198\">503-747-7198<\/a><\/p>","protected":false},"excerpt":{"rendered":"<p>Prime Prineville DUI Attorney The city of Prineville Oregon is home to about 9,253 residents since the last 2010 census, and the population has no doubt grown since then. The&#8230;<\/p>","protected":false},"author":2,"featured_media":0,"parent":0,"menu_order":0,"comment_status":"closed","ping_status":"closed","template":"single-dui-page.php","meta":{"_acf_changed":false,"footnotes":""},"class_list":["post-1118","page","type-page","status-publish","hentry"],"acf":[],"yoast_head":"<!-- This site is optimized with the Yoast SEO plugin v27.3 - https:\/\/yoast.com\/product\/yoast-seo-wordpress\/ -->\n<title>Prineville DUI Attorney: Crook County Oregon DUI Lawyer<\/title>\n<meta name=\"description\" content=\"Prineville DUI Attorney: Serving clients throughout Prineville including Prineville, Bend, Redmond, Madras, Sunriver, Klamath, Deschutes &amp; Crook County Oregon. Call for a free no obligation consultation.\" \/>\n<meta name=\"robots\" content=\"index, follow, max-snippet:-1, max-image-preview:large, max-video-preview:-1\" \/>\n<link rel=\"canonical\" href=\"https:\/\/www.gilroynapolishort.com\/es\/dui-lawyer-prineville\/\" \/>\n<meta property=\"og:locale\" content=\"es_MX\" \/>\n<meta property=\"og:type\" content=\"article\" \/>\n<meta property=\"og:title\" content=\"Prineville DUI Attorney: Crook County Oregon DUI Lawyer\" \/>\n<meta property=\"og:description\" content=\"Prineville DUI Attorney: Serving clients throughout Prineville including Prineville, Bend, Redmond, Madras, Sunriver, Klamath, Deschutes &amp; Crook County Oregon. Call for a free no obligation consultation.\" \/>\n<meta property=\"og:url\" content=\"https:\/\/www.gilroynapolishort.com\/es\/dui-lawyer-prineville\/\" \/>\n<meta property=\"og:site_name\" content=\"GNS Law Group\" \/>\n<meta property=\"article:modified_time\" content=\"2024-11-21T16:54:22+00:00\" \/>\n<meta property=\"og:image\" content=\"https:\/\/gnslawgroup.wpenginepowered.com\/wp-content\/uploads\/2019\/02\/i-62903-DUII-Lawyers-4456.jpg\" \/>\n<meta name=\"twitter:card\" content=\"summary_large_image\" \/>\n<meta name=\"twitter:label1\" content=\"Est. reading time\" \/>\n\t<meta name=\"twitter:data1\" content=\"3 minutos\" \/>\n<script type=\"application\/ld+json\" class=\"yoast-schema-graph\">{\"@context\":\"https:\\\/\\\/schema.org\",\"@graph\":[{\"@type\":\"WebPage\",\"@id\":\"https:\\\/\\\/www.gilroynapolishort.com\\\/dui-lawyer-prineville\\\/\",\"url\":\"https:\\\/\\\/www.gilroynapolishort.com\\\/dui-lawyer-prineville\\\/\",\"name\":\"Prineville DUI Attorney: Crook County Oregon DUI Lawyer\",\"isPartOf\":{\"@id\":\"https:\\\/\\\/www.gilroynapolishort.com\\\/#website\"},\"primaryImageOfPage\":{\"@id\":\"https:\\\/\\\/www.gilroynapolishort.com\\\/dui-lawyer-prineville\\\/#primaryimage\"},\"image\":{\"@id\":\"https:\\\/\\\/www.gilroynapolishort.com\\\/dui-lawyer-prineville\\\/#primaryimage\"},\"thumbnailUrl\":\"https:\\\/\\\/gnslawgroup.wpenginepowered.com\\\/wp-content\\\/uploads\\\/2019\\\/02\\\/i-62903-DUII-Lawyers-4456.jpg\",\"datePublished\":\"2019-02-22T09:56:18+00:00\",\"dateModified\":\"2024-11-21T16:54:22+00:00\",\"description\":\"Prineville DUI Attorney: Serving clients throughout Prineville including Prineville, Bend, Redmond, Madras, Sunriver, Klamath, Deschutes & Crook County Oregon. Call for a free no obligation consultation.\",\"breadcrumb\":{\"@id\":\"https:\\\/\\\/www.gilroynapolishort.com\\\/dui-lawyer-prineville\\\/#breadcrumb\"},\"inLanguage\":\"es\",\"potentialAction\":[{\"@type\":\"ReadAction\",\"target\":[\"https:\\\/\\\/www.gilroynapolishort.com\\\/dui-lawyer-prineville\\\/\"]}]},{\"@type\":\"ImageObject\",\"inLanguage\":\"es\",\"@id\":\"https:\\\/\\\/www.gilroynapolishort.com\\\/dui-lawyer-prineville\\\/#primaryimage\",\"url\":\"https:\\\/\\\/gnslawgroup.wpenginepowered.com\\\/wp-content\\\/uploads\\\/2019\\\/02\\\/i-62903-DUII-Lawyers-4456.jpg\",\"contentUrl\":\"https:\\\/\\\/gnslawgroup.wpenginepowered.com\\\/wp-content\\\/uploads\\\/2019\\\/02\\\/i-62903-DUII-Lawyers-4456.jpg\"},{\"@type\":\"BreadcrumbList\",\"@id\":\"https:\\\/\\\/www.gilroynapolishort.com\\\/dui-lawyer-prineville\\\/#breadcrumb\",\"itemListElement\":[{\"@type\":\"ListItem\",\"position\":1,\"name\":\"Home\",\"item\":\"https:\\\/\\\/www.gilroynapolishort.com\\\/\"},{\"@type\":\"ListItem\",\"position\":2,\"name\":\"Prineville DUI Attorney\"}]},{\"@type\":\"WebSite\",\"@id\":\"https:\\\/\\\/www.gilroynapolishort.com\\\/#website\",\"url\":\"https:\\\/\\\/www.gilroynapolishort.com\\\/\",\"name\":\"Gilroy Napoli Short Law Group\",\"description\":\"\",\"potentialAction\":[{\"@type\":\"SearchAction\",\"target\":{\"@type\":\"EntryPoint\",\"urlTemplate\":\"https:\\\/\\\/www.gilroynapolishort.com\\\/?s={search_term_string}\"},\"query-input\":{\"@type\":\"PropertyValueSpecification\",\"valueRequired\":true,\"valueName\":\"search_term_string\"}}],\"inLanguage\":\"es\"}]}<\/script>\n<!-- \/ Yoast SEO plugin. -->","yoast_head_json":{"title":"Prineville DUI Attorney: Crook County Oregon DUI Lawyer","description":"Prineville DUI Attorney: Serving clients throughout Prineville including Prineville, Bend, Redmond, Madras, Sunriver, Klamath, Deschutes & Crook County Oregon. Call for a free no obligation consultation.","robots":{"index":"index","follow":"follow","max-snippet":"max-snippet:-1","max-image-preview":"max-image-preview:large","max-video-preview":"max-video-preview:-1"},"canonical":"https:\/\/www.gilroynapolishort.com\/es\/dui-lawyer-prineville\/","og_locale":"es_MX","og_type":"article","og_title":"Prineville DUI Attorney: Crook County Oregon DUI Lawyer","og_description":"Prineville DUI Attorney: Serving clients throughout Prineville including Prineville, Bend, Redmond, Madras, Sunriver, Klamath, Deschutes & Crook County Oregon. Call for a free no obligation consultation.","og_url":"https:\/\/www.gilroynapolishort.com\/es\/dui-lawyer-prineville\/","og_site_name":"GNS Law Group","article_modified_time":"2024-11-21T16:54:22+00:00","og_image":[{"url":"https:\/\/gnslawgroup.wpenginepowered.com\/wp-content\/uploads\/2019\/02\/i-62903-DUII-Lawyers-4456.jpg","type":"","width":"","height":""}],"twitter_card":"summary_large_image","twitter_misc":{"Est. reading time":"3 minutos"},"schema":{"@context":"https:\/\/schema.org","@graph":[{"@type":"WebPage","@id":"https:\/\/www.gilroynapolishort.com\/dui-lawyer-prineville\/","url":"https:\/\/www.gilroynapolishort.com\/dui-lawyer-prineville\/","name":"Prineville DUI Attorney: Crook County Oregon DUI Lawyer","isPartOf":{"@id":"https:\/\/www.gilroynapolishort.com\/#website"},"primaryImageOfPage":{"@id":"https:\/\/www.gilroynapolishort.com\/dui-lawyer-prineville\/#primaryimage"},"image":{"@id":"https:\/\/www.gilroynapolishort.com\/dui-lawyer-prineville\/#primaryimage"},"thumbnailUrl":"https:\/\/gnslawgroup.wpenginepowered.com\/wp-content\/uploads\/2019\/02\/i-62903-DUII-Lawyers-4456.jpg","datePublished":"2019-02-22T09:56:18+00:00","dateModified":"2024-11-21T16:54:22+00:00","description":"Prineville DUI Attorney: Serving clients throughout Prineville including Prineville, Bend, Redmond, Madras, Sunriver, Klamath, Deschutes & Crook County Oregon. Call for a free no obligation consultation.","breadcrumb":{"@id":"https:\/\/www.gilroynapolishort.com\/dui-lawyer-prineville\/#breadcrumb"},"inLanguage":"es","potentialAction":[{"@type":"ReadAction","target":["https:\/\/www.gilroynapolishort.com\/dui-lawyer-prineville\/"]}]},{"@type":"ImageObject","inLanguage":"es","@id":"https:\/\/www.gilroynapolishort.com\/dui-lawyer-prineville\/#primaryimage","url":"https:\/\/gnslawgroup.wpenginepowered.com\/wp-content\/uploads\/2019\/02\/i-62903-DUII-Lawyers-4456.jpg","contentUrl":"https:\/\/gnslawgroup.wpenginepowered.com\/wp-content\/uploads\/2019\/02\/i-62903-DUII-Lawyers-4456.jpg"},{"@type":"BreadcrumbList","@id":"https:\/\/www.gilroynapolishort.com\/dui-lawyer-prineville\/#breadcrumb","itemListElement":[{"@type":"ListItem","position":1,"name":"Home","item":"https:\/\/www.gilroynapolishort.com\/"},{"@type":"ListItem","position":2,"name":"Prineville DUI Attorney"}]},{"@type":"WebSite","@id":"https:\/\/www.gilroynapolishort.com\/#website","url":"https:\/\/www.gilroynapolishort.com\/","name":"Grupo de abogados Gilroy Napoli Short","description":"","potentialAction":[{"@type":"SearchAction","target":{"@type":"EntryPoint","urlTemplate":"https:\/\/www.gilroynapolishort.com\/?s={search_term_string}"},"query-input":{"@type":"PropertyValueSpecification","valueRequired":true,"valueName":"search_term_string"}}],"inLanguage":"es"}]}},"_links":{"self":[{"href":"https:\/\/www.gilroynapolishort.com\/es\/wp-json\/wp\/v2\/pages\/1118","targetHints":{"allow":["GET"]}}],"collection":[{"href":"https:\/\/www.gilroynapolishort.com\/es\/wp-json\/wp\/v2\/pages"}],"about":[{"href":"https:\/\/www.gilroynapolishort.com\/es\/wp-json\/wp\/v2\/types\/page"}],"author":[{"embeddable":true,"href":"https:\/\/www.gilroynapolishort.com\/es\/wp-json\/wp\/v2\/users\/2"}],"replies":[{"embeddable":true,"href":"https:\/\/www.gilroynapolishort.com\/es\/wp-json\/wp\/v2\/comments?post=1118"}],"version-history":[{"count":0,"href":"https:\/\/www.gilroynapolishort.com\/es\/wp-json\/wp\/v2\/pages\/1118\/revisions"}],"wp:attachment":[{"href":"https:\/\/www.gilroynapolishort.com\/es\/wp-json\/wp\/v2\/media?parent=1118"}],"curies":[{"name":"wp","href":"https:\/\/api.w.org\/{rel}","templated":true}]}}