{"id":1120,"date":"2019-02-22T09:56:43","date_gmt":"2019-02-22T09:56:43","guid":{"rendered":"https:\/\/www.gilroynapolishort.com\/?page_id=1120"},"modified":"2024-11-21T09:02:01","modified_gmt":"2024-11-21T17:02:01","slug":"dui-lawyer-deschutes-county","status":"publish","type":"page","link":"https:\/\/www.gilroynapolishort.com\/es\/dui-lawyer-deschutes-county\/","title":{"rendered":"Abogado de DUI del condado de Deschutes"},"content":{"rendered":"<h1>Abogado confiable de DUI del condado de Deschutes<\/h1>\n<p>El condado de Deschutes, Oreg\u00f3n, alberga una poblaci\u00f3n activa que supera los 150,000 habitantes. Fundado en 1916 y con el nombre apropiado del r\u00edo Deschutes, el condado se ha convertido en una comunidad vibrante y pr\u00f3spera. A medida que la poblaci\u00f3n contin\u00faa creciendo y la urbanizaci\u00f3n se consolida, la vida en el condado de Deschutes ha cambiado dr\u00e1sticamente.<\/p>\n<p>Con el desarrollo, hay m\u00e1s personas, m\u00e1s carreteras y m\u00e1s veh\u00edculos. Esto lleva a que algunas personas necesiten la experiencia y la orientaci\u00f3n de un abogado de confianza especializado en DUI del Condado de Deschutes para evitar arrestos por DUI y limpiar sus antecedentes.<\/p>\n<p>Ll\u00e1menos hoy al 541-306-2990 para una consulta gratuita con un <a href=\"https:\/\/www.gilroynapolishort.com\/es\/practice-areas\/criminal-defense\/\">abogado defensor penal<\/a>.<\/p>\n<h2>Asesoramiento legal para infractores primerizos de DUI en el condado de Deschutes<\/h2>\n<p>El estado de Oreg\u00f3n cuenta con un programa muy indulgente para quienes incurren en una infracci\u00f3n por conducir bajo los efectos del alcohol por primera vez. El Programa de Desv\u00edo de DUI se ofrece en todo el estado. El programa busca ayudar a los conductores permiti\u00e9ndoles firmar un acuerdo en el que se declaran culpables del delito y deben seguir una serie de pasos que incluyen: evaluaci\u00f3n, tratamiento (cuando se considere necesario), pago de diversas multas, asistencia a un panel de v\u00edctimas y mucho m\u00e1s.<\/p>\n<p>El resultado del programa de 12 meses es la eliminaci\u00f3n de la infracci\u00f3n del expediente del conductor. Es una buena opci\u00f3n, pero no es la \u00fanica disponible.<\/p>\n<p><img loading=\"lazy\" decoding=\"async\" src=\"https:\/\/gnslawgroup.wpenginepowered.com\/wp-content\/uploads\/2019\/02\/i-62903-DUII-Lawyers-4456.jpg\" sizes=\"auto, (max-width: 1200px) 100vw, 1200px\" srcset=\"https:\/\/gnslawgroup.wpenginepowered.com\/wp-content\/uploads\/2019\/02\/i-62903-DUII-Lawyers-4456.jpg 1200w, https:\/\/gnslawgroup.wpenginepowered.com\/wp-content\/uploads\/2019\/02\/i-62903-DUII-Lawyers-4456-300x75.jpg 300w, https:\/\/gnslawgroup.wpenginepowered.com\/wp-content\/uploads\/2019\/02\/i-62903-DUII-Lawyers-4456-768x192.jpg 768w, https:\/\/gnslawgroup.wpenginepowered.com\/wp-content\/uploads\/2019\/02\/i-62903-DUII-Lawyers-4456-1024x256.jpg 1024w\" alt=\"\" width=\"1200\" height=\"300\" \/><\/p>\n<h2>Reincidentes en DUI del condado de Deschutes<\/h2>\n<p>Aquellos que ya tengan antecedentes de un cargo previo por DUI no son elegibles para el Programa de Desv\u00edo de DUI. <a href=\"https:\/\/www.gilroynapolishort.com\/es\/practice-areas\/duii-felony-duii\/\">Cuando le han arrestado por conducir bajo los efectos del alcohol<\/a> En m\u00e1s de una ocasi\u00f3n, su caso requerir\u00e1 la ayuda y la experiencia de un abogado especializado en DUI del condado de Deschutes. Estos expertos se asignar\u00e1n a su caso y se asegurar\u00e1n de que la polic\u00eda y el sistema judicial le brinden un trato justo.<\/p>\n<p>Su abogado trabajar\u00e1 con su equipo y con usted para garantizar que los cargos presentados en su contra sean justos y conformes a la ley. Solo con su conocimiento y experiencia legal tendr\u00e1 la posibilidad de obtener una reducci\u00f3n de la sentencia, incluso si ya no es su primera vez en la delincuencia.<\/p>\n<p>Lamentablemente, siempre existe la posibilidad de que una persona que enfrenta un arresto y una condena sea inocente de cualquier delito. Si viaja en la parte trasera de una patrulla y enfrenta posibles cargos por conducir bajo los efectos del alcohol y es inocente, llame de inmediato a su abogado especializado en casos de DUI del condado de Deschutes. Se asegurar\u00e1n de que su nombre quede limpio mucho antes de que siquiera vea el interior de una celda.<\/p>\n<h2><strong>Consulta gratuita\u00a0<\/strong>\u2014\u00a0<strong>Contacte a Gilroy Napoli Short Law Group<\/strong><\/h2>\n<p>Cont\u00e1ctenos hoy para programar una consulta inicial gratuita y descubrir sus opciones legales. Puede llamar al Grupo Legal Gilroy Napoli Short al 541-306-2990. Representamos a personas acusadas de conducir ebrias en Bend, Sunriver, Madras, Klamath, Medford, Ashland y... <a href=\"https:\/\/www.gilroynapolishort.com\/es\/salem-dui-attorney\/\">Conducir bajo los efectos del alcohol en Salem, Oreg\u00f3n<\/a>.<\/p>\n<p><strong>Se habla espa\u00f1ol.<\/strong><\/p>\n<p>Llame hoy para una consulta gratuita: <a href=\"tel:5037477198\">503-747-7198<\/a><\/p>","protected":false},"excerpt":{"rendered":"<p>Trustworthy Deschutes County DUI Attorney The Deschutes County of Oregon is home to a bustling population that exceeds 150,000. The county which was first established back in 1916 and was&#8230;<\/p>","protected":false},"author":2,"featured_media":0,"parent":0,"menu_order":0,"comment_status":"closed","ping_status":"closed","template":"single-dui-page.php","meta":{"_acf_changed":false,"footnotes":""},"class_list":["post-1120","page","type-page","status-publish","hentry"],"acf":[],"yoast_head":"<!-- This site is optimized with the Yoast SEO plugin v27.3 - https:\/\/yoast.com\/product\/yoast-seo-wordpress\/ -->\n<title>Deschutes County DUI Attorney: Bend, Madras, Sunriver Oregon DUII Lawyers<\/title>\n<meta name=\"description\" content=\"Deschutes County DUI Attorney: Serving clients throughout Deschutes County, including Bend, Redmond, Madras, Prineville, Sunriver, Klamath &amp; Jefferson County Oregon. Call for a free no obligation consultation.\" \/>\n<meta name=\"robots\" content=\"index, follow, max-snippet:-1, max-image-preview:large, max-video-preview:-1\" \/>\n<link rel=\"canonical\" href=\"https:\/\/www.gilroynapolishort.com\/es\/dui-lawyer-deschutes-county\/\" \/>\n<meta property=\"og:locale\" content=\"es_MX\" \/>\n<meta property=\"og:type\" content=\"article\" \/>\n<meta property=\"og:title\" content=\"Deschutes County DUI Attorney: Bend, Madras, Sunriver Oregon DUII Lawyers\" \/>\n<meta property=\"og:description\" content=\"Deschutes County DUI Attorney: Serving clients throughout Deschutes County, including Bend, Redmond, Madras, Prineville, Sunriver, Klamath &amp; Jefferson County Oregon. Call for a free no obligation consultation.\" \/>\n<meta property=\"og:url\" content=\"https:\/\/www.gilroynapolishort.com\/es\/dui-lawyer-deschutes-county\/\" \/>\n<meta property=\"og:site_name\" content=\"GNS Law Group\" \/>\n<meta property=\"article:modified_time\" content=\"2024-11-21T17:02:01+00:00\" \/>\n<meta property=\"og:image\" content=\"https:\/\/gnslawgroup.wpenginepowered.com\/wp-content\/uploads\/2019\/02\/i-62903-DUII-Lawyers-4456.jpg\" \/>\n<meta name=\"twitter:card\" content=\"summary_large_image\" \/>\n<meta name=\"twitter:label1\" content=\"Est. reading time\" \/>\n\t<meta name=\"twitter:data1\" content=\"3 minutos\" \/>\n<script type=\"application\/ld+json\" class=\"yoast-schema-graph\">{\"@context\":\"https:\\\/\\\/schema.org\",\"@graph\":[{\"@type\":\"WebPage\",\"@id\":\"https:\\\/\\\/www.gilroynapolishort.com\\\/dui-lawyer-deschutes-county\\\/\",\"url\":\"https:\\\/\\\/www.gilroynapolishort.com\\\/dui-lawyer-deschutes-county\\\/\",\"name\":\"Deschutes County DUI Attorney: Bend, Madras, Sunriver Oregon DUII Lawyers\",\"isPartOf\":{\"@id\":\"https:\\\/\\\/www.gilroynapolishort.com\\\/#website\"},\"primaryImageOfPage\":{\"@id\":\"https:\\\/\\\/www.gilroynapolishort.com\\\/dui-lawyer-deschutes-county\\\/#primaryimage\"},\"image\":{\"@id\":\"https:\\\/\\\/www.gilroynapolishort.com\\\/dui-lawyer-deschutes-county\\\/#primaryimage\"},\"thumbnailUrl\":\"https:\\\/\\\/gnslawgroup.wpenginepowered.com\\\/wp-content\\\/uploads\\\/2019\\\/02\\\/i-62903-DUII-Lawyers-4456.jpg\",\"datePublished\":\"2019-02-22T09:56:43+00:00\",\"dateModified\":\"2024-11-21T17:02:01+00:00\",\"description\":\"Deschutes County DUI Attorney: Serving clients throughout Deschutes County, including Bend, Redmond, Madras, Prineville, Sunriver, Klamath & Jefferson County Oregon. Call for a free no obligation consultation.\",\"breadcrumb\":{\"@id\":\"https:\\\/\\\/www.gilroynapolishort.com\\\/dui-lawyer-deschutes-county\\\/#breadcrumb\"},\"inLanguage\":\"es\",\"potentialAction\":[{\"@type\":\"ReadAction\",\"target\":[\"https:\\\/\\\/www.gilroynapolishort.com\\\/dui-lawyer-deschutes-county\\\/\"]}]},{\"@type\":\"ImageObject\",\"inLanguage\":\"es\",\"@id\":\"https:\\\/\\\/www.gilroynapolishort.com\\\/dui-lawyer-deschutes-county\\\/#primaryimage\",\"url\":\"https:\\\/\\\/gnslawgroup.wpenginepowered.com\\\/wp-content\\\/uploads\\\/2019\\\/02\\\/i-62903-DUII-Lawyers-4456.jpg\",\"contentUrl\":\"https:\\\/\\\/gnslawgroup.wpenginepowered.com\\\/wp-content\\\/uploads\\\/2019\\\/02\\\/i-62903-DUII-Lawyers-4456.jpg\"},{\"@type\":\"BreadcrumbList\",\"@id\":\"https:\\\/\\\/www.gilroynapolishort.com\\\/dui-lawyer-deschutes-county\\\/#breadcrumb\",\"itemListElement\":[{\"@type\":\"ListItem\",\"position\":1,\"name\":\"Home\",\"item\":\"https:\\\/\\\/www.gilroynapolishort.com\\\/\"},{\"@type\":\"ListItem\",\"position\":2,\"name\":\"Deschutes County DUI Attorney\"}]},{\"@type\":\"WebSite\",\"@id\":\"https:\\\/\\\/www.gilroynapolishort.com\\\/#website\",\"url\":\"https:\\\/\\\/www.gilroynapolishort.com\\\/\",\"name\":\"Gilroy Napoli Short Law Group\",\"description\":\"\",\"potentialAction\":[{\"@type\":\"SearchAction\",\"target\":{\"@type\":\"EntryPoint\",\"urlTemplate\":\"https:\\\/\\\/www.gilroynapolishort.com\\\/?s={search_term_string}\"},\"query-input\":{\"@type\":\"PropertyValueSpecification\",\"valueRequired\":true,\"valueName\":\"search_term_string\"}}],\"inLanguage\":\"es\"}]}<\/script>\n<!-- \/ Yoast SEO plugin. -->","yoast_head_json":{"title":"Deschutes County DUI Attorney: Bend, Madras, Sunriver Oregon DUII Lawyers","description":"Deschutes County DUI Attorney: Serving clients throughout Deschutes County, including Bend, Redmond, Madras, Prineville, Sunriver, Klamath & Jefferson County Oregon. Call for a free no obligation consultation.","robots":{"index":"index","follow":"follow","max-snippet":"max-snippet:-1","max-image-preview":"max-image-preview:large","max-video-preview":"max-video-preview:-1"},"canonical":"https:\/\/www.gilroynapolishort.com\/es\/dui-lawyer-deschutes-county\/","og_locale":"es_MX","og_type":"article","og_title":"Deschutes County DUI Attorney: Bend, Madras, Sunriver Oregon DUII Lawyers","og_description":"Deschutes County DUI Attorney: Serving clients throughout Deschutes County, including Bend, Redmond, Madras, Prineville, Sunriver, Klamath & Jefferson County Oregon. Call for a free no obligation consultation.","og_url":"https:\/\/www.gilroynapolishort.com\/es\/dui-lawyer-deschutes-county\/","og_site_name":"GNS Law Group","article_modified_time":"2024-11-21T17:02:01+00:00","og_image":[{"url":"https:\/\/gnslawgroup.wpenginepowered.com\/wp-content\/uploads\/2019\/02\/i-62903-DUII-Lawyers-4456.jpg","type":"","width":"","height":""}],"twitter_card":"summary_large_image","twitter_misc":{"Est. reading time":"3 minutos"},"schema":{"@context":"https:\/\/schema.org","@graph":[{"@type":"WebPage","@id":"https:\/\/www.gilroynapolishort.com\/dui-lawyer-deschutes-county\/","url":"https:\/\/www.gilroynapolishort.com\/dui-lawyer-deschutes-county\/","name":"Deschutes County DUI Attorney: Bend, Madras, Sunriver Oregon DUII Lawyers","isPartOf":{"@id":"https:\/\/www.gilroynapolishort.com\/#website"},"primaryImageOfPage":{"@id":"https:\/\/www.gilroynapolishort.com\/dui-lawyer-deschutes-county\/#primaryimage"},"image":{"@id":"https:\/\/www.gilroynapolishort.com\/dui-lawyer-deschutes-county\/#primaryimage"},"thumbnailUrl":"https:\/\/gnslawgroup.wpenginepowered.com\/wp-content\/uploads\/2019\/02\/i-62903-DUII-Lawyers-4456.jpg","datePublished":"2019-02-22T09:56:43+00:00","dateModified":"2024-11-21T17:02:01+00:00","description":"Deschutes County DUI Attorney: Serving clients throughout Deschutes County, including Bend, Redmond, Madras, Prineville, Sunriver, Klamath & Jefferson County Oregon. Call for a free no obligation consultation.","breadcrumb":{"@id":"https:\/\/www.gilroynapolishort.com\/dui-lawyer-deschutes-county\/#breadcrumb"},"inLanguage":"es","potentialAction":[{"@type":"ReadAction","target":["https:\/\/www.gilroynapolishort.com\/dui-lawyer-deschutes-county\/"]}]},{"@type":"ImageObject","inLanguage":"es","@id":"https:\/\/www.gilroynapolishort.com\/dui-lawyer-deschutes-county\/#primaryimage","url":"https:\/\/gnslawgroup.wpenginepowered.com\/wp-content\/uploads\/2019\/02\/i-62903-DUII-Lawyers-4456.jpg","contentUrl":"https:\/\/gnslawgroup.wpenginepowered.com\/wp-content\/uploads\/2019\/02\/i-62903-DUII-Lawyers-4456.jpg"},{"@type":"BreadcrumbList","@id":"https:\/\/www.gilroynapolishort.com\/dui-lawyer-deschutes-county\/#breadcrumb","itemListElement":[{"@type":"ListItem","position":1,"name":"Home","item":"https:\/\/www.gilroynapolishort.com\/"},{"@type":"ListItem","position":2,"name":"Deschutes County DUI Attorney"}]},{"@type":"WebSite","@id":"https:\/\/www.gilroynapolishort.com\/#website","url":"https:\/\/www.gilroynapolishort.com\/","name":"Grupo de abogados Gilroy Napoli Short","description":"","potentialAction":[{"@type":"SearchAction","target":{"@type":"EntryPoint","urlTemplate":"https:\/\/www.gilroynapolishort.com\/?s={search_term_string}"},"query-input":{"@type":"PropertyValueSpecification","valueRequired":true,"valueName":"search_term_string"}}],"inLanguage":"es"}]}},"_links":{"self":[{"href":"https:\/\/www.gilroynapolishort.com\/es\/wp-json\/wp\/v2\/pages\/1120","targetHints":{"allow":["GET"]}}],"collection":[{"href":"https:\/\/www.gilroynapolishort.com\/es\/wp-json\/wp\/v2\/pages"}],"about":[{"href":"https:\/\/www.gilroynapolishort.com\/es\/wp-json\/wp\/v2\/types\/page"}],"author":[{"embeddable":true,"href":"https:\/\/www.gilroynapolishort.com\/es\/wp-json\/wp\/v2\/users\/2"}],"replies":[{"embeddable":true,"href":"https:\/\/www.gilroynapolishort.com\/es\/wp-json\/wp\/v2\/comments?post=1120"}],"version-history":[{"count":0,"href":"https:\/\/www.gilroynapolishort.com\/es\/wp-json\/wp\/v2\/pages\/1120\/revisions"}],"wp:attachment":[{"href":"https:\/\/www.gilroynapolishort.com\/es\/wp-json\/wp\/v2\/media?parent=1120"}],"curies":[{"name":"wp","href":"https:\/\/api.w.org\/{rel}","templated":true}]}}