{"id":1122,"date":"2019-02-22T09:57:03","date_gmt":"2019-02-22T09:57:03","guid":{"rendered":"https:\/\/www.gilroynapolishort.com\/?page_id=1122"},"modified":"2024-11-21T09:01:02","modified_gmt":"2024-11-21T17:01:02","slug":"dui-lawyer-jefferson-county","status":"publish","type":"page","link":"https:\/\/www.gilroynapolishort.com\/es\/dui-lawyer-jefferson-county\/","title":{"rendered":"Abogado de DUI del condado de Jefferson"},"content":{"rendered":"<h1>Abogado de DUI de primer nivel del condado de Jefferson<\/h1>\n<p>El peque\u00f1o y acogedor condado de Jefferson se cre\u00f3 en diciembre de 1914 a partir de una peque\u00f1a parte del vasto condado de Crook. Hoy forma parte del estado de Oreg\u00f3n y solo tiene una superficie total de 1791 metros cuadrados, con una poblaci\u00f3n considerable, aunque peque\u00f1a. Seg\u00fan el censo de 2010, el condado de Jefferson albergaba tan solo 21720 habitantes. Esto significa que hay espacio m\u00e1s que suficiente para todos y que, adem\u00e1s, cuenta con amplias y amplias carreteras, ideales para la vida en un pueblo peque\u00f1o.<\/p>\n<p>Aunque la poblaci\u00f3n se considera peque\u00f1a seg\u00fan los est\u00e1ndares habituales, esto no significa que los habitantes del condado de Jefferson no necesiten la ayuda de un reconocido abogado especializado en DUI. Donde hay carreteras, leyes y una figura de autoridad, un abogado siempre ser\u00e1 \u00fatil.<\/p>\n<p>Ll\u00e1menos hoy al 541-306-2990 para una consulta gratuita con un <a href=\"https:\/\/www.gilroynapolishort.com\/es\/practice-areas\/criminal-defense\/\">abogado defensor penal<\/a>.<\/p>\n<h2>Abogados defensores de DUII en el condado de Jefferson<\/h2>\n<p><a href=\"https:\/\/www.gilroynapolishort.com\/es\/practice-areas\/duii-felony-duii\/\">Infractores por primera vez por conducir bajo los efectos del alcohol<\/a> Suelen estar muy asustados e intentar\u00e1n hacer lo que sea para evitar su comparecencia ante el tribunal. Un error com\u00fan entre quienes cometen delitos por primera vez es acceder a hablar con la polic\u00eda sin asistencia legal; esto puede llevar a una confesi\u00f3n falsa que solo perjudicar\u00e1 su caso. En cuanto a los casos de DUI, muchos infractores primerizos optan por firmar el Programa de Desv\u00edo de DUI, que es indulgente, pero tambi\u00e9n complejo.<\/p>\n<p>Si bien el programa promete eliminar los cargos por conducir bajo los efectos del alcohol tras completar varios pasos, puede tardar m\u00e1s de 12 meses. La mayor\u00eda de las personas no tienen el tiempo ni el lujo de completar todo el proceso, lo que significa que corren el riesgo de ser arrestados y acusados por no cumplir con el acuerdo firmado.<\/p>\n<p>Un abogado especializado en DUI tiene amplio conocimiento de las leyes locales e incluso de las leyes y regulaciones m\u00e1s espec\u00edficas del condado de Jefferson sobre casos de DUI. Puede usar este conocimiento para ayudarle a obtener una acusaci\u00f3n menor que no requiera tanto tiempo ni dedicaci\u00f3n como el Programa de Desv\u00edo de DUI.<\/p>\n<p>Esta oportunidad es posible solo con la ayuda de un abogado especializado en DUI del condado de Jefferson. Sin su ayuda, quienes cometen delitos por primera vez podr\u00edan incluso arriesgarse a ir a la c\u00e1rcel tras declararse culpables.<\/p>\n<p><img loading=\"lazy\" decoding=\"async\" src=\"https:\/\/gnslawgroup.wpenginepowered.com\/wp-content\/uploads\/2019\/02\/i-62903-DUII-Lawyers-4456.jpg\" sizes=\"auto, (max-width: 1200px) 100vw, 1200px\" srcset=\"https:\/\/gnslawgroup.wpenginepowered.com\/wp-content\/uploads\/2019\/02\/i-62903-DUII-Lawyers-4456.jpg 1200w, https:\/\/gnslawgroup.wpenginepowered.com\/wp-content\/uploads\/2019\/02\/i-62903-DUII-Lawyers-4456-300x75.jpg 300w, https:\/\/gnslawgroup.wpenginepowered.com\/wp-content\/uploads\/2019\/02\/i-62903-DUII-Lawyers-4456-768x192.jpg 768w, https:\/\/gnslawgroup.wpenginepowered.com\/wp-content\/uploads\/2019\/02\/i-62903-DUII-Lawyers-4456-1024x256.jpg 1024w\" alt=\"\" width=\"1200\" height=\"300\" \/><\/p>\n<h2>La experiencia es necesaria al contratar a un abogado del condado de Jefferson<\/h2>\n<p>La mayor\u00eda de quienes incurren en una infracci\u00f3n por conducir bajo los efectos del alcohol por primera vez desconocen la cantidad exacta de documentos necesarios. Esto suele resultar en el incumplimiento de plazos y en cargos adicionales que pueden a\u00f1adir m\u00e1s estr\u00e9s al caso. Afortunadamente, con un equipo legal experimentado como apoyo, nos encargaremos de todos los detalles.<\/p>\n<p>Nunca m\u00e1s tendr\u00e1 que enfrentarse al complicado sistema legal usted solo, comun\u00edquese con un abogado confiable de DUI del condado de Jefferson lo antes posible.<\/p>\n<h2><strong>Consulta gratuita\u00a0<\/strong>\u2014\u00a0<strong>Contacte a Gilroy Napoli Short Law Group<\/strong><\/h2>\n<p>Cont\u00e1ctenos hoy para programar una consulta inicial gratuita y descubrir sus opciones legales. Puede llamar al Grupo Legal Gilroy Napoli Short al 541-306-2990 para contactar con abogados especializados en DUI del Condado de Jefferson que defienden a personas acusadas de conducir ebrias. <a href=\"https:\/\/www.gilroynapolishort.com\/es\/dui-lawyer-madras\/\">Madr\u00e1s<\/a>, <a href=\"https:\/\/www.gilroynapolishort.com\/es\/dui-lawyer-bend\/\">Bend<\/a>, R\u00edo Sun, <a href=\"https:\/\/www.gilroynapolishort.com\/es\/salem-dui-attorney\/\">Salem<\/a>, Ashland y Medford, Oreg\u00f3n.<\/p>\n<p><strong>Se habla espa\u00f1ol.<\/strong><\/p>\n<p>Llame hoy para una consulta gratuita: <a href=\"tel:5037477198\">503-747-7198<\/a><\/p>","protected":false},"excerpt":{"rendered":"<p>Top-Tier Jefferson County DUI Attorney The small and pleasing Jefferson County was first created back in December of 1914 from a small part of the vast Crook County. Today it&#8230;<\/p>","protected":false},"author":2,"featured_media":0,"parent":0,"menu_order":0,"comment_status":"closed","ping_status":"closed","template":"single-dui-page.php","meta":{"_acf_changed":false,"footnotes":""},"class_list":["post-1122","page","type-page","status-publish","hentry"],"acf":[],"yoast_head":"<!-- This site is optimized with the Yoast SEO plugin v27.3 - https:\/\/yoast.com\/product\/yoast-seo-wordpress\/ -->\n<title>Jefferson County DUI Attorney: Madras, Warm Springs Central Oregon DUII Lawyers<\/title>\n<meta name=\"description\" content=\"Jefferson County DUI Attorney: Serving clients throughout Jefferson County, including Madras, Warm Springs, Crooked River Ranch, Culver, Metolius, Sunriver, Deschutes &amp; Klamath County Oregon. Call for a free no obligation consultation.\" \/>\n<meta name=\"robots\" content=\"index, follow, max-snippet:-1, max-image-preview:large, max-video-preview:-1\" \/>\n<link rel=\"canonical\" href=\"https:\/\/www.gilroynapolishort.com\/es\/dui-lawyer-jefferson-county\/\" \/>\n<meta property=\"og:locale\" content=\"es_MX\" \/>\n<meta property=\"og:type\" content=\"article\" \/>\n<meta property=\"og:title\" content=\"Jefferson County DUI Attorney: Madras, Warm Springs Central Oregon DUII Lawyers\" \/>\n<meta property=\"og:description\" content=\"Jefferson County DUI Attorney: Serving clients throughout Jefferson County, including Madras, Warm Springs, Crooked River Ranch, Culver, Metolius, Sunriver, Deschutes &amp; Klamath County Oregon. Call for a free no obligation consultation.\" \/>\n<meta property=\"og:url\" content=\"https:\/\/www.gilroynapolishort.com\/es\/dui-lawyer-jefferson-county\/\" \/>\n<meta property=\"og:site_name\" content=\"GNS Law Group\" \/>\n<meta property=\"article:modified_time\" content=\"2024-11-21T17:01:02+00:00\" \/>\n<meta property=\"og:image\" content=\"https:\/\/gnslawgroup.wpenginepowered.com\/wp-content\/uploads\/2019\/02\/i-62903-DUII-Lawyers-4456.jpg\" \/>\n<meta name=\"twitter:card\" content=\"summary_large_image\" \/>\n<meta name=\"twitter:label1\" content=\"Est. reading time\" \/>\n\t<meta name=\"twitter:data1\" content=\"3 minutos\" \/>\n<script type=\"application\/ld+json\" class=\"yoast-schema-graph\">{\"@context\":\"https:\\\/\\\/schema.org\",\"@graph\":[{\"@type\":\"WebPage\",\"@id\":\"https:\\\/\\\/www.gilroynapolishort.com\\\/dui-lawyer-jefferson-county\\\/\",\"url\":\"https:\\\/\\\/www.gilroynapolishort.com\\\/dui-lawyer-jefferson-county\\\/\",\"name\":\"Jefferson County DUI Attorney: Madras, Warm Springs Central Oregon DUII Lawyers\",\"isPartOf\":{\"@id\":\"https:\\\/\\\/www.gilroynapolishort.com\\\/#website\"},\"primaryImageOfPage\":{\"@id\":\"https:\\\/\\\/www.gilroynapolishort.com\\\/dui-lawyer-jefferson-county\\\/#primaryimage\"},\"image\":{\"@id\":\"https:\\\/\\\/www.gilroynapolishort.com\\\/dui-lawyer-jefferson-county\\\/#primaryimage\"},\"thumbnailUrl\":\"https:\\\/\\\/gnslawgroup.wpenginepowered.com\\\/wp-content\\\/uploads\\\/2019\\\/02\\\/i-62903-DUII-Lawyers-4456.jpg\",\"datePublished\":\"2019-02-22T09:57:03+00:00\",\"dateModified\":\"2024-11-21T17:01:02+00:00\",\"description\":\"Jefferson County DUI Attorney: Serving clients throughout Jefferson County, including Madras, Warm Springs, Crooked River Ranch, Culver, Metolius, Sunriver, Deschutes & Klamath County Oregon. Call for a free no obligation consultation.\",\"breadcrumb\":{\"@id\":\"https:\\\/\\\/www.gilroynapolishort.com\\\/dui-lawyer-jefferson-county\\\/#breadcrumb\"},\"inLanguage\":\"es\",\"potentialAction\":[{\"@type\":\"ReadAction\",\"target\":[\"https:\\\/\\\/www.gilroynapolishort.com\\\/dui-lawyer-jefferson-county\\\/\"]}]},{\"@type\":\"ImageObject\",\"inLanguage\":\"es\",\"@id\":\"https:\\\/\\\/www.gilroynapolishort.com\\\/dui-lawyer-jefferson-county\\\/#primaryimage\",\"url\":\"https:\\\/\\\/gnslawgroup.wpenginepowered.com\\\/wp-content\\\/uploads\\\/2019\\\/02\\\/i-62903-DUII-Lawyers-4456.jpg\",\"contentUrl\":\"https:\\\/\\\/gnslawgroup.wpenginepowered.com\\\/wp-content\\\/uploads\\\/2019\\\/02\\\/i-62903-DUII-Lawyers-4456.jpg\"},{\"@type\":\"BreadcrumbList\",\"@id\":\"https:\\\/\\\/www.gilroynapolishort.com\\\/dui-lawyer-jefferson-county\\\/#breadcrumb\",\"itemListElement\":[{\"@type\":\"ListItem\",\"position\":1,\"name\":\"Home\",\"item\":\"https:\\\/\\\/www.gilroynapolishort.com\\\/\"},{\"@type\":\"ListItem\",\"position\":2,\"name\":\"Jefferson County DUI Attorney\"}]},{\"@type\":\"WebSite\",\"@id\":\"https:\\\/\\\/www.gilroynapolishort.com\\\/#website\",\"url\":\"https:\\\/\\\/www.gilroynapolishort.com\\\/\",\"name\":\"Gilroy Napoli Short Law Group\",\"description\":\"\",\"potentialAction\":[{\"@type\":\"SearchAction\",\"target\":{\"@type\":\"EntryPoint\",\"urlTemplate\":\"https:\\\/\\\/www.gilroynapolishort.com\\\/?s={search_term_string}\"},\"query-input\":{\"@type\":\"PropertyValueSpecification\",\"valueRequired\":true,\"valueName\":\"search_term_string\"}}],\"inLanguage\":\"es\"}]}<\/script>\n<!-- \/ Yoast SEO plugin. -->","yoast_head_json":{"title":"Jefferson County DUI Attorney: Madras, Warm Springs Central Oregon DUII Lawyers","description":"Jefferson County DUI Attorney: Serving clients throughout Jefferson County, including Madras, Warm Springs, Crooked River Ranch, Culver, Metolius, Sunriver, Deschutes & Klamath County Oregon. Call for a free no obligation consultation.","robots":{"index":"index","follow":"follow","max-snippet":"max-snippet:-1","max-image-preview":"max-image-preview:large","max-video-preview":"max-video-preview:-1"},"canonical":"https:\/\/www.gilroynapolishort.com\/es\/dui-lawyer-jefferson-county\/","og_locale":"es_MX","og_type":"article","og_title":"Jefferson County DUI Attorney: Madras, Warm Springs Central Oregon DUII Lawyers","og_description":"Jefferson County DUI Attorney: Serving clients throughout Jefferson County, including Madras, Warm Springs, Crooked River Ranch, Culver, Metolius, Sunriver, Deschutes & Klamath County Oregon. Call for a free no obligation consultation.","og_url":"https:\/\/www.gilroynapolishort.com\/es\/dui-lawyer-jefferson-county\/","og_site_name":"GNS Law Group","article_modified_time":"2024-11-21T17:01:02+00:00","og_image":[{"url":"https:\/\/gnslawgroup.wpenginepowered.com\/wp-content\/uploads\/2019\/02\/i-62903-DUII-Lawyers-4456.jpg","type":"","width":"","height":""}],"twitter_card":"summary_large_image","twitter_misc":{"Est. reading time":"3 minutos"},"schema":{"@context":"https:\/\/schema.org","@graph":[{"@type":"WebPage","@id":"https:\/\/www.gilroynapolishort.com\/dui-lawyer-jefferson-county\/","url":"https:\/\/www.gilroynapolishort.com\/dui-lawyer-jefferson-county\/","name":"Jefferson County DUI Attorney: Madras, Warm Springs Central Oregon DUII Lawyers","isPartOf":{"@id":"https:\/\/www.gilroynapolishort.com\/#website"},"primaryImageOfPage":{"@id":"https:\/\/www.gilroynapolishort.com\/dui-lawyer-jefferson-county\/#primaryimage"},"image":{"@id":"https:\/\/www.gilroynapolishort.com\/dui-lawyer-jefferson-county\/#primaryimage"},"thumbnailUrl":"https:\/\/gnslawgroup.wpenginepowered.com\/wp-content\/uploads\/2019\/02\/i-62903-DUII-Lawyers-4456.jpg","datePublished":"2019-02-22T09:57:03+00:00","dateModified":"2024-11-21T17:01:02+00:00","description":"Jefferson County DUI Attorney: Serving clients throughout Jefferson County, including Madras, Warm Springs, Crooked River Ranch, Culver, Metolius, Sunriver, Deschutes & Klamath County Oregon. Call for a free no obligation consultation.","breadcrumb":{"@id":"https:\/\/www.gilroynapolishort.com\/dui-lawyer-jefferson-county\/#breadcrumb"},"inLanguage":"es","potentialAction":[{"@type":"ReadAction","target":["https:\/\/www.gilroynapolishort.com\/dui-lawyer-jefferson-county\/"]}]},{"@type":"ImageObject","inLanguage":"es","@id":"https:\/\/www.gilroynapolishort.com\/dui-lawyer-jefferson-county\/#primaryimage","url":"https:\/\/gnslawgroup.wpenginepowered.com\/wp-content\/uploads\/2019\/02\/i-62903-DUII-Lawyers-4456.jpg","contentUrl":"https:\/\/gnslawgroup.wpenginepowered.com\/wp-content\/uploads\/2019\/02\/i-62903-DUII-Lawyers-4456.jpg"},{"@type":"BreadcrumbList","@id":"https:\/\/www.gilroynapolishort.com\/dui-lawyer-jefferson-county\/#breadcrumb","itemListElement":[{"@type":"ListItem","position":1,"name":"Home","item":"https:\/\/www.gilroynapolishort.com\/"},{"@type":"ListItem","position":2,"name":"Jefferson County DUI Attorney"}]},{"@type":"WebSite","@id":"https:\/\/www.gilroynapolishort.com\/#website","url":"https:\/\/www.gilroynapolishort.com\/","name":"Grupo de abogados Gilroy Napoli Short","description":"","potentialAction":[{"@type":"SearchAction","target":{"@type":"EntryPoint","urlTemplate":"https:\/\/www.gilroynapolishort.com\/?s={search_term_string}"},"query-input":{"@type":"PropertyValueSpecification","valueRequired":true,"valueName":"search_term_string"}}],"inLanguage":"es"}]}},"_links":{"self":[{"href":"https:\/\/www.gilroynapolishort.com\/es\/wp-json\/wp\/v2\/pages\/1122","targetHints":{"allow":["GET"]}}],"collection":[{"href":"https:\/\/www.gilroynapolishort.com\/es\/wp-json\/wp\/v2\/pages"}],"about":[{"href":"https:\/\/www.gilroynapolishort.com\/es\/wp-json\/wp\/v2\/types\/page"}],"author":[{"embeddable":true,"href":"https:\/\/www.gilroynapolishort.com\/es\/wp-json\/wp\/v2\/users\/2"}],"replies":[{"embeddable":true,"href":"https:\/\/www.gilroynapolishort.com\/es\/wp-json\/wp\/v2\/comments?post=1122"}],"version-history":[{"count":0,"href":"https:\/\/www.gilroynapolishort.com\/es\/wp-json\/wp\/v2\/pages\/1122\/revisions"}],"wp:attachment":[{"href":"https:\/\/www.gilroynapolishort.com\/es\/wp-json\/wp\/v2\/media?parent=1122"}],"curies":[{"name":"wp","href":"https:\/\/api.w.org\/{rel}","templated":true}]}}