{"id":1124,"date":"2019-02-22T09:57:25","date_gmt":"2019-02-22T09:57:25","guid":{"rendered":"https:\/\/www.gilroynapolishort.com\/?page_id=1124"},"modified":"2024-11-21T09:07:21","modified_gmt":"2024-11-21T17:07:21","slug":"dui-lawyer-crook-county","status":"publish","type":"page","link":"https:\/\/www.gilroynapolishort.com\/es\/dui-lawyer-crook-county\/","title":{"rendered":"Abogado de DUI del condado de Crook"},"content":{"rendered":"<h1>Abogado competente en casos de DUI en el condado de Crook<\/h1>\n<p>El condado de Crook, en Oreg\u00f3n, se considera uno de los m\u00e1s poblados y grandes del estado. Alrededor de 400,000 personas lo consideran su hogar y, si bien su poblaci\u00f3n lo hace grande, se considera bastante rural en comparaci\u00f3n con otros condados del pa\u00eds.<\/p>\n<p>Dado que el condado de Crook no es una zona metropolitana, existen pocas diferencias entre el sistema legal y el funcionamiento de las fuerzas del orden dentro del condado. Puede ser confuso tanto para los residentes nuevos como para los antiguos, pero con la ayuda de un abogado de confianza especializado en DUI del condado de Crook, el proceso legal de un arresto por DUI no ser\u00e1 tan complicado como parece.<\/p>\n<p>Ll\u00e1menos hoy al 541-306-2990 para una consulta gratuita con un abogado.<\/p>\n<h2>C\u00f3mo manejar un caso sin abogado en el condado de Crook<\/h2>\n<p>S\u00ed, es posible llevar a cabo el proceso judicial sin contratar a un abogado, pero es dif\u00edcil y tambi\u00e9n muy confuso. No solo hay t\u00e9rminos legales que el acusado inexperto podr\u00eda no entender, sino que tambi\u00e9n hay casos en los que la falta de una defensa profesional debilita a la persona ante el tribunal.<\/p>\n<p>Si bien los residentes del condado de Crook podr\u00edan ahorrar algo de dinero al optar por no contratar a un <a href=\"https:\/\/www.gilroynapolishort.com\/es\/practice-areas\/criminal-defense\/\">abogado defensor penal<\/a> Para defender su caso, pueden arriesgarse a manchar su historial de arrestos o incluso a ser acusados injustamente por un delito que no cometieron. Todo esto se puede evitar cuando un representante del bufete de abogados Gilroy Napoli Short trabaja con usted en su caso.<\/p>\n<p><img loading=\"lazy\" decoding=\"async\" src=\"https:\/\/gnslawgroup.wpenginepowered.com\/wp-content\/uploads\/2019\/02\/i-62903-DUII-Lawyers-4456.jpg\" sizes=\"auto, (max-width: 1200px) 100vw, 1200px\" srcset=\"https:\/\/gnslawgroup.wpenginepowered.com\/wp-content\/uploads\/2019\/02\/i-62903-DUII-Lawyers-4456.jpg 1200w, https:\/\/gnslawgroup.wpenginepowered.com\/wp-content\/uploads\/2019\/02\/i-62903-DUII-Lawyers-4456-300x75.jpg 300w, https:\/\/gnslawgroup.wpenginepowered.com\/wp-content\/uploads\/2019\/02\/i-62903-DUII-Lawyers-4456-768x192.jpg 768w, https:\/\/gnslawgroup.wpenginepowered.com\/wp-content\/uploads\/2019\/02\/i-62903-DUII-Lawyers-4456-1024x256.jpg 1024w\" alt=\"\" width=\"1200\" height=\"300\" \/><\/p>\n<h2>La experiencia es necesaria para defender casos de DUI en el condado de Crook<\/h2>\n<p>Por un segundo DUII, se enfrenta a una multa m\u00ednima obligatoria aumentada de $1,500 y una suspensi\u00f3n prolongada de la licencia de conducir de hasta tres a\u00f1os.<\/p>\n<p>El sistema judicial local y las normas policiales pueden variar seg\u00fan la ciudad o el condado donde se realiza el arresto. No todos los abogados est\u00e1n bien versados en los cargos por conducir bajo los efectos del alcohol (DUI) que se presentan localmente, especialmente si no est\u00e1n familiarizados con el sistema de arrestos y legal del condado de Crook. Es importante que quienes sean acusados de DUI contraten \u00fanicamente a un abogado especializado en DUI del condado de Crook que no solo tenga experiencia en casos de conducci\u00f3n en estado de ebriedad, sino que tambi\u00e9n sea local.<\/p>\n<p>Solo quienes comprenden las leyes locales del condado de Crook pueden defender adecuadamente a sus clientes sin arriesgar su reputaci\u00f3n e incluso su libertad. Los abogados locales pueden ayudar a redactar un acuerdo para... <a href=\"https:\/\/www.gilroynapolishort.com\/es\/practice-areas\/duii-felony-duii\/\">infractores por primera vez de DUI<\/a> para reducir sus cargos e incluso resolver el arresto mediante el Programa de Desv\u00edo de DUI que ofrece el estado de Oregon.<\/p>\n<p>No todos los abogados conocen el Programa de Desv\u00edo, por lo que contactar al abogado adecuado es fundamental, especialmente para quienes cometen infracciones por primera vez y desean evitar multas costosas, condenas permanentes, suspensi\u00f3n de licencia y, sobre todo, penas de c\u00e1rcel. Contacte hoy mismo con el bufete de abogados Gilroy Napoli Short para obtener m\u00e1s informaci\u00f3n sobre sus servicios.<\/p>\n<h2><strong>Consulta gratuita\u00a0<\/strong>\u2014\u00a0<strong>Contacte a Gilroy Napoli Short Law Group<\/strong><\/h2>\n<p><a href=\"https:\/\/www.gilroynapolishort.com\/es\/contact\/\">Cont\u00e1ctanos\u00a0<\/a>Ll\u00e1menos hoy mismo para programar una consulta inicial gratuita y descubrir sus opciones legales. Puede llamar a Gilroy Napoli Short Law Group al 541-306-2990. Representamos a personas en Portland, Salem, Beaverton, Hillsboro y otras partes de Oreg\u00f3n.<\/p>\n<p><strong>Se habla espa\u00f1ol.<\/strong><\/p>\n<p>Llame hoy para una consulta gratuita: <a href=\"tel:5037477198\">503-747-7198<\/a><\/p>","protected":false},"excerpt":{"rendered":"<p>Competent Crook County DUI Attorney The Crook County of Oregon is considered one of the most populous and largest counties in the state. There are about 400,000 people who call&#8230;<\/p>","protected":false},"author":2,"featured_media":0,"parent":0,"menu_order":0,"comment_status":"closed","ping_status":"closed","template":"single-dui-page.php","meta":{"_acf_changed":false,"footnotes":""},"class_list":["post-1124","page","type-page","status-publish","hentry"],"acf":[],"yoast_head":"<!-- This site is optimized with the Yoast SEO plugin v27.3 - https:\/\/yoast.com\/product\/yoast-seo-wordpress\/ -->\n<title>Crook County DUI Attorney: Prineville, Bend, Madras, La Pine, Redmond Oregon DUII Lawyers<\/title>\n<meta name=\"description\" content=\"Crook County DUI Attorney: Serving clients throughout Crook County including Prineville, Bend, Redmond, Madras, Sunriver, Klamath, La Pine &amp; Jefferson County Oregon. Call for a free no obligation consultation.\" \/>\n<meta name=\"robots\" content=\"index, follow, max-snippet:-1, max-image-preview:large, max-video-preview:-1\" \/>\n<link rel=\"canonical\" href=\"https:\/\/www.gilroynapolishort.com\/es\/dui-lawyer-crook-county\/\" \/>\n<meta property=\"og:locale\" content=\"es_MX\" \/>\n<meta property=\"og:type\" content=\"article\" \/>\n<meta property=\"og:title\" content=\"Crook County DUI Attorney: Prineville, Bend, Madras, La Pine, Redmond Oregon DUII Lawyers\" \/>\n<meta property=\"og:description\" content=\"Crook County DUI Attorney: Serving clients throughout Crook County including Prineville, Bend, Redmond, Madras, Sunriver, Klamath, La Pine &amp; Jefferson County Oregon. Call for a free no obligation consultation.\" \/>\n<meta property=\"og:url\" content=\"https:\/\/www.gilroynapolishort.com\/es\/dui-lawyer-crook-county\/\" \/>\n<meta property=\"og:site_name\" content=\"GNS Law Group\" \/>\n<meta property=\"article:modified_time\" content=\"2024-11-21T17:07:21+00:00\" \/>\n<meta property=\"og:image\" content=\"https:\/\/gnslawgroup.wpenginepowered.com\/wp-content\/uploads\/2019\/02\/i-62903-DUII-Lawyers-4456.jpg\" \/>\n<meta name=\"twitter:card\" content=\"summary_large_image\" \/>\n<meta name=\"twitter:label1\" content=\"Est. reading time\" \/>\n\t<meta name=\"twitter:data1\" content=\"3 minutos\" \/>\n<script type=\"application\/ld+json\" class=\"yoast-schema-graph\">{\"@context\":\"https:\\\/\\\/schema.org\",\"@graph\":[{\"@type\":\"WebPage\",\"@id\":\"https:\\\/\\\/www.gilroynapolishort.com\\\/dui-lawyer-crook-county\\\/\",\"url\":\"https:\\\/\\\/www.gilroynapolishort.com\\\/dui-lawyer-crook-county\\\/\",\"name\":\"Crook County DUI Attorney: Prineville, Bend, Madras, La Pine, Redmond Oregon DUII Lawyers\",\"isPartOf\":{\"@id\":\"https:\\\/\\\/www.gilroynapolishort.com\\\/#website\"},\"primaryImageOfPage\":{\"@id\":\"https:\\\/\\\/www.gilroynapolishort.com\\\/dui-lawyer-crook-county\\\/#primaryimage\"},\"image\":{\"@id\":\"https:\\\/\\\/www.gilroynapolishort.com\\\/dui-lawyer-crook-county\\\/#primaryimage\"},\"thumbnailUrl\":\"https:\\\/\\\/gnslawgroup.wpenginepowered.com\\\/wp-content\\\/uploads\\\/2019\\\/02\\\/i-62903-DUII-Lawyers-4456.jpg\",\"datePublished\":\"2019-02-22T09:57:25+00:00\",\"dateModified\":\"2024-11-21T17:07:21+00:00\",\"description\":\"Crook County DUI Attorney: Serving clients throughout Crook County including Prineville, Bend, Redmond, Madras, Sunriver, Klamath, La Pine & Jefferson County Oregon. Call for a free no obligation consultation.\",\"breadcrumb\":{\"@id\":\"https:\\\/\\\/www.gilroynapolishort.com\\\/dui-lawyer-crook-county\\\/#breadcrumb\"},\"inLanguage\":\"es\",\"potentialAction\":[{\"@type\":\"ReadAction\",\"target\":[\"https:\\\/\\\/www.gilroynapolishort.com\\\/dui-lawyer-crook-county\\\/\"]}]},{\"@type\":\"ImageObject\",\"inLanguage\":\"es\",\"@id\":\"https:\\\/\\\/www.gilroynapolishort.com\\\/dui-lawyer-crook-county\\\/#primaryimage\",\"url\":\"https:\\\/\\\/gnslawgroup.wpenginepowered.com\\\/wp-content\\\/uploads\\\/2019\\\/02\\\/i-62903-DUII-Lawyers-4456.jpg\",\"contentUrl\":\"https:\\\/\\\/gnslawgroup.wpenginepowered.com\\\/wp-content\\\/uploads\\\/2019\\\/02\\\/i-62903-DUII-Lawyers-4456.jpg\"},{\"@type\":\"BreadcrumbList\",\"@id\":\"https:\\\/\\\/www.gilroynapolishort.com\\\/dui-lawyer-crook-county\\\/#breadcrumb\",\"itemListElement\":[{\"@type\":\"ListItem\",\"position\":1,\"name\":\"Home\",\"item\":\"https:\\\/\\\/www.gilroynapolishort.com\\\/\"},{\"@type\":\"ListItem\",\"position\":2,\"name\":\"Crook County DUI Attorney\"}]},{\"@type\":\"WebSite\",\"@id\":\"https:\\\/\\\/www.gilroynapolishort.com\\\/#website\",\"url\":\"https:\\\/\\\/www.gilroynapolishort.com\\\/\",\"name\":\"Gilroy Napoli Short Law Group\",\"description\":\"\",\"potentialAction\":[{\"@type\":\"SearchAction\",\"target\":{\"@type\":\"EntryPoint\",\"urlTemplate\":\"https:\\\/\\\/www.gilroynapolishort.com\\\/?s={search_term_string}\"},\"query-input\":{\"@type\":\"PropertyValueSpecification\",\"valueRequired\":true,\"valueName\":\"search_term_string\"}}],\"inLanguage\":\"es\"}]}<\/script>\n<!-- \/ Yoast SEO plugin. -->","yoast_head_json":{"title":"Crook County DUI Attorney: Prineville, Bend, Madras, La Pine, Redmond Oregon DUII Lawyers","description":"Crook County DUI Attorney: Serving clients throughout Crook County including Prineville, Bend, Redmond, Madras, Sunriver, Klamath, La Pine & Jefferson County Oregon. Call for a free no obligation consultation.","robots":{"index":"index","follow":"follow","max-snippet":"max-snippet:-1","max-image-preview":"max-image-preview:large","max-video-preview":"max-video-preview:-1"},"canonical":"https:\/\/www.gilroynapolishort.com\/es\/dui-lawyer-crook-county\/","og_locale":"es_MX","og_type":"article","og_title":"Crook County DUI Attorney: Prineville, Bend, Madras, La Pine, Redmond Oregon DUII Lawyers","og_description":"Crook County DUI Attorney: Serving clients throughout Crook County including Prineville, Bend, Redmond, Madras, Sunriver, Klamath, La Pine & Jefferson County Oregon. Call for a free no obligation consultation.","og_url":"https:\/\/www.gilroynapolishort.com\/es\/dui-lawyer-crook-county\/","og_site_name":"GNS Law Group","article_modified_time":"2024-11-21T17:07:21+00:00","og_image":[{"url":"https:\/\/gnslawgroup.wpenginepowered.com\/wp-content\/uploads\/2019\/02\/i-62903-DUII-Lawyers-4456.jpg","type":"","width":"","height":""}],"twitter_card":"summary_large_image","twitter_misc":{"Est. reading time":"3 minutos"},"schema":{"@context":"https:\/\/schema.org","@graph":[{"@type":"WebPage","@id":"https:\/\/www.gilroynapolishort.com\/dui-lawyer-crook-county\/","url":"https:\/\/www.gilroynapolishort.com\/dui-lawyer-crook-county\/","name":"Crook County DUI Attorney: Prineville, Bend, Madras, La Pine, Redmond Oregon DUII Lawyers","isPartOf":{"@id":"https:\/\/www.gilroynapolishort.com\/#website"},"primaryImageOfPage":{"@id":"https:\/\/www.gilroynapolishort.com\/dui-lawyer-crook-county\/#primaryimage"},"image":{"@id":"https:\/\/www.gilroynapolishort.com\/dui-lawyer-crook-county\/#primaryimage"},"thumbnailUrl":"https:\/\/gnslawgroup.wpenginepowered.com\/wp-content\/uploads\/2019\/02\/i-62903-DUII-Lawyers-4456.jpg","datePublished":"2019-02-22T09:57:25+00:00","dateModified":"2024-11-21T17:07:21+00:00","description":"Crook County DUI Attorney: Serving clients throughout Crook County including Prineville, Bend, Redmond, Madras, Sunriver, Klamath, La Pine & Jefferson County Oregon. Call for a free no obligation consultation.","breadcrumb":{"@id":"https:\/\/www.gilroynapolishort.com\/dui-lawyer-crook-county\/#breadcrumb"},"inLanguage":"es","potentialAction":[{"@type":"ReadAction","target":["https:\/\/www.gilroynapolishort.com\/dui-lawyer-crook-county\/"]}]},{"@type":"ImageObject","inLanguage":"es","@id":"https:\/\/www.gilroynapolishort.com\/dui-lawyer-crook-county\/#primaryimage","url":"https:\/\/gnslawgroup.wpenginepowered.com\/wp-content\/uploads\/2019\/02\/i-62903-DUII-Lawyers-4456.jpg","contentUrl":"https:\/\/gnslawgroup.wpenginepowered.com\/wp-content\/uploads\/2019\/02\/i-62903-DUII-Lawyers-4456.jpg"},{"@type":"BreadcrumbList","@id":"https:\/\/www.gilroynapolishort.com\/dui-lawyer-crook-county\/#breadcrumb","itemListElement":[{"@type":"ListItem","position":1,"name":"Home","item":"https:\/\/www.gilroynapolishort.com\/"},{"@type":"ListItem","position":2,"name":"Crook County DUI Attorney"}]},{"@type":"WebSite","@id":"https:\/\/www.gilroynapolishort.com\/#website","url":"https:\/\/www.gilroynapolishort.com\/","name":"Grupo de abogados Gilroy Napoli Short","description":"","potentialAction":[{"@type":"SearchAction","target":{"@type":"EntryPoint","urlTemplate":"https:\/\/www.gilroynapolishort.com\/?s={search_term_string}"},"query-input":{"@type":"PropertyValueSpecification","valueRequired":true,"valueName":"search_term_string"}}],"inLanguage":"es"}]}},"_links":{"self":[{"href":"https:\/\/www.gilroynapolishort.com\/es\/wp-json\/wp\/v2\/pages\/1124","targetHints":{"allow":["GET"]}}],"collection":[{"href":"https:\/\/www.gilroynapolishort.com\/es\/wp-json\/wp\/v2\/pages"}],"about":[{"href":"https:\/\/www.gilroynapolishort.com\/es\/wp-json\/wp\/v2\/types\/page"}],"author":[{"embeddable":true,"href":"https:\/\/www.gilroynapolishort.com\/es\/wp-json\/wp\/v2\/users\/2"}],"replies":[{"embeddable":true,"href":"https:\/\/www.gilroynapolishort.com\/es\/wp-json\/wp\/v2\/comments?post=1124"}],"version-history":[{"count":0,"href":"https:\/\/www.gilroynapolishort.com\/es\/wp-json\/wp\/v2\/pages\/1124\/revisions"}],"wp:attachment":[{"href":"https:\/\/www.gilroynapolishort.com\/es\/wp-json\/wp\/v2\/media?parent=1124"}],"curies":[{"name":"wp","href":"https:\/\/api.w.org\/{rel}","templated":true}]}}