{"id":1177,"date":"2019-02-25T13:49:17","date_gmt":"2019-02-25T13:49:17","guid":{"rendered":"https:\/\/www.gilroynapolishort.com\/?page_id=1177"},"modified":"2024-02-29T17:07:44","modified_gmt":"2024-02-29T17:07:44","slug":"civil-litigation","status":"publish","type":"page","link":"https:\/\/www.gilroynapolishort.com\/es\/civil-litigation\/","title":{"rendered":"Litigios civiles"},"content":{"rendered":"<h1>Litigios civiles<\/h1>\n<p>Whether you have filed a lawsuit against a person or business in an Oregon court or are the one being sued, you should know that litigation produces very few winners. If you are &#8220;in it to win it,&#8221; it is essential that you retain attorneys who are equally determined to succeed, highly experienced in building and presenting a case, and who bring a reputation for\u00a0<a href=\"https:\/\/www.gilroynapolishort.com\/es\/testimonials\/\">resultados<\/a>\u00a0into the courtroom or to the settlement table with you.<\/p>\n<p>We want to be that law firm for you. We are Gilroy Napoli Short Law Group. Our skilled\u00a0<a href=\"https:\/\/www.gilroynapolishort.com\/es\/attorney\/\">abogados<\/a>\u00a0have decades of combined trial experience, and we handle general litigation matters of all sizes for clients of all levels of sophistication.<\/p>\n<p>Gilroy Napoli Short Law Group&#8217;s goal is to resolve your case as quickly and inexpensively as possible, so you can continue the smooth operation of your life or company. We know that lawsuits can be lengthy and costly, both financially and emotionally. They can also be full of risk and uncertainty. Therefore, we will carefully review your case to evaluate whether your strategy is reasonably based on the case&#8217;s pluses and minuses. We can also counsel you on available alternative dispute resolution methods that could prove to be more cost-effective than litigation.<\/p>\n<p>Wherever you come from, wherever you operate your business \u2014 Portland, Salem, Beaverton, Hillsboro or surrounding areas \u2014 Gilroy Napoli Short Law Group civil litigation lawyers can help when you need a lifeline.<\/p>\n<p>Call us at 503-747-7198 to arrange your free initial consultation.<\/p>\n<h3>Experienced Lawyers Protecting Your Rights, In and Out of Court<\/h3>\n<p>Gilroy Napoli Short Law Group safeguards your interests in:<\/p>\n<ul>\n<li><a href=\"https:\/\/www.gilroynapolishort.com\/es\/civil-litigation\/sexual-harassment\/\">Sexual harassment<\/a>\u00a0lawsuits<\/li>\n<li>Cases of\u00a0<a href=\"https:\/\/www.gilroynapolishort.com\/es\/civil-litigation\/employment-discrimination\/\">discriminaci\u00f3n laboral<\/a><\/li>\n<li>Commercial litigation of business disputes<\/li>\n<li>Breach of contract disputes<\/li>\n<li>Copyright infringement and intellectual property disputes<\/li>\n<li>Restraining orders and orders for protection<\/li>\n<li>Breach of fiduciary duty<\/li>\n<li>Negligence leading to injury<\/li>\n<li>Real estate disputes over boundaries, leases and landlord-tenant matters<\/li>\n<li>Defamation<\/li>\n<\/ul>\n<p>From start to finish of the legal process, we will remain available to you at all times, to address your questions and concerns and keep you updated on the status of your case. We will listen to your goals, offer realistic assessments of your chances of success and use our investigative fact-finding to resonate with judge and jury, arbitrators, mediators and opposing counsel.<\/p>\n<p>Once this legal crisis is behind you, we can provide solid recommendations on risk management and litigation avoidance \u2014 methods of heading off courtroom battles in the future.<\/p>\n<h2>Consulta gratuita \u2014 Contacte con nuestra firma<\/h2>\n<p><a href=\"https:\/\/www.gilroynapolishort.com\/es\/contact\/\">Cont\u00e1ctanos<\/a>\u00a0from wherever you are in the state:\u00a0<strong>503-747-7198.<\/strong>\u00a0If you need an evening or weekend appointment, please tell us.<\/p>\n<p><strong>Se habla espa\u00f1ol.<\/strong><\/p>\n<h2>Investigaci\u00f3n sobre derecho laboral<\/h2>\n<p>Al recibir su consulta, uno de nuestros abogados especializados en derecho laboral le enviar\u00e1 un correo electr\u00f3nico o le llamar\u00e1 para programar una cita para una consulta telef\u00f3nica o en persona si parece que podemos ayudarlo.<\/p>\n<hr \/>\n<p>Por favor, complete todos los campos (*) en el siguiente formulario.<\/p>\n<p>Llame hoy para una consulta gratuita: <a href=\"tel:5037477198\">503-747-7198<\/a><\/p>","protected":false},"excerpt":{"rendered":"<p>Civil Litigation Whether you have filed a lawsuit against a person or business in an Oregon court or are the one being sued, you should know that litigation produces very&#8230;<\/p>","protected":false},"author":2,"featured_media":0,"parent":0,"menu_order":0,"comment_status":"closed","ping_status":"closed","template":"single-civil-litigation-page.php","meta":{"_acf_changed":false,"footnotes":""},"class_list":["post-1177","page","type-page","status-publish","hentry"],"acf":[],"yoast_head":"<!-- This site is optimized with the Yoast SEO plugin v27.3 - https:\/\/yoast.com\/product\/yoast-seo-wordpress\/ -->\n<title>Civil Litigation - GNS Law Group<\/title>\n<meta name=\"robots\" content=\"index, follow, max-snippet:-1, max-image-preview:large, max-video-preview:-1\" \/>\n<link rel=\"canonical\" href=\"https:\/\/www.gilroynapolishort.com\/es\/civil-litigation\/\" \/>\n<meta property=\"og:locale\" content=\"es_MX\" \/>\n<meta property=\"og:type\" content=\"article\" \/>\n<meta property=\"og:title\" content=\"Civil Litigation - GNS Law Group\" \/>\n<meta property=\"og:description\" content=\"Civil Litigation Whether you have filed a lawsuit against a person or business in an Oregon court or are the one being sued, you should know that litigation produces very...\" \/>\n<meta property=\"og:url\" content=\"https:\/\/www.gilroynapolishort.com\/es\/civil-litigation\/\" \/>\n<meta property=\"og:site_name\" content=\"GNS Law Group\" \/>\n<meta property=\"article:modified_time\" content=\"2024-02-29T17:07:44+00:00\" \/>\n<meta name=\"twitter:card\" content=\"summary_large_image\" \/>\n<meta name=\"twitter:label1\" content=\"Est. reading time\" \/>\n\t<meta name=\"twitter:data1\" content=\"2 minutos\" \/>\n<script type=\"application\/ld+json\" class=\"yoast-schema-graph\">{\"@context\":\"https:\\\/\\\/schema.org\",\"@graph\":[{\"@type\":\"WebPage\",\"@id\":\"https:\\\/\\\/www.gilroynapolishort.com\\\/civil-litigation\\\/\",\"url\":\"https:\\\/\\\/www.gilroynapolishort.com\\\/civil-litigation\\\/\",\"name\":\"Civil Litigation - GNS Law Group\",\"isPartOf\":{\"@id\":\"https:\\\/\\\/www.gilroynapolishort.com\\\/#website\"},\"datePublished\":\"2019-02-25T13:49:17+00:00\",\"dateModified\":\"2024-02-29T17:07:44+00:00\",\"breadcrumb\":{\"@id\":\"https:\\\/\\\/www.gilroynapolishort.com\\\/civil-litigation\\\/#breadcrumb\"},\"inLanguage\":\"es\",\"potentialAction\":[{\"@type\":\"ReadAction\",\"target\":[\"https:\\\/\\\/www.gilroynapolishort.com\\\/civil-litigation\\\/\"]}]},{\"@type\":\"BreadcrumbList\",\"@id\":\"https:\\\/\\\/www.gilroynapolishort.com\\\/civil-litigation\\\/#breadcrumb\",\"itemListElement\":[{\"@type\":\"ListItem\",\"position\":1,\"name\":\"Home\",\"item\":\"https:\\\/\\\/www.gilroynapolishort.com\\\/\"},{\"@type\":\"ListItem\",\"position\":2,\"name\":\"Civil Litigation\"}]},{\"@type\":\"WebSite\",\"@id\":\"https:\\\/\\\/www.gilroynapolishort.com\\\/#website\",\"url\":\"https:\\\/\\\/www.gilroynapolishort.com\\\/\",\"name\":\"Gilroy Napoli Short Law Group\",\"description\":\"\",\"potentialAction\":[{\"@type\":\"SearchAction\",\"target\":{\"@type\":\"EntryPoint\",\"urlTemplate\":\"https:\\\/\\\/www.gilroynapolishort.com\\\/?s={search_term_string}\"},\"query-input\":{\"@type\":\"PropertyValueSpecification\",\"valueRequired\":true,\"valueName\":\"search_term_string\"}}],\"inLanguage\":\"es\"}]}<\/script>\n<!-- \/ Yoast SEO plugin. -->","yoast_head_json":{"title":"Civil Litigation - GNS Law Group","robots":{"index":"index","follow":"follow","max-snippet":"max-snippet:-1","max-image-preview":"max-image-preview:large","max-video-preview":"max-video-preview:-1"},"canonical":"https:\/\/www.gilroynapolishort.com\/es\/civil-litigation\/","og_locale":"es_MX","og_type":"article","og_title":"Civil Litigation - GNS Law Group","og_description":"Civil Litigation Whether you have filed a lawsuit against a person or business in an Oregon court or are the one being sued, you should know that litigation produces very...","og_url":"https:\/\/www.gilroynapolishort.com\/es\/civil-litigation\/","og_site_name":"GNS Law Group","article_modified_time":"2024-02-29T17:07:44+00:00","twitter_card":"summary_large_image","twitter_misc":{"Est. reading time":"2 minutos"},"schema":{"@context":"https:\/\/schema.org","@graph":[{"@type":"WebPage","@id":"https:\/\/www.gilroynapolishort.com\/civil-litigation\/","url":"https:\/\/www.gilroynapolishort.com\/civil-litigation\/","name":"Civil Litigation - GNS Law Group","isPartOf":{"@id":"https:\/\/www.gilroynapolishort.com\/#website"},"datePublished":"2019-02-25T13:49:17+00:00","dateModified":"2024-02-29T17:07:44+00:00","breadcrumb":{"@id":"https:\/\/www.gilroynapolishort.com\/civil-litigation\/#breadcrumb"},"inLanguage":"es","potentialAction":[{"@type":"ReadAction","target":["https:\/\/www.gilroynapolishort.com\/civil-litigation\/"]}]},{"@type":"BreadcrumbList","@id":"https:\/\/www.gilroynapolishort.com\/civil-litigation\/#breadcrumb","itemListElement":[{"@type":"ListItem","position":1,"name":"Home","item":"https:\/\/www.gilroynapolishort.com\/"},{"@type":"ListItem","position":2,"name":"Civil Litigation"}]},{"@type":"WebSite","@id":"https:\/\/www.gilroynapolishort.com\/#website","url":"https:\/\/www.gilroynapolishort.com\/","name":"Grupo de abogados Gilroy Napoli Short","description":"","potentialAction":[{"@type":"SearchAction","target":{"@type":"EntryPoint","urlTemplate":"https:\/\/www.gilroynapolishort.com\/?s={search_term_string}"},"query-input":{"@type":"PropertyValueSpecification","valueRequired":true,"valueName":"search_term_string"}}],"inLanguage":"es"}]}},"_links":{"self":[{"href":"https:\/\/www.gilroynapolishort.com\/es\/wp-json\/wp\/v2\/pages\/1177","targetHints":{"allow":["GET"]}}],"collection":[{"href":"https:\/\/www.gilroynapolishort.com\/es\/wp-json\/wp\/v2\/pages"}],"about":[{"href":"https:\/\/www.gilroynapolishort.com\/es\/wp-json\/wp\/v2\/types\/page"}],"author":[{"embeddable":true,"href":"https:\/\/www.gilroynapolishort.com\/es\/wp-json\/wp\/v2\/users\/2"}],"replies":[{"embeddable":true,"href":"https:\/\/www.gilroynapolishort.com\/es\/wp-json\/wp\/v2\/comments?post=1177"}],"version-history":[{"count":0,"href":"https:\/\/www.gilroynapolishort.com\/es\/wp-json\/wp\/v2\/pages\/1177\/revisions"}],"wp:attachment":[{"href":"https:\/\/www.gilroynapolishort.com\/es\/wp-json\/wp\/v2\/media?parent=1177"}],"curies":[{"name":"wp","href":"https:\/\/api.w.org\/{rel}","templated":true}]}}