{"id":1668,"date":"2019-03-28T20:21:45","date_gmt":"2019-03-28T20:21:45","guid":{"rendered":"https:\/\/www.gilroynapolishort.com\/?page_id=1668"},"modified":"2019-03-28T20:21:45","modified_gmt":"2019-03-28T20:21:45","slug":"thursday-test-page","status":"publish","type":"page","link":"https:\/\/www.gilroynapolishort.com\/es\/thursday-test-page\/","title":{"rendered":"P\u00e1gina de prueba del jueves"},"content":{"rendered":"<h1>Abogado de DUI en Lake Oswego<\/h1>\n<p>Lake Oswego, Oregon is located in Clackamas County, the third largest in the state. The county is mostly rural, and it has law enforcement and court processes that distinguish it from other Portland area. If you have been charged with a DUI, you should contact a lawyer who practices in the city and has experience in taking clients through the local justice system.\u00a0 is a law firm that employs a team of DUI attorneys with over 30 years of experience working in this county. They have a unique ability to help you if you make a mistake and get into trouble with the law.<\/p>\n<h2>The Importance Of An Experienced Local DUI Lawyer<\/h2>\n<p>Having counsel that has built personal relationships with the judges and prosecutorial services of Lake Oswego and Clackamas County can make a significant difference to the outcome of your case. Such relationships do not amount to the regular cutting of backroom deals and other such improprieties. The years that Gilroy Napoli Short has been in Clackamas County has given us credibility with judges and police officers. If they see one of our attorneys representing you, then they know you are a good person who made a mistake.<\/p>\n<h2>Cargos por conducir bajo los efectos del alcohol en el condado de Clackamas<\/h2>\n<p>Un cargo por conducir bajo los efectos del alcohol es grave en el condado de Clackamas, tan grave como en cualquier otra parte del pa\u00eds. Una condena puede arruinar su vida y reputaci\u00f3n. Podr\u00eda enfrentar multas, penas de c\u00e1rcel y servicio comunitario. Pasar por un juicio que culmine en una condena generar\u00e1 una gran tensi\u00f3n en su familia y da\u00f1ar\u00e1 sus relaciones personales. Tambi\u00e9n podr\u00eda causar la p\u00e9rdida de su empleo, dificultar su acceso a nuevos empleos y generar dificultades econ\u00f3micas.<\/p>\n<p>Retaining a competent and experienced lawyer right after you have been arrested and charged with the crime is more likely to reduce the severity of the ordeal you will have to go through in the justice system. Clackamas County has a diversion program for first-time DUI conviction. If the worst happens, you may be eligible for it.<\/p>\n<p>However, the charges and evidence against you must be reviewed and examined by your lawyer before you even think about such matters. If you have been arrested for DUI, you should call the Gilroy Napoli Short for a free consultation. You will be able to give your side of the story and receive advice on the best options for you and your family.<\/p>\n<p>Ll\u00e1menos hoy al 503-747-7198 para una consulta gratuita con un abogado.<\/p>\n<h2><strong>Consulta gratuita <\/strong>\u2014 <strong>Contacte a Gilroy Napoli Short Law Group<\/strong><\/h2>\n<p><a href=\"https:\/\/www.gilroynapolishort.com\/es\/contact\/\">Cont\u00e1ctanos <\/a>Ll\u00e1menos hoy mismo para programar una consulta inicial gratuita y descubrir sus opciones legales. Puede llamar a Gilroy Napoli Short Law Group al 503-747-7198. Representamos a personas en Portland, Salem, Beaverton, Hillsboro y otras partes de Oreg\u00f3n.<\/p>\n<p><strong>Se habla espa\u00f1ol.<\/strong><\/p>","protected":false},"excerpt":{"rendered":"<p>Lake Oswego DUI Attorney Lake Oswego, Oregon is located in Clackamas County, the third largest in the state. The county is mostly rural, and it has law enforcement and court&#8230;<\/p>","protected":false},"author":3,"featured_media":62,"parent":0,"menu_order":0,"comment_status":"closed","ping_status":"closed","template":"","meta":{"_acf_changed":false,"footnotes":""},"class_list":["post-1668","page","type-page","status-publish","has-post-thumbnail","hentry"],"acf":[],"yoast_head":"<!-- This site is optimized with the Yoast SEO plugin v27.3 - https:\/\/yoast.com\/product\/yoast-seo-wordpress\/ -->\n<title>Thursday Test Page - GNS Law Group<\/title>\n<meta name=\"robots\" content=\"index, follow, max-snippet:-1, max-image-preview:large, max-video-preview:-1\" \/>\n<link rel=\"canonical\" href=\"https:\/\/www.gilroynapolishort.com\/es\/thursday-test-page\/\" \/>\n<meta property=\"og:locale\" content=\"es_MX\" \/>\n<meta property=\"og:type\" content=\"article\" \/>\n<meta property=\"og:title\" content=\"Thursday Test Page - GNS Law Group\" \/>\n<meta property=\"og:description\" content=\"Lake Oswego DUI Attorney Lake Oswego, Oregon is located in Clackamas County, the third largest in the state. The county is mostly rural, and it has law enforcement and court...\" \/>\n<meta property=\"og:url\" content=\"https:\/\/www.gilroynapolishort.com\/es\/thursday-test-page\/\" \/>\n<meta property=\"og:site_name\" content=\"GNS Law Group\" \/>\n<meta property=\"og:image\" content=\"https:\/\/www.gilroynapolishort.com\/wp-content\/uploads\/2019\/02\/i-62903-DUII-Lawyers-4456.jpg\" \/>\n\t<meta property=\"og:image:width\" content=\"1200\" \/>\n\t<meta property=\"og:image:height\" content=\"300\" \/>\n\t<meta property=\"og:image:type\" content=\"image\/jpeg\" \/>\n<meta name=\"twitter:card\" content=\"summary_large_image\" \/>\n<meta name=\"twitter:label1\" content=\"Est. reading time\" \/>\n\t<meta name=\"twitter:data1\" content=\"2 minutos\" \/>\n<script type=\"application\/ld+json\" class=\"yoast-schema-graph\">{\"@context\":\"https:\\\/\\\/schema.org\",\"@graph\":[{\"@type\":\"WebPage\",\"@id\":\"https:\\\/\\\/www.gilroynapolishort.com\\\/thursday-test-page\\\/\",\"url\":\"https:\\\/\\\/www.gilroynapolishort.com\\\/thursday-test-page\\\/\",\"name\":\"Thursday Test Page - GNS Law Group\",\"isPartOf\":{\"@id\":\"https:\\\/\\\/www.gilroynapolishort.com\\\/#website\"},\"primaryImageOfPage\":{\"@id\":\"https:\\\/\\\/www.gilroynapolishort.com\\\/thursday-test-page\\\/#primaryimage\"},\"image\":{\"@id\":\"https:\\\/\\\/www.gilroynapolishort.com\\\/thursday-test-page\\\/#primaryimage\"},\"thumbnailUrl\":\"https:\\\/\\\/www.gilroynapolishort.com\\\/wp-content\\\/uploads\\\/2019\\\/02\\\/i-62903-DUII-Lawyers-4456.jpg\",\"datePublished\":\"2019-03-28T20:21:45+00:00\",\"breadcrumb\":{\"@id\":\"https:\\\/\\\/www.gilroynapolishort.com\\\/thursday-test-page\\\/#breadcrumb\"},\"inLanguage\":\"es\",\"potentialAction\":[{\"@type\":\"ReadAction\",\"target\":[\"https:\\\/\\\/www.gilroynapolishort.com\\\/thursday-test-page\\\/\"]}]},{\"@type\":\"ImageObject\",\"inLanguage\":\"es\",\"@id\":\"https:\\\/\\\/www.gilroynapolishort.com\\\/thursday-test-page\\\/#primaryimage\",\"url\":\"https:\\\/\\\/www.gilroynapolishort.com\\\/wp-content\\\/uploads\\\/2019\\\/02\\\/i-62903-DUII-Lawyers-4456.jpg\",\"contentUrl\":\"https:\\\/\\\/www.gilroynapolishort.com\\\/wp-content\\\/uploads\\\/2019\\\/02\\\/i-62903-DUII-Lawyers-4456.jpg\",\"width\":1200,\"height\":300},{\"@type\":\"BreadcrumbList\",\"@id\":\"https:\\\/\\\/www.gilroynapolishort.com\\\/thursday-test-page\\\/#breadcrumb\",\"itemListElement\":[{\"@type\":\"ListItem\",\"position\":1,\"name\":\"Home\",\"item\":\"https:\\\/\\\/www.gilroynapolishort.com\\\/\"},{\"@type\":\"ListItem\",\"position\":2,\"name\":\"Thursday Test Page\"}]},{\"@type\":\"WebSite\",\"@id\":\"https:\\\/\\\/www.gilroynapolishort.com\\\/#website\",\"url\":\"https:\\\/\\\/www.gilroynapolishort.com\\\/\",\"name\":\"Gilroy Napoli Short Law Group\",\"description\":\"\",\"potentialAction\":[{\"@type\":\"SearchAction\",\"target\":{\"@type\":\"EntryPoint\",\"urlTemplate\":\"https:\\\/\\\/www.gilroynapolishort.com\\\/?s={search_term_string}\"},\"query-input\":{\"@type\":\"PropertyValueSpecification\",\"valueRequired\":true,\"valueName\":\"search_term_string\"}}],\"inLanguage\":\"es\"}]}<\/script>\n<!-- \/ Yoast SEO plugin. -->","yoast_head_json":{"title":"Thursday Test Page - GNS Law Group","robots":{"index":"index","follow":"follow","max-snippet":"max-snippet:-1","max-image-preview":"max-image-preview:large","max-video-preview":"max-video-preview:-1"},"canonical":"https:\/\/www.gilroynapolishort.com\/es\/thursday-test-page\/","og_locale":"es_MX","og_type":"article","og_title":"Thursday Test Page - GNS Law Group","og_description":"Lake Oswego DUI Attorney Lake Oswego, Oregon is located in Clackamas County, the third largest in the state. The county is mostly rural, and it has law enforcement and court...","og_url":"https:\/\/www.gilroynapolishort.com\/es\/thursday-test-page\/","og_site_name":"GNS Law Group","og_image":[{"width":1200,"height":300,"url":"https:\/\/www.gilroynapolishort.com\/wp-content\/uploads\/2019\/02\/i-62903-DUII-Lawyers-4456.jpg","type":"image\/jpeg"}],"twitter_card":"summary_large_image","twitter_misc":{"Est. reading time":"2 minutos"},"schema":{"@context":"https:\/\/schema.org","@graph":[{"@type":"WebPage","@id":"https:\/\/www.gilroynapolishort.com\/thursday-test-page\/","url":"https:\/\/www.gilroynapolishort.com\/thursday-test-page\/","name":"Thursday Test Page - GNS Law Group","isPartOf":{"@id":"https:\/\/www.gilroynapolishort.com\/#website"},"primaryImageOfPage":{"@id":"https:\/\/www.gilroynapolishort.com\/thursday-test-page\/#primaryimage"},"image":{"@id":"https:\/\/www.gilroynapolishort.com\/thursday-test-page\/#primaryimage"},"thumbnailUrl":"https:\/\/www.gilroynapolishort.com\/wp-content\/uploads\/2019\/02\/i-62903-DUII-Lawyers-4456.jpg","datePublished":"2019-03-28T20:21:45+00:00","breadcrumb":{"@id":"https:\/\/www.gilroynapolishort.com\/thursday-test-page\/#breadcrumb"},"inLanguage":"es","potentialAction":[{"@type":"ReadAction","target":["https:\/\/www.gilroynapolishort.com\/thursday-test-page\/"]}]},{"@type":"ImageObject","inLanguage":"es","@id":"https:\/\/www.gilroynapolishort.com\/thursday-test-page\/#primaryimage","url":"https:\/\/www.gilroynapolishort.com\/wp-content\/uploads\/2019\/02\/i-62903-DUII-Lawyers-4456.jpg","contentUrl":"https:\/\/www.gilroynapolishort.com\/wp-content\/uploads\/2019\/02\/i-62903-DUII-Lawyers-4456.jpg","width":1200,"height":300},{"@type":"BreadcrumbList","@id":"https:\/\/www.gilroynapolishort.com\/thursday-test-page\/#breadcrumb","itemListElement":[{"@type":"ListItem","position":1,"name":"Home","item":"https:\/\/www.gilroynapolishort.com\/"},{"@type":"ListItem","position":2,"name":"Thursday Test Page"}]},{"@type":"WebSite","@id":"https:\/\/www.gilroynapolishort.com\/#website","url":"https:\/\/www.gilroynapolishort.com\/","name":"Grupo de abogados Gilroy Napoli Short","description":"","potentialAction":[{"@type":"SearchAction","target":{"@type":"EntryPoint","urlTemplate":"https:\/\/www.gilroynapolishort.com\/?s={search_term_string}"},"query-input":{"@type":"PropertyValueSpecification","valueRequired":true,"valueName":"search_term_string"}}],"inLanguage":"es"}]}},"_links":{"self":[{"href":"https:\/\/www.gilroynapolishort.com\/es\/wp-json\/wp\/v2\/pages\/1668","targetHints":{"allow":["GET"]}}],"collection":[{"href":"https:\/\/www.gilroynapolishort.com\/es\/wp-json\/wp\/v2\/pages"}],"about":[{"href":"https:\/\/www.gilroynapolishort.com\/es\/wp-json\/wp\/v2\/types\/page"}],"author":[{"embeddable":true,"href":"https:\/\/www.gilroynapolishort.com\/es\/wp-json\/wp\/v2\/users\/3"}],"replies":[{"embeddable":true,"href":"https:\/\/www.gilroynapolishort.com\/es\/wp-json\/wp\/v2\/comments?post=1668"}],"version-history":[{"count":0,"href":"https:\/\/www.gilroynapolishort.com\/es\/wp-json\/wp\/v2\/pages\/1668\/revisions"}],"wp:featuredmedia":[{"embeddable":true,"href":"https:\/\/www.gilroynapolishort.com\/es\/wp-json\/wp\/v2\/media\/62"}],"wp:attachment":[{"href":"https:\/\/www.gilroynapolishort.com\/es\/wp-json\/wp\/v2\/media?parent=1668"}],"curies":[{"name":"wp","href":"https:\/\/api.w.org\/{rel}","templated":true}]}}