{"id":1701,"date":"2019-04-08T08:03:35","date_gmt":"2019-04-08T08:03:35","guid":{"rendered":"https:\/\/www.gilroynapolishort.com\/?page_id=1701"},"modified":"2019-04-08T08:03:35","modified_gmt":"2019-04-08T08:03:35","slug":"test1","status":"publish","type":"page","link":"https:\/\/www.gilroynapolishort.com\/es\/test1\/","title":{"rendered":"Prueba 1"},"content":{"rendered":"<h1>Delitos de drogas<\/h1>\n<p>Una condena por un delito grave de drogas en Oreg\u00f3n puede quitarle a\u00f1os de vida, vaciar los ahorros de su familia, condenarlo a tener antecedentes penales y perjudicar significativamente sus perspectivas de empleo o vivienda. Incluso una condena por un delito menor tiene consecuencias negativas.<\/p>\n<p>Es su deber y el de sus seres queridos garantizar la protecci\u00f3n de sus derechos. Tiene una sola oportunidad de escuchar la palabra &quot;no culpable&quot; en un tribunal. Aproveche esta oportunidad y hable de inmediato con nuestros abogados expertos en defensa penal de Gilroy Napoli Short Law Group.<\/p>\n<h2>Defenderemos tu libertad<\/h2>\n<p>Durante los m\u00e1s de 25 a\u00f1os de experiencia combinada de nuestro equipo legal, hemos trabajado arduamente para proteger los derechos y preservar el futuro de nuestros clientes en delitos de drogas, delitos federales, delitos de cuello blanco y delitos graves.<\/p>\n<p>En Gilroy Napoli Short Law Group, conocemos el derecho penal. Sabemos c\u00f3mo preparar una defensa cre\u00edble, tanto a partir de los hechos b\u00e1sicos como de los complejos de un caso. Conocemos las directrices de sentencia estatales y federales, y c\u00f3mo negociar con la fiscal\u00eda en su nombre. Nunca deber\u00eda pasar por algo as\u00ed solo; le acompa\u00f1aremos en cada paso del proceso.<\/p>\n<p>Nuestros expertos abogados especializados en tr\u00e1fico de drogas representan a clientes en Portland, Salem, Beaverton, Hillsboro y muchas otras ciudades y condados de Oreg\u00f3n.<\/p>\n<p>Ll\u00e1menos al 503-747-7198 para una consulta inicial gratuita.<\/p>\n<h3>Los abogados defensores de Gilroy Napoli Short Law Group protegen agresivamente sus derechos<\/h3>\n<p>Cuente con nosotros para obtener asesoramiento s\u00f3lido y apoyo s\u00f3lido desde la lectura de cargos hasta la sentencia si ha sido arrestado por:<\/p>\n<ul>\n<li><a href=\"https:\/\/www.gilroynapolishort.com\/es\/drug-crimes\/drug-possession\/\">Posesi\u00f3n<\/a> de marihuana, coca\u00edna, hero\u00edna y otras sustancias controladas<\/li>\n<li><a href=\"https:\/\/www.gilroynapolishort.com\/es\/drug-crimes\/delivery-of-a-controlled-substance\/\">Venta o entrega<\/a> de una sustancia controlada<\/li>\n<li><a href=\"https:\/\/www.gilroynapolishort.com\/es\/drug-crimes\/manufacture-of-a-controlled-substance\/\">Fabricar<\/a> de metanfetamina u otras sustancias controladas<\/li>\n<li>Cultivo ilegal de marihuana<\/li>\n<li><a href=\"https:\/\/www.gilroynapolishort.com\/es\/drug-crimes\/prescription-drug-charges\/\">Delitos relacionados con medicamentos recetados<\/a><\/li>\n<\/ul>\n<p>Extendemos nuestros servicios legales de calidad a los padres de estudiantes universitarios y de colegios de Oregon que viven fuera del estado y que han sido arrestados y acusados de un delito de drogas o <a href=\"https:\/\/www.gilroynapolishort.com\/es\/DUII-felony-DUII\/\">Conducir bajo los efectos del alcohol<\/a>Nuestra atenci\u00f3n al caso de su hijo o hija est\u00e1 dise\u00f1ada para ahorrarle gastos de viaje y preocupaciones innecesarias. Puede confiar en las oficinas legales de Gilroy Napoli Short Law Group en Portland o Salem para obtener respuestas honestas a sus preguntas, m\u00e1xima disponibilidad de nuestra experiencia y actualizaciones peri\u00f3dicas sobre su importante asunto legal.<\/p>\n<h2>Consulta gratuita con un abogado<\/h2>\n<p><a href=\"https:\/\/www.gilroynapolishort.com\/es\/contact\/\">Cont\u00e1ctanos<\/a> Desde cualquier lugar del estado donde te encuentres llamando <strong>503-747-7198.<\/strong> Su consulta inicial es gratuita.<\/p>\n<p><strong>Se habla espa\u00f1ol.<\/strong><\/p>","protected":false},"excerpt":{"rendered":"<p>Drug Crimes A felony drug crime conviction in Oregon can take years off your life, drain your family&#8217;s hard-earned savings, condemn you to a criminal record and do significant damage&#8230;<\/p>","protected":false},"author":2,"featured_media":79,"parent":0,"menu_order":0,"comment_status":"closed","ping_status":"closed","template":"","meta":{"_acf_changed":false,"footnotes":""},"class_list":["post-1701","page","type-page","status-publish","has-post-thumbnail","hentry"],"acf":[],"yoast_head":"<!-- This site is optimized with the Yoast SEO plugin v27.3 - https:\/\/yoast.com\/product\/yoast-seo-wordpress\/ -->\n<title>Test1 - GNS Law Group<\/title>\n<meta name=\"robots\" content=\"index, follow, max-snippet:-1, max-image-preview:large, max-video-preview:-1\" \/>\n<link rel=\"canonical\" href=\"https:\/\/www.gilroynapolishort.com\/es\/test1\/\" \/>\n<meta property=\"og:locale\" content=\"es_MX\" \/>\n<meta property=\"og:type\" content=\"article\" \/>\n<meta property=\"og:title\" content=\"Test1 - GNS Law Group\" \/>\n<meta property=\"og:description\" content=\"Drug Crimes A felony drug crime conviction in Oregon can take years off your life, drain your family&#8217;s hard-earned savings, condemn you to a criminal record and do significant damage...\" \/>\n<meta property=\"og:url\" content=\"https:\/\/www.gilroynapolishort.com\/es\/test1\/\" \/>\n<meta property=\"og:site_name\" content=\"GNS Law Group\" \/>\n<meta property=\"og:image\" content=\"https:\/\/www.gilroynapolishort.com\/wp-content\/uploads\/2019\/02\/sh_38132-prison-criminal-defense-0083.jpg\" \/>\n\t<meta property=\"og:image:width\" content=\"1200\" \/>\n\t<meta property=\"og:image:height\" content=\"300\" \/>\n\t<meta property=\"og:image:type\" content=\"image\/jpeg\" \/>\n<meta name=\"twitter:card\" content=\"summary_large_image\" \/>\n<meta name=\"twitter:label1\" content=\"Est. reading time\" \/>\n\t<meta name=\"twitter:data1\" content=\"2 minutos\" \/>\n<script type=\"application\/ld+json\" class=\"yoast-schema-graph\">{\"@context\":\"https:\\\/\\\/schema.org\",\"@graph\":[{\"@type\":\"WebPage\",\"@id\":\"https:\\\/\\\/www.gilroynapolishort.com\\\/test1\\\/\",\"url\":\"https:\\\/\\\/www.gilroynapolishort.com\\\/test1\\\/\",\"name\":\"Test1 - GNS Law Group\",\"isPartOf\":{\"@id\":\"https:\\\/\\\/www.gilroynapolishort.com\\\/#website\"},\"primaryImageOfPage\":{\"@id\":\"https:\\\/\\\/www.gilroynapolishort.com\\\/test1\\\/#primaryimage\"},\"image\":{\"@id\":\"https:\\\/\\\/www.gilroynapolishort.com\\\/test1\\\/#primaryimage\"},\"thumbnailUrl\":\"https:\\\/\\\/www.gilroynapolishort.com\\\/wp-content\\\/uploads\\\/2019\\\/02\\\/sh_38132-prison-criminal-defense-0083.jpg\",\"datePublished\":\"2019-04-08T08:03:35+00:00\",\"breadcrumb\":{\"@id\":\"https:\\\/\\\/www.gilroynapolishort.com\\\/test1\\\/#breadcrumb\"},\"inLanguage\":\"es\",\"potentialAction\":[{\"@type\":\"ReadAction\",\"target\":[\"https:\\\/\\\/www.gilroynapolishort.com\\\/test1\\\/\"]}]},{\"@type\":\"ImageObject\",\"inLanguage\":\"es\",\"@id\":\"https:\\\/\\\/www.gilroynapolishort.com\\\/test1\\\/#primaryimage\",\"url\":\"https:\\\/\\\/www.gilroynapolishort.com\\\/wp-content\\\/uploads\\\/2019\\\/02\\\/sh_38132-prison-criminal-defense-0083.jpg\",\"contentUrl\":\"https:\\\/\\\/www.gilroynapolishort.com\\\/wp-content\\\/uploads\\\/2019\\\/02\\\/sh_38132-prison-criminal-defense-0083.jpg\",\"width\":1200,\"height\":300},{\"@type\":\"BreadcrumbList\",\"@id\":\"https:\\\/\\\/www.gilroynapolishort.com\\\/test1\\\/#breadcrumb\",\"itemListElement\":[{\"@type\":\"ListItem\",\"position\":1,\"name\":\"Home\",\"item\":\"https:\\\/\\\/www.gilroynapolishort.com\\\/\"},{\"@type\":\"ListItem\",\"position\":2,\"name\":\"Test1\"}]},{\"@type\":\"WebSite\",\"@id\":\"https:\\\/\\\/www.gilroynapolishort.com\\\/#website\",\"url\":\"https:\\\/\\\/www.gilroynapolishort.com\\\/\",\"name\":\"Gilroy Napoli Short Law Group\",\"description\":\"\",\"potentialAction\":[{\"@type\":\"SearchAction\",\"target\":{\"@type\":\"EntryPoint\",\"urlTemplate\":\"https:\\\/\\\/www.gilroynapolishort.com\\\/?s={search_term_string}\"},\"query-input\":{\"@type\":\"PropertyValueSpecification\",\"valueRequired\":true,\"valueName\":\"search_term_string\"}}],\"inLanguage\":\"es\"}]}<\/script>\n<!-- \/ Yoast SEO plugin. -->","yoast_head_json":{"title":"Test1 - GNS Law Group","robots":{"index":"index","follow":"follow","max-snippet":"max-snippet:-1","max-image-preview":"max-image-preview:large","max-video-preview":"max-video-preview:-1"},"canonical":"https:\/\/www.gilroynapolishort.com\/es\/test1\/","og_locale":"es_MX","og_type":"article","og_title":"Test1 - GNS Law Group","og_description":"Drug Crimes A felony drug crime conviction in Oregon can take years off your life, drain your family&#8217;s hard-earned savings, condemn you to a criminal record and do significant damage...","og_url":"https:\/\/www.gilroynapolishort.com\/es\/test1\/","og_site_name":"GNS Law Group","og_image":[{"width":1200,"height":300,"url":"https:\/\/www.gilroynapolishort.com\/wp-content\/uploads\/2019\/02\/sh_38132-prison-criminal-defense-0083.jpg","type":"image\/jpeg"}],"twitter_card":"summary_large_image","twitter_misc":{"Est. reading time":"2 minutos"},"schema":{"@context":"https:\/\/schema.org","@graph":[{"@type":"WebPage","@id":"https:\/\/www.gilroynapolishort.com\/test1\/","url":"https:\/\/www.gilroynapolishort.com\/test1\/","name":"Test1 - GNS Law Group","isPartOf":{"@id":"https:\/\/www.gilroynapolishort.com\/#website"},"primaryImageOfPage":{"@id":"https:\/\/www.gilroynapolishort.com\/test1\/#primaryimage"},"image":{"@id":"https:\/\/www.gilroynapolishort.com\/test1\/#primaryimage"},"thumbnailUrl":"https:\/\/www.gilroynapolishort.com\/wp-content\/uploads\/2019\/02\/sh_38132-prison-criminal-defense-0083.jpg","datePublished":"2019-04-08T08:03:35+00:00","breadcrumb":{"@id":"https:\/\/www.gilroynapolishort.com\/test1\/#breadcrumb"},"inLanguage":"es","potentialAction":[{"@type":"ReadAction","target":["https:\/\/www.gilroynapolishort.com\/test1\/"]}]},{"@type":"ImageObject","inLanguage":"es","@id":"https:\/\/www.gilroynapolishort.com\/test1\/#primaryimage","url":"https:\/\/www.gilroynapolishort.com\/wp-content\/uploads\/2019\/02\/sh_38132-prison-criminal-defense-0083.jpg","contentUrl":"https:\/\/www.gilroynapolishort.com\/wp-content\/uploads\/2019\/02\/sh_38132-prison-criminal-defense-0083.jpg","width":1200,"height":300},{"@type":"BreadcrumbList","@id":"https:\/\/www.gilroynapolishort.com\/test1\/#breadcrumb","itemListElement":[{"@type":"ListItem","position":1,"name":"Home","item":"https:\/\/www.gilroynapolishort.com\/"},{"@type":"ListItem","position":2,"name":"Test1"}]},{"@type":"WebSite","@id":"https:\/\/www.gilroynapolishort.com\/#website","url":"https:\/\/www.gilroynapolishort.com\/","name":"Grupo de abogados Gilroy Napoli Short","description":"","potentialAction":[{"@type":"SearchAction","target":{"@type":"EntryPoint","urlTemplate":"https:\/\/www.gilroynapolishort.com\/?s={search_term_string}"},"query-input":{"@type":"PropertyValueSpecification","valueRequired":true,"valueName":"search_term_string"}}],"inLanguage":"es"}]}},"_links":{"self":[{"href":"https:\/\/www.gilroynapolishort.com\/es\/wp-json\/wp\/v2\/pages\/1701","targetHints":{"allow":["GET"]}}],"collection":[{"href":"https:\/\/www.gilroynapolishort.com\/es\/wp-json\/wp\/v2\/pages"}],"about":[{"href":"https:\/\/www.gilroynapolishort.com\/es\/wp-json\/wp\/v2\/types\/page"}],"author":[{"embeddable":true,"href":"https:\/\/www.gilroynapolishort.com\/es\/wp-json\/wp\/v2\/users\/2"}],"replies":[{"embeddable":true,"href":"https:\/\/www.gilroynapolishort.com\/es\/wp-json\/wp\/v2\/comments?post=1701"}],"version-history":[{"count":0,"href":"https:\/\/www.gilroynapolishort.com\/es\/wp-json\/wp\/v2\/pages\/1701\/revisions"}],"wp:featuredmedia":[{"embeddable":true,"href":"https:\/\/www.gilroynapolishort.com\/es\/wp-json\/wp\/v2\/media\/79"}],"wp:attachment":[{"href":"https:\/\/www.gilroynapolishort.com\/es\/wp-json\/wp\/v2\/media?parent=1701"}],"curies":[{"name":"wp","href":"https:\/\/api.w.org\/{rel}","templated":true}]}}