{"id":1860,"date":"2021-04-01T02:21:01","date_gmt":"2021-04-01T02:21:01","guid":{"rendered":"https:\/\/www.gilroynapolishort.com\/?page_id=1860"},"modified":"2024-03-07T17:28:56","modified_gmt":"2024-03-07T17:28:56","slug":"portland","status":"publish","type":"page","link":"https:\/\/www.gilroynapolishort.com\/es\/portland\/","title":{"rendered":"Portland"},"content":{"rendered":"<h1>Pantal\u00f3n corto Gilroy Napoli \u2013 Portland<\/h1>\n<p>Nuestros abogados en Portland est\u00e1n a su disposici\u00f3n y totalmente preparados para proteger sus derechos y salvaguardar sus intereses. Hemos ayudado a numerosas personas y familias en los condados de Multnomah, Clackamas y Washington a obtener resoluciones eficientes y eficaces para el cumplimiento de sus objetivos legales.<\/p>\n<p>Cont\u00e1ctanos hoy desde cualquier lugar del estado: <strong>503-747-7198.<\/strong> Responderemos con prontitud a su correo electr\u00f3nico o mensaje urgente y a su solicitud de cita por la tarde o el fin de semana. Estamos disponibles las 24 horas, los 7 d\u00edas de la semana.<\/p>\n<div class=\"highlight-box-2\">\n<div class=\"row\">\n<div class=\"four columns\">\n<h3>Ubicaci\u00f3n de la oficina de Portland<\/h3>\n<address>12755 SW 69th Avenue<br \/>\nSuite 200<br \/>\nPortland, OR 97223<br \/>\n<strong>TEL\u00c9FONO: 503-747-7198<\/strong><\/address>\n<\/div>\n<div class=\"eight columns\"><iframe loading=\"lazy\" style=\"border: 0;\" src=\"https:\/\/www.google.com\/maps\/embed?pb=!1m18!1m12!1m3!1d2800.0628566574683!2d-122.7504203840023!3d45.42823424386295!2m3!1f0!2f0!3f0!3m2!1i1024!2i768!4f13.1!3m3!1m2!1s0x54950cd1d3f0366b%3A0x30d3b0f0adf11c41!2s12755+SW+69th+Ave+%23200%2C+Tigard%2C+OR+97223!5e0!3m2!1sen!2sus!4v1486747221761\" width=\"100%\" height=\"300\" frameborder=\"0\" allowfullscreen=\"allowfullscreen\"><\/iframe><\/div>\n<\/div>\n<\/div>\n<h2>No lo hagas solo \u00b7 Estaremos ah\u00ed a tu lado<\/h2>\n<p>Nuestro <a href=\"https:\/\/www.gilroynapolishort.com\/es\/criminal-defense\/\">defensa penal<\/a> El equipo legal ha defendido con \u00e9xito a clientes que enfrentan una amplia gama de cargos criminales, desde robos menores y cargos por drogas hasta conducir ebrio y <a href=\"https:\/\/www.gilroynapolishort.com\/es\/criminal-defense\/measure-11-crimes\/\">Medida 11<\/a> Intento de asesinato. Conocemos a fondo casos de delitos menores y graves, y siempre defendemos con firmeza los derechos e intereses de nuestros clientes.<\/p>\n<p>Servimos a nuestros <a href=\"https:\/\/www.gilroynapolishort.com\/es\/personal-injury\/\">lesiones personales<\/a> Ofrecemos a nuestros clientes una investigaci\u00f3n exhaustiva, una negociaci\u00f3n h\u00e1bil con las aseguradoras y un litigio agresivo, si es necesario, para que puedan concentrarse en su recuperaci\u00f3n y retomar la normalidad. Nuestros abogados de accidentes automovil\u00edsticos se preparar\u00e1n a fondo para afrontar los problemas de su reclamaci\u00f3n por lesiones. Buscaremos con ah\u00ednco la m\u00e1xima compensaci\u00f3n financiera que usted merece para cubrir la p\u00e9rdida de ingresos, los gastos m\u00e9dicos, la reparaci\u00f3n o el reemplazo de un autom\u00f3vil o cami\u00f3n, y el dolor y el sufrimiento. Adem\u00e1s, ofrecemos representaci\u00f3n orientada a resultados. <a href=\"https:\/\/www.gilroynapolishort.com\/es\/civil-litigation\/\">litigios complejos<\/a>.<\/p>\n<div class=\"highlight-box\">\n<h2>Nuestro trabajo en la restauraci\u00f3n del derecho a poseer armas<\/h2>\n<p>Un enfoque especial de nuestra firma es representar a individuos y comerciantes de armas de fuego en <a href=\"https:\/\/www.gilroynapolishort.com\/es\/gun-rights-restoration-firearms-issues\/\">derechos de armas<\/a> Casos. Si sus derechos est\u00e1n en peligro o ya los ha perdido, perm\u00edtanos trabajar para restaurar sus derechos constitucionales.<\/p>\n<\/div>\n<p>Puede poner los beneficios de nuestros muchos a\u00f1os de servicio, amplio conocimiento legal y gran compromiso con el cliente a trabajar para usted, su empresa y su familia, a partir de hoy.<\/p>\n<h2>Contacte a Gilroy Napoli Short Law Group<\/h2>\n<p>Nuestros abogados locales de Oregon representan a clientes en ciudades de todo el estado, incluidas <a href=\"https:\/\/www.gilroynapolishort.com\/es\/dui-lawyer-portland\/\">Portland<\/a>, <a href=\"https:\/\/www.gilroynapolishort.com\/es\/dui-lawyer-beaverton\/\">Beaverton<\/a>, <a href=\"https:\/\/www.gilroynapolishort.com\/es\/hillsboro\/\">Hillsboro<\/a>, <a href=\"https:\/\/www.gilroynapolishort.com\/es\/dui-lawyer-tigard\/\">Tigard<\/a>, Sherwood, Gresham, Clackamas, Lago Oswego, <a href=\"https:\/\/www.gilroynapolishort.com\/es\/salem\/\">Salem<\/a>, Albany, Wilsonville, <a href=\"https:\/\/www.gilroynapolishort.com\/es\/bend\/\">Bend<\/a>, Madras, Sisters, Sun River, Redmond, Medford, Ashland y muchos otros. <a href=\"https:\/\/www.gilroynapolishort.com\/es\/contact\/\">Cont\u00e1ctanos<\/a> Hoy, desde cualquier lugar del estado: <strong>503-747-7198.<\/strong><\/p>\n<p>Responderemos con prontitud a su correo electr\u00f3nico o mensaje urgente y a su solicitud de cita por la tarde o el fin de semana. Estamos disponibles las 24 horas, los 7 d\u00edas de la semana.<\/p>\n<p><strong>Se habla espa\u00f1ol.<\/strong><\/p>","protected":false},"excerpt":{"rendered":"<p>Gilroy Napoli Short &#8211; Portland Our Portland attorneys are here for you and are fully prepared to aggressively protect your rights and safeguard your interests. We have helped a great&#8230;<\/p>","protected":false},"author":3,"featured_media":3730,"parent":0,"menu_order":0,"comment_status":"closed","ping_status":"closed","template":"page-template.php","meta":{"_acf_changed":false,"footnotes":""},"class_list":["post-1860","page","type-page","status-publish","has-post-thumbnail","hentry"],"acf":[],"yoast_head":"<!-- This site is optimized with the Yoast SEO plugin v27.3 - https:\/\/yoast.com\/product\/yoast-seo-wordpress\/ -->\n<title>Criminal Defense, DUI &amp; Employment Discrimination Lawyer Portland OR<\/title>\n<meta name=\"description\" content=\"Our Portland attorneys are here for you &amp; are fully prepared to aggressively protect your rights + safeguard your interests. Free Consultation 503-747-7198.\" \/>\n<meta name=\"robots\" content=\"index, follow, max-snippet:-1, max-image-preview:large, max-video-preview:-1\" \/>\n<link rel=\"canonical\" href=\"https:\/\/www.gilroynapolishort.com\/es\/portland\/\" \/>\n<meta property=\"og:locale\" content=\"es_MX\" \/>\n<meta property=\"og:type\" content=\"article\" \/>\n<meta property=\"og:title\" content=\"Criminal Defense, DUI &amp; Employment Discrimination Lawyer Portland OR\" \/>\n<meta property=\"og:description\" content=\"Our Portland attorneys are here for you &amp; are fully prepared to aggressively protect your rights + safeguard your interests. Free Consultation 503-747-7198.\" \/>\n<meta property=\"og:url\" content=\"https:\/\/www.gilroynapolishort.com\/es\/portland\/\" \/>\n<meta property=\"og:site_name\" content=\"GNS Law Group\" \/>\n<meta property=\"article:modified_time\" content=\"2024-03-07T17:28:56+00:00\" \/>\n<meta property=\"og:image\" content=\"https:\/\/www.gilroynapolishort.com\/wp-content\/uploads\/2024\/03\/shutterstock_1845156976-3.jpg\" \/>\n\t<meta property=\"og:image:width\" content=\"1600\" \/>\n\t<meta property=\"og:image:height\" content=\"900\" \/>\n\t<meta property=\"og:image:type\" content=\"image\/jpeg\" \/>\n<meta name=\"twitter:card\" content=\"summary_large_image\" \/>\n<meta name=\"twitter:label1\" content=\"Est. reading time\" \/>\n\t<meta name=\"twitter:data1\" content=\"2 minutos\" \/>\n<script type=\"application\/ld+json\" class=\"yoast-schema-graph\">{\"@context\":\"https:\\\/\\\/schema.org\",\"@graph\":[{\"@type\":\"WebPage\",\"@id\":\"https:\\\/\\\/www.gilroynapolishort.com\\\/portland\\\/\",\"url\":\"https:\\\/\\\/www.gilroynapolishort.com\\\/portland\\\/\",\"name\":\"Criminal Defense, DUI & Employment Discrimination Lawyer Portland OR\",\"isPartOf\":{\"@id\":\"https:\\\/\\\/www.gilroynapolishort.com\\\/#website\"},\"primaryImageOfPage\":{\"@id\":\"https:\\\/\\\/www.gilroynapolishort.com\\\/portland\\\/#primaryimage\"},\"image\":{\"@id\":\"https:\\\/\\\/www.gilroynapolishort.com\\\/portland\\\/#primaryimage\"},\"thumbnailUrl\":\"https:\\\/\\\/www.gilroynapolishort.com\\\/wp-content\\\/uploads\\\/2024\\\/03\\\/shutterstock_1845156976-3.jpg\",\"datePublished\":\"2021-04-01T02:21:01+00:00\",\"dateModified\":\"2024-03-07T17:28:56+00:00\",\"description\":\"Our Portland attorneys are here for you & are fully prepared to aggressively protect your rights + safeguard your interests. Free Consultation 503-747-7198.\",\"breadcrumb\":{\"@id\":\"https:\\\/\\\/www.gilroynapolishort.com\\\/portland\\\/#breadcrumb\"},\"inLanguage\":\"es\",\"potentialAction\":[{\"@type\":\"ReadAction\",\"target\":[\"https:\\\/\\\/www.gilroynapolishort.com\\\/portland\\\/\"]}]},{\"@type\":\"ImageObject\",\"inLanguage\":\"es\",\"@id\":\"https:\\\/\\\/www.gilroynapolishort.com\\\/portland\\\/#primaryimage\",\"url\":\"https:\\\/\\\/www.gilroynapolishort.com\\\/wp-content\\\/uploads\\\/2024\\\/03\\\/shutterstock_1845156976-3.jpg\",\"contentUrl\":\"https:\\\/\\\/www.gilroynapolishort.com\\\/wp-content\\\/uploads\\\/2024\\\/03\\\/shutterstock_1845156976-3.jpg\",\"width\":1600,\"height\":900,\"caption\":\"Sunset in Downtown Portland Oregon\"},{\"@type\":\"BreadcrumbList\",\"@id\":\"https:\\\/\\\/www.gilroynapolishort.com\\\/portland\\\/#breadcrumb\",\"itemListElement\":[{\"@type\":\"ListItem\",\"position\":1,\"name\":\"Home\",\"item\":\"https:\\\/\\\/www.gilroynapolishort.com\\\/\"},{\"@type\":\"ListItem\",\"position\":2,\"name\":\"Portland\"}]},{\"@type\":\"WebSite\",\"@id\":\"https:\\\/\\\/www.gilroynapolishort.com\\\/#website\",\"url\":\"https:\\\/\\\/www.gilroynapolishort.com\\\/\",\"name\":\"Gilroy Napoli Short Law Group\",\"description\":\"\",\"potentialAction\":[{\"@type\":\"SearchAction\",\"target\":{\"@type\":\"EntryPoint\",\"urlTemplate\":\"https:\\\/\\\/www.gilroynapolishort.com\\\/?s={search_term_string}\"},\"query-input\":{\"@type\":\"PropertyValueSpecification\",\"valueRequired\":true,\"valueName\":\"search_term_string\"}}],\"inLanguage\":\"es\"}]}<\/script>\n<!-- \/ Yoast SEO plugin. -->","yoast_head_json":{"title":"Criminal Defense, DUI & Employment Discrimination Lawyer Portland OR","description":"Our Portland attorneys are here for you & are fully prepared to aggressively protect your rights + safeguard your interests. Free Consultation 503-747-7198.","robots":{"index":"index","follow":"follow","max-snippet":"max-snippet:-1","max-image-preview":"max-image-preview:large","max-video-preview":"max-video-preview:-1"},"canonical":"https:\/\/www.gilroynapolishort.com\/es\/portland\/","og_locale":"es_MX","og_type":"article","og_title":"Criminal Defense, DUI & Employment Discrimination Lawyer Portland OR","og_description":"Our Portland attorneys are here for you & are fully prepared to aggressively protect your rights + safeguard your interests. Free Consultation 503-747-7198.","og_url":"https:\/\/www.gilroynapolishort.com\/es\/portland\/","og_site_name":"GNS Law Group","article_modified_time":"2024-03-07T17:28:56+00:00","og_image":[{"width":1600,"height":900,"url":"https:\/\/www.gilroynapolishort.com\/wp-content\/uploads\/2024\/03\/shutterstock_1845156976-3.jpg","type":"image\/jpeg"}],"twitter_card":"summary_large_image","twitter_misc":{"Est. reading time":"2 minutos"},"schema":{"@context":"https:\/\/schema.org","@graph":[{"@type":"WebPage","@id":"https:\/\/www.gilroynapolishort.com\/portland\/","url":"https:\/\/www.gilroynapolishort.com\/portland\/","name":"Criminal Defense, DUI & Employment Discrimination Lawyer Portland OR","isPartOf":{"@id":"https:\/\/www.gilroynapolishort.com\/#website"},"primaryImageOfPage":{"@id":"https:\/\/www.gilroynapolishort.com\/portland\/#primaryimage"},"image":{"@id":"https:\/\/www.gilroynapolishort.com\/portland\/#primaryimage"},"thumbnailUrl":"https:\/\/www.gilroynapolishort.com\/wp-content\/uploads\/2024\/03\/shutterstock_1845156976-3.jpg","datePublished":"2021-04-01T02:21:01+00:00","dateModified":"2024-03-07T17:28:56+00:00","description":"Our Portland attorneys are here for you & are fully prepared to aggressively protect your rights + safeguard your interests. Free Consultation 503-747-7198.","breadcrumb":{"@id":"https:\/\/www.gilroynapolishort.com\/portland\/#breadcrumb"},"inLanguage":"es","potentialAction":[{"@type":"ReadAction","target":["https:\/\/www.gilroynapolishort.com\/portland\/"]}]},{"@type":"ImageObject","inLanguage":"es","@id":"https:\/\/www.gilroynapolishort.com\/portland\/#primaryimage","url":"https:\/\/www.gilroynapolishort.com\/wp-content\/uploads\/2024\/03\/shutterstock_1845156976-3.jpg","contentUrl":"https:\/\/www.gilroynapolishort.com\/wp-content\/uploads\/2024\/03\/shutterstock_1845156976-3.jpg","width":1600,"height":900,"caption":"Sunset in Downtown Portland Oregon"},{"@type":"BreadcrumbList","@id":"https:\/\/www.gilroynapolishort.com\/portland\/#breadcrumb","itemListElement":[{"@type":"ListItem","position":1,"name":"Home","item":"https:\/\/www.gilroynapolishort.com\/"},{"@type":"ListItem","position":2,"name":"Portland"}]},{"@type":"WebSite","@id":"https:\/\/www.gilroynapolishort.com\/#website","url":"https:\/\/www.gilroynapolishort.com\/","name":"Grupo de abogados Gilroy Napoli Short","description":"","potentialAction":[{"@type":"SearchAction","target":{"@type":"EntryPoint","urlTemplate":"https:\/\/www.gilroynapolishort.com\/?s={search_term_string}"},"query-input":{"@type":"PropertyValueSpecification","valueRequired":true,"valueName":"search_term_string"}}],"inLanguage":"es"}]}},"_links":{"self":[{"href":"https:\/\/www.gilroynapolishort.com\/es\/wp-json\/wp\/v2\/pages\/1860","targetHints":{"allow":["GET"]}}],"collection":[{"href":"https:\/\/www.gilroynapolishort.com\/es\/wp-json\/wp\/v2\/pages"}],"about":[{"href":"https:\/\/www.gilroynapolishort.com\/es\/wp-json\/wp\/v2\/types\/page"}],"author":[{"embeddable":true,"href":"https:\/\/www.gilroynapolishort.com\/es\/wp-json\/wp\/v2\/users\/3"}],"replies":[{"embeddable":true,"href":"https:\/\/www.gilroynapolishort.com\/es\/wp-json\/wp\/v2\/comments?post=1860"}],"version-history":[{"count":0,"href":"https:\/\/www.gilroynapolishort.com\/es\/wp-json\/wp\/v2\/pages\/1860\/revisions"}],"wp:featuredmedia":[{"embeddable":true,"href":"https:\/\/www.gilroynapolishort.com\/es\/wp-json\/wp\/v2\/media\/3730"}],"wp:attachment":[{"href":"https:\/\/www.gilroynapolishort.com\/es\/wp-json\/wp\/v2\/media?parent=1860"}],"curies":[{"name":"wp","href":"https:\/\/api.w.org\/{rel}","templated":true}]}}