{"id":1908,"date":"2021-04-01T03:23:41","date_gmt":"2021-04-01T03:23:41","guid":{"rendered":"https:\/\/www.gilroynapolishort.com\/?page_id=1908"},"modified":"2024-03-05T23:25:04","modified_gmt":"2024-03-05T23:25:04","slug":"attorney","status":"publish","type":"page","link":"https:\/\/www.gilroynapolishort.com\/es\/attorney\/","title":{"rendered":"Gilroy Napoli Corto"},"content":{"rendered":"<div class=\"team-grid\">\n<div class=\"container\"><\/div>\n<\/div>\n<div class=\"team-content\">\n<div class=\"container\">\n<h1 class=\"center extraLarge\">Nuestro equipo de abogados<\/h1>\n<p>En Gilroy Napoli Short Law Group, nos enorgullecemos de nuestra capacidad para ayudarle en momentos de necesidad. Nuestro bufete litigante en Oreg\u00f3n cuenta con amplios conocimientos en importantes \u00e1reas de pr\u00e1ctica que protegen sus derechos, sus libertades y su futuro.<\/p>\n<p>Nuestros socios fundadores, quienes comenzaron sus carreras en el \u00e1mbito legal como fiscales, trabajan en equipo junto con nuestros dem\u00e1s abogados y personal legal altamente capacitado. Nuestros vers\u00e1tiles abogados y personal se destacan en la preparaci\u00f3n exhaustiva de casos de derecho penal, lesiones personales, consumo y litigios civiles, y en la elaboraci\u00f3n de estrategias creativas para cada asunto legal espec\u00edfico.<\/p>\n<p>Acuda a Gilroy Napoli Short Law Group para obtener una representaci\u00f3n agresiva, orientaci\u00f3n confiable, d\u00e9cadas de experiencia combinada y un servicio personal atento.<\/p>\n<\/div>\n<\/div>","protected":false},"excerpt":{"rendered":"<p>Our Team Of Lawyers At Gilroy Napoli Short Law Group, we pride ourselves on our ability to help you in a time of need. Our Oregon trial firm is knowledgeable&#8230;<\/p>","protected":false},"author":2,"featured_media":0,"parent":0,"menu_order":0,"comment_status":"closed","ping_status":"closed","template":"archive-attorneys.php","meta":{"_acf_changed":false,"footnotes":""},"class_list":["post-1908","page","type-page","status-publish","hentry"],"acf":[],"yoast_head":"<!-- This site is optimized with the Yoast SEO plugin v27.3 - https:\/\/yoast.com\/product\/yoast-seo-wordpress\/ -->\n<title>Oregon&#039;s Best Attorneys in Portland, Hillsboro, Salem, Bend &amp; Medford<\/title>\n<meta name=\"description\" content=\"Top-Rated Oregon attorneys who aggressively pursue results in criminal and civil cases. Gilroy Napoli Short 503-747-7198. Free consultation.\" \/>\n<meta name=\"robots\" content=\"index, follow, max-snippet:-1, max-image-preview:large, max-video-preview:-1\" \/>\n<link rel=\"canonical\" href=\"https:\/\/www.gilroynapolishort.com\/es\/attorney\/\" \/>\n<meta property=\"og:locale\" content=\"es_MX\" \/>\n<meta property=\"og:type\" content=\"article\" \/>\n<meta property=\"og:title\" content=\"Oregon&#039;s Best Attorneys in Portland, Hillsboro, Salem, Bend &amp; Medford\" \/>\n<meta property=\"og:description\" content=\"Top-Rated Oregon attorneys who aggressively pursue results in criminal and civil cases. Gilroy Napoli Short 503-747-7198. Free consultation.\" \/>\n<meta property=\"og:url\" content=\"https:\/\/www.gilroynapolishort.com\/es\/attorney\/\" \/>\n<meta property=\"og:site_name\" content=\"GNS Law Group\" \/>\n<meta property=\"article:modified_time\" content=\"2024-03-05T23:25:04+00:00\" \/>\n<meta name=\"twitter:card\" content=\"summary_large_image\" \/>\n<meta name=\"twitter:label1\" content=\"Est. reading time\" \/>\n\t<meta name=\"twitter:data1\" content=\"1 minuto\" \/>\n<script type=\"application\/ld+json\" class=\"yoast-schema-graph\">{\"@context\":\"https:\\\/\\\/schema.org\",\"@graph\":[{\"@type\":\"WebPage\",\"@id\":\"https:\\\/\\\/www.gilroynapolishort.com\\\/attorney\\\/\",\"url\":\"https:\\\/\\\/www.gilroynapolishort.com\\\/attorney\\\/\",\"name\":\"Oregon's Best Attorneys in Portland, Hillsboro, Salem, Bend & Medford\",\"isPartOf\":{\"@id\":\"https:\\\/\\\/www.gilroynapolishort.com\\\/#website\"},\"datePublished\":\"2021-04-01T03:23:41+00:00\",\"dateModified\":\"2024-03-05T23:25:04+00:00\",\"description\":\"Top-Rated Oregon attorneys who aggressively pursue results in criminal and civil cases. Gilroy Napoli Short 503-747-7198. Free consultation.\",\"breadcrumb\":{\"@id\":\"https:\\\/\\\/www.gilroynapolishort.com\\\/attorney\\\/#breadcrumb\"},\"inLanguage\":\"es\",\"potentialAction\":[{\"@type\":\"ReadAction\",\"target\":[\"https:\\\/\\\/www.gilroynapolishort.com\\\/attorney\\\/\"]}]},{\"@type\":\"BreadcrumbList\",\"@id\":\"https:\\\/\\\/www.gilroynapolishort.com\\\/attorney\\\/#breadcrumb\",\"itemListElement\":[{\"@type\":\"ListItem\",\"position\":1,\"name\":\"Home\",\"item\":\"https:\\\/\\\/www.gilroynapolishort.com\\\/\"},{\"@type\":\"ListItem\",\"position\":2,\"name\":\"Gilroy Napoli Short\"}]},{\"@type\":\"WebSite\",\"@id\":\"https:\\\/\\\/www.gilroynapolishort.com\\\/#website\",\"url\":\"https:\\\/\\\/www.gilroynapolishort.com\\\/\",\"name\":\"Gilroy Napoli Short Law Group\",\"description\":\"\",\"potentialAction\":[{\"@type\":\"SearchAction\",\"target\":{\"@type\":\"EntryPoint\",\"urlTemplate\":\"https:\\\/\\\/www.gilroynapolishort.com\\\/?s={search_term_string}\"},\"query-input\":{\"@type\":\"PropertyValueSpecification\",\"valueRequired\":true,\"valueName\":\"search_term_string\"}}],\"inLanguage\":\"es\"}]}<\/script>\n<!-- \/ Yoast SEO plugin. -->","yoast_head_json":{"title":"Oregon's Best Attorneys in Portland, Hillsboro, Salem, Bend & Medford","description":"Top-Rated Oregon attorneys who aggressively pursue results in criminal and civil cases. Gilroy Napoli Short 503-747-7198. Free consultation.","robots":{"index":"index","follow":"follow","max-snippet":"max-snippet:-1","max-image-preview":"max-image-preview:large","max-video-preview":"max-video-preview:-1"},"canonical":"https:\/\/www.gilroynapolishort.com\/es\/attorney\/","og_locale":"es_MX","og_type":"article","og_title":"Oregon's Best Attorneys in Portland, Hillsboro, Salem, Bend & Medford","og_description":"Top-Rated Oregon attorneys who aggressively pursue results in criminal and civil cases. Gilroy Napoli Short 503-747-7198. Free consultation.","og_url":"https:\/\/www.gilroynapolishort.com\/es\/attorney\/","og_site_name":"GNS Law Group","article_modified_time":"2024-03-05T23:25:04+00:00","twitter_card":"summary_large_image","twitter_misc":{"Est. reading time":"1 minuto"},"schema":{"@context":"https:\/\/schema.org","@graph":[{"@type":"WebPage","@id":"https:\/\/www.gilroynapolishort.com\/attorney\/","url":"https:\/\/www.gilroynapolishort.com\/attorney\/","name":"Oregon's Best Attorneys in Portland, Hillsboro, Salem, Bend & Medford","isPartOf":{"@id":"https:\/\/www.gilroynapolishort.com\/#website"},"datePublished":"2021-04-01T03:23:41+00:00","dateModified":"2024-03-05T23:25:04+00:00","description":"Top-Rated Oregon attorneys who aggressively pursue results in criminal and civil cases. Gilroy Napoli Short 503-747-7198. Free consultation.","breadcrumb":{"@id":"https:\/\/www.gilroynapolishort.com\/attorney\/#breadcrumb"},"inLanguage":"es","potentialAction":[{"@type":"ReadAction","target":["https:\/\/www.gilroynapolishort.com\/attorney\/"]}]},{"@type":"BreadcrumbList","@id":"https:\/\/www.gilroynapolishort.com\/attorney\/#breadcrumb","itemListElement":[{"@type":"ListItem","position":1,"name":"Home","item":"https:\/\/www.gilroynapolishort.com\/"},{"@type":"ListItem","position":2,"name":"Gilroy Napoli Short"}]},{"@type":"WebSite","@id":"https:\/\/www.gilroynapolishort.com\/#website","url":"https:\/\/www.gilroynapolishort.com\/","name":"Grupo de abogados Gilroy Napoli Short","description":"","potentialAction":[{"@type":"SearchAction","target":{"@type":"EntryPoint","urlTemplate":"https:\/\/www.gilroynapolishort.com\/?s={search_term_string}"},"query-input":{"@type":"PropertyValueSpecification","valueRequired":true,"valueName":"search_term_string"}}],"inLanguage":"es"}]}},"_links":{"self":[{"href":"https:\/\/www.gilroynapolishort.com\/es\/wp-json\/wp\/v2\/pages\/1908","targetHints":{"allow":["GET"]}}],"collection":[{"href":"https:\/\/www.gilroynapolishort.com\/es\/wp-json\/wp\/v2\/pages"}],"about":[{"href":"https:\/\/www.gilroynapolishort.com\/es\/wp-json\/wp\/v2\/types\/page"}],"author":[{"embeddable":true,"href":"https:\/\/www.gilroynapolishort.com\/es\/wp-json\/wp\/v2\/users\/2"}],"replies":[{"embeddable":true,"href":"https:\/\/www.gilroynapolishort.com\/es\/wp-json\/wp\/v2\/comments?post=1908"}],"version-history":[{"count":0,"href":"https:\/\/www.gilroynapolishort.com\/es\/wp-json\/wp\/v2\/pages\/1908\/revisions"}],"wp:attachment":[{"href":"https:\/\/www.gilroynapolishort.com\/es\/wp-json\/wp\/v2\/media?parent=1908"}],"curies":[{"name":"wp","href":"https:\/\/api.w.org\/{rel}","templated":true}]}}