{"id":2039,"date":"2026-02-20T07:32:13","date_gmt":"2026-02-20T15:32:13","guid":{"rendered":"https:\/\/www.gilroynapolishort.com\/?page_id=2039"},"modified":"2026-02-20T20:10:06","modified_gmt":"2026-02-21T04:10:06","slug":"kidnapping","status":"publish","type":"page","link":"https:\/\/www.gilroynapolishort.com\/es\/practice-areas\/criminal-defense\/kidnapping\/","title":{"rendered":"Secuestro"},"content":{"rendered":"<h1>Abogados de secuestro<\/h1>\n<p>Las acusaciones de secuestro pueden derivar en cargos y sanciones graves tras la condena. Muchos casos de secuestro comienzan con disturbios familiares o acusaciones de encarcelamiento injustificado. Generalmente, los acusados son acusados de m\u00e1s por estos delitos y necesitan un equipo de defensa penal competente. En Gilroy Napoli Short Law Group, somos expertos en la defensa de casos complejos que involucran a ni\u00f1os o adultos y que resultan en cargos de secuestro.<\/p>\n<p><strong>INVESTIGACIONES DE SECUESTRO PARA CONSTRUIR SU DEFENSA<\/strong><\/p>\n<p>Nuestro equipo legal iniciar\u00e1 una investigaci\u00f3n urgente para reunir y obtener todas las pruebas necesarias para su caso. Entrevistaremos a testigos, hablaremos con investigadores privados y peritos relevantes, reevaluaremos la documentaci\u00f3n policial y examinaremos todas las opciones de defensa para su caso. Las autoridades preparar\u00e1n su caso incluso antes de su arresto; nuestros abogados actuar\u00e1n con prontitud para refutar cualquier prueba presentada en su contra.<\/p>\n<p>Sabemos que los casos de secuestro suelen surgir de situaciones complejas. Tambi\u00e9n sabemos que cualquier condena podr\u00eda dejar al acusado con antecedentes penales. Es fundamental actuar cuanto antes para proteger sus derechos.<\/p>\n<p><strong>Los abogados de Gilroy Napoli Short tienen experiencia en la defensa de casos que involucran:<\/strong><\/p>\n<ul>\n<li>Derechos de los padres<\/li>\n<li>Violencia dom\u00e9stica<\/li>\n<li>Lesiones<\/li>\n<li>Delitos contra los ni\u00f1os<\/li>\n<li>Restricci\u00f3n penal<\/li>\n<li>Encarcelamiento injusto<\/li>\n<li>Investigaciones de delitos graves<\/li>\n<li>Lesiones<\/li>\n<li>Delitos sexuales<\/li>\n<\/ul>\n<p><strong>SECUESTRO RELACIONADO CON DIVORCIOS Y DISPUTAS DE DERECHO FAMILIAR<\/strong><\/p>\n<p>Many times kidnapping charges will stem from the context of a divorce or other disagreement. If you have recently been arrested for a crime associated with your child, it is critical to know your rights and seek professional counsel as quickly as possible. Our <a href=\"\/es\/practice-areas\/criminal-defense\/\">Oregon criminal defense attorneys<\/a> know how challenging and sensitive these cases can be and understand how criminal matters can affect family law cases. Take action now to protect your rights and the best interest of your children.<\/p>\n<p><strong>Please note: Our practice does not include family law cases.<\/strong><\/p>\n<p><strong>EXPONIENDO LA EVIDENCIA IMPERATIVA EN SU CASO PARA PROTEGER SUS DERECHOS<\/strong><\/p>\n<p>Los abogados de Gilroy Napoli Short cuentan con una amplia experiencia en tribunales estatales y federales. Tambi\u00e9n contamos con a\u00f1os de experiencia en casos de delitos graves y menores, incluyendo casos que se solapan en el \u00e1mbito penal y familiar. En muchos casos, la fiscal\u00eda presenta cargos excesivos o simplemente incluye acusaciones fraudulentas. Trabajaremos incansablemente para descubrir qu\u00e9 sucedi\u00f3 realmente en su caso y proteger sus derechos.<\/p>\n<p>Cont\u00e1ctenos hoy para programar una consulta inicial gratuita y descubrir sus opciones legales. Puede llamar a Gilroy Napoli Short Law Group al 503-747-7198. Representamos a personas en los condados de Multnomah, Washington, Clackamas, Deschutes, Jefferson, Crook y Klamath.<\/p>\n<p>Se habla espa\u00f1ol<\/p>","protected":false},"excerpt":{"rendered":"<p>Kidnapping Attorneys Kidnapping accusations can develop into severe charges and penalties upon conviction. Many kidnapping cases begin with family disturbances or allegations of untruthful imprisonment. Generally defendants are overcharged for&#8230;<\/p>","protected":false},"author":2,"featured_media":0,"parent":221,"menu_order":0,"comment_status":"closed","ping_status":"closed","template":"single-criminal-page.php","meta":{"_acf_changed":false,"footnotes":""},"class_list":["post-2039","page","type-page","status-publish","hentry"],"acf":[],"yoast_head":"<!-- This site is optimized with the Yoast SEO plugin v27.3 - https:\/\/yoast.com\/product\/yoast-seo-wordpress\/ -->\n<title>Kidnapping - GNS Law Group<\/title>\n<meta name=\"robots\" content=\"index, follow, max-snippet:-1, max-image-preview:large, max-video-preview:-1\" \/>\n<link rel=\"canonical\" href=\"https:\/\/www.gilroynapolishort.com\/es\/practice-areas\/criminal-defense\/kidnapping\/\" \/>\n<meta property=\"og:locale\" content=\"es_MX\" \/>\n<meta property=\"og:type\" content=\"article\" \/>\n<meta property=\"og:title\" content=\"Kidnapping - GNS Law Group\" \/>\n<meta property=\"og:description\" content=\"Kidnapping Attorneys Kidnapping accusations can develop into severe charges and penalties upon conviction. Many kidnapping cases begin with family disturbances or allegations of untruthful imprisonment. Generally defendants are overcharged for...\" \/>\n<meta property=\"og:url\" content=\"https:\/\/www.gilroynapolishort.com\/es\/practice-areas\/criminal-defense\/kidnapping\/\" \/>\n<meta property=\"og:site_name\" content=\"GNS Law Group\" \/>\n<meta property=\"article:modified_time\" content=\"2026-02-21T04:10:06+00:00\" \/>\n<meta name=\"twitter:card\" content=\"summary_large_image\" \/>\n<meta name=\"twitter:label1\" content=\"Est. reading time\" \/>\n\t<meta name=\"twitter:data1\" content=\"2 minutos\" \/>\n<script type=\"application\/ld+json\" class=\"yoast-schema-graph\">{\"@context\":\"https:\\\/\\\/schema.org\",\"@graph\":[{\"@type\":\"WebPage\",\"@id\":\"https:\\\/\\\/www.gilroynapolishort.com\\\/practice-areas\\\/criminal-defense\\\/kidnapping\\\/\",\"url\":\"https:\\\/\\\/www.gilroynapolishort.com\\\/practice-areas\\\/criminal-defense\\\/kidnapping\\\/\",\"name\":\"Kidnapping - GNS Law Group\",\"isPartOf\":{\"@id\":\"https:\\\/\\\/www.gilroynapolishort.com\\\/#website\"},\"datePublished\":\"2026-02-20T15:32:13+00:00\",\"dateModified\":\"2026-02-21T04:10:06+00:00\",\"breadcrumb\":{\"@id\":\"https:\\\/\\\/www.gilroynapolishort.com\\\/practice-areas\\\/criminal-defense\\\/kidnapping\\\/#breadcrumb\"},\"inLanguage\":\"es\",\"potentialAction\":[{\"@type\":\"ReadAction\",\"target\":[\"https:\\\/\\\/www.gilroynapolishort.com\\\/practice-areas\\\/criminal-defense\\\/kidnapping\\\/\"]}]},{\"@type\":\"BreadcrumbList\",\"@id\":\"https:\\\/\\\/www.gilroynapolishort.com\\\/practice-areas\\\/criminal-defense\\\/kidnapping\\\/#breadcrumb\",\"itemListElement\":[{\"@type\":\"ListItem\",\"position\":1,\"name\":\"Home\",\"item\":\"https:\\\/\\\/www.gilroynapolishort.com\\\/\"},{\"@type\":\"ListItem\",\"position\":2,\"name\":\"Practice Areas\",\"item\":\"https:\\\/\\\/www.gilroynapolishort.com\\\/practice-areas\\\/\"},{\"@type\":\"ListItem\",\"position\":3,\"name\":\"Criminal Defense\",\"item\":\"https:\\\/\\\/www.gilroynapolishort.com\\\/practice-areas\\\/criminal-defense\\\/\"},{\"@type\":\"ListItem\",\"position\":4,\"name\":\"Kidnapping\"}]},{\"@type\":\"WebSite\",\"@id\":\"https:\\\/\\\/www.gilroynapolishort.com\\\/#website\",\"url\":\"https:\\\/\\\/www.gilroynapolishort.com\\\/\",\"name\":\"Gilroy Napoli Short Law Group\",\"description\":\"\",\"potentialAction\":[{\"@type\":\"SearchAction\",\"target\":{\"@type\":\"EntryPoint\",\"urlTemplate\":\"https:\\\/\\\/www.gilroynapolishort.com\\\/?s={search_term_string}\"},\"query-input\":{\"@type\":\"PropertyValueSpecification\",\"valueRequired\":true,\"valueName\":\"search_term_string\"}}],\"inLanguage\":\"es\"}]}<\/script>\n<!-- \/ Yoast SEO plugin. -->","yoast_head_json":{"title":"Kidnapping - GNS Law Group","robots":{"index":"index","follow":"follow","max-snippet":"max-snippet:-1","max-image-preview":"max-image-preview:large","max-video-preview":"max-video-preview:-1"},"canonical":"https:\/\/www.gilroynapolishort.com\/es\/practice-areas\/criminal-defense\/kidnapping\/","og_locale":"es_MX","og_type":"article","og_title":"Kidnapping - GNS Law Group","og_description":"Kidnapping Attorneys Kidnapping accusations can develop into severe charges and penalties upon conviction. Many kidnapping cases begin with family disturbances or allegations of untruthful imprisonment. Generally defendants are overcharged for...","og_url":"https:\/\/www.gilroynapolishort.com\/es\/practice-areas\/criminal-defense\/kidnapping\/","og_site_name":"GNS Law Group","article_modified_time":"2026-02-21T04:10:06+00:00","twitter_card":"summary_large_image","twitter_misc":{"Est. reading time":"2 minutos"},"schema":{"@context":"https:\/\/schema.org","@graph":[{"@type":"WebPage","@id":"https:\/\/www.gilroynapolishort.com\/practice-areas\/criminal-defense\/kidnapping\/","url":"https:\/\/www.gilroynapolishort.com\/practice-areas\/criminal-defense\/kidnapping\/","name":"Kidnapping - GNS Law Group","isPartOf":{"@id":"https:\/\/www.gilroynapolishort.com\/#website"},"datePublished":"2026-02-20T15:32:13+00:00","dateModified":"2026-02-21T04:10:06+00:00","breadcrumb":{"@id":"https:\/\/www.gilroynapolishort.com\/practice-areas\/criminal-defense\/kidnapping\/#breadcrumb"},"inLanguage":"es","potentialAction":[{"@type":"ReadAction","target":["https:\/\/www.gilroynapolishort.com\/practice-areas\/criminal-defense\/kidnapping\/"]}]},{"@type":"BreadcrumbList","@id":"https:\/\/www.gilroynapolishort.com\/practice-areas\/criminal-defense\/kidnapping\/#breadcrumb","itemListElement":[{"@type":"ListItem","position":1,"name":"Home","item":"https:\/\/www.gilroynapolishort.com\/"},{"@type":"ListItem","position":2,"name":"Practice Areas","item":"https:\/\/www.gilroynapolishort.com\/practice-areas\/"},{"@type":"ListItem","position":3,"name":"Criminal Defense","item":"https:\/\/www.gilroynapolishort.com\/practice-areas\/criminal-defense\/"},{"@type":"ListItem","position":4,"name":"Kidnapping"}]},{"@type":"WebSite","@id":"https:\/\/www.gilroynapolishort.com\/#website","url":"https:\/\/www.gilroynapolishort.com\/","name":"Grupo de abogados Gilroy Napoli Short","description":"","potentialAction":[{"@type":"SearchAction","target":{"@type":"EntryPoint","urlTemplate":"https:\/\/www.gilroynapolishort.com\/?s={search_term_string}"},"query-input":{"@type":"PropertyValueSpecification","valueRequired":true,"valueName":"search_term_string"}}],"inLanguage":"es"}]}},"_links":{"self":[{"href":"https:\/\/www.gilroynapolishort.com\/es\/wp-json\/wp\/v2\/pages\/2039","targetHints":{"allow":["GET"]}}],"collection":[{"href":"https:\/\/www.gilroynapolishort.com\/es\/wp-json\/wp\/v2\/pages"}],"about":[{"href":"https:\/\/www.gilroynapolishort.com\/es\/wp-json\/wp\/v2\/types\/page"}],"author":[{"embeddable":true,"href":"https:\/\/www.gilroynapolishort.com\/es\/wp-json\/wp\/v2\/users\/2"}],"replies":[{"embeddable":true,"href":"https:\/\/www.gilroynapolishort.com\/es\/wp-json\/wp\/v2\/comments?post=2039"}],"version-history":[{"count":0,"href":"https:\/\/www.gilroynapolishort.com\/es\/wp-json\/wp\/v2\/pages\/2039\/revisions"}],"up":[{"embeddable":true,"href":"https:\/\/www.gilroynapolishort.com\/es\/wp-json\/wp\/v2\/pages\/221"}],"wp:attachment":[{"href":"https:\/\/www.gilroynapolishort.com\/es\/wp-json\/wp\/v2\/media?parent=2039"}],"curies":[{"name":"wp","href":"https:\/\/api.w.org\/{rel}","templated":true}]}}