{"id":207,"date":"2021-04-01T08:07:29","date_gmt":"2021-04-01T08:07:29","guid":{"rendered":"https:\/\/www.gilroynapolishort.com\/?page_id=207"},"modified":"2024-03-07T23:00:12","modified_gmt":"2024-03-07T23:00:12","slug":"about","status":"publish","type":"page","link":"https:\/\/www.gilroynapolishort.com\/es\/about\/","title":{"rendered":"Sobre nosotros"},"content":{"rendered":"<h2>Experimentado <span style=\"color: #ca6c19;\">\u00b7<\/span> Experto <span style=\"color: #ca6c19;\">\u00b7<\/span> Comprometidos contigo<\/h2>\n<p>\u00bfBusca los mejores abogados cerca de usted? \u00bfLe preocupan los duros castigos que conlleva una condena penal? \u00bfSufre f\u00edsica, emocional y econ\u00f3micamente tras un accidente de auto causado por otra persona?<\/p>\n<p>Nuestros abogados de primera categor\u00eda en Oreg\u00f3n est\u00e1n a su disposici\u00f3n en Portland, Hillsboro, Salem, Medford o Bend, y est\u00e1n totalmente preparados para proteger sus derechos y salvaguardar sus intereses con firmeza, dondequiera que se encuentre en el estado. Somos los abogados integrales y vers\u00e1tiles de Gilroy Napoli Short Law Group, LLC.<\/p>\n<blockquote><p>Los abogados de Gilroy Napoli Short Law Group atienden casos de DUI\/DWI, defensa penal, accidentes con lesiones personales, violencia dom\u00e9stica, cargos por drogas y litigios civiles. Nuestra amplia experiencia proporciona a nuestros clientes perspectivas \u00fanicas y enfoques innovadores para cada caso. Trabajaremos estrechamente con usted para comprender sus necesidades espec\u00edficas y tomar decisiones informadas sobre el mejor curso de acci\u00f3n.<\/p><\/blockquote>\n<p>Nuestro bufete se dedica a superar las expectativas de nuestros clientes. Los asuntos legales serios requieren una representaci\u00f3n legal seria. Hemos ayudado a numerosas personas y familias en el estado de Oreg\u00f3n a obtener resoluciones eficientes y eficaces para el cumplimiento de sus objetivos legales.<\/p>\n<h3>No lo hagas solo <span style=\"color: #ca6c19;\">\u00b7<\/span> Estaremos all\u00ed a tu lado<\/h3>\n<p>Nuestro\u00a0<a href=\"\/es\/criminal-defense\/\">abogados de defensa penal<\/a> Han defendido con \u00e9xito a clientes que enfrentan una amplia gama de cargos criminales, desde robos menores y cargos por drogas, arrestos por violencia dom\u00e9stica, hasta conducir ebrio y <a href=\"\/es\/criminal-defense\/measure-11-crimes\/\">Medida 11<\/a> Intento de asesinato. Conocemos a fondo casos de delitos menores y graves, y siempre defendemos con firmeza los derechos e intereses de nuestros clientes.<\/p>\n<p>Servimos a nuestros\u00a0<a href=\"\/es\/personal-injury\/\">lesiones personales<\/a>\u00a0Ofrecemos a nuestros clientes una investigaci\u00f3n exhaustiva, una negociaci\u00f3n h\u00e1bil con las aseguradoras y un litigio agresivo, si es necesario, para que puedan concentrarse en su recuperaci\u00f3n y retomar la normalidad. Nuestros abogados de accidentes automovil\u00edsticos se preparar\u00e1n a fondo para afrontar los problemas de su reclamaci\u00f3n por lesiones. Buscaremos con ah\u00ednco la m\u00e1xima compensaci\u00f3n financiera que usted merece para cubrir la p\u00e9rdida de ingresos, los gastos m\u00e9dicos, la reparaci\u00f3n o el reemplazo de un autom\u00f3vil o cami\u00f3n, y el dolor y el sufrimiento. Adem\u00e1s, ofrecemos representaci\u00f3n orientada a resultados.\u00a0<a href=\"\/es\/civil-litigation\/\">litigios complejos<\/a><\/p>\n<h3>Nuestro trabajo en la restauraci\u00f3n del derecho a poseer armas<\/h3>\n<p>Un enfoque especial de nuestra firma es representar a individuos y comerciantes de armas de fuego en\u00a0<a href=\"\/es\/gun-rights-restoration-firearms-issues\/\">derechos de armas<\/a> Casos. Si sus derechos est\u00e1n en peligro o ya los ha perdido, perm\u00edtanos trabajar para restaurar sus derechos constitucionales.<\/p>\n<p>Puede poner los beneficios de nuestros muchos a\u00f1os de servicio, amplio conocimiento legal y gran compromiso con el cliente a trabajar para usted, su empresa y su familia, a partir de hoy.<\/p>\n<h3>Contacte a Gilroy Napoli Short Law Group<\/h3>\n<p>Nuestras oficinas legales de Portland, Salem, Hillsboro, Medford y Bend representan a clientes en ciudades de Oreg\u00f3n como Portland, Tigard, Aloha, Beaverton, <a href=\"\/es\/hillsboro\/\">Hillsboro<\/a>, Sherwood, Wilsonville, Lago Oswego, <a href=\"\/es\/salem\/\">Salem<\/a>, <a href=\"\/es\/bend\/\">Bend<\/a>, Sisters, Redmond, Sun River, Klamath Falls, Ashland, Grants Pass y muchos otros.<\/p>\n<p><a href=\"https:\/\/www.gilroynapolishort.com\/es\/contact\/\">Cont\u00e1ctanos hoy<\/a>, desde cualquier parte del estado donde te encuentres: <strong>503-747-7198.<\/strong>\u00a0Responderemos con prontitud a su correo electr\u00f3nico o mensaje urgente y a su solicitud de cita por la tarde o el fin de semana. Estamos disponibles las 24 horas, los 7 d\u00edas de la semana.<\/p>\n<p><strong>Se habla espa\u00f1ol.<\/strong><\/p>\n<p>Llame hoy para una consulta gratuita: <a href=\"tel:5037477198\">503-747-7198<\/a><\/p>","protected":false},"excerpt":{"rendered":"<p>Experienced \u00b7 Knowledgeable \u00b7 Committed to You Looking for the best lawyers near you? Are you frightened of harsh punishments that come with a criminal conviction? Suffering physically, emotionally and&#8230;<\/p>","protected":false},"author":2,"featured_media":3593,"parent":0,"menu_order":0,"comment_status":"closed","ping_status":"closed","template":"page-about.php","meta":{"_acf_changed":false,"footnotes":""},"class_list":["post-207","page","type-page","status-publish","has-post-thumbnail","hentry"],"acf":[],"yoast_head":"<!-- This site is optimized with the Yoast SEO plugin v27.3 - https:\/\/yoast.com\/product\/yoast-seo-wordpress\/ -->\n<title>Lawyers Near You in Portland, Hillsboro, Salem, Medford &amp; Bend OR<\/title>\n<meta name=\"description\" content=\"Top-Rated Oregon lawyers dedicated to protecting your rights and freedom. Free Consultation-Call Gilroy Napoli Short at 503-747-7198.\" \/>\n<meta name=\"robots\" content=\"index, follow, max-snippet:-1, max-image-preview:large, max-video-preview:-1\" \/>\n<link rel=\"canonical\" href=\"https:\/\/www.gilroynapolishort.com\/es\/about\/\" \/>\n<meta property=\"og:locale\" content=\"es_MX\" \/>\n<meta property=\"og:type\" content=\"article\" \/>\n<meta property=\"og:title\" content=\"Lawyers Near You in Portland, Hillsboro, Salem, Medford &amp; Bend OR\" \/>\n<meta property=\"og:description\" content=\"Top-Rated Oregon lawyers dedicated to protecting your rights and freedom. Free Consultation-Call Gilroy Napoli Short at 503-747-7198.\" \/>\n<meta property=\"og:url\" content=\"https:\/\/www.gilroynapolishort.com\/es\/about\/\" \/>\n<meta property=\"og:site_name\" content=\"GNS Law Group\" \/>\n<meta property=\"article:modified_time\" content=\"2024-03-07T23:00:12+00:00\" \/>\n<meta property=\"og:image\" content=\"https:\/\/www.gilroynapolishort.com\/wp-content\/uploads\/2024\/02\/BW-amanda-frank-RyAj-3pucpY-unsplash.jpg\" \/>\n\t<meta property=\"og:image:width\" content=\"1600\" \/>\n\t<meta property=\"og:image:height\" content=\"1067\" \/>\n\t<meta property=\"og:image:type\" content=\"image\/jpeg\" \/>\n<meta name=\"twitter:card\" content=\"summary_large_image\" \/>\n<meta name=\"twitter:label1\" content=\"Est. reading time\" \/>\n\t<meta name=\"twitter:data1\" content=\"3 minutos\" \/>\n<script type=\"application\/ld+json\" class=\"yoast-schema-graph\">{\"@context\":\"https:\\\/\\\/schema.org\",\"@graph\":[{\"@type\":\"WebPage\",\"@id\":\"https:\\\/\\\/www.gilroynapolishort.com\\\/about\\\/\",\"url\":\"https:\\\/\\\/www.gilroynapolishort.com\\\/about\\\/\",\"name\":\"Lawyers Near You in Portland, Hillsboro, Salem, Medford & Bend OR\",\"isPartOf\":{\"@id\":\"https:\\\/\\\/www.gilroynapolishort.com\\\/#website\"},\"primaryImageOfPage\":{\"@id\":\"https:\\\/\\\/www.gilroynapolishort.com\\\/about\\\/#primaryimage\"},\"image\":{\"@id\":\"https:\\\/\\\/www.gilroynapolishort.com\\\/about\\\/#primaryimage\"},\"thumbnailUrl\":\"https:\\\/\\\/www.gilroynapolishort.com\\\/wp-content\\\/uploads\\\/2024\\\/02\\\/BW-amanda-frank-RyAj-3pucpY-unsplash.jpg\",\"datePublished\":\"2021-04-01T08:07:29+00:00\",\"dateModified\":\"2024-03-07T23:00:12+00:00\",\"description\":\"Top-Rated Oregon lawyers dedicated to protecting your rights and freedom. Free Consultation-Call Gilroy Napoli Short at 503-747-7198.\",\"breadcrumb\":{\"@id\":\"https:\\\/\\\/www.gilroynapolishort.com\\\/about\\\/#breadcrumb\"},\"inLanguage\":\"es\",\"potentialAction\":[{\"@type\":\"ReadAction\",\"target\":[\"https:\\\/\\\/www.gilroynapolishort.com\\\/about\\\/\"]}]},{\"@type\":\"ImageObject\",\"inLanguage\":\"es\",\"@id\":\"https:\\\/\\\/www.gilroynapolishort.com\\\/about\\\/#primaryimage\",\"url\":\"https:\\\/\\\/www.gilroynapolishort.com\\\/wp-content\\\/uploads\\\/2024\\\/02\\\/BW-amanda-frank-RyAj-3pucpY-unsplash.jpg\",\"contentUrl\":\"https:\\\/\\\/www.gilroynapolishort.com\\\/wp-content\\\/uploads\\\/2024\\\/02\\\/BW-amanda-frank-RyAj-3pucpY-unsplash.jpg\",\"width\":1600,\"height\":1067},{\"@type\":\"BreadcrumbList\",\"@id\":\"https:\\\/\\\/www.gilroynapolishort.com\\\/about\\\/#breadcrumb\",\"itemListElement\":[{\"@type\":\"ListItem\",\"position\":1,\"name\":\"Home\",\"item\":\"https:\\\/\\\/www.gilroynapolishort.com\\\/\"},{\"@type\":\"ListItem\",\"position\":2,\"name\":\"About Us\"}]},{\"@type\":\"WebSite\",\"@id\":\"https:\\\/\\\/www.gilroynapolishort.com\\\/#website\",\"url\":\"https:\\\/\\\/www.gilroynapolishort.com\\\/\",\"name\":\"Gilroy Napoli Short Law Group\",\"description\":\"\",\"potentialAction\":[{\"@type\":\"SearchAction\",\"target\":{\"@type\":\"EntryPoint\",\"urlTemplate\":\"https:\\\/\\\/www.gilroynapolishort.com\\\/?s={search_term_string}\"},\"query-input\":{\"@type\":\"PropertyValueSpecification\",\"valueRequired\":true,\"valueName\":\"search_term_string\"}}],\"inLanguage\":\"es\"}]}<\/script>\n<!-- \/ Yoast SEO plugin. -->","yoast_head_json":{"title":"Lawyers Near You in Portland, Hillsboro, Salem, Medford & Bend OR","description":"Top-Rated Oregon lawyers dedicated to protecting your rights and freedom. Free Consultation-Call Gilroy Napoli Short at 503-747-7198.","robots":{"index":"index","follow":"follow","max-snippet":"max-snippet:-1","max-image-preview":"max-image-preview:large","max-video-preview":"max-video-preview:-1"},"canonical":"https:\/\/www.gilroynapolishort.com\/es\/about\/","og_locale":"es_MX","og_type":"article","og_title":"Lawyers Near You in Portland, Hillsboro, Salem, Medford & Bend OR","og_description":"Top-Rated Oregon lawyers dedicated to protecting your rights and freedom. Free Consultation-Call Gilroy Napoli Short at 503-747-7198.","og_url":"https:\/\/www.gilroynapolishort.com\/es\/about\/","og_site_name":"GNS Law Group","article_modified_time":"2024-03-07T23:00:12+00:00","og_image":[{"width":1600,"height":1067,"url":"https:\/\/www.gilroynapolishort.com\/wp-content\/uploads\/2024\/02\/BW-amanda-frank-RyAj-3pucpY-unsplash.jpg","type":"image\/jpeg"}],"twitter_card":"summary_large_image","twitter_misc":{"Est. reading time":"3 minutos"},"schema":{"@context":"https:\/\/schema.org","@graph":[{"@type":"WebPage","@id":"https:\/\/www.gilroynapolishort.com\/about\/","url":"https:\/\/www.gilroynapolishort.com\/about\/","name":"Lawyers Near You in Portland, Hillsboro, Salem, Medford & Bend OR","isPartOf":{"@id":"https:\/\/www.gilroynapolishort.com\/#website"},"primaryImageOfPage":{"@id":"https:\/\/www.gilroynapolishort.com\/about\/#primaryimage"},"image":{"@id":"https:\/\/www.gilroynapolishort.com\/about\/#primaryimage"},"thumbnailUrl":"https:\/\/www.gilroynapolishort.com\/wp-content\/uploads\/2024\/02\/BW-amanda-frank-RyAj-3pucpY-unsplash.jpg","datePublished":"2021-04-01T08:07:29+00:00","dateModified":"2024-03-07T23:00:12+00:00","description":"Top-Rated Oregon lawyers dedicated to protecting your rights and freedom. Free Consultation-Call Gilroy Napoli Short at 503-747-7198.","breadcrumb":{"@id":"https:\/\/www.gilroynapolishort.com\/about\/#breadcrumb"},"inLanguage":"es","potentialAction":[{"@type":"ReadAction","target":["https:\/\/www.gilroynapolishort.com\/about\/"]}]},{"@type":"ImageObject","inLanguage":"es","@id":"https:\/\/www.gilroynapolishort.com\/about\/#primaryimage","url":"https:\/\/www.gilroynapolishort.com\/wp-content\/uploads\/2024\/02\/BW-amanda-frank-RyAj-3pucpY-unsplash.jpg","contentUrl":"https:\/\/www.gilroynapolishort.com\/wp-content\/uploads\/2024\/02\/BW-amanda-frank-RyAj-3pucpY-unsplash.jpg","width":1600,"height":1067},{"@type":"BreadcrumbList","@id":"https:\/\/www.gilroynapolishort.com\/about\/#breadcrumb","itemListElement":[{"@type":"ListItem","position":1,"name":"Home","item":"https:\/\/www.gilroynapolishort.com\/"},{"@type":"ListItem","position":2,"name":"About Us"}]},{"@type":"WebSite","@id":"https:\/\/www.gilroynapolishort.com\/#website","url":"https:\/\/www.gilroynapolishort.com\/","name":"Grupo de abogados Gilroy Napoli Short","description":"","potentialAction":[{"@type":"SearchAction","target":{"@type":"EntryPoint","urlTemplate":"https:\/\/www.gilroynapolishort.com\/?s={search_term_string}"},"query-input":{"@type":"PropertyValueSpecification","valueRequired":true,"valueName":"search_term_string"}}],"inLanguage":"es"}]}},"_links":{"self":[{"href":"https:\/\/www.gilroynapolishort.com\/es\/wp-json\/wp\/v2\/pages\/207","targetHints":{"allow":["GET"]}}],"collection":[{"href":"https:\/\/www.gilroynapolishort.com\/es\/wp-json\/wp\/v2\/pages"}],"about":[{"href":"https:\/\/www.gilroynapolishort.com\/es\/wp-json\/wp\/v2\/types\/page"}],"author":[{"embeddable":true,"href":"https:\/\/www.gilroynapolishort.com\/es\/wp-json\/wp\/v2\/users\/2"}],"replies":[{"embeddable":true,"href":"https:\/\/www.gilroynapolishort.com\/es\/wp-json\/wp\/v2\/comments?post=207"}],"version-history":[{"count":0,"href":"https:\/\/www.gilroynapolishort.com\/es\/wp-json\/wp\/v2\/pages\/207\/revisions"}],"wp:featuredmedia":[{"embeddable":true,"href":"https:\/\/www.gilroynapolishort.com\/es\/wp-json\/wp\/v2\/media\/3593"}],"wp:attachment":[{"href":"https:\/\/www.gilroynapolishort.com\/es\/wp-json\/wp\/v2\/media?parent=207"}],"curies":[{"name":"wp","href":"https:\/\/api.w.org\/{rel}","templated":true}]}}