{"id":209,"date":"2023-11-05T08:07:54","date_gmt":"2023-11-05T08:07:54","guid":{"rendered":"https:\/\/www.gilroynapolishort.com\/?page_id=209"},"modified":"2024-03-02T00:02:20","modified_gmt":"2024-03-02T00:02:20","slug":"our-team","status":"publish","type":"page","link":"https:\/\/www.gilroynapolishort.com\/es\/our-team\/","title":{"rendered":"Equipo legal"},"content":{"rendered":"<h1 style=\"text-align: center;\">Nuestro equipo de abogados<\/h1>\n<hr class=\"rounded-center\" \/>\n<p>En Gilroy Napoli Short Law Group, nos enorgullecemos de nuestra capacidad para ayudarle en momentos de necesidad. Nuestro bufete litigante en Oreg\u00f3n cuenta con amplios conocimientos en importantes \u00e1reas de pr\u00e1ctica que protegen sus derechos, sus libertades y su futuro.<\/p>\n<p>Nuestros socios fundadores, quienes comenzaron sus carreras en el \u00e1mbito legal como fiscales, trabajan en equipo junto con nuestros dem\u00e1s abogados y personal legal altamente capacitado. Nuestros vers\u00e1tiles abogados y personal se destacan en la preparaci\u00f3n exhaustiva de casos de derecho penal, lesiones personales, consumo y litigios civiles, y en la elaboraci\u00f3n de estrategias creativas para cada asunto legal espec\u00edfico.<\/p>\n<p>Acuda a Gilroy Napoli Short Law Group para obtener una representaci\u00f3n agresiva, orientaci\u00f3n confiable, d\u00e9cadas de experiencia combinada y un servicio personal atento.<\/p>\n<p>Llame hoy para una consulta gratuita: <a href=\"tel:5037477198\">503-747-7198<\/a><\/p>","protected":false},"excerpt":{"rendered":"<p>Our Team Of Lawyers At Gilroy Napoli Short Law Group, we pride ourselves on our ability to help you in a time of need. Our Oregon trial firm is knowledgeable&#8230;<\/p>","protected":false},"author":2,"featured_media":0,"parent":0,"menu_order":0,"comment_status":"closed","ping_status":"closed","template":"archive-attorneys.php","meta":{"_acf_changed":false,"footnotes":""},"class_list":["post-209","page","type-page","status-publish","hentry"],"acf":[],"yoast_head":"<!-- This site is optimized with the Yoast SEO plugin v27.3 - https:\/\/yoast.com\/product\/yoast-seo-wordpress\/ -->\n<title>Gilroy Napoli Short | Top-Rated Oregon Law Firm for Criminal Law, Personal Injury &amp; Complex Discrimination Cases<\/title>\n<meta name=\"description\" content=\"Our founding partners, each of whom began their careers in the legal trenches as prosecutors, work as a collaborative team together with our other attorneys and highly skilled legal staff.\" \/>\n<meta name=\"robots\" content=\"index, follow, max-snippet:-1, max-image-preview:large, max-video-preview:-1\" \/>\n<link rel=\"canonical\" href=\"https:\/\/www.gilroynapolishort.com\/es\/our-team\/\" \/>\n<meta property=\"og:locale\" content=\"es_MX\" \/>\n<meta property=\"og:type\" content=\"article\" \/>\n<meta property=\"og:title\" content=\"Gilroy Napoli Short | Top-Rated Oregon Law Firm for Criminal Law, Personal Injury &amp; Complex Discrimination Cases\" \/>\n<meta property=\"og:description\" content=\"Our founding partners, each of whom began their careers in the legal trenches as prosecutors, work as a collaborative team together with our other attorneys and highly skilled legal staff.\" \/>\n<meta property=\"og:url\" content=\"https:\/\/www.gilroynapolishort.com\/es\/our-team\/\" \/>\n<meta property=\"og:site_name\" content=\"GNS Law Group\" \/>\n<meta property=\"article:modified_time\" content=\"2024-03-02T00:02:20+00:00\" \/>\n<meta name=\"twitter:card\" content=\"summary_large_image\" \/>\n<meta name=\"twitter:label1\" content=\"Est. reading time\" \/>\n\t<meta name=\"twitter:data1\" content=\"1 minuto\" \/>\n<script type=\"application\/ld+json\" class=\"yoast-schema-graph\">{\"@context\":\"https:\\\/\\\/schema.org\",\"@graph\":[{\"@type\":\"WebPage\",\"@id\":\"https:\\\/\\\/www.gilroynapolishort.com\\\/our-team\\\/\",\"url\":\"https:\\\/\\\/www.gilroynapolishort.com\\\/our-team\\\/\",\"name\":\"Gilroy Napoli Short | Top-Rated Oregon Law Firm for Criminal Law, Personal Injury & Complex Discrimination Cases\",\"isPartOf\":{\"@id\":\"https:\\\/\\\/www.gilroynapolishort.com\\\/#website\"},\"datePublished\":\"2023-11-05T08:07:54+00:00\",\"dateModified\":\"2024-03-02T00:02:20+00:00\",\"description\":\"Our founding partners, each of whom began their careers in the legal trenches as prosecutors, work as a collaborative team together with our other attorneys and highly skilled legal staff.\",\"breadcrumb\":{\"@id\":\"https:\\\/\\\/www.gilroynapolishort.com\\\/our-team\\\/#breadcrumb\"},\"inLanguage\":\"es\",\"potentialAction\":[{\"@type\":\"ReadAction\",\"target\":[\"https:\\\/\\\/www.gilroynapolishort.com\\\/our-team\\\/\"]}]},{\"@type\":\"BreadcrumbList\",\"@id\":\"https:\\\/\\\/www.gilroynapolishort.com\\\/our-team\\\/#breadcrumb\",\"itemListElement\":[{\"@type\":\"ListItem\",\"position\":1,\"name\":\"Home\",\"item\":\"https:\\\/\\\/www.gilroynapolishort.com\\\/\"},{\"@type\":\"ListItem\",\"position\":2,\"name\":\"Legal Team\"}]},{\"@type\":\"WebSite\",\"@id\":\"https:\\\/\\\/www.gilroynapolishort.com\\\/#website\",\"url\":\"https:\\\/\\\/www.gilroynapolishort.com\\\/\",\"name\":\"Gilroy Napoli Short Law Group\",\"description\":\"\",\"potentialAction\":[{\"@type\":\"SearchAction\",\"target\":{\"@type\":\"EntryPoint\",\"urlTemplate\":\"https:\\\/\\\/www.gilroynapolishort.com\\\/?s={search_term_string}\"},\"query-input\":{\"@type\":\"PropertyValueSpecification\",\"valueRequired\":true,\"valueName\":\"search_term_string\"}}],\"inLanguage\":\"es\"}]}<\/script>\n<!-- \/ Yoast SEO plugin. -->","yoast_head_json":{"title":"Gilroy Napoli Short | Top-Rated Oregon Law Firm for Criminal Law, Personal Injury & Complex Discrimination Cases","description":"Our founding partners, each of whom began their careers in the legal trenches as prosecutors, work as a collaborative team together with our other attorneys and highly skilled legal staff.","robots":{"index":"index","follow":"follow","max-snippet":"max-snippet:-1","max-image-preview":"max-image-preview:large","max-video-preview":"max-video-preview:-1"},"canonical":"https:\/\/www.gilroynapolishort.com\/es\/our-team\/","og_locale":"es_MX","og_type":"article","og_title":"Gilroy Napoli Short | Top-Rated Oregon Law Firm for Criminal Law, Personal Injury & Complex Discrimination Cases","og_description":"Our founding partners, each of whom began their careers in the legal trenches as prosecutors, work as a collaborative team together with our other attorneys and highly skilled legal staff.","og_url":"https:\/\/www.gilroynapolishort.com\/es\/our-team\/","og_site_name":"GNS Law Group","article_modified_time":"2024-03-02T00:02:20+00:00","twitter_card":"summary_large_image","twitter_misc":{"Est. reading time":"1 minuto"},"schema":{"@context":"https:\/\/schema.org","@graph":[{"@type":"WebPage","@id":"https:\/\/www.gilroynapolishort.com\/our-team\/","url":"https:\/\/www.gilroynapolishort.com\/our-team\/","name":"Gilroy Napoli Short | Top-Rated Oregon Law Firm for Criminal Law, Personal Injury & Complex Discrimination Cases","isPartOf":{"@id":"https:\/\/www.gilroynapolishort.com\/#website"},"datePublished":"2023-11-05T08:07:54+00:00","dateModified":"2024-03-02T00:02:20+00:00","description":"Our founding partners, each of whom began their careers in the legal trenches as prosecutors, work as a collaborative team together with our other attorneys and highly skilled legal staff.","breadcrumb":{"@id":"https:\/\/www.gilroynapolishort.com\/our-team\/#breadcrumb"},"inLanguage":"es","potentialAction":[{"@type":"ReadAction","target":["https:\/\/www.gilroynapolishort.com\/our-team\/"]}]},{"@type":"BreadcrumbList","@id":"https:\/\/www.gilroynapolishort.com\/our-team\/#breadcrumb","itemListElement":[{"@type":"ListItem","position":1,"name":"Home","item":"https:\/\/www.gilroynapolishort.com\/"},{"@type":"ListItem","position":2,"name":"Legal Team"}]},{"@type":"WebSite","@id":"https:\/\/www.gilroynapolishort.com\/#website","url":"https:\/\/www.gilroynapolishort.com\/","name":"Grupo de abogados Gilroy Napoli Short","description":"","potentialAction":[{"@type":"SearchAction","target":{"@type":"EntryPoint","urlTemplate":"https:\/\/www.gilroynapolishort.com\/?s={search_term_string}"},"query-input":{"@type":"PropertyValueSpecification","valueRequired":true,"valueName":"search_term_string"}}],"inLanguage":"es"}]}},"_links":{"self":[{"href":"https:\/\/www.gilroynapolishort.com\/es\/wp-json\/wp\/v2\/pages\/209","targetHints":{"allow":["GET"]}}],"collection":[{"href":"https:\/\/www.gilroynapolishort.com\/es\/wp-json\/wp\/v2\/pages"}],"about":[{"href":"https:\/\/www.gilroynapolishort.com\/es\/wp-json\/wp\/v2\/types\/page"}],"author":[{"embeddable":true,"href":"https:\/\/www.gilroynapolishort.com\/es\/wp-json\/wp\/v2\/users\/2"}],"replies":[{"embeddable":true,"href":"https:\/\/www.gilroynapolishort.com\/es\/wp-json\/wp\/v2\/comments?post=209"}],"version-history":[{"count":0,"href":"https:\/\/www.gilroynapolishort.com\/es\/wp-json\/wp\/v2\/pages\/209\/revisions"}],"wp:attachment":[{"href":"https:\/\/www.gilroynapolishort.com\/es\/wp-json\/wp\/v2\/media?parent=209"}],"curies":[{"name":"wp","href":"https:\/\/api.w.org\/{rel}","templated":true}]}}