{"id":213,"date":"2019-02-19T08:08:39","date_gmt":"2019-02-19T08:08:39","guid":{"rendered":"https:\/\/www.gilroynapolishort.com\/?page_id=213"},"modified":"2024-03-07T23:12:14","modified_gmt":"2024-03-07T23:12:14","slug":"articles","status":"publish","type":"page","link":"https:\/\/www.gilroynapolishort.com\/es\/articles\/","title":{"rendered":"Art\u00edculos"},"content":{"rendered":"<ul>\n<li><a title=\"C\u00f3mo recuperar su veh\u00edculo despu\u00e9s de conducir ebrio: Permisos por dificultades econ\u00f3micas de Oreg\u00f3n\" href=\"https:\/\/www.gilroynapolishort.com\/es\/getting-your-wheels-back-after-drunk-driving-oregon-hardship-permits\/\">C\u00f3mo recuperar su veh\u00edculo despu\u00e9s de conducir ebrio: Permisos por dificultades econ\u00f3micas de Oreg\u00f3n<\/a><\/li>\n<li><a title=\"Un hombre de Oreg\u00f3n acusado de un delito de la Medida 11, reivindicado por apu\u00f1alamiento, presenta un excelente ejemplo de autodefensa.\" href=\"https:\/\/www.gilroynapolishort.com\/es\/oregon-man-charged-with-measure-11-crime-vindicated-in-stabbing-presents-prime-example-of-self-defense\/\">Un hombre de Oreg\u00f3n acusado de un delito de la Medida 11, reivindicado por apu\u00f1alamiento, presenta un excelente ejemplo de autodefensa.<\/a><\/li>\n<li><a title=\"Deanna Swenson acusada de manipulaci\u00f3n de votos, contrata a su abogado Jason Short\" href=\"https:\/\/www.gilroynapolishort.com\/es\/deanna-swenson-accused-of-ballot-tampering-retains-attorney-jason-short\/\">Deanna Swenson acusada de manipulaci\u00f3n de votos, contrata a su abogado Jason Short<\/a><\/li>\n<li><a title=\"Oreg\u00f3n estudia tecnolog\u00eda avanzada para pruebas de ADN\" href=\"https:\/\/www.gilroynapolishort.com\/es\/oregon-looks-into-advanced-technology-for-dna-tests\/\">Oreg\u00f3n estudia tecnolog\u00eda avanzada para pruebas de ADN<\/a><\/li>\n<li><a title=\"Facebook puede dar lugar a cargos criminales\" href=\"https:\/\/www.gilroynapolishort.com\/es\/facebook-can-lead-to-criminal-charges\/\">Facebook puede dar lugar a cargos criminales<\/a><\/li>\n<li><a title=\"Condado de Washington: Las maniobras ilegales de detenci\u00f3n y registro toman por asalto a Estados Unidos\" href=\"https:\/\/www.gilroynapolishort.com\/es\/washington-county-illegal-stop-and-frisk-maneuvers-take-america-by-storm\/\">Condado de Washington: Las maniobras ilegales de detenci\u00f3n y registro toman por asalto a Estados Unidos<\/a><\/li>\n<li><a title=\"La detenci\u00f3n de un empresario ilustra las severas sanciones por evasi\u00f3n fiscal\" href=\"https:\/\/www.gilroynapolishort.com\/es\/arrest-of-businessman-illustrates-the-severe-penalties-of-tax-evasion\/\">La detenci\u00f3n de un empresario ilustra las severas sanciones por evasi\u00f3n fiscal<\/a><\/li>\n<li><a title=\"La discriminaci\u00f3n racial es una preocupaci\u00f3n en Oreg\u00f3n\" href=\"https:\/\/www.gilroynapolishort.com\/es\/racial-profiling-is-a-concern-in-oregon\/\">La discriminaci\u00f3n racial es una preocupaci\u00f3n en Oreg\u00f3n<\/a><\/li>\n<li><a title=\"Las nuevas leyes sobre la marihuana en Oreg\u00f3n\" href=\"https:\/\/www.gilroynapolishort.com\/es\/oregons-new-marijuana-laws\/\">Las nuevas leyes sobre la marihuana en Oreg\u00f3n<\/a><\/li>\n<li><a title=\"Los casos penales de Oreg\u00f3n pueden implicar la identificaci\u00f3n err\u00f3nea de testigos oculares\" href=\"https:\/\/www.gilroynapolishort.com\/es\/oregon-criminal-cases-may-involve-eyewitness-misidentification\/\">Los casos penales de Oreg\u00f3n pueden implicar la identificaci\u00f3n err\u00f3nea de testigos oculares<\/a><\/li>\n<li><a title=\"Empleado de electr\u00f3nica notifica a la polic\u00eda sobre pornograf\u00eda infantil en computadora\" href=\"https:\/\/www.gilroynapolishort.com\/es\/electronics-employee-notifies-police-of-child-pornography-on-computer\/\">Empleado de electr\u00f3nica notifica a la polic\u00eda sobre pornograf\u00eda infantil en computadora<\/a><\/li>\n<li><a title=\"Oreg\u00f3n aprueba ley que exige verificaci\u00f3n de antecedentes para la venta privada de armas\" href=\"https:\/\/www.gilroynapolishort.com\/es\/oregon-passes-law-requiring-background-checks-for-private-gun-sales\/\">Oreg\u00f3n aprueba ley que exige verificaci\u00f3n de antecedentes para la venta privada de armas<\/a><\/li>\n<li><a title=\"Entendiendo el problema del hacinamiento en el sistema penitenciario de Oreg\u00f3n\" href=\"https:\/\/www.gilroynapolishort.com\/es\/understanding-the-problem-of-oregons-overcrowded-prison-system\/\">Entendiendo el problema del hacinamiento en el sistema penitenciario de Oreg\u00f3n<\/a><\/li>\n<li><a title=\"\u00bfQu\u00e9 hace que un DUIII sea un delito grave en Oregon?\" href=\"https:\/\/www.gilroynapolishort.com\/es\/what-makes-a-duiii-a-felony-in-oregon\/\">\u00bfQu\u00e9 hace que un DUIII sea un delito grave en Oregon?<\/a><\/li>\n<li><a title=\"El gobernador de Oreg\u00f3n pide revisar las pr\u00e1cticas de los laboratorios forenses estatales\" href=\"https:\/\/www.gilroynapolishort.com\/es\/oregon-governor-calls-for-review-of-state-crime-lab-practices\/\">El gobernador de Oreg\u00f3n pide revisar las pr\u00e1cticas de los laboratorios forenses estatales<\/a><\/li>\n<li><a title=\"\u00bfBeber en la universidad es un rito de iniciaci\u00f3n aceptable o imprudente?\" href=\"https:\/\/www.gilroynapolishort.com\/es\/is-drinking-in-college-an-acceptable-or-unwise-rite-of-passage\/\">\u00bfBeber en la universidad es un rito de iniciaci\u00f3n aceptable o imprudente?<\/a><\/li>\n<\/ul>\n<p>Llame hoy para una consulta gratuita: <a href=\"tel:5037477198\">503-747-7198<\/a><\/p>","protected":false},"excerpt":{"rendered":"<p>Getting Your Wheels Back After Drunk Driving: Oregon Hardship Permits Oregon Man Charged With Measure 11 Crime Vindicated in Stabbing Presents Prime Example of Self Defense Deanna Swenson accused of&#8230;<\/p>","protected":false},"author":2,"featured_media":0,"parent":0,"menu_order":0,"comment_status":"closed","ping_status":"closed","template":"archive.php","meta":{"_acf_changed":false,"footnotes":""},"class_list":["post-213","page","type-page","status-publish","hentry"],"acf":[],"yoast_head":"<!-- This site is optimized with the Yoast SEO plugin v27.3 - https:\/\/yoast.com\/product\/yoast-seo-wordpress\/ -->\n<title>Oregon DUI Attorneys &amp; Criminal Defense Lawyers in Bend, Salem &amp; Portland<\/title>\n<meta name=\"description\" content=\"Experienced criminal defense lawyers in Portland, Salem &amp; Bend. Call Gilroy Napoli Short Law Group at 503-747-7198 for a free consultation.\" \/>\n<meta name=\"robots\" content=\"index, follow, max-snippet:-1, max-image-preview:large, max-video-preview:-1\" \/>\n<link rel=\"canonical\" href=\"https:\/\/www.gilroynapolishort.com\/es\/articles\/\" \/>\n<meta property=\"og:locale\" content=\"es_MX\" \/>\n<meta property=\"og:type\" content=\"article\" \/>\n<meta property=\"og:title\" content=\"Oregon DUI Attorneys &amp; Criminal Defense Lawyers in Bend, Salem &amp; Portland\" \/>\n<meta property=\"og:description\" content=\"Experienced criminal defense lawyers in Portland, Salem &amp; Bend. Call Gilroy Napoli Short Law Group at 503-747-7198 for a free consultation.\" \/>\n<meta property=\"og:url\" content=\"https:\/\/www.gilroynapolishort.com\/es\/articles\/\" \/>\n<meta property=\"og:site_name\" content=\"GNS Law Group\" \/>\n<meta property=\"article:modified_time\" content=\"2024-03-07T23:12:14+00:00\" \/>\n<meta name=\"twitter:card\" content=\"summary_large_image\" \/>\n<meta name=\"twitter:label1\" content=\"Est. reading time\" \/>\n\t<meta name=\"twitter:data1\" content=\"1 minuto\" \/>\n<script type=\"application\/ld+json\" class=\"yoast-schema-graph\">{\"@context\":\"https:\\\/\\\/schema.org\",\"@graph\":[{\"@type\":\"WebPage\",\"@id\":\"https:\\\/\\\/www.gilroynapolishort.com\\\/articles\\\/\",\"url\":\"https:\\\/\\\/www.gilroynapolishort.com\\\/articles\\\/\",\"name\":\"Oregon DUI Attorneys & Criminal Defense Lawyers in Bend, Salem & Portland\",\"isPartOf\":{\"@id\":\"https:\\\/\\\/www.gilroynapolishort.com\\\/#website\"},\"datePublished\":\"2019-02-19T08:08:39+00:00\",\"dateModified\":\"2024-03-07T23:12:14+00:00\",\"description\":\"Experienced criminal defense lawyers in Portland, Salem & Bend. Call Gilroy Napoli Short Law Group at 503-747-7198 for a free consultation.\",\"breadcrumb\":{\"@id\":\"https:\\\/\\\/www.gilroynapolishort.com\\\/articles\\\/#breadcrumb\"},\"inLanguage\":\"es\",\"potentialAction\":[{\"@type\":\"ReadAction\",\"target\":[\"https:\\\/\\\/www.gilroynapolishort.com\\\/articles\\\/\"]}]},{\"@type\":\"BreadcrumbList\",\"@id\":\"https:\\\/\\\/www.gilroynapolishort.com\\\/articles\\\/#breadcrumb\",\"itemListElement\":[{\"@type\":\"ListItem\",\"position\":1,\"name\":\"Home\",\"item\":\"https:\\\/\\\/www.gilroynapolishort.com\\\/\"},{\"@type\":\"ListItem\",\"position\":2,\"name\":\"Articles\"}]},{\"@type\":\"WebSite\",\"@id\":\"https:\\\/\\\/www.gilroynapolishort.com\\\/#website\",\"url\":\"https:\\\/\\\/www.gilroynapolishort.com\\\/\",\"name\":\"Gilroy Napoli Short Law Group\",\"description\":\"\",\"potentialAction\":[{\"@type\":\"SearchAction\",\"target\":{\"@type\":\"EntryPoint\",\"urlTemplate\":\"https:\\\/\\\/www.gilroynapolishort.com\\\/?s={search_term_string}\"},\"query-input\":{\"@type\":\"PropertyValueSpecification\",\"valueRequired\":true,\"valueName\":\"search_term_string\"}}],\"inLanguage\":\"es\"}]}<\/script>\n<!-- \/ Yoast SEO plugin. -->","yoast_head_json":{"title":"Oregon DUI Attorneys & Criminal Defense Lawyers in Bend, Salem & Portland","description":"Experienced criminal defense lawyers in Portland, Salem & Bend. Call Gilroy Napoli Short Law Group at 503-747-7198 for a free consultation.","robots":{"index":"index","follow":"follow","max-snippet":"max-snippet:-1","max-image-preview":"max-image-preview:large","max-video-preview":"max-video-preview:-1"},"canonical":"https:\/\/www.gilroynapolishort.com\/es\/articles\/","og_locale":"es_MX","og_type":"article","og_title":"Oregon DUI Attorneys & Criminal Defense Lawyers in Bend, Salem & Portland","og_description":"Experienced criminal defense lawyers in Portland, Salem & Bend. Call Gilroy Napoli Short Law Group at 503-747-7198 for a free consultation.","og_url":"https:\/\/www.gilroynapolishort.com\/es\/articles\/","og_site_name":"GNS Law Group","article_modified_time":"2024-03-07T23:12:14+00:00","twitter_card":"summary_large_image","twitter_misc":{"Est. reading time":"1 minuto"},"schema":{"@context":"https:\/\/schema.org","@graph":[{"@type":"WebPage","@id":"https:\/\/www.gilroynapolishort.com\/articles\/","url":"https:\/\/www.gilroynapolishort.com\/articles\/","name":"Oregon DUI Attorneys & Criminal Defense Lawyers in Bend, Salem & Portland","isPartOf":{"@id":"https:\/\/www.gilroynapolishort.com\/#website"},"datePublished":"2019-02-19T08:08:39+00:00","dateModified":"2024-03-07T23:12:14+00:00","description":"Experienced criminal defense lawyers in Portland, Salem & Bend. Call Gilroy Napoli Short Law Group at 503-747-7198 for a free consultation.","breadcrumb":{"@id":"https:\/\/www.gilroynapolishort.com\/articles\/#breadcrumb"},"inLanguage":"es","potentialAction":[{"@type":"ReadAction","target":["https:\/\/www.gilroynapolishort.com\/articles\/"]}]},{"@type":"BreadcrumbList","@id":"https:\/\/www.gilroynapolishort.com\/articles\/#breadcrumb","itemListElement":[{"@type":"ListItem","position":1,"name":"Home","item":"https:\/\/www.gilroynapolishort.com\/"},{"@type":"ListItem","position":2,"name":"Articles"}]},{"@type":"WebSite","@id":"https:\/\/www.gilroynapolishort.com\/#website","url":"https:\/\/www.gilroynapolishort.com\/","name":"Grupo de abogados Gilroy Napoli Short","description":"","potentialAction":[{"@type":"SearchAction","target":{"@type":"EntryPoint","urlTemplate":"https:\/\/www.gilroynapolishort.com\/?s={search_term_string}"},"query-input":{"@type":"PropertyValueSpecification","valueRequired":true,"valueName":"search_term_string"}}],"inLanguage":"es"}]}},"_links":{"self":[{"href":"https:\/\/www.gilroynapolishort.com\/es\/wp-json\/wp\/v2\/pages\/213","targetHints":{"allow":["GET"]}}],"collection":[{"href":"https:\/\/www.gilroynapolishort.com\/es\/wp-json\/wp\/v2\/pages"}],"about":[{"href":"https:\/\/www.gilroynapolishort.com\/es\/wp-json\/wp\/v2\/types\/page"}],"author":[{"embeddable":true,"href":"https:\/\/www.gilroynapolishort.com\/es\/wp-json\/wp\/v2\/users\/2"}],"replies":[{"embeddable":true,"href":"https:\/\/www.gilroynapolishort.com\/es\/wp-json\/wp\/v2\/comments?post=213"}],"version-history":[{"count":0,"href":"https:\/\/www.gilroynapolishort.com\/es\/wp-json\/wp\/v2\/pages\/213\/revisions"}],"wp:attachment":[{"href":"https:\/\/www.gilroynapolishort.com\/es\/wp-json\/wp\/v2\/media?parent=213"}],"curies":[{"name":"wp","href":"https:\/\/api.w.org\/{rel}","templated":true}]}}