{"id":2179,"date":"2026-02-20T07:28:42","date_gmt":"2026-02-20T15:28:42","guid":{"rendered":"https:\/\/www.gilroynapolishort.com\/?page_id=2179"},"modified":"2026-02-20T20:09:53","modified_gmt":"2026-02-21T04:09:53","slug":"domestic-violence","status":"publish","type":"page","link":"https:\/\/www.gilroynapolishort.com\/es\/practice-areas\/criminal-defense\/domestic-violence\/","title":{"rendered":"Violencia dom\u00e9stica"},"content":{"rendered":"<div>\n<div>\n<h1>Los abogados defensores de violencia dom\u00e9stica mejor calificados de Oreg\u00f3n<\/h1>\n<\/div>\n<div>\n<p>Con frecuencia, las acusaciones de violencia dom\u00e9stica son veraces y v\u00e1lidas, y en ocasiones no lo son. Los vecinos suelen reaccionar de forma exagerada o malinterpretar los ruidos provenientes del interior de una casa. A veces, los c\u00f3nyuges pueden reaccionar de forma exagerada durante una discusi\u00f3n. En concreto, si las acusaciones de violencia dom\u00e9stica son falsas, necesita un abogado competente que le ayude a evitar cargos penales o una condena injustificada.<\/p>\n<p>Los cargos de violencia dom\u00e9stica son graves y no deben tomarse a la ligera. Podr\u00edas terminar con un delito grave en tu expediente permanente e incluso perder tu derecho a portar armas en Oreg\u00f3n de por vida.<\/p>\n<p>Nuestro bufete de abogados defensores tiene d\u00e9cadas de experiencia en la lucha contra casos de violencia dom\u00e9stica y utilizaremos esa experiencia para ayudarlo a evitar una condena o ayudarlo a reducir su sentencia.<\/p>\n<p>Los abogados de derecho penal de Gilroy Napoli Short se centran en las mejores soluciones de defensa en casos de violencia dom\u00e9stica y nuestros abogados est\u00e1n disponibles para reunirse con usted en nuestras oficinas en Bend, Salem, Medford y Portland, Oregon.<\/p>\n<p>Contratar al abogado adecuado. Tenga en cuenta que los socios de nuestro bufete son exfiscales del condado de Washington y tienen amplia experiencia en los pormenores de las leyes de violencia dom\u00e9stica de Oreg\u00f3n.<\/p>\n<p>Si es contratado, nuestros abogados pueden reunirse con usted en cualquiera de nuestras ubicaciones, la c\u00e1rcel del condado o en los siguientes juzgados del condado: Deschutes, Marion, Jefferson, Jackson, Klamath, Tillamook, condado de Washington, Multnomah y condado de Clackamas.<\/p>\n<\/div>\n<div>\n<h2>Las consecuencias de la violencia dom\u00e9stica en Oreg\u00f3n<\/h2>\n<div>\n<p>Oreg\u00f3n considera la violencia dom\u00e9stica un delito grave, por lo que las consecuencias de estas condenas son igualmente severas. Estas condenas incluyen, entre otras, las siguientes:<\/p>\n<\/div>\n<ul>\n<li>Delito grave permanente en su registro<\/li>\n<li>Tiempo en la c\u00e1rcel<\/li>\n<li>Multas<\/li>\n<li>P\u00e9rdida de los derechos de armas en Oreg\u00f3n<\/li>\n<li>Una reputaci\u00f3n arruinada en la comunidad<\/li>\n<li>Es posible que no pases una verificaci\u00f3n de antecedentes para un trabajo o una vivienda.<\/li>\n<li>\u00d3rdenes de restricci\u00f3n que le proh\u00edben ver a su familia<\/li>\n<\/ul>\n<div>\n<h2>\u00bfHa sido acusado de violencia dom\u00e9stica?<\/h2>\n<\/div>\n<div>\n<p>El sistema judicial de Oreg\u00f3n se dedica firmemente a proteger los hogares y las familias, y por eso las leyes contra la violencia dom\u00e9stica son tan estrictas. En ocasiones, estas leyes estrictas hacen que los c\u00f3nyuges, la polic\u00eda o los fiscales se esfuercen por presentar cargos innecesariamente severos en su contra.<\/p>\n<p>Si enfrenta cargos dif\u00edciles, no significa que su situaci\u00f3n sea desesperada. Le recomendamos que se comunique con nosotros de inmediato para una consulta gratuita y para hablar sobre su caso.<\/p>\n<\/div>\n<div>\n<h2>5-Star Rated Oregon Criminal Defense Lawyers<\/h2>\n<div>\n<p>Contratar a un abogado con experiencia en violencia dom\u00e9stica tiene muchas ventajas en lugar de depender de un defensor p\u00fablico con exceso de trabajo. Gilroy Napoli Short Law Group luchar\u00e1 por usted en cada paso del proceso.<\/p>\n<\/div>\n<\/div>\n<div><strong>Tambi\u00e9n brindamos representaci\u00f3n legal para:<\/strong><\/div>\n<ul>\n<li style=\"list-style-type: none;\">\n<ul>\n<li>Violencia dom\u00e9stica<\/li>\n<li>Casos de la medida 11<\/li>\n<li>cargos por conducir ebrio<\/li>\n<li>cargos por armas<\/li>\n<li>Lesiones<\/li>\n<li>Restricci\u00f3n penal<\/li>\n<li>Encarcelamiento injusto<\/li>\n<li>Investigaciones de delitos graves<\/li>\n<li>cargos por drogas<\/li>\n<li>Lesiones<\/li>\n<\/ul>\n<\/li>\n<\/ul>\n<div><\/div>\n<div>\n<p>Cont\u00e1ctenos hoy para programar una consulta inicial gratuita y descubrir sus opciones legales. Puede comunicarse con nuestros abogados al 503-747-7198. Tambi\u00e9n puede usar el chat 24\/7 de nuestro sitio web para dejarnos un mensaje.<\/p>\n<p>Representamos a personas en el condado de Multnomah, el condado de Washington, el condado de Clackamas, el condado de Deschutes, el condado de Jefferson, Tillamook, el condado de Jackson, el condado de Crook y Klamath, Oreg\u00f3n.<\/p>\n<\/div>\n<div>Se habla espa\u00f1ol<\/div>\n<\/div>\n<\/div>","protected":false},"excerpt":{"rendered":"<p>Oregon&#8217;s Top Rated Domestic Violence Defense Lawyers Frequently allegations of domestic violence are factual and valid, and occasionally they&#8217;re not. Neighbors can often overreact or misinterpret noises coming from inside&#8230;<\/p>","protected":false},"author":3,"featured_media":0,"parent":221,"menu_order":0,"comment_status":"closed","ping_status":"closed","template":"single-criminal-page.php","meta":{"_acf_changed":false,"footnotes":""},"class_list":["post-2179","page","type-page","status-publish","hentry"],"acf":[],"yoast_head":"<!-- This site is optimized with the Yoast SEO plugin v27.3 - https:\/\/yoast.com\/product\/yoast-seo-wordpress\/ -->\n<title>Domestic Violence Lawyer in Bend, Salem &amp; Portland | Criminal Defense<\/title>\n<meta name=\"description\" content=\"Accused of domestic violence? Contact us to schedule a free initial consultation and discover your legal options. Don&#039;t wait, call today 503-747-7198.\" \/>\n<meta name=\"robots\" content=\"index, follow, max-snippet:-1, max-image-preview:large, max-video-preview:-1\" \/>\n<link rel=\"canonical\" href=\"https:\/\/www.gilroynapolishort.com\/es\/practice-areas\/criminal-defense\/domestic-violence\/\" \/>\n<meta property=\"og:locale\" content=\"es_MX\" \/>\n<meta property=\"og:type\" content=\"article\" \/>\n<meta property=\"og:title\" content=\"Domestic Violence Lawyer in Bend, Salem &amp; Portland | Criminal Defense\" \/>\n<meta property=\"og:description\" content=\"Accused of domestic violence? Contact us to schedule a free initial consultation and discover your legal options. Don&#039;t wait, call today 503-747-7198.\" \/>\n<meta property=\"og:url\" content=\"https:\/\/www.gilroynapolishort.com\/es\/practice-areas\/criminal-defense\/domestic-violence\/\" \/>\n<meta property=\"og:site_name\" content=\"GNS Law Group\" \/>\n<meta property=\"article:modified_time\" content=\"2026-02-21T04:09:53+00:00\" \/>\n<meta name=\"twitter:card\" content=\"summary_large_image\" \/>\n<meta name=\"twitter:label1\" content=\"Est. reading time\" \/>\n\t<meta name=\"twitter:data1\" content=\"3 minutos\" \/>\n<script type=\"application\/ld+json\" class=\"yoast-schema-graph\">{\"@context\":\"https:\\\/\\\/schema.org\",\"@graph\":[{\"@type\":\"WebPage\",\"@id\":\"https:\\\/\\\/www.gilroynapolishort.com\\\/practice-areas\\\/criminal-defense\\\/domestic-violence\\\/\",\"url\":\"https:\\\/\\\/www.gilroynapolishort.com\\\/practice-areas\\\/criminal-defense\\\/domestic-violence\\\/\",\"name\":\"Domestic Violence Lawyer in Bend, Salem & Portland | Criminal Defense\",\"isPartOf\":{\"@id\":\"https:\\\/\\\/www.gilroynapolishort.com\\\/#website\"},\"datePublished\":\"2026-02-20T15:28:42+00:00\",\"dateModified\":\"2026-02-21T04:09:53+00:00\",\"description\":\"Accused of domestic violence? Contact us to schedule a free initial consultation and discover your legal options. Don't wait, call today 503-747-7198.\",\"breadcrumb\":{\"@id\":\"https:\\\/\\\/www.gilroynapolishort.com\\\/practice-areas\\\/criminal-defense\\\/domestic-violence\\\/#breadcrumb\"},\"inLanguage\":\"es\",\"potentialAction\":[{\"@type\":\"ReadAction\",\"target\":[\"https:\\\/\\\/www.gilroynapolishort.com\\\/practice-areas\\\/criminal-defense\\\/domestic-violence\\\/\"]}]},{\"@type\":\"BreadcrumbList\",\"@id\":\"https:\\\/\\\/www.gilroynapolishort.com\\\/practice-areas\\\/criminal-defense\\\/domestic-violence\\\/#breadcrumb\",\"itemListElement\":[{\"@type\":\"ListItem\",\"position\":1,\"name\":\"Home\",\"item\":\"https:\\\/\\\/www.gilroynapolishort.com\\\/\"},{\"@type\":\"ListItem\",\"position\":2,\"name\":\"Practice Areas\",\"item\":\"https:\\\/\\\/www.gilroynapolishort.com\\\/practice-areas\\\/\"},{\"@type\":\"ListItem\",\"position\":3,\"name\":\"Criminal Defense\",\"item\":\"https:\\\/\\\/www.gilroynapolishort.com\\\/practice-areas\\\/criminal-defense\\\/\"},{\"@type\":\"ListItem\",\"position\":4,\"name\":\"Domestic Violence\"}]},{\"@type\":\"WebSite\",\"@id\":\"https:\\\/\\\/www.gilroynapolishort.com\\\/#website\",\"url\":\"https:\\\/\\\/www.gilroynapolishort.com\\\/\",\"name\":\"Gilroy Napoli Short Law Group\",\"description\":\"\",\"potentialAction\":[{\"@type\":\"SearchAction\",\"target\":{\"@type\":\"EntryPoint\",\"urlTemplate\":\"https:\\\/\\\/www.gilroynapolishort.com\\\/?s={search_term_string}\"},\"query-input\":{\"@type\":\"PropertyValueSpecification\",\"valueRequired\":true,\"valueName\":\"search_term_string\"}}],\"inLanguage\":\"es\"}]}<\/script>\n<!-- \/ Yoast SEO plugin. -->","yoast_head_json":{"title":"Domestic Violence Lawyer in Bend, Salem & Portland | Criminal Defense","description":"Accused of domestic violence? Contact us to schedule a free initial consultation and discover your legal options. Don't wait, call today 503-747-7198.","robots":{"index":"index","follow":"follow","max-snippet":"max-snippet:-1","max-image-preview":"max-image-preview:large","max-video-preview":"max-video-preview:-1"},"canonical":"https:\/\/www.gilroynapolishort.com\/es\/practice-areas\/criminal-defense\/domestic-violence\/","og_locale":"es_MX","og_type":"article","og_title":"Domestic Violence Lawyer in Bend, Salem & Portland | Criminal Defense","og_description":"Accused of domestic violence? Contact us to schedule a free initial consultation and discover your legal options. Don't wait, call today 503-747-7198.","og_url":"https:\/\/www.gilroynapolishort.com\/es\/practice-areas\/criminal-defense\/domestic-violence\/","og_site_name":"GNS Law Group","article_modified_time":"2026-02-21T04:09:53+00:00","twitter_card":"summary_large_image","twitter_misc":{"Est. reading time":"3 minutos"},"schema":{"@context":"https:\/\/schema.org","@graph":[{"@type":"WebPage","@id":"https:\/\/www.gilroynapolishort.com\/practice-areas\/criminal-defense\/domestic-violence\/","url":"https:\/\/www.gilroynapolishort.com\/practice-areas\/criminal-defense\/domestic-violence\/","name":"Domestic Violence Lawyer in Bend, Salem & Portland | Criminal Defense","isPartOf":{"@id":"https:\/\/www.gilroynapolishort.com\/#website"},"datePublished":"2026-02-20T15:28:42+00:00","dateModified":"2026-02-21T04:09:53+00:00","description":"Accused of domestic violence? Contact us to schedule a free initial consultation and discover your legal options. Don't wait, call today 503-747-7198.","breadcrumb":{"@id":"https:\/\/www.gilroynapolishort.com\/practice-areas\/criminal-defense\/domestic-violence\/#breadcrumb"},"inLanguage":"es","potentialAction":[{"@type":"ReadAction","target":["https:\/\/www.gilroynapolishort.com\/practice-areas\/criminal-defense\/domestic-violence\/"]}]},{"@type":"BreadcrumbList","@id":"https:\/\/www.gilroynapolishort.com\/practice-areas\/criminal-defense\/domestic-violence\/#breadcrumb","itemListElement":[{"@type":"ListItem","position":1,"name":"Home","item":"https:\/\/www.gilroynapolishort.com\/"},{"@type":"ListItem","position":2,"name":"Practice Areas","item":"https:\/\/www.gilroynapolishort.com\/practice-areas\/"},{"@type":"ListItem","position":3,"name":"Criminal Defense","item":"https:\/\/www.gilroynapolishort.com\/practice-areas\/criminal-defense\/"},{"@type":"ListItem","position":4,"name":"Domestic Violence"}]},{"@type":"WebSite","@id":"https:\/\/www.gilroynapolishort.com\/#website","url":"https:\/\/www.gilroynapolishort.com\/","name":"Grupo de abogados Gilroy Napoli Short","description":"","potentialAction":[{"@type":"SearchAction","target":{"@type":"EntryPoint","urlTemplate":"https:\/\/www.gilroynapolishort.com\/?s={search_term_string}"},"query-input":{"@type":"PropertyValueSpecification","valueRequired":true,"valueName":"search_term_string"}}],"inLanguage":"es"}]}},"_links":{"self":[{"href":"https:\/\/www.gilroynapolishort.com\/es\/wp-json\/wp\/v2\/pages\/2179","targetHints":{"allow":["GET"]}}],"collection":[{"href":"https:\/\/www.gilroynapolishort.com\/es\/wp-json\/wp\/v2\/pages"}],"about":[{"href":"https:\/\/www.gilroynapolishort.com\/es\/wp-json\/wp\/v2\/types\/page"}],"author":[{"embeddable":true,"href":"https:\/\/www.gilroynapolishort.com\/es\/wp-json\/wp\/v2\/users\/3"}],"replies":[{"embeddable":true,"href":"https:\/\/www.gilroynapolishort.com\/es\/wp-json\/wp\/v2\/comments?post=2179"}],"version-history":[{"count":0,"href":"https:\/\/www.gilroynapolishort.com\/es\/wp-json\/wp\/v2\/pages\/2179\/revisions"}],"up":[{"embeddable":true,"href":"https:\/\/www.gilroynapolishort.com\/es\/wp-json\/wp\/v2\/pages\/221"}],"wp:attachment":[{"href":"https:\/\/www.gilroynapolishort.com\/es\/wp-json\/wp\/v2\/media?parent=2179"}],"curies":[{"name":"wp","href":"https:\/\/api.w.org\/{rel}","templated":true}]}}