{"id":221,"date":"2026-02-20T07:36:44","date_gmt":"2026-02-20T15:36:44","guid":{"rendered":"https:\/\/www.gilroynapolishort.com\/?page_id=221"},"modified":"2026-02-20T20:10:13","modified_gmt":"2026-02-21T04:10:13","slug":"criminal-defense","status":"publish","type":"page","link":"https:\/\/www.gilroynapolishort.com\/es\/practice-areas\/criminal-defense\/","title":{"rendered":"Defensa Penal"},"content":{"rendered":"<h1>Abogados de defensa penal<\/h1>\n<p>Si enfrenta cargos penales o est\u00e1 bajo investigaci\u00f3n, es importante contratar abogados que puedan comenzar a construir su defensa de inmediato y asesorarlo sobre las medidas adecuadas. Seg\u00fan la ley de Oreg\u00f3n, todo lo que diga a la polic\u00eda u otras autoridades policiales puede usarse en su contra. Es importante buscar asesor\u00eda legal y representaci\u00f3n legal antes de hacer cualquier declaraci\u00f3n.<\/p>\n<h2>Derecho de Defensa Penal<\/h2>\n<p>Si tu estas\u00a0<a href=\"\/es\/criminal-defense\/what-to-do-if-you-are-under-investigation\/\">bajo investigaci\u00f3n<\/a>A menudo, usted se encuentra en desventaja. Intentar hablar con un agente del orden p\u00fablico o un investigador criminal puede ser intimidante, y cualquier declaraci\u00f3n que haga puede ser sacada de contexto o utilizada en su contra. Consulte con un abogado con experiencia antes de hacer cualquier declaraci\u00f3n.<\/p>\n<p>Si la polic\u00eda se comunica con usted en relaci\u00f3n con una investigaci\u00f3n criminal, la mejor estrategia es que su abogado se comunique en su nombre.<\/p>\n<p>Nuestro experimentado equipo legal posee un profundo conocimiento del sistema legal y el derecho penal. Ofrecemos una defensa legal proactiva y de primer nivel en todas las instancias de los tribunales de Oreg\u00f3n y federales en casos que involucran numerosos delitos menores y graves, incluyendo:<\/p>\n<ul>\n<li><a href=\"\/es\/practice-areas\/violent-crimes\/assault\/\">Agresi\u00f3n<\/a><\/li>\n<li><a href=\"\/es\/practice-areas\/criminal-defense\/domestic-violence\/\">Violencia dom\u00e9stica<\/a><\/li>\n<li><a href=\"\/es\/practice-areas\/duii-felony-duii\/\">Conducir bajo los efectos del alcohol<\/a><\/li>\n<li><a href=\"\/es\/practice-areas\/drug-crimes\/\">cargos por drogas<\/a><\/li>\n<li><a href=\"\/es\/practice-areas\/violent-crimes\/murder-manslaughter\/\">Asesinato, homicidio involuntario e intento de homicidio<\/a><\/li>\n<li><a href=\"\/es\/practice-areas\/criminal-defense\/kidnapping\/\">Secuestro<\/a><\/li>\n<li><a href=\"\/es\/practice-areas\/criminal-defense\/sex-crimes\/\">agresi\u00f3n sexual<\/a><\/li>\n<li><a href=\"\/es\/criminal-defense\/probation-violations-warrants\/\">Violaciones de la libertad condicional<\/a><\/li>\n<li><a href=\"\/es\/practice-areas\/criminal-defense\/theft-embezzlement\/\">Robo y hurto<\/a><\/li>\n<li>Otros delitos graves y\u00a0<a href=\"\/es\/criminal-defense\/misdemeanors\/\">delitos menores<\/a><\/li>\n<\/ul>\n<p>No espere hasta que le hayan acusado de un delito o\u00a0<a href=\"\/es\/criminal-defense\/grand-jury-hearings\/\">llamado ante un gran jurado<\/a>\u00a0Para consultar con un abogado. Ll\u00e1menos de inmediato para que podamos comenzar a preparar su caso r\u00e1pidamente, ayudarle a comprender el proceso legal y presentarle sus opciones para que pueda tomar decisiones informadas.<\/p>\n<p>Si est\u00e1 bajo investigaci\u00f3n por un delito penal, no espere m\u00e1s: comun\u00edquese con nuestra oficina de inmediato y perm\u00edtanos manejar su caso.<\/p>\n<h2>Consulta gratuita: contacte hoy mismo con nuestros abogados defensores de Oregon<\/h2>\n<p>Contact us today to schedule a free initial consultation and discover your legal options. Call Gilroy Napoli Short at 503-747-7198. We represent people in Portland, Bend, Salem, Beaverton, Tigard, West Linn, Hillsboro, Medford, Ashland, Tillamook, Klamath and most cities throughout Oregon.<\/p>\n<p><strong>Se habla espa\u00f1ol.<\/strong><\/p>\n<p>Llame hoy para una consulta gratuita: <a href=\"tel:5037477198\">503-747-7198<\/a><\/p>","protected":false},"excerpt":{"rendered":"<p>Delitos graves y menores, tanto estatales como federales<\/p>","protected":false},"author":2,"featured_media":0,"parent":211,"menu_order":0,"comment_status":"closed","ping_status":"closed","template":"single-criminal-page.php","meta":{"_acf_changed":false,"footnotes":""},"class_list":["post-221","page","type-page","status-publish","hentry"],"acf":[],"yoast_head":"<!-- This site is optimized with the Yoast SEO plugin v27.3 - https:\/\/yoast.com\/product\/yoast-seo-wordpress\/ -->\n<title>Oregon Criminal Law Attorneys in Bend, Salem, Hillsboro, &amp; Portland<\/title>\n<meta name=\"description\" content=\"Charged with a crime or under investigation? Our attorneys can defend you. Call 503-747-7198 for a free consultation. Offices in Bend, Portland and Salem.\" \/>\n<meta name=\"robots\" content=\"index, follow, max-snippet:-1, max-image-preview:large, max-video-preview:-1\" \/>\n<link rel=\"canonical\" href=\"https:\/\/www.gilroynapolishort.com\/es\/practice-areas\/criminal-defense\/\" \/>\n<meta property=\"og:locale\" content=\"es_MX\" \/>\n<meta property=\"og:type\" content=\"article\" \/>\n<meta property=\"og:title\" content=\"Oregon Criminal Law Attorneys in Bend, Salem, Hillsboro, &amp; Portland\" \/>\n<meta property=\"og:description\" content=\"Charged with a crime or under investigation? Our attorneys can defend you. Call 503-747-7198 for a free consultation. Offices in Bend, Portland and Salem.\" \/>\n<meta property=\"og:url\" content=\"https:\/\/www.gilroynapolishort.com\/es\/practice-areas\/criminal-defense\/\" \/>\n<meta property=\"og:site_name\" content=\"GNS Law Group\" \/>\n<meta property=\"article:modified_time\" content=\"2026-02-21T04:10:13+00:00\" \/>\n<meta name=\"twitter:card\" content=\"summary_large_image\" \/>\n<meta name=\"twitter:label1\" content=\"Est. reading time\" \/>\n\t<meta name=\"twitter:data1\" content=\"2 minutos\" \/>\n<script type=\"application\/ld+json\" class=\"yoast-schema-graph\">{\"@context\":\"https:\\\/\\\/schema.org\",\"@graph\":[{\"@type\":\"WebPage\",\"@id\":\"https:\\\/\\\/www.gilroynapolishort.com\\\/practice-areas\\\/criminal-defense\\\/\",\"url\":\"https:\\\/\\\/www.gilroynapolishort.com\\\/practice-areas\\\/criminal-defense\\\/\",\"name\":\"Oregon Criminal Law Attorneys in Bend, Salem, Hillsboro, & Portland\",\"isPartOf\":{\"@id\":\"https:\\\/\\\/www.gilroynapolishort.com\\\/#website\"},\"datePublished\":\"2026-02-20T15:36:44+00:00\",\"dateModified\":\"2026-02-21T04:10:13+00:00\",\"description\":\"Charged with a crime or under investigation? Our attorneys can defend you. Call 503-747-7198 for a free consultation. Offices in Bend, Portland and Salem.\",\"breadcrumb\":{\"@id\":\"https:\\\/\\\/www.gilroynapolishort.com\\\/practice-areas\\\/criminal-defense\\\/#breadcrumb\"},\"inLanguage\":\"es\",\"potentialAction\":[{\"@type\":\"ReadAction\",\"target\":[\"https:\\\/\\\/www.gilroynapolishort.com\\\/practice-areas\\\/criminal-defense\\\/\"]}]},{\"@type\":\"BreadcrumbList\",\"@id\":\"https:\\\/\\\/www.gilroynapolishort.com\\\/practice-areas\\\/criminal-defense\\\/#breadcrumb\",\"itemListElement\":[{\"@type\":\"ListItem\",\"position\":1,\"name\":\"Home\",\"item\":\"https:\\\/\\\/www.gilroynapolishort.com\\\/\"},{\"@type\":\"ListItem\",\"position\":2,\"name\":\"Practice Areas\",\"item\":\"https:\\\/\\\/www.gilroynapolishort.com\\\/practice-areas\\\/\"},{\"@type\":\"ListItem\",\"position\":3,\"name\":\"Criminal Defense\"}]},{\"@type\":\"WebSite\",\"@id\":\"https:\\\/\\\/www.gilroynapolishort.com\\\/#website\",\"url\":\"https:\\\/\\\/www.gilroynapolishort.com\\\/\",\"name\":\"Gilroy Napoli Short Law Group\",\"description\":\"\",\"potentialAction\":[{\"@type\":\"SearchAction\",\"target\":{\"@type\":\"EntryPoint\",\"urlTemplate\":\"https:\\\/\\\/www.gilroynapolishort.com\\\/?s={search_term_string}\"},\"query-input\":{\"@type\":\"PropertyValueSpecification\",\"valueRequired\":true,\"valueName\":\"search_term_string\"}}],\"inLanguage\":\"es\"}]}<\/script>\n<!-- \/ Yoast SEO plugin. -->","yoast_head_json":{"title":"Oregon Criminal Law Attorneys in Bend, Salem, Hillsboro, & Portland","description":"Charged with a crime or under investigation? Our attorneys can defend you. Call 503-747-7198 for a free consultation. Offices in Bend, Portland and Salem.","robots":{"index":"index","follow":"follow","max-snippet":"max-snippet:-1","max-image-preview":"max-image-preview:large","max-video-preview":"max-video-preview:-1"},"canonical":"https:\/\/www.gilroynapolishort.com\/es\/practice-areas\/criminal-defense\/","og_locale":"es_MX","og_type":"article","og_title":"Oregon Criminal Law Attorneys in Bend, Salem, Hillsboro, & Portland","og_description":"Charged with a crime or under investigation? Our attorneys can defend you. Call 503-747-7198 for a free consultation. Offices in Bend, Portland and Salem.","og_url":"https:\/\/www.gilroynapolishort.com\/es\/practice-areas\/criminal-defense\/","og_site_name":"GNS Law Group","article_modified_time":"2026-02-21T04:10:13+00:00","twitter_card":"summary_large_image","twitter_misc":{"Est. reading time":"2 minutos"},"schema":{"@context":"https:\/\/schema.org","@graph":[{"@type":"WebPage","@id":"https:\/\/www.gilroynapolishort.com\/practice-areas\/criminal-defense\/","url":"https:\/\/www.gilroynapolishort.com\/practice-areas\/criminal-defense\/","name":"Oregon Criminal Law Attorneys in Bend, Salem, Hillsboro, & Portland","isPartOf":{"@id":"https:\/\/www.gilroynapolishort.com\/#website"},"datePublished":"2026-02-20T15:36:44+00:00","dateModified":"2026-02-21T04:10:13+00:00","description":"Charged with a crime or under investigation? Our attorneys can defend you. Call 503-747-7198 for a free consultation. Offices in Bend, Portland and Salem.","breadcrumb":{"@id":"https:\/\/www.gilroynapolishort.com\/practice-areas\/criminal-defense\/#breadcrumb"},"inLanguage":"es","potentialAction":[{"@type":"ReadAction","target":["https:\/\/www.gilroynapolishort.com\/practice-areas\/criminal-defense\/"]}]},{"@type":"BreadcrumbList","@id":"https:\/\/www.gilroynapolishort.com\/practice-areas\/criminal-defense\/#breadcrumb","itemListElement":[{"@type":"ListItem","position":1,"name":"Home","item":"https:\/\/www.gilroynapolishort.com\/"},{"@type":"ListItem","position":2,"name":"Practice Areas","item":"https:\/\/www.gilroynapolishort.com\/practice-areas\/"},{"@type":"ListItem","position":3,"name":"Criminal Defense"}]},{"@type":"WebSite","@id":"https:\/\/www.gilroynapolishort.com\/#website","url":"https:\/\/www.gilroynapolishort.com\/","name":"Grupo de abogados Gilroy Napoli Short","description":"","potentialAction":[{"@type":"SearchAction","target":{"@type":"EntryPoint","urlTemplate":"https:\/\/www.gilroynapolishort.com\/?s={search_term_string}"},"query-input":{"@type":"PropertyValueSpecification","valueRequired":true,"valueName":"search_term_string"}}],"inLanguage":"es"}]}},"_links":{"self":[{"href":"https:\/\/www.gilroynapolishort.com\/es\/wp-json\/wp\/v2\/pages\/221","targetHints":{"allow":["GET"]}}],"collection":[{"href":"https:\/\/www.gilroynapolishort.com\/es\/wp-json\/wp\/v2\/pages"}],"about":[{"href":"https:\/\/www.gilroynapolishort.com\/es\/wp-json\/wp\/v2\/types\/page"}],"author":[{"embeddable":true,"href":"https:\/\/www.gilroynapolishort.com\/es\/wp-json\/wp\/v2\/users\/2"}],"replies":[{"embeddable":true,"href":"https:\/\/www.gilroynapolishort.com\/es\/wp-json\/wp\/v2\/comments?post=221"}],"version-history":[{"count":0,"href":"https:\/\/www.gilroynapolishort.com\/es\/wp-json\/wp\/v2\/pages\/221\/revisions"}],"up":[{"embeddable":true,"href":"https:\/\/www.gilroynapolishort.com\/es\/wp-json\/wp\/v2\/pages\/211"}],"wp:attachment":[{"href":"https:\/\/www.gilroynapolishort.com\/es\/wp-json\/wp\/v2\/media?parent=221"}],"curies":[{"name":"wp","href":"https:\/\/api.w.org\/{rel}","templated":true}]}}