{"id":223,"date":"2024-02-19T01:24:10","date_gmt":"2024-02-19T09:24:10","guid":{"rendered":"https:\/\/www.gilroynapolishort.com\/?page_id=223"},"modified":"2024-05-04T12:43:19","modified_gmt":"2024-05-04T19:43:19","slug":"duii-felony-duii","status":"publish","type":"page","link":"https:\/\/www.gilroynapolishort.com\/es\/practice-areas\/duii-felony-duii\/","title":{"rendered":"DUII y delito grave DUII"},"content":{"rendered":"<h1>DUII y delitos graves DUII en Oreg\u00f3n<\/h1>\n<p>Ser acusado de conducir ebrio o DUI puede ser una experiencia traum\u00e1tica para un conductor. En caso de arresto por conducir ebrio, necesitar\u00e1 representaci\u00f3n legal experimentada que pueda comunicarse de inmediato con el fiscal y el juez, preparar su defensa, ayudarle a restablecer su licencia de conducir y trabajar para mitigar las sanciones y multas con prontitud.<\/p>\n<p>Con m\u00e1s de 10 a\u00f1os de experiencia en casos de DUI, Gilroy Napoli Short Law Group puede ayudarle a defender su derecho a conducir en todo Oreg\u00f3n. Podemos obtener...\u00a0<a href=\"https:\/\/www.gilroynapolishort.com\/es\/DUII-felony-DUII\/DMV-hearings\/\">Audiencia del DMV<\/a> Ante un juez administrativo. Nuestros abogados expertos en DUI de Oreg\u00f3n pueden luchar para restablecer su licencia de conducir o evitar la suspensi\u00f3n de su licencia.<\/p>\n<p>Ll\u00e1menos hoy al 503-747-7198 para una consulta gratuita con un abogado.<\/p>\n<h2>Abogados de DUI en Oreg\u00f3n<\/h2>\n<p>Condado de Multnomah:\u00a0<a href=\"https:\/\/www.gilroynapolishort.com\/es\/dui-lawyer-portland\/\">Portland<\/a>,\u00a0<a href=\"https:\/\/www.gilroynapolishort.com\/es\/dui-lawyer-gresham\/\">Gresham<\/a>,\u00a0<a href=\"https:\/\/www.gilroynapolishort.com\/es\/dui-lawyer-troutdale\/\">Troutdale<\/a>,<\/p>\n<p>Condado de Washington:\u00a0<a href=\"https:\/\/www.gilroynapolishort.com\/es\/dui-lawyer-beaverton\/\">Beaverton<\/a>,\u00a0<a href=\"https:\/\/www.gilroynapolishort.com\/es\/dui-lawyer-hillsboro\/\">Hillsboro<\/a>,\u00a0<a href=\"https:\/\/www.gilroynapolishort.com\/es\/dui-lawyer-tigard\/\">Tigard<\/a>,\u00a0<a href=\"https:\/\/www.gilroynapolishort.com\/es\/dui-lawyer-wilsonville\/\">Wilsonville<\/a>,\u00a0<a href=\"https:\/\/www.gilroynapolishort.com\/es\/dui-lawyer-aloha\/\">Aloha<\/a>,\u00a0<a href=\"https:\/\/www.gilroynapolishort.com\/es\/dui-lawyer-tualatin\/\">Tualatin<\/a>,\u00a0<a href=\"https:\/\/www.gilroynapolishort.com\/es\/dui-lawyer-forest-grove\/\">Forest Grove<\/a>,\u00a0<a href=\"https:\/\/www.gilroynapolishort.com\/es\/dui-lawyer-sherwood\/\">Sherwood<\/a>,<\/p>\n<p>Condado de Clackamas:\u00a0<a href=\"https:\/\/www.gilroynapolishort.com\/es\/dui-lawyer-clackamas\/\">Clackamas<\/a>,\u00a0<a href=\"https:\/\/www.gilroynapolishort.com\/es\/dui-lawyer-lake-oswego\/\">Lago Oswego<\/a>,\u00a0<a href=\"https:\/\/www.gilroynapolishort.com\/es\/dui-lawyer-west-linn\/\">West Linn<\/a>,\u00a0<a href=\"https:\/\/www.gilroynapolishort.com\/es\/dui-lawyer-oregon-city\/\">Oregon City<\/a>,\u00a0<a href=\"https:\/\/www.gilroynapolishort.com\/es\/dui-lawyer-gladstone\/\">Gladstone<\/a>,\u00a0<a href=\"https:\/\/www.gilroynapolishort.com\/es\/dui-lawyer-canby\/\">Canby<\/a>, <a href=\"https:\/\/www.gilroynapolishort.com\/es\/dui-lawyer-wilsonville\/\">Wilsonville<\/a>,\u00a0<a href=\"https:\/\/www.gilroynapolishort.com\/es\/dui-lawyer-happy-valley\/\">Happy Valley<\/a>,\u00a0<a href=\"https:\/\/www.gilroynapolishort.com\/es\/dui-lawyer-molalla\/\">Molalla<\/a>,\u00a0<a href=\"https:\/\/www.gilroynapolishort.com\/es\/dui-lawyer-estacada\/\">Estacada<\/a>,<\/p>\n<p>Condado de Marion: <a href=\"https:\/\/www.gilroynapolishort.com\/es\/salem-dui-attorney\/\">Salem<\/a>, Woodburn, Mt. Angel, Keizer,<\/p>\n<p>Oreg\u00f3n central:\u00a0<a href=\"https:\/\/www.gilroynapolishort.com\/es\/dui-lawyer-bend\/\">Bend<\/a>,\u00a0<a href=\"https:\/\/www.gilroynapolishort.com\/es\/dui-lawyer-redmond\/\">Redmond<\/a>,\u00a0<a href=\"https:\/\/www.gilroynapolishort.com\/es\/dui-lawyer-madras\/\">Madr\u00e1s<\/a>,\u00a0<a href=\"https:\/\/www.gilroynapolishort.com\/es\/dui-lawyer-prineville\/\">Prineville<\/a>,\u00a0<a href=\"https:\/\/www.gilroynapolishort.com\/es\/dui-lawyer-deschutes-county\/\">Condado de Deschutes<\/a>,\u00a0<a href=\"https:\/\/www.gilroynapolishort.com\/es\/dui-lawyer-jefferson-county\/\">Condado de Jefferson<\/a>,\u00a0<a href=\"https:\/\/www.gilroynapolishort.com\/es\/dui-lawyer-crook-county\/\">Condado de Crook<\/a>,\u00a0<a href=\"https:\/\/www.gilroynapolishort.com\/es\/dui-lawyer-klamath-county\/\">Condado de Klamath<\/a>,\u00a0<a href=\"https:\/\/www.gilroynapolishort.com\/es\/dui-lawyer-klamath-falls\/\">Klamath Falls<\/a>,\u00a0<a href=\"https:\/\/www.gilroynapolishort.com\/es\/dui-lawyer-burns\/\">Burns<\/a>,<\/p>\n<p>Adem\u00e1s, tambi\u00e9n brindamos defensa por DUI a personas en las siguientes \u00e1reas: Condado de Tillamook, Condado de Columbia, Hood River, Astoria, Seaside, St. Helens, Scappoose, Condado de Marion, Condado de Linn, Condado de Yamhill, Fairview, Wood Village, Maywood Park, Newberg, McMinnville y Dundee Oregon.<\/p>\n<h2>Abogados defensores de conducci\u00f3n en estado de ebriedad en Oreg\u00f3n<\/h2>\n<p>En Oregon, si lo detiene la polic\u00eda por conducir ebrio y su nivel de alcohol en sangre (BAC) es de 0,15 por ciento o superior, puede recibir una multa m\u00ednima de $2.000.<\/p>\n<p>Los arrestos por DUII (conducir bajo la influencia de sustancias intoxicantes) se clasifican en dos casos separados:<\/p>\n<ol>\n<li>Un caso penal, que puede incluir tiempo en prisi\u00f3n, multas, clases de rehabilitaci\u00f3n obligatorias, dispositivos de bloqueo de encendido requeridos y otras consecuencias.<\/li>\n<li>Un caso del DMV, que implica una posible suspensi\u00f3n de la licencia de conducir de 90 d\u00edas hasta tres a\u00f1os<\/li>\n<\/ol>\n<p>Tambi\u00e9n existen diversas consecuencias legales si usted es un infractor primerizo, reincidente, tercero o m\u00e1s. Un infractor primerizo de DUI probablemente se enfrenta a:<\/p>\n<ul>\n<li>per\u00edodo de prueba de 18 a 24 meses<\/li>\n<li>Al menos 48 horas de c\u00e1rcel o al menos 80 horas de servicio comunitario<\/li>\n<li>Costas judiciales, honorarios y evaluaciones por un total de aproximadamente $400<\/li>\n<li>Una multa m\u00ednima obligatoria de $1.000<\/li>\n<li>Una orden judicial para obedecer todas las leyes durante un per\u00edodo de prueba<\/li>\n<li>Una orden judicial de no beber alcohol ni consumir o poseer drogas<\/li>\n<li>Una orden judicial para asistir a un panel de impacto de las v\u00edctimas<\/li>\n<\/ul>\n<h2>M\u00faltiples delitos de DUII<\/h2>\n<p>Por un segundo DUII, se enfrenta a una multa m\u00ednima obligatoria aumentada de $1,500 y una suspensi\u00f3n prolongada de la licencia de conducir de hasta tres a\u00f1os.<\/p>\n<p>Si es la tercera vez que comete un delito por conducir bajo los efectos del alcohol, el delito se ha elevado a un delito grave, lo que puede resultar en una pena de prisi\u00f3n de hasta cinco a\u00f1os. Su multa m\u00ednima obligatoria aumentar\u00e1 a al menos $2,000, y su licencia de conducir podr\u00eda ser revocada de por vida.<\/p>\n<p>Cuatro o m\u00e1s casos de condena por DUII enfrentan una pena de prisi\u00f3n de al menos 18 meses, junto con una suspensi\u00f3n de por vida del privilegio de conducir y multas obligatorias.<\/p>\n<p>Nuestros abogados, con gran capacidad de respuesta, defender\u00e1n sus derechos y trabajar\u00e1n para ganar su caso de DUI. Los acuerdos con la fiscal\u00eda est\u00e1n prohibidos en casos de DUI en Oreg\u00f3n, por lo que la representaci\u00f3n de un abogado confiable y con experiencia es crucial. Gracias a nuestro conocimiento de los procedimientos de registro e incautaci\u00f3n m\u00e1s recientes, podemos determinar si el arresto por DUI se realiz\u00f3 seg\u00fan el protocolo adecuado y ayudar a minimizar los da\u00f1os y cargos.<\/p>\n<h2>\u00bfEs elegible para una desviaci\u00f3n? Podemos ayudarle.<\/h2>\n<p>Otra opci\u00f3n es un programa de desv\u00edo, que requiere una declaraci\u00f3n de culpabilidad sin oposici\u00f3n, su consentimiento para someterse a una evaluaci\u00f3n y tratamiento de alcoholemia, la asistencia a un panel de impacto para v\u00edctimas, honorarios, evaluaciones y costas judiciales. Sin embargo, la condena por conducir bajo los efectos del alcohol se desestimar\u00e1 si completa con \u00e9xito el programa de desv\u00edo. Se aplican varios requisitos de elegibilidad, por lo que es necesario consultar con un abogado antes de optar por esta opci\u00f3n.<\/p>\n<p>Adem\u00e1s de los casos de DUII, representamos a personas acusadas de\u00a0<a href=\"https:\/\/www.gilroynapolishort.com\/es\/DUII-felony-DUII\/BUII-boating-under-the-influence\/\">Navegar bajo la influencia del alcohol<\/a>Tambi\u00e9n buscamos la\u00a0<a href=\"https:\/\/www.gilroynapolishort.com\/es\/DUII-felony-DUII\/drivers-license-restoration\/\">restauraci\u00f3n del privilegio de conducir<\/a>\u00a0para personas cuyas licencias han sido suspendidas.<\/p>\n<h2><strong>Consulta gratuita\u00a0<\/strong>\u2014\u00a0<strong>Contacte a Gilroy Napoli Short Law Group<\/strong><\/h2>\n<p>Cont\u00e1ctenos hoy para programar una consulta inicial gratuita y descubrir sus opciones legales. Puede llamar a Gilroy Napoli Short Law Group al 503-747-7198.<\/p>\n<p>Representamos a personas en todo Oreg\u00f3n, incluidos los condados de Multnomah, Deschutes, Jefferson, Crook, Klamath, Clackamas y Washington, Oreg\u00f3n.<\/p>\n<p><strong>Se habla espa\u00f1ol.<\/strong><\/p>\n<p>Llame hoy para una consulta gratuita: <a href=\"tel:5037477198\">503-747-7198<\/a><\/p>","protected":false},"excerpt":{"rendered":"<p>Protecting your rights and your driving privileges<\/p>","protected":false},"author":2,"featured_media":0,"parent":211,"menu_order":0,"comment_status":"closed","ping_status":"closed","template":"single-dui-page.php","meta":{"_acf_changed":false,"footnotes":""},"class_list":["post-223","page","type-page","status-publish","hentry"],"acf":[],"yoast_head":"<!-- This site is optimized with the Yoast SEO plugin v27.3 - https:\/\/yoast.com\/product\/yoast-seo-wordpress\/ -->\n<title>Top Oregon DUI Attorney | Drunk Driving Defense in Bend, Salem, Portland &amp; Hillsboro Oregon<\/title>\n<meta name=\"description\" content=\"With more than 10 years of experience handling DUI cases, Gilroy Napoli Short Law Group can help to defend your driving privileges throughout Oregon.\" \/>\n<meta name=\"robots\" content=\"index, follow, max-snippet:-1, max-image-preview:large, max-video-preview:-1\" \/>\n<link rel=\"canonical\" href=\"https:\/\/www.gilroynapolishort.com\/es\/practice-areas\/duii-felony-duii\/\" \/>\n<meta property=\"og:locale\" content=\"es_MX\" \/>\n<meta property=\"og:type\" content=\"article\" \/>\n<meta property=\"og:title\" content=\"Top Oregon DUI Attorney | Drunk Driving Defense in Bend, Salem, Portland &amp; Hillsboro Oregon\" \/>\n<meta property=\"og:description\" content=\"With more than 10 years of experience handling DUI cases, Gilroy Napoli Short Law Group can help to defend your driving privileges throughout Oregon.\" \/>\n<meta property=\"og:url\" content=\"https:\/\/www.gilroynapolishort.com\/es\/practice-areas\/duii-felony-duii\/\" \/>\n<meta property=\"og:site_name\" content=\"GNS Law Group\" \/>\n<meta property=\"article:modified_time\" content=\"2024-05-04T19:43:19+00:00\" \/>\n<meta name=\"twitter:card\" content=\"summary_large_image\" \/>\n<meta name=\"twitter:label1\" content=\"Est. reading time\" \/>\n\t<meta name=\"twitter:data1\" content=\"4 minutos\" \/>\n<script type=\"application\/ld+json\" class=\"yoast-schema-graph\">{\"@context\":\"https:\\\/\\\/schema.org\",\"@graph\":[{\"@type\":\"WebPage\",\"@id\":\"https:\\\/\\\/www.gilroynapolishort.com\\\/practice-areas\\\/duii-felony-duii\\\/\",\"url\":\"https:\\\/\\\/www.gilroynapolishort.com\\\/practice-areas\\\/duii-felony-duii\\\/\",\"name\":\"Top Oregon DUI Attorney | Drunk Driving Defense in Bend, Salem, Portland & Hillsboro Oregon\",\"isPartOf\":{\"@id\":\"https:\\\/\\\/www.gilroynapolishort.com\\\/#website\"},\"datePublished\":\"2024-02-19T09:24:10+00:00\",\"dateModified\":\"2024-05-04T19:43:19+00:00\",\"description\":\"With more than 10 years of experience handling DUI cases, Gilroy Napoli Short Law Group can help to defend your driving privileges throughout Oregon.\",\"breadcrumb\":{\"@id\":\"https:\\\/\\\/www.gilroynapolishort.com\\\/practice-areas\\\/duii-felony-duii\\\/#breadcrumb\"},\"inLanguage\":\"es\",\"potentialAction\":[{\"@type\":\"ReadAction\",\"target\":[\"https:\\\/\\\/www.gilroynapolishort.com\\\/practice-areas\\\/duii-felony-duii\\\/\"]}]},{\"@type\":\"BreadcrumbList\",\"@id\":\"https:\\\/\\\/www.gilroynapolishort.com\\\/practice-areas\\\/duii-felony-duii\\\/#breadcrumb\",\"itemListElement\":[{\"@type\":\"ListItem\",\"position\":1,\"name\":\"Home\",\"item\":\"https:\\\/\\\/www.gilroynapolishort.com\\\/\"},{\"@type\":\"ListItem\",\"position\":2,\"name\":\"Practice Areas\",\"item\":\"https:\\\/\\\/www.gilroynapolishort.com\\\/practice-areas\\\/\"},{\"@type\":\"ListItem\",\"position\":3,\"name\":\"DUII &#038; Felony DUII\"}]},{\"@type\":\"WebSite\",\"@id\":\"https:\\\/\\\/www.gilroynapolishort.com\\\/#website\",\"url\":\"https:\\\/\\\/www.gilroynapolishort.com\\\/\",\"name\":\"Gilroy Napoli Short Law Group\",\"description\":\"\",\"potentialAction\":[{\"@type\":\"SearchAction\",\"target\":{\"@type\":\"EntryPoint\",\"urlTemplate\":\"https:\\\/\\\/www.gilroynapolishort.com\\\/?s={search_term_string}\"},\"query-input\":{\"@type\":\"PropertyValueSpecification\",\"valueRequired\":true,\"valueName\":\"search_term_string\"}}],\"inLanguage\":\"es\"}]}<\/script>\n<!-- \/ Yoast SEO plugin. -->","yoast_head_json":{"title":"Top Oregon DUI Attorney | Drunk Driving Defense in Bend, Salem, Portland & Hillsboro Oregon","description":"With more than 10 years of experience handling DUI cases, Gilroy Napoli Short Law Group can help to defend your driving privileges throughout Oregon.","robots":{"index":"index","follow":"follow","max-snippet":"max-snippet:-1","max-image-preview":"max-image-preview:large","max-video-preview":"max-video-preview:-1"},"canonical":"https:\/\/www.gilroynapolishort.com\/es\/practice-areas\/duii-felony-duii\/","og_locale":"es_MX","og_type":"article","og_title":"Top Oregon DUI Attorney | Drunk Driving Defense in Bend, Salem, Portland & Hillsboro Oregon","og_description":"With more than 10 years of experience handling DUI cases, Gilroy Napoli Short Law Group can help to defend your driving privileges throughout Oregon.","og_url":"https:\/\/www.gilroynapolishort.com\/es\/practice-areas\/duii-felony-duii\/","og_site_name":"GNS Law Group","article_modified_time":"2024-05-04T19:43:19+00:00","twitter_card":"summary_large_image","twitter_misc":{"Est. reading time":"4 minutos"},"schema":{"@context":"https:\/\/schema.org","@graph":[{"@type":"WebPage","@id":"https:\/\/www.gilroynapolishort.com\/practice-areas\/duii-felony-duii\/","url":"https:\/\/www.gilroynapolishort.com\/practice-areas\/duii-felony-duii\/","name":"Top Oregon DUI Attorney | Drunk Driving Defense in Bend, Salem, Portland & Hillsboro Oregon","isPartOf":{"@id":"https:\/\/www.gilroynapolishort.com\/#website"},"datePublished":"2024-02-19T09:24:10+00:00","dateModified":"2024-05-04T19:43:19+00:00","description":"With more than 10 years of experience handling DUI cases, Gilroy Napoli Short Law Group can help to defend your driving privileges throughout Oregon.","breadcrumb":{"@id":"https:\/\/www.gilroynapolishort.com\/practice-areas\/duii-felony-duii\/#breadcrumb"},"inLanguage":"es","potentialAction":[{"@type":"ReadAction","target":["https:\/\/www.gilroynapolishort.com\/practice-areas\/duii-felony-duii\/"]}]},{"@type":"BreadcrumbList","@id":"https:\/\/www.gilroynapolishort.com\/practice-areas\/duii-felony-duii\/#breadcrumb","itemListElement":[{"@type":"ListItem","position":1,"name":"Home","item":"https:\/\/www.gilroynapolishort.com\/"},{"@type":"ListItem","position":2,"name":"Practice Areas","item":"https:\/\/www.gilroynapolishort.com\/practice-areas\/"},{"@type":"ListItem","position":3,"name":"DUII &#038; Felony DUII"}]},{"@type":"WebSite","@id":"https:\/\/www.gilroynapolishort.com\/#website","url":"https:\/\/www.gilroynapolishort.com\/","name":"Grupo de abogados Gilroy Napoli Short","description":"","potentialAction":[{"@type":"SearchAction","target":{"@type":"EntryPoint","urlTemplate":"https:\/\/www.gilroynapolishort.com\/?s={search_term_string}"},"query-input":{"@type":"PropertyValueSpecification","valueRequired":true,"valueName":"search_term_string"}}],"inLanguage":"es"}]}},"_links":{"self":[{"href":"https:\/\/www.gilroynapolishort.com\/es\/wp-json\/wp\/v2\/pages\/223","targetHints":{"allow":["GET"]}}],"collection":[{"href":"https:\/\/www.gilroynapolishort.com\/es\/wp-json\/wp\/v2\/pages"}],"about":[{"href":"https:\/\/www.gilroynapolishort.com\/es\/wp-json\/wp\/v2\/types\/page"}],"author":[{"embeddable":true,"href":"https:\/\/www.gilroynapolishort.com\/es\/wp-json\/wp\/v2\/users\/2"}],"replies":[{"embeddable":true,"href":"https:\/\/www.gilroynapolishort.com\/es\/wp-json\/wp\/v2\/comments?post=223"}],"version-history":[{"count":0,"href":"https:\/\/www.gilroynapolishort.com\/es\/wp-json\/wp\/v2\/pages\/223\/revisions"}],"up":[{"embeddable":true,"href":"https:\/\/www.gilroynapolishort.com\/es\/wp-json\/wp\/v2\/pages\/211"}],"wp:attachment":[{"href":"https:\/\/www.gilroynapolishort.com\/es\/wp-json\/wp\/v2\/media?parent=223"}],"curies":[{"name":"wp","href":"https:\/\/api.w.org\/{rel}","templated":true}]}}