{"id":2241,"date":"2020-04-06T02:46:07","date_gmt":"2020-04-06T02:46:07","guid":{"rendered":"https:\/\/www.gilroynapolishort.com\/?page_id=2241"},"modified":"2025-02-10T21:37:18","modified_gmt":"2025-02-11T05:37:18","slug":"salem-dui-attorney","status":"publish","type":"page","link":"https:\/\/www.gilroynapolishort.com\/es\/salem-dui-attorney\/","title":{"rendered":"Abogado de DUI de Salem"},"content":{"rendered":"<h1>\u00bfNecesita un abogado de DUI en Salem?<\/h1>\n<p>Es incre\u00edble c\u00f3mo puede cambiar tu vida en un instante. Unas copas en una fiesta o al salir con tus amigos, y tomar la decisi\u00f3n de subirte al coche, puede traer consecuencias que podr\u00edan cambiarte la vida. Podr\u00edas perder tu licencia o ir a la c\u00e1rcel. Peor a\u00fan, podr\u00edas herir o matar a alguien. Sin embargo, un peque\u00f1o error no tiene por qu\u00e9 cambiarte la vida. Al elegir al abogado de DUI de Salem adecuado, puedes asegurarte de que tus derechos est\u00e9n protegidos y obtener el mejor resultado posible.<\/p>\n<h2>Contrate a un abogado de defensa penal de primera categor\u00eda en Oreg\u00f3n<\/h2>\n<p>Primera vez por conducir bajo los efectos del alcohol o drogas (DUI\/DUII). Ser arrestado y acusado de conducir bajo los efectos del alcohol puede ser incre\u00edblemente estresante. Esto es especialmente cierto para quienes no tienen mucha experiencia con la ley. La mejor manera de defender sus derechos es contratar al abogado penalista con m\u00e1s experiencia que pueda encontrar. Le brindar\u00e1n asesoramiento y orientaci\u00f3n para obtener los mejores resultados posibles.<\/p>\n<p>El estado de Oreg\u00f3n suele ofrecer una alternativa a quienes acusan por primera vez de conducir bajo los efectos del alcohol (DUI), lo cual puede ser muy tentador para quienes no est\u00e1n familiarizados con la ley. Sin embargo, un abogado con experiencia en DUI de Salem puede ayudarle a disipar esta idea err\u00f3nea y a familiarizarse con el sistema. En algunos casos, un cargo por conducir bajo los efectos del alcohol o DUI puede ser desestimado. Debe encontrar el abogado adecuado. <a href=\"https:\/\/www.gilroynapolishort.com\/es\/practice-areas\/criminal-defense\/\">abogado defensor penal<\/a> que est\u00e9 bien evaluado y no se vaya con cualquiera a defender sus derechos.<\/p>\n<h2>Abogados locales en el condado de Marion, Oreg\u00f3n<\/h2>\n<p>Salem, Oreg\u00f3n, es la capital del estado y se encuentra en el condado de Marion. Es la segunda ciudad m\u00e1s grande de Oreg\u00f3n; sin embargo, Salem y el \u00e1rea metropolitana circundante tienen una poblaci\u00f3n de aproximadamente 400,000 habitantes. Est\u00e1 a solo una hora de Portland, la ciudad m\u00e1s grande del estado, y forma parte del \u00e1rea metropolitana de Portland, Salem y Vancouver.<\/p>\n<p>Si vive en Salem, priorice la contrataci\u00f3n de un abogado residente en la ciudad. Definitivamente no conviene contratar a un abogado de fuera de Oreg\u00f3n. Las leyes pueden variar de un estado a otro, e incluso de un condado a otro en algunos casos, en lo que respecta a los cargos por conducir bajo los efectos del alcohol. Estas diferencias pueden surgir al tratar con infractores primerizos y reincidentes. Su mejor oportunidad para obtener un buen resultado es contratar a alguien que comprenda la jurisdicci\u00f3n judicial local lo mejor posible. Los abogados familiarizados con las leyes de la ciudad y el estado podr\u00e1n argumentar mejor su caso y reducir los cargos o incluso retirarlos por completo.<\/p>\n<p><img loading=\"lazy\" decoding=\"async\" src=\"https:\/\/gnslawgroup.wpenginepowered.com\/wp-content\/uploads\/2019\/02\/i-62903-DUII-Lawyers-4456.jpg\" sizes=\"auto, (max-width: 1200px) 100vw, 1200px\" srcset=\"https:\/\/gnslawgroup.wpenginepowered.com\/wp-content\/uploads\/2019\/02\/i-62903-DUII-Lawyers-4456.jpg 1200w, https:\/\/gnslawgroup.wpenginepowered.com\/wp-content\/uploads\/2019\/02\/i-62903-DUII-Lawyers-4456-300x75.jpg 300w, https:\/\/gnslawgroup.wpenginepowered.com\/wp-content\/uploads\/2019\/02\/i-62903-DUII-Lawyers-4456-768x192.jpg 768w, https:\/\/gnslawgroup.wpenginepowered.com\/wp-content\/uploads\/2019\/02\/i-62903-DUII-Lawyers-4456-1024x256.jpg 1024w\" alt=\"\" width=\"1200\" height=\"300\" \/><\/p>\n<h2>Abogados de defensa penal de Salem con calificaci\u00f3n de 5 estrellas<\/h2>\n<p>Los abogados de defensa penal y de DUI no son todos iguales, y no querr\u00e1 arriesgar su libertad ni sus derechos. En primer lugar, necesita un abogado con experiencia en casos de DUI y que comprenda plenamente la ley. Tambi\u00e9n necesita un equipo legal que se comunique con usted sobre sus opciones y estrategias. Es importante que comprenda las posibles consecuencias y los costos asociados. Su equipo legal debe centrarse principalmente en asuntos penales, incluyendo cargos por DUI. As\u00ed, tendr\u00e1n la mejor oportunidad de que sus cargos sean desestimados. <a href=\"https:\/\/www.gilroynapolishort.com\/es\/practice-areas\/duii-felony-duii\/\">Si se le acusa de conducir bajo los efectos del alcohol<\/a>Estar\u00e1 asustado y confundido, y temeroso de lo que pueda suceder. Llame al 503-747-7198 de inmediato para recibir la ayuda y las respuestas que necesita para defender su caso.<\/p>\n<h2><strong>Consulta gratuita\u00a0<\/strong>\u2014 <strong>Gilroy Napoli Corto<\/strong><\/h2>\n<p>Cont\u00e1ctenos hoy para programar una consulta inicial gratuita y descubrir sus opciones legales. Llame al Grupo Legal Gilroy Napoli Short, ubicado en Salem, Oreg\u00f3n, al 503-747-7198. Nuestros abogados con amplia experiencia defienden a clientes acusados de conducir bajo los efectos del alcohol (DUI) en el condado de Marion, Salem, Keizer, Woodburn, Aurora y otras partes de Oreg\u00f3n. Nos ganamos nuestra reputaci\u00f3n protegiendo la suya.<\/p>\n<p><strong>Se habla espa\u00f1ol.<\/strong><\/p>\n<blockquote><p><em>Busc\u00e1bamos a los mejores abogados defensores cerca de m\u00ed cuando encontramos a Jason Short. Recomiendo ampliamente este bufete a cualquiera que tenga un caso pendiente en un tribunal penal.<\/em><\/p><\/blockquote>\n<p>\u2013 Gary L. \u2013 Excliente de GNS Law Group<\/p>\n<p>Llame hoy para una consulta gratuita: <a href=\"tel:5037477198\">503-747-7198<\/a><\/p>","protected":false},"excerpt":{"rendered":"<p>Need a Salem DUI Lawyer? It\u2019s amazing how your life can change in an instant. A few drinks at a party or when you are out with your friends, and&#8230;<\/p>","protected":false},"author":3,"featured_media":0,"parent":0,"menu_order":0,"comment_status":"closed","ping_status":"closed","template":"single-dui-page.php","meta":{"_acf_changed":false,"footnotes":""},"class_list":["post-2241","page","type-page","status-publish","hentry"],"acf":[],"yoast_head":"<!-- This site is optimized with the Yoast SEO plugin v27.3 - https:\/\/yoast.com\/product\/yoast-seo-wordpress\/ -->\n<title>Salem DUI Attorney: Salem, Keizer, Woodburn, Marion County DUI Lawyer<\/title>\n<meta name=\"description\" content=\"Marion County DUI Attorney: Call on us if you&#039;ve been charged with DUII drunk driving in Salem, Keizer or Woodburn Oregon. Free Consultation.\" \/>\n<meta name=\"robots\" content=\"index, follow, max-snippet:-1, max-image-preview:large, max-video-preview:-1\" \/>\n<link rel=\"canonical\" href=\"https:\/\/www.gilroynapolishort.com\/es\/salem-dui-attorney\/\" \/>\n<meta property=\"og:locale\" content=\"es_MX\" \/>\n<meta property=\"og:type\" content=\"article\" \/>\n<meta property=\"og:title\" content=\"Salem DUI Attorney: Salem, Keizer, Woodburn, Marion County DUI Lawyer\" \/>\n<meta property=\"og:description\" content=\"Marion County DUI Attorney: Call on us if you&#039;ve been charged with DUII drunk driving in Salem, Keizer or Woodburn Oregon. Free Consultation.\" \/>\n<meta property=\"og:url\" content=\"https:\/\/www.gilroynapolishort.com\/es\/salem-dui-attorney\/\" \/>\n<meta property=\"og:site_name\" content=\"GNS Law Group\" \/>\n<meta property=\"article:modified_time\" content=\"2025-02-11T05:37:18+00:00\" \/>\n<meta property=\"og:image\" content=\"https:\/\/gnslawgroup.wpenginepowered.com\/wp-content\/uploads\/2019\/02\/i-62903-DUII-Lawyers-4456.jpg\" \/>\n<meta name=\"twitter:card\" content=\"summary_large_image\" \/>\n<meta name=\"twitter:label1\" content=\"Est. reading time\" \/>\n\t<meta name=\"twitter:data1\" content=\"4 minutos\" \/>\n<script type=\"application\/ld+json\" class=\"yoast-schema-graph\">{\"@context\":\"https:\\\/\\\/schema.org\",\"@graph\":[{\"@type\":\"WebPage\",\"@id\":\"https:\\\/\\\/www.gilroynapolishort.com\\\/salem-dui-attorney\\\/\",\"url\":\"https:\\\/\\\/www.gilroynapolishort.com\\\/salem-dui-attorney\\\/\",\"name\":\"Salem DUI Attorney: Salem, Keizer, Woodburn, Marion County DUI Lawyer\",\"isPartOf\":{\"@id\":\"https:\\\/\\\/www.gilroynapolishort.com\\\/#website\"},\"primaryImageOfPage\":{\"@id\":\"https:\\\/\\\/www.gilroynapolishort.com\\\/salem-dui-attorney\\\/#primaryimage\"},\"image\":{\"@id\":\"https:\\\/\\\/www.gilroynapolishort.com\\\/salem-dui-attorney\\\/#primaryimage\"},\"thumbnailUrl\":\"https:\\\/\\\/gnslawgroup.wpenginepowered.com\\\/wp-content\\\/uploads\\\/2019\\\/02\\\/i-62903-DUII-Lawyers-4456.jpg\",\"datePublished\":\"2020-04-06T02:46:07+00:00\",\"dateModified\":\"2025-02-11T05:37:18+00:00\",\"description\":\"Marion County DUI Attorney: Call on us if you've been charged with DUII drunk driving in Salem, Keizer or Woodburn Oregon. Free Consultation.\",\"breadcrumb\":{\"@id\":\"https:\\\/\\\/www.gilroynapolishort.com\\\/salem-dui-attorney\\\/#breadcrumb\"},\"inLanguage\":\"es\",\"potentialAction\":[{\"@type\":\"ReadAction\",\"target\":[\"https:\\\/\\\/www.gilroynapolishort.com\\\/salem-dui-attorney\\\/\"]}]},{\"@type\":\"ImageObject\",\"inLanguage\":\"es\",\"@id\":\"https:\\\/\\\/www.gilroynapolishort.com\\\/salem-dui-attorney\\\/#primaryimage\",\"url\":\"https:\\\/\\\/gnslawgroup.wpenginepowered.com\\\/wp-content\\\/uploads\\\/2019\\\/02\\\/i-62903-DUII-Lawyers-4456.jpg\",\"contentUrl\":\"https:\\\/\\\/gnslawgroup.wpenginepowered.com\\\/wp-content\\\/uploads\\\/2019\\\/02\\\/i-62903-DUII-Lawyers-4456.jpg\"},{\"@type\":\"BreadcrumbList\",\"@id\":\"https:\\\/\\\/www.gilroynapolishort.com\\\/salem-dui-attorney\\\/#breadcrumb\",\"itemListElement\":[{\"@type\":\"ListItem\",\"position\":1,\"name\":\"Home\",\"item\":\"https:\\\/\\\/www.gilroynapolishort.com\\\/\"},{\"@type\":\"ListItem\",\"position\":2,\"name\":\"Salem DUI Attorney\"}]},{\"@type\":\"WebSite\",\"@id\":\"https:\\\/\\\/www.gilroynapolishort.com\\\/#website\",\"url\":\"https:\\\/\\\/www.gilroynapolishort.com\\\/\",\"name\":\"Gilroy Napoli Short Law Group\",\"description\":\"\",\"potentialAction\":[{\"@type\":\"SearchAction\",\"target\":{\"@type\":\"EntryPoint\",\"urlTemplate\":\"https:\\\/\\\/www.gilroynapolishort.com\\\/?s={search_term_string}\"},\"query-input\":{\"@type\":\"PropertyValueSpecification\",\"valueRequired\":true,\"valueName\":\"search_term_string\"}}],\"inLanguage\":\"es\"}]}<\/script>\n<!-- \/ Yoast SEO plugin. -->","yoast_head_json":{"title":"Salem DUI Attorney: Salem, Keizer, Woodburn, Marion County DUI Lawyer","description":"Marion County DUI Attorney: Call on us if you've been charged with DUII drunk driving in Salem, Keizer or Woodburn Oregon. Free Consultation.","robots":{"index":"index","follow":"follow","max-snippet":"max-snippet:-1","max-image-preview":"max-image-preview:large","max-video-preview":"max-video-preview:-1"},"canonical":"https:\/\/www.gilroynapolishort.com\/es\/salem-dui-attorney\/","og_locale":"es_MX","og_type":"article","og_title":"Salem DUI Attorney: Salem, Keizer, Woodburn, Marion County DUI Lawyer","og_description":"Marion County DUI Attorney: Call on us if you've been charged with DUII drunk driving in Salem, Keizer or Woodburn Oregon. Free Consultation.","og_url":"https:\/\/www.gilroynapolishort.com\/es\/salem-dui-attorney\/","og_site_name":"GNS Law Group","article_modified_time":"2025-02-11T05:37:18+00:00","og_image":[{"url":"https:\/\/gnslawgroup.wpenginepowered.com\/wp-content\/uploads\/2019\/02\/i-62903-DUII-Lawyers-4456.jpg","type":"","width":"","height":""}],"twitter_card":"summary_large_image","twitter_misc":{"Est. reading time":"4 minutos"},"schema":{"@context":"https:\/\/schema.org","@graph":[{"@type":"WebPage","@id":"https:\/\/www.gilroynapolishort.com\/salem-dui-attorney\/","url":"https:\/\/www.gilroynapolishort.com\/salem-dui-attorney\/","name":"Salem DUI Attorney: Salem, Keizer, Woodburn, Marion County DUI Lawyer","isPartOf":{"@id":"https:\/\/www.gilroynapolishort.com\/#website"},"primaryImageOfPage":{"@id":"https:\/\/www.gilroynapolishort.com\/salem-dui-attorney\/#primaryimage"},"image":{"@id":"https:\/\/www.gilroynapolishort.com\/salem-dui-attorney\/#primaryimage"},"thumbnailUrl":"https:\/\/gnslawgroup.wpenginepowered.com\/wp-content\/uploads\/2019\/02\/i-62903-DUII-Lawyers-4456.jpg","datePublished":"2020-04-06T02:46:07+00:00","dateModified":"2025-02-11T05:37:18+00:00","description":"Marion County DUI Attorney: Call on us if you've been charged with DUII drunk driving in Salem, Keizer or Woodburn Oregon. Free Consultation.","breadcrumb":{"@id":"https:\/\/www.gilroynapolishort.com\/salem-dui-attorney\/#breadcrumb"},"inLanguage":"es","potentialAction":[{"@type":"ReadAction","target":["https:\/\/www.gilroynapolishort.com\/salem-dui-attorney\/"]}]},{"@type":"ImageObject","inLanguage":"es","@id":"https:\/\/www.gilroynapolishort.com\/salem-dui-attorney\/#primaryimage","url":"https:\/\/gnslawgroup.wpenginepowered.com\/wp-content\/uploads\/2019\/02\/i-62903-DUII-Lawyers-4456.jpg","contentUrl":"https:\/\/gnslawgroup.wpenginepowered.com\/wp-content\/uploads\/2019\/02\/i-62903-DUII-Lawyers-4456.jpg"},{"@type":"BreadcrumbList","@id":"https:\/\/www.gilroynapolishort.com\/salem-dui-attorney\/#breadcrumb","itemListElement":[{"@type":"ListItem","position":1,"name":"Home","item":"https:\/\/www.gilroynapolishort.com\/"},{"@type":"ListItem","position":2,"name":"Salem DUI Attorney"}]},{"@type":"WebSite","@id":"https:\/\/www.gilroynapolishort.com\/#website","url":"https:\/\/www.gilroynapolishort.com\/","name":"Grupo de abogados Gilroy Napoli Short","description":"","potentialAction":[{"@type":"SearchAction","target":{"@type":"EntryPoint","urlTemplate":"https:\/\/www.gilroynapolishort.com\/?s={search_term_string}"},"query-input":{"@type":"PropertyValueSpecification","valueRequired":true,"valueName":"search_term_string"}}],"inLanguage":"es"}]}},"_links":{"self":[{"href":"https:\/\/www.gilroynapolishort.com\/es\/wp-json\/wp\/v2\/pages\/2241","targetHints":{"allow":["GET"]}}],"collection":[{"href":"https:\/\/www.gilroynapolishort.com\/es\/wp-json\/wp\/v2\/pages"}],"about":[{"href":"https:\/\/www.gilroynapolishort.com\/es\/wp-json\/wp\/v2\/types\/page"}],"author":[{"embeddable":true,"href":"https:\/\/www.gilroynapolishort.com\/es\/wp-json\/wp\/v2\/users\/3"}],"replies":[{"embeddable":true,"href":"https:\/\/www.gilroynapolishort.com\/es\/wp-json\/wp\/v2\/comments?post=2241"}],"version-history":[{"count":0,"href":"https:\/\/www.gilroynapolishort.com\/es\/wp-json\/wp\/v2\/pages\/2241\/revisions"}],"wp:attachment":[{"href":"https:\/\/www.gilroynapolishort.com\/es\/wp-json\/wp\/v2\/media?parent=2241"}],"curies":[{"name":"wp","href":"https:\/\/api.w.org\/{rel}","templated":true}]}}