{"id":231,"date":"2019-02-19T08:13:43","date_gmt":"2019-02-19T08:13:43","guid":{"rendered":"https:\/\/www.gilroynapolishort.com\/?page_id=231"},"modified":"2024-02-29T17:07:25","modified_gmt":"2024-02-29T17:07:25","slug":"sexual-harassment","status":"publish","type":"page","link":"https:\/\/www.gilroynapolishort.com\/es\/practice-areas\/sexual-harassment\/","title":{"rendered":"Acoso sexual"},"content":{"rendered":"<h1>Abogado de acoso sexual en Portland<\/h1>\n<h2>Acoso sexual en el trabajo<\/h2>\n<p>El acoso sexual en el lugar de trabajo es ilegal y viola las leyes de Oreg\u00f3n y las leyes federales. Dicha conducta incluye, entre otras, las siguientes:<\/p>\n<ul>\n<li>insinuaciones sexuales no deseadas;<\/li>\n<li>acoso verbal, como chistes sucios o comentarios despectivos;<\/li>\n<li>abuso verbal, como comentarios sobre el cuerpo de un individuo, palabras sexualmente degradantes para describir a un individuo y notas o cartas sugerentes;<\/li>\n<li>colocaci\u00f3n de carteles y dibujos embarazosos o inapropiados; y<\/li>\n<li>contacto o tocamiento sexual no deseado.<\/li>\n<\/ul>\n<p>Cada caso requiere una evaluaci\u00f3n independiente por parte de un abogado especializado en acoso sexual. Varios factores pueden determinar el resultado de su caso, incluyendo qui\u00e9n comete el acoso, qu\u00e9 denuncias se han presentado, a qui\u00e9n se han presentado y qu\u00e9 ha hecho usted para documentar y registrar dicha conducta.<\/p>\n<p>Si cree que ha sido objeto de acoso sexual y necesita un abogado,\u00a0<strong>Llame a Gilroy Napoli Short Law Group al 503-747-7198 para una consulta telef\u00f3nica gratuita.<\/strong>.<\/p>\n<p><strong>Se habla espa\u00f1ol.<\/strong><\/p>\n<h2>Investigaci\u00f3n sobre derecho laboral<\/h2>\n<p>Al recibir su consulta, uno de nuestros abogados especializados en derecho laboral le enviar\u00e1 un correo electr\u00f3nico o le llamar\u00e1 para programar una cita para una consulta telef\u00f3nica o en persona si parece que podemos ayudarlo.<\/p>\n<hr \/>\n<p>Por favor, complete todos los campos (*) en el siguiente formulario.<\/p>\n<p>Llame hoy para una consulta gratuita: <a href=\"tel:5037477198\">503-747-7198<\/a><\/p>","protected":false},"excerpt":{"rendered":"<p>We are there for you when you have been mistreated on the job.<\/p>","protected":false},"author":2,"featured_media":0,"parent":211,"menu_order":0,"comment_status":"closed","ping_status":"closed","template":"single-civil-litigation-page.php","meta":{"_acf_changed":false,"footnotes":""},"class_list":["post-231","page","type-page","status-publish","hentry"],"acf":[],"yoast_head":"<!-- This site is optimized with the Yoast SEO plugin v27.3 - https:\/\/yoast.com\/product\/yoast-seo-wordpress\/ -->\n<title>Sexual Harassment Lawyer in Portland, Hillsboro, Bend &amp; Salem OR<\/title>\n<meta name=\"robots\" content=\"index, follow, max-snippet:-1, max-image-preview:large, max-video-preview:-1\" \/>\n<link rel=\"canonical\" href=\"https:\/\/www.gilroynapolishort.com\/es\/practice-areas\/sexual-harassment\/\" \/>\n<meta property=\"og:locale\" content=\"es_MX\" \/>\n<meta property=\"og:type\" content=\"article\" \/>\n<meta property=\"og:title\" content=\"Sexual Harassment Lawyer in Portland, Hillsboro, Bend &amp; Salem OR\" \/>\n<meta property=\"og:description\" content=\"We are there for you when you have been mistreated on the job.\" \/>\n<meta property=\"og:url\" content=\"https:\/\/www.gilroynapolishort.com\/es\/practice-areas\/sexual-harassment\/\" \/>\n<meta property=\"og:site_name\" content=\"GNS Law Group\" \/>\n<meta property=\"article:modified_time\" content=\"2024-02-29T17:07:25+00:00\" \/>\n<meta name=\"twitter:card\" content=\"summary_large_image\" \/>\n<meta name=\"twitter:label1\" content=\"Est. reading time\" \/>\n\t<meta name=\"twitter:data1\" content=\"1 minuto\" \/>\n<script type=\"application\/ld+json\" class=\"yoast-schema-graph\">{\"@context\":\"https:\\\/\\\/schema.org\",\"@graph\":[{\"@type\":\"WebPage\",\"@id\":\"https:\\\/\\\/www.gilroynapolishort.com\\\/practice-areas\\\/sexual-harassment\\\/\",\"url\":\"https:\\\/\\\/www.gilroynapolishort.com\\\/practice-areas\\\/sexual-harassment\\\/\",\"name\":\"Sexual Harassment Lawyer in Portland, Hillsboro, Bend & Salem OR\",\"isPartOf\":{\"@id\":\"https:\\\/\\\/www.gilroynapolishort.com\\\/#website\"},\"datePublished\":\"2019-02-19T08:13:43+00:00\",\"dateModified\":\"2024-02-29T17:07:25+00:00\",\"breadcrumb\":{\"@id\":\"https:\\\/\\\/www.gilroynapolishort.com\\\/practice-areas\\\/sexual-harassment\\\/#breadcrumb\"},\"inLanguage\":\"es\",\"potentialAction\":[{\"@type\":\"ReadAction\",\"target\":[\"https:\\\/\\\/www.gilroynapolishort.com\\\/practice-areas\\\/sexual-harassment\\\/\"]}]},{\"@type\":\"BreadcrumbList\",\"@id\":\"https:\\\/\\\/www.gilroynapolishort.com\\\/practice-areas\\\/sexual-harassment\\\/#breadcrumb\",\"itemListElement\":[{\"@type\":\"ListItem\",\"position\":1,\"name\":\"Home\",\"item\":\"https:\\\/\\\/www.gilroynapolishort.com\\\/\"},{\"@type\":\"ListItem\",\"position\":2,\"name\":\"Practice Areas\",\"item\":\"https:\\\/\\\/www.gilroynapolishort.com\\\/practice-areas\\\/\"},{\"@type\":\"ListItem\",\"position\":3,\"name\":\"Sexual Harassment\"}]},{\"@type\":\"WebSite\",\"@id\":\"https:\\\/\\\/www.gilroynapolishort.com\\\/#website\",\"url\":\"https:\\\/\\\/www.gilroynapolishort.com\\\/\",\"name\":\"Gilroy Napoli Short Law Group\",\"description\":\"\",\"potentialAction\":[{\"@type\":\"SearchAction\",\"target\":{\"@type\":\"EntryPoint\",\"urlTemplate\":\"https:\\\/\\\/www.gilroynapolishort.com\\\/?s={search_term_string}\"},\"query-input\":{\"@type\":\"PropertyValueSpecification\",\"valueRequired\":true,\"valueName\":\"search_term_string\"}}],\"inLanguage\":\"es\"}]}<\/script>\n<!-- \/ Yoast SEO plugin. -->","yoast_head_json":{"title":"Sexual Harassment Lawyer in Portland, Hillsboro, Bend & Salem OR","robots":{"index":"index","follow":"follow","max-snippet":"max-snippet:-1","max-image-preview":"max-image-preview:large","max-video-preview":"max-video-preview:-1"},"canonical":"https:\/\/www.gilroynapolishort.com\/es\/practice-areas\/sexual-harassment\/","og_locale":"es_MX","og_type":"article","og_title":"Sexual Harassment Lawyer in Portland, Hillsboro, Bend & Salem OR","og_description":"We are there for you when you have been mistreated on the job.","og_url":"https:\/\/www.gilroynapolishort.com\/es\/practice-areas\/sexual-harassment\/","og_site_name":"GNS Law Group","article_modified_time":"2024-02-29T17:07:25+00:00","twitter_card":"summary_large_image","twitter_misc":{"Est. reading time":"1 minuto"},"schema":{"@context":"https:\/\/schema.org","@graph":[{"@type":"WebPage","@id":"https:\/\/www.gilroynapolishort.com\/practice-areas\/sexual-harassment\/","url":"https:\/\/www.gilroynapolishort.com\/practice-areas\/sexual-harassment\/","name":"Sexual Harassment Lawyer in Portland, Hillsboro, Bend & Salem OR","isPartOf":{"@id":"https:\/\/www.gilroynapolishort.com\/#website"},"datePublished":"2019-02-19T08:13:43+00:00","dateModified":"2024-02-29T17:07:25+00:00","breadcrumb":{"@id":"https:\/\/www.gilroynapolishort.com\/practice-areas\/sexual-harassment\/#breadcrumb"},"inLanguage":"es","potentialAction":[{"@type":"ReadAction","target":["https:\/\/www.gilroynapolishort.com\/practice-areas\/sexual-harassment\/"]}]},{"@type":"BreadcrumbList","@id":"https:\/\/www.gilroynapolishort.com\/practice-areas\/sexual-harassment\/#breadcrumb","itemListElement":[{"@type":"ListItem","position":1,"name":"Home","item":"https:\/\/www.gilroynapolishort.com\/"},{"@type":"ListItem","position":2,"name":"Practice Areas","item":"https:\/\/www.gilroynapolishort.com\/practice-areas\/"},{"@type":"ListItem","position":3,"name":"Sexual Harassment"}]},{"@type":"WebSite","@id":"https:\/\/www.gilroynapolishort.com\/#website","url":"https:\/\/www.gilroynapolishort.com\/","name":"Grupo de abogados Gilroy Napoli Short","description":"","potentialAction":[{"@type":"SearchAction","target":{"@type":"EntryPoint","urlTemplate":"https:\/\/www.gilroynapolishort.com\/?s={search_term_string}"},"query-input":{"@type":"PropertyValueSpecification","valueRequired":true,"valueName":"search_term_string"}}],"inLanguage":"es"}]}},"_links":{"self":[{"href":"https:\/\/www.gilroynapolishort.com\/es\/wp-json\/wp\/v2\/pages\/231","targetHints":{"allow":["GET"]}}],"collection":[{"href":"https:\/\/www.gilroynapolishort.com\/es\/wp-json\/wp\/v2\/pages"}],"about":[{"href":"https:\/\/www.gilroynapolishort.com\/es\/wp-json\/wp\/v2\/types\/page"}],"author":[{"embeddable":true,"href":"https:\/\/www.gilroynapolishort.com\/es\/wp-json\/wp\/v2\/users\/2"}],"replies":[{"embeddable":true,"href":"https:\/\/www.gilroynapolishort.com\/es\/wp-json\/wp\/v2\/comments?post=231"}],"version-history":[{"count":0,"href":"https:\/\/www.gilroynapolishort.com\/es\/wp-json\/wp\/v2\/pages\/231\/revisions"}],"up":[{"embeddable":true,"href":"https:\/\/www.gilroynapolishort.com\/es\/wp-json\/wp\/v2\/pages\/211"}],"wp:attachment":[{"href":"https:\/\/www.gilroynapolishort.com\/es\/wp-json\/wp\/v2\/media?parent=231"}],"curies":[{"name":"wp","href":"https:\/\/api.w.org\/{rel}","templated":true}]}}