{"id":233,"date":"2019-02-19T08:14:06","date_gmt":"2019-02-19T08:14:06","guid":{"rendered":"https:\/\/www.gilroynapolishort.com\/?page_id=233"},"modified":"2024-02-29T16:49:22","modified_gmt":"2024-02-29T16:49:22","slug":"personal-injury","status":"publish","type":"page","link":"https:\/\/www.gilroynapolishort.com\/es\/practice-areas\/personal-injury\/","title":{"rendered":"Lesiones personales"},"content":{"rendered":"<h1>Abogados de lesiones personales en Bend, Salem y Portland<\/h1>\n<p>Ya sea que haya sufrido lesiones en un accidente automovil\u00edstico, de motocicleta o por resbal\u00f3n y ca\u00edda, usted merece una compensaci\u00f3n por las lesiones causadas por la negligencia o las malas acciones de terceros. Con m\u00e1s de 25 a\u00f1os de experiencia legal combinada, Gilroy Napoli Short Law Group puede brindarle la representaci\u00f3n proactiva y agresiva necesaria para obtener la compensaci\u00f3n que merece por gastos m\u00e9dicos, dolor y sufrimiento, p\u00e9rdida de ingresos y p\u00e9rdidas financieras.<\/p>\n<p>Nuestros abogados de lesiones personales de Oreg\u00f3n se toman el tiempo necesario para comprender a fondo su situaci\u00f3n y sus objetivos. Preparamos sus casos con minuciosidad y brindamos un servicio compasivo y atento para ayudar a nuestros clientes durante el proceso legal y a tomar decisiones informadas.<\/p>\n<blockquote><p>Un abogado experimentado y creativo puede contrarrestar las estrategias que utilizan las aseguradoras para evitar el pago de la indemnizaci\u00f3n m\u00e1xima. Dentro y fuera de los tribunales, buscaremos la m\u00e1xima indemnizaci\u00f3n para usted.<\/p><\/blockquote>\n<h2>Enfocado en los resultados<\/h2>\n<p>Iniciamos las acciones legales m\u00e1s adecuadas para su caso y siempre estamos preparados para litigar si es necesario y en su mejor inter\u00e9s. Nuestro eficaz equipo legal puede representarle en asuntos relacionados con:<\/p>\n<ul>\n<li>Accidentes automovil\u00edsticos<\/li>\n<li>Accidentes de camiones<\/li>\n<li>Accidentes de motocicleta<\/li>\n<li>Accidentes de barco<\/li>\n<li>Accidentes de autob\u00fas<\/li>\n<li>mordeduras de perro<\/li>\n<li>Responsabilidad civil de las instalaciones (resbalones y ca\u00eddas)<\/li>\n<li>Responsabilidad del producto<\/li>\n<li>Negligencia en residencias de ancianos<\/li>\n<li>Carreteras y autopistas peligrosas<\/li>\n<li>Muerte por negligencia<\/li>\n<\/ul>\n<h2>Abogados de accidentes automovil\u00edsticos en Oreg\u00f3n<\/h2>\n<p>Los accidentes automovil\u00edsticos se han convertido en uno de los accidentes m\u00e1s comunes que resultan en demandas por lesiones personales. En muchos accidentes automovil\u00edsticos, las lesiones personales graves que afectan las funciones cerebrales y espinales resultan en lesiones permanentes que alteran la vida y que podr\u00edan implicar la p\u00e9rdida del empleo, gastos m\u00e9dicos importantes, gastos de atenci\u00f3n domiciliaria y m\u00e1s. Para obtener la indemnizaci\u00f3n que le corresponde, es importante buscar asesor\u00eda legal que pueda defender con firmeza sus intereses y comunicarse con la aseguradora de la parte culpable.<\/p>\n<p>Los abogados de lesiones personales de Gilroy Napoli Short Law Group en Portland tienen una trayectoria exitosa en la obtenci\u00f3n de indemnizaciones para nuestros clientes, y nos enorgullecemos de nuestra capacidad para obtener los mejores resultados posibles. No cobramos a menos que usted se recupere.<\/p>\n<h2>Comun\u00edquese con Gilroy Napoli Short Law Group para una consulta gratuita<\/h2>\n<p>En Portland, Salem, Bend, Beaverton, Hillsboro y \u00e1reas circundantes, estamos listos para proteger sus derechos.<\/p>\n<p>Cont\u00e1ctenos hoy para programar una consulta inicial gratuita y descubrir sus opciones legales. Puede llamar a Gilroy Napoli Short Law Group al 503-747-7198.<\/p>\n<p><strong>Se habla espa\u00f1ol.<\/strong><\/p>\n<p>Llame hoy para una consulta gratuita: <a href=\"tel:5037477198\">503-747-7198<\/a><\/p>","protected":false},"excerpt":{"rendered":"<p>Todo tipo de lesiones graves, desde catastr\u00f3ficas hasta fatales.<\/p>","protected":false},"author":2,"featured_media":0,"parent":211,"menu_order":0,"comment_status":"closed","ping_status":"closed","template":"single-personal-injury-page.php","meta":{"_acf_changed":false,"footnotes":""},"class_list":["post-233","page","type-page","status-publish","hentry"],"acf":[],"yoast_head":"<!-- This site is optimized with the Yoast SEO plugin v27.3 - https:\/\/yoast.com\/product\/yoast-seo-wordpress\/ -->\n<title>Personal Injury Attorneys | Injury Lawyer in Bend, Salem &amp; Portland OR<\/title>\n<meta name=\"description\" content=\"Whether you have been injured in a car accident, motorcycle accident or slip-and-fall, you deserve compensation for injuries caused by the negligence or wrongdoing of others.\" \/>\n<meta name=\"robots\" content=\"index, follow, max-snippet:-1, max-image-preview:large, max-video-preview:-1\" \/>\n<link rel=\"canonical\" href=\"https:\/\/www.gilroynapolishort.com\/es\/practice-areas\/personal-injury\/\" \/>\n<meta property=\"og:locale\" content=\"es_MX\" \/>\n<meta property=\"og:type\" content=\"article\" \/>\n<meta property=\"og:title\" content=\"Personal Injury Attorneys | Injury Lawyer in Bend, Salem &amp; Portland OR\" \/>\n<meta property=\"og:description\" content=\"Whether you have been injured in a car accident, motorcycle accident or slip-and-fall, you deserve compensation for injuries caused by the negligence or wrongdoing of others.\" \/>\n<meta property=\"og:url\" content=\"https:\/\/www.gilroynapolishort.com\/es\/practice-areas\/personal-injury\/\" \/>\n<meta property=\"og:site_name\" content=\"GNS Law Group\" \/>\n<meta property=\"article:modified_time\" content=\"2024-02-29T16:49:22+00:00\" \/>\n<meta name=\"twitter:card\" content=\"summary_large_image\" \/>\n<meta name=\"twitter:label1\" content=\"Est. reading time\" \/>\n\t<meta name=\"twitter:data1\" content=\"2 minutos\" \/>\n<script type=\"application\/ld+json\" class=\"yoast-schema-graph\">{\"@context\":\"https:\\\/\\\/schema.org\",\"@graph\":[{\"@type\":\"WebPage\",\"@id\":\"https:\\\/\\\/www.gilroynapolishort.com\\\/practice-areas\\\/personal-injury\\\/\",\"url\":\"https:\\\/\\\/www.gilroynapolishort.com\\\/practice-areas\\\/personal-injury\\\/\",\"name\":\"Personal Injury Attorneys | Injury Lawyer in Bend, Salem & Portland OR\",\"isPartOf\":{\"@id\":\"https:\\\/\\\/www.gilroynapolishort.com\\\/#website\"},\"datePublished\":\"2019-02-19T08:14:06+00:00\",\"dateModified\":\"2024-02-29T16:49:22+00:00\",\"description\":\"Whether you have been injured in a car accident, motorcycle accident or slip-and-fall, you deserve compensation for injuries caused by the negligence or wrongdoing of others.\",\"breadcrumb\":{\"@id\":\"https:\\\/\\\/www.gilroynapolishort.com\\\/practice-areas\\\/personal-injury\\\/#breadcrumb\"},\"inLanguage\":\"es\",\"potentialAction\":[{\"@type\":\"ReadAction\",\"target\":[\"https:\\\/\\\/www.gilroynapolishort.com\\\/practice-areas\\\/personal-injury\\\/\"]}]},{\"@type\":\"BreadcrumbList\",\"@id\":\"https:\\\/\\\/www.gilroynapolishort.com\\\/practice-areas\\\/personal-injury\\\/#breadcrumb\",\"itemListElement\":[{\"@type\":\"ListItem\",\"position\":1,\"name\":\"Home\",\"item\":\"https:\\\/\\\/www.gilroynapolishort.com\\\/\"},{\"@type\":\"ListItem\",\"position\":2,\"name\":\"Practice Areas\",\"item\":\"https:\\\/\\\/www.gilroynapolishort.com\\\/practice-areas\\\/\"},{\"@type\":\"ListItem\",\"position\":3,\"name\":\"Personal Injury\"}]},{\"@type\":\"WebSite\",\"@id\":\"https:\\\/\\\/www.gilroynapolishort.com\\\/#website\",\"url\":\"https:\\\/\\\/www.gilroynapolishort.com\\\/\",\"name\":\"Gilroy Napoli Short Law Group\",\"description\":\"\",\"potentialAction\":[{\"@type\":\"SearchAction\",\"target\":{\"@type\":\"EntryPoint\",\"urlTemplate\":\"https:\\\/\\\/www.gilroynapolishort.com\\\/?s={search_term_string}\"},\"query-input\":{\"@type\":\"PropertyValueSpecification\",\"valueRequired\":true,\"valueName\":\"search_term_string\"}}],\"inLanguage\":\"es\"}]}<\/script>\n<!-- \/ Yoast SEO plugin. -->","yoast_head_json":{"title":"Personal Injury Attorneys | Injury Lawyer in Bend, Salem & Portland OR","description":"Whether you have been injured in a car accident, motorcycle accident or slip-and-fall, you deserve compensation for injuries caused by the negligence or wrongdoing of others.","robots":{"index":"index","follow":"follow","max-snippet":"max-snippet:-1","max-image-preview":"max-image-preview:large","max-video-preview":"max-video-preview:-1"},"canonical":"https:\/\/www.gilroynapolishort.com\/es\/practice-areas\/personal-injury\/","og_locale":"es_MX","og_type":"article","og_title":"Personal Injury Attorneys | Injury Lawyer in Bend, Salem & Portland OR","og_description":"Whether you have been injured in a car accident, motorcycle accident or slip-and-fall, you deserve compensation for injuries caused by the negligence or wrongdoing of others.","og_url":"https:\/\/www.gilroynapolishort.com\/es\/practice-areas\/personal-injury\/","og_site_name":"GNS Law Group","article_modified_time":"2024-02-29T16:49:22+00:00","twitter_card":"summary_large_image","twitter_misc":{"Est. reading time":"2 minutos"},"schema":{"@context":"https:\/\/schema.org","@graph":[{"@type":"WebPage","@id":"https:\/\/www.gilroynapolishort.com\/practice-areas\/personal-injury\/","url":"https:\/\/www.gilroynapolishort.com\/practice-areas\/personal-injury\/","name":"Personal Injury Attorneys | Injury Lawyer in Bend, Salem & Portland OR","isPartOf":{"@id":"https:\/\/www.gilroynapolishort.com\/#website"},"datePublished":"2019-02-19T08:14:06+00:00","dateModified":"2024-02-29T16:49:22+00:00","description":"Whether you have been injured in a car accident, motorcycle accident or slip-and-fall, you deserve compensation for injuries caused by the negligence or wrongdoing of others.","breadcrumb":{"@id":"https:\/\/www.gilroynapolishort.com\/practice-areas\/personal-injury\/#breadcrumb"},"inLanguage":"es","potentialAction":[{"@type":"ReadAction","target":["https:\/\/www.gilroynapolishort.com\/practice-areas\/personal-injury\/"]}]},{"@type":"BreadcrumbList","@id":"https:\/\/www.gilroynapolishort.com\/practice-areas\/personal-injury\/#breadcrumb","itemListElement":[{"@type":"ListItem","position":1,"name":"Home","item":"https:\/\/www.gilroynapolishort.com\/"},{"@type":"ListItem","position":2,"name":"Practice Areas","item":"https:\/\/www.gilroynapolishort.com\/practice-areas\/"},{"@type":"ListItem","position":3,"name":"Personal Injury"}]},{"@type":"WebSite","@id":"https:\/\/www.gilroynapolishort.com\/#website","url":"https:\/\/www.gilroynapolishort.com\/","name":"Grupo de abogados Gilroy Napoli Short","description":"","potentialAction":[{"@type":"SearchAction","target":{"@type":"EntryPoint","urlTemplate":"https:\/\/www.gilroynapolishort.com\/?s={search_term_string}"},"query-input":{"@type":"PropertyValueSpecification","valueRequired":true,"valueName":"search_term_string"}}],"inLanguage":"es"}]}},"_links":{"self":[{"href":"https:\/\/www.gilroynapolishort.com\/es\/wp-json\/wp\/v2\/pages\/233","targetHints":{"allow":["GET"]}}],"collection":[{"href":"https:\/\/www.gilroynapolishort.com\/es\/wp-json\/wp\/v2\/pages"}],"about":[{"href":"https:\/\/www.gilroynapolishort.com\/es\/wp-json\/wp\/v2\/types\/page"}],"author":[{"embeddable":true,"href":"https:\/\/www.gilroynapolishort.com\/es\/wp-json\/wp\/v2\/users\/2"}],"replies":[{"embeddable":true,"href":"https:\/\/www.gilroynapolishort.com\/es\/wp-json\/wp\/v2\/comments?post=233"}],"version-history":[{"count":0,"href":"https:\/\/www.gilroynapolishort.com\/es\/wp-json\/wp\/v2\/pages\/233\/revisions"}],"up":[{"embeddable":true,"href":"https:\/\/www.gilroynapolishort.com\/es\/wp-json\/wp\/v2\/pages\/211"}],"wp:attachment":[{"href":"https:\/\/www.gilroynapolishort.com\/es\/wp-json\/wp\/v2\/media?parent=233"}],"curies":[{"name":"wp","href":"https:\/\/api.w.org\/{rel}","templated":true}]}}