{"id":2343,"date":"2020-04-27T22:27:54","date_gmt":"2020-04-27T22:27:54","guid":{"rendered":"https:\/\/www.gilroynapolishort.com\/?page_id=2343"},"modified":"2020-04-27T22:27:54","modified_gmt":"2020-04-27T22:27:54","slug":"dui-lawyer-jackson-county","status":"publish","type":"page","link":"https:\/\/www.gilroynapolishort.com\/es\/dui-lawyer-jackson-county\/","title":{"rendered":"Abogado de DUI del condado de Jackson"},"content":{"rendered":"<h1>Jackson County DUI Attorneys<\/h1>\n<p>Looking for the best DUI attorney near you? Our Medford Criminal Defense Lawyers are here for you and are fully prepared to aggressively protect your rights and safeguard your interests. We have helped hundreds of individuals and families in Jackson County to obtain the optimum resolutions that are efficient, and effective in meeting legal goals. Frequently we are able to assist our clients with avoiding jail time, getting a reduced sentence and sometimes even get their cases dismissed. Our legal team and attorneys have a proven track record with defense cases throughout the State of Oregon.<\/p>\n<p>If you&#8217;re in Southern Oregon and need legal representation contact us today: <strong>541-930-5700.<\/strong> Responderemos con prontitud a su correo electr\u00f3nico o mensaje urgente y a su necesidad de una cita por la tarde o el fin de semana. Estamos disponibles las 24 horas, los 7 d\u00edas de la semana. Ofrecemos videoconsultas por Zoom, Skype, Google Hangouts o FaceTime.<\/p>\n<div class=\"highlight-box-2\">\n<div class=\"row\">\n<div class=\"four columns\">\n<h3>Gilroy Napoli Short \u2013 Oficina de Medford<\/h3>\n<address><strong>16. N. Riverside<\/strong><br \/>\nSuite 201<br \/>\nMedford, OR 97501<br \/>\n<strong>TEL\u00c9FONO: 541-930-5700<\/strong><\/address>\n<\/div>\n<div class=\"eight columns\"><iframe loading=\"lazy\" style=\"border: 0;\" src=\"https:\/\/www.google.com\/maps\/embed?pb=!1m18!1m12!1m3!1d2949.691680397263!2d-122.87278288454465!3d42.32777447918899!2m3!1f0!2f0!3f0!3m2!1i1024!2i768!4f13.1!3m3!1m2!1s0x54cf7a3afb3ed49b%3A0xe64deec471d227fa!2s16%20N%20Riverside%20Ave%20%23201%2C%20Medford%2C%20OR%2097501!5e0!3m2!1sen!2sus!4v1588028042816!5m2!1sen!2sus\" width=\"580\" height=\"300\" frameborder=\"0\" allowfullscreen=\"allowfullscreen\"><span style=\"display: inline-block; width: 0px; overflow: hidden; line-height: 0;\" data-mce-type=\"bookmark\" class=\"mce_SELRES_start\"><\/span><\/iframe><\/div>\n<\/div>\n<\/div>\n<h2>No lo hagas solo \u00b7 Estaremos ah\u00ed a tu lado<\/h2>\n<p>Our Medford criminal defense attorneys have successfully defended clients throughout the state of Oregon and Jackson County facing a broad range of criminal charges \u2014 from minor theft and drug charges to drunk driving in Ashland or Medford. Our 5-Star Rated Defense Super Lawyers are well-versed in misdemeanor and felony cases, and we always vigorously defend our clients&#8217; rights and best interests.<\/p>\n<div class=\"highlight-box\">\n<h2>Restauraci\u00f3n del derecho a portar armas en Oreg\u00f3n<\/h2>\n<p>Un enfoque especial de nuestro bufete de abogados es representar a individuos y comerciantes de armas de fuego en <a href=\"https:\/\/www.gilroynapolishort.com\/es\/gun-rights-restoration-firearms-issues\/\">derechos de armas<\/a> Casos. Si sus derechos est\u00e1n en peligro o ya los ha perdido, perm\u00edtanos trabajar para restaurar sus derechos constitucionales.<\/p>\n<\/div>\n<p>Puede poner los beneficios de nuestros muchos a\u00f1os de servicio, amplio conocimiento legal y gran compromiso con el cliente a trabajar para usted, su empresa y su familia, a partir de hoy.<\/p>\n<h2>Southern Oregon Defense Attorneys<\/h2>\n<p>A peaceful place to call home with around 203,206 residents, Jackson County incorporates 11 cities and 34 communities within its limits, including the county seat of Medford. Rapidly developing and bustling with activity, this southernmost Oregonian county has recently experienced urbanization and growth that will change the lifestyles of residents forever.<\/p>\n<p>As businesses pop up and developments settle into this cozy county, the population grows along with it. With more residents, businesses, and automobiles on the road, the potential for legal complications becomes increasingly apparent.<\/p>\n<p>Gilroy Napoli Short functions to legally represent people throughout Southern Oregon including Medford, Eagle Point, Ashland and Jacksonville who have found themselves in legal trouble. Being arrested and what comes along with that is no fun. As trusted local attorneys we will assist those who have been arrested for DUI to get the best possible outcome.<\/p>\n<h2>Legal Advice for First-Time DUI<\/h2>\n<p>Fortunately, the State of Oregon has put a lenient program in place for first-time DUI offenders. Offered throughout the entire state but reserved exclusively for first-time offenders who decide against hiring a lawyer for their first offense, the Oregon DUI Diversion Program offers an alternative path that is focused on education, evaluation, and assimilation back into normal life.<\/p>\n<p>The DUI Diversion Program allows first-time offenders to sign an agreement in which they would plead guilty to the offense and fulfill a series of qualifications in which the offense would be erased from the driver\u2019s criminal record. By participating in the 12-month program which includes evaluation, treatment (if deemed necessary), paying off various fines, attending a panel held by victims of DUI related crimes, and more.<\/p>\n<p>At the end of the 12-month program, the offense will be erased from the driver\u2019s criminal record if all of the prerequisites are met.<\/p>\n<p>While the Oregon DUI Diversion Program is a great option for first-time offenders, it is not the only choice available for those who qualify.<\/p>\n<h2>2nd or 3rd DUI Jackson County Oregon<\/h2>\n<p>Repeat DUI offenders are not eligible for the Oregon State DUI Diversion Program. However, for those who have been arrested for a DUI more than once, a Jackson County law attorney can be of assistance. The team at Gilroy Napoli Short has an incredible amount of experience and expertise with DUI arrest cases, and the experts assigned to your case are intent on guaranteeing that your treatment by the police, as well as the court system, is just, fair, and trustworthy.<\/p>\n<p>By working with our team, our lawyers work diligently to ensure that the charges brought against you are fair, and in accordance with the law. With their incredible legal knowledge and experience, you can rest assured that you will receive the best treatment (and subsequently, sentence), even if your offense is not your first. By bringing in the assistance of our <a href=\"https:\/\/www.gilroynapolishort.com\/es\/dui-lawyer-medford\/\">Medford DUI Defense Attorneys<\/a>, you will be able to benefit from a potentially reduced sentence through their well rounded knowledge of the legal system and operation.<\/p>\n<p>Unfortunately, there is always the possibility that a convicted person facing arrest is completely innocent of any crime. Many factors can lead to this situation, however if you find yourself detained and arrested while facing possible DUI charges and you are able to prove your innocence, contact our law firm as soon as possible. We are also available to meet with you by FaceTime, Zoom Video or Skype.<\/p>\n<p>By bringing in the help of our Jackson County DUI attorneys, you will be able to benefit from a potentially reduced sentence, or if you are innocent, you will be able to completely clear your name. There is no reason not to reach out &#8211; provide yourself with assistance and increase your chances of reclaiming your life by setting yourself up for success.<\/p>\n<h2>La experiencia es necesaria<\/h2>\n<p>Not all attorneys are created equal. Some have more knowledge and experience dealing with DUI charges. You need a legal team that has that experience to understand how to react to any legal situation surrounding your DUI charge in which you might find yourself. You want to hire a lawyer that primarily focuses on criminal matters, including DUI charges. Obviously the most experienced lawyer you can get will have the best chance of getting your charges dismissed.<\/p>\n<h2>Consulta gratuita, llame hoy<\/h2>\n<p>Cuando las cosas se ponen dif\u00edciles, estamos a su lado. Ponga a trabajar a nuestros abogados del condado de Jackson, con calificaci\u00f3n de 5 estrellas. Si es necesario, podemos reunirnos con usted en la c\u00e1rcel del Departamento de Polic\u00eda de Ashland o en la c\u00e1rcel del condado de Jackson. Si ha sido arrestado por conducir ebrio en Ashland, Medford, Eagle Point o Jacksonville, Oreg\u00f3n, cont\u00e1ctenos hoy mismo para una consulta gratuita. <strong>541-930-5700. <\/strong>We also have offices in <a href=\"https:\/\/www.gilroynapolishort.com\/es\/salem-dui-attorney\/\">Salem<\/a>, <a href=\"https:\/\/www.gilroynapolishort.com\/es\/dui-lawyer-bend\/\">Bend<\/a> y <a href=\"https:\/\/www.gilroynapolishort.com\/es\/dui-lawyer-portland\/\">Portland<\/a> if its better for you to meet us there.<strong><br \/>\n<\/strong><\/p>\n<p>Responderemos con prontitud a su correo electr\u00f3nico o mensaje urgente y a su solicitud de cita por la tarde o el fin de semana. Estamos disponibles las 24 horas, los 7 d\u00edas de la semana.<\/p>\n<p><strong>Se habla espa\u00f1ol.<\/strong><\/p>","protected":false},"excerpt":{"rendered":"<p>Jackson County DUI Attorneys Looking for the best DUI attorney near you? Our Medford Criminal Defense Lawyers are here for you and are fully prepared to aggressively protect your rights&#8230;<\/p>","protected":false},"author":3,"featured_media":0,"parent":0,"menu_order":0,"comment_status":"closed","ping_status":"closed","template":"","meta":{"_acf_changed":false,"footnotes":""},"class_list":["post-2343","page","type-page","status-publish","hentry"],"acf":[],"yoast_head":"<!-- This site is optimized with the Yoast SEO plugin v27.3 - https:\/\/yoast.com\/product\/yoast-seo-wordpress\/ -->\n<title>Jackson County DUI Attorneys | Medford DUI Defense Super Lawyers<\/title>\n<meta name=\"description\" content=\"Our Medford criminal defense attorneys are here for you and are fully prepared to aggressively protect your rights. Free Consultation 541-930-5700.\" \/>\n<meta name=\"robots\" content=\"index, follow, max-snippet:-1, max-image-preview:large, max-video-preview:-1\" \/>\n<link rel=\"canonical\" href=\"https:\/\/www.gilroynapolishort.com\/es\/dui-lawyer-jackson-county\/\" \/>\n<meta property=\"og:locale\" content=\"es_MX\" \/>\n<meta property=\"og:type\" content=\"article\" \/>\n<meta property=\"og:title\" content=\"Jackson County DUI Attorneys | Medford DUI Defense Super Lawyers\" \/>\n<meta property=\"og:description\" content=\"Our Medford criminal defense attorneys are here for you and are fully prepared to aggressively protect your rights. Free Consultation 541-930-5700.\" \/>\n<meta property=\"og:url\" content=\"https:\/\/www.gilroynapolishort.com\/es\/dui-lawyer-jackson-county\/\" \/>\n<meta property=\"og:site_name\" content=\"GNS Law Group\" \/>\n<meta name=\"twitter:card\" content=\"summary_large_image\" \/>\n<meta name=\"twitter:label1\" content=\"Est. reading time\" \/>\n\t<meta name=\"twitter:data1\" content=\"6 minutos\" \/>\n<script type=\"application\/ld+json\" class=\"yoast-schema-graph\">{\"@context\":\"https:\\\/\\\/schema.org\",\"@graph\":[{\"@type\":\"WebPage\",\"@id\":\"https:\\\/\\\/www.gilroynapolishort.com\\\/dui-lawyer-jackson-county\\\/\",\"url\":\"https:\\\/\\\/www.gilroynapolishort.com\\\/dui-lawyer-jackson-county\\\/\",\"name\":\"Jackson County DUI Attorneys | Medford DUI Defense Super Lawyers\",\"isPartOf\":{\"@id\":\"https:\\\/\\\/www.gilroynapolishort.com\\\/#website\"},\"datePublished\":\"2020-04-27T22:27:54+00:00\",\"description\":\"Our Medford criminal defense attorneys are here for you and are fully prepared to aggressively protect your rights. Free Consultation 541-930-5700.\",\"breadcrumb\":{\"@id\":\"https:\\\/\\\/www.gilroynapolishort.com\\\/dui-lawyer-jackson-county\\\/#breadcrumb\"},\"inLanguage\":\"es\",\"potentialAction\":[{\"@type\":\"ReadAction\",\"target\":[\"https:\\\/\\\/www.gilroynapolishort.com\\\/dui-lawyer-jackson-county\\\/\"]}]},{\"@type\":\"BreadcrumbList\",\"@id\":\"https:\\\/\\\/www.gilroynapolishort.com\\\/dui-lawyer-jackson-county\\\/#breadcrumb\",\"itemListElement\":[{\"@type\":\"ListItem\",\"position\":1,\"name\":\"Home\",\"item\":\"https:\\\/\\\/www.gilroynapolishort.com\\\/\"},{\"@type\":\"ListItem\",\"position\":2,\"name\":\"Jackson County DUI Attorney\"}]},{\"@type\":\"WebSite\",\"@id\":\"https:\\\/\\\/www.gilroynapolishort.com\\\/#website\",\"url\":\"https:\\\/\\\/www.gilroynapolishort.com\\\/\",\"name\":\"Gilroy Napoli Short Law Group\",\"description\":\"\",\"potentialAction\":[{\"@type\":\"SearchAction\",\"target\":{\"@type\":\"EntryPoint\",\"urlTemplate\":\"https:\\\/\\\/www.gilroynapolishort.com\\\/?s={search_term_string}\"},\"query-input\":{\"@type\":\"PropertyValueSpecification\",\"valueRequired\":true,\"valueName\":\"search_term_string\"}}],\"inLanguage\":\"es\"}]}<\/script>\n<!-- \/ Yoast SEO plugin. -->","yoast_head_json":{"title":"Jackson County DUI Attorneys | Medford DUI Defense Super Lawyers","description":"Our Medford criminal defense attorneys are here for you and are fully prepared to aggressively protect your rights. Free Consultation 541-930-5700.","robots":{"index":"index","follow":"follow","max-snippet":"max-snippet:-1","max-image-preview":"max-image-preview:large","max-video-preview":"max-video-preview:-1"},"canonical":"https:\/\/www.gilroynapolishort.com\/es\/dui-lawyer-jackson-county\/","og_locale":"es_MX","og_type":"article","og_title":"Jackson County DUI Attorneys | Medford DUI Defense Super Lawyers","og_description":"Our Medford criminal defense attorneys are here for you and are fully prepared to aggressively protect your rights. Free Consultation 541-930-5700.","og_url":"https:\/\/www.gilroynapolishort.com\/es\/dui-lawyer-jackson-county\/","og_site_name":"GNS Law Group","twitter_card":"summary_large_image","twitter_misc":{"Est. reading time":"6 minutos"},"schema":{"@context":"https:\/\/schema.org","@graph":[{"@type":"WebPage","@id":"https:\/\/www.gilroynapolishort.com\/dui-lawyer-jackson-county\/","url":"https:\/\/www.gilroynapolishort.com\/dui-lawyer-jackson-county\/","name":"Jackson County DUI Attorneys | Medford DUI Defense Super Lawyers","isPartOf":{"@id":"https:\/\/www.gilroynapolishort.com\/#website"},"datePublished":"2020-04-27T22:27:54+00:00","description":"Our Medford criminal defense attorneys are here for you and are fully prepared to aggressively protect your rights. Free Consultation 541-930-5700.","breadcrumb":{"@id":"https:\/\/www.gilroynapolishort.com\/dui-lawyer-jackson-county\/#breadcrumb"},"inLanguage":"es","potentialAction":[{"@type":"ReadAction","target":["https:\/\/www.gilroynapolishort.com\/dui-lawyer-jackson-county\/"]}]},{"@type":"BreadcrumbList","@id":"https:\/\/www.gilroynapolishort.com\/dui-lawyer-jackson-county\/#breadcrumb","itemListElement":[{"@type":"ListItem","position":1,"name":"Home","item":"https:\/\/www.gilroynapolishort.com\/"},{"@type":"ListItem","position":2,"name":"Jackson County DUI Attorney"}]},{"@type":"WebSite","@id":"https:\/\/www.gilroynapolishort.com\/#website","url":"https:\/\/www.gilroynapolishort.com\/","name":"Grupo de abogados Gilroy Napoli Short","description":"","potentialAction":[{"@type":"SearchAction","target":{"@type":"EntryPoint","urlTemplate":"https:\/\/www.gilroynapolishort.com\/?s={search_term_string}"},"query-input":{"@type":"PropertyValueSpecification","valueRequired":true,"valueName":"search_term_string"}}],"inLanguage":"es"}]}},"_links":{"self":[{"href":"https:\/\/www.gilroynapolishort.com\/es\/wp-json\/wp\/v2\/pages\/2343","targetHints":{"allow":["GET"]}}],"collection":[{"href":"https:\/\/www.gilroynapolishort.com\/es\/wp-json\/wp\/v2\/pages"}],"about":[{"href":"https:\/\/www.gilroynapolishort.com\/es\/wp-json\/wp\/v2\/types\/page"}],"author":[{"embeddable":true,"href":"https:\/\/www.gilroynapolishort.com\/es\/wp-json\/wp\/v2\/users\/3"}],"replies":[{"embeddable":true,"href":"https:\/\/www.gilroynapolishort.com\/es\/wp-json\/wp\/v2\/comments?post=2343"}],"version-history":[{"count":0,"href":"https:\/\/www.gilroynapolishort.com\/es\/wp-json\/wp\/v2\/pages\/2343\/revisions"}],"wp:attachment":[{"href":"https:\/\/www.gilroynapolishort.com\/es\/wp-json\/wp\/v2\/media?parent=2343"}],"curies":[{"name":"wp","href":"https:\/\/api.w.org\/{rel}","templated":true}]}}