{"id":235,"date":"2019-02-19T08:14:31","date_gmt":"2019-02-19T08:14:31","guid":{"rendered":"https:\/\/www.gilroynapolishort.com\/?page_id=235"},"modified":"2024-02-29T17:34:50","modified_gmt":"2024-02-29T17:34:50","slug":"gun-rights-restoration","status":"publish","type":"page","link":"https:\/\/www.gilroynapolishort.com\/es\/practice-areas\/gun-rights-restoration\/","title":{"rendered":"Restauraci\u00f3n del derecho a poseer armas"},"content":{"rendered":"<h1>Restauraci\u00f3n del derecho a portar armas y cuestiones relacionadas con las armas de fuego<\/h1>\n<p>Seg\u00fan la Segunda Enmienda de la Constituci\u00f3n de los Estados Unidos, todo ciudadano tiene derecho a portar armas. Sin embargo, si se le acusa de un delito grave (o de ciertos delitos menores), podr\u00eda perder ese derecho permanentemente.<\/p>\n<p>En muchos casos, nuestros clientes de Oreg\u00f3n tienen antecedentes penales antiguos que podr\u00edan no reflejar correctamente sus contribuciones a la sociedad, lo que les niega el derecho a portar armas. La representaci\u00f3n legal experimentada de Gilroy Napoli Short Law Group puede ayudarle a presentar una petici\u00f3n ante el fiscal del condado y el tribunal para restablecer su derecho a portar armas.<\/p>\n<h2>Abogados de derechos de propiedad de armas de fuego en el \u00e1rea metropolitana de Portland<\/h2>\n<p>Como instructor de pistola certificado y miembro de la Asociaci\u00f3n Nacional del Rifle (NRA), el abogado Jason Short es un experto en el \u00e1rea metropolitana de Portland.\u00a0<a href=\"https:\/\/www.oregongunrights.com\/\" target=\"_blank\" rel=\"noopener\">abogado de restauraci\u00f3n del derecho a portar armas<\/a>\u00a0que pueda proporcionar conocimientos legales espec\u00edficos y experiencia personal con respecto a los derechos de armas, propiedad de armas y cuestiones de autodefensa relacionadas con armas de fuego.<\/p>\n<p>Nuestros abogados ayudan a los clientes a obtener\u00a0<a href=\"https:\/\/www.gilroynapolishort.com\/es\/gun-rights-restoration-firearms-issues\/concealed-handgun-license-appeals\/\">licencias para portar armas ocultas<\/a>Revisaremos sus antecedentes penales y determinaremos si podemos ayudarles a recuperar su derecho a poseer un arma de fuego. En algunos casos, podr\u00edamos eliminar condenas anteriores o reducir delitos graves a delitos menores para restaurar su derecho a poseer armas.<\/p>\n<blockquote><p>Con cada cliente, realizamos una investigaci\u00f3n exhaustiva y una revisi\u00f3n de sus antecedentes penales, evaluando su posici\u00f3n actual en la sociedad y determinando si representan una amenaza para la seguridad p\u00fablica o para ellos mismos.<\/p><\/blockquote>\n<p>Un abogado con experiencia puede ayudarle a determinar su capacidad para recuperar su derecho a poseer, poseer y usar armas de fuego. Es importante consultar con Gilroy Napoli Short Law Group para conocer sus opciones y la mejor manera de proceder en este caso y obtener el mejor resultado posible.<\/p>\n<h2>Otras cuestiones sobre los derechos de armas<\/h2>\n<p>Nuestra firma tambi\u00e9n brinda servicios relacionados con:\u00a0<a href=\"https:\/\/www.gilroynapolishort.com\/es\/gun-rights-restoration-firearms-issues\/gun-trusts\/\">fideicomisos de armas<\/a>\u00a0y representaci\u00f3n agresiva para comerciantes, coleccionistas, fabricantes, importadores y otras partes amenazadas con la p\u00e9rdida de sus\u00a0<a href=\"https:\/\/www.gilroynapolishort.com\/es\/gun-rights-restoration-firearms-issues\/federal-firearms-license-defense\/\">licencias federales de armas de fuego<\/a>Cuando se trata de armas, lo tenemos cubierto.<\/p>\n<h2>Contacte a Gilroy Napoli Short Law Group<\/h2>\n<p><a href=\"https:\/\/www.gilroynapolishort.com\/es\/contact\/\">Cont\u00e1ctanos<\/a>\u00a0Ll\u00e1menos hoy mismo para programar una consulta inicial gratuita y descubrir sus opciones legales. Puede llamar a Gilroy Napoli Short Law Group al 503-747-7198. Representamos a personas en Portland, Salem, Beaverton, Hillsboro y otras partes de Oreg\u00f3n.<\/p>\n<p><strong>Se habla espa\u00f1ol.<\/strong><\/p>\n<p>Llame hoy para una consulta gratuita: <a href=\"tel:5037477198\">503-747-7198<\/a><\/p>","protected":false},"excerpt":{"rendered":"<p>One of Oregon&#8217;s top firms for restoring gun rights.<\/p>","protected":false},"author":2,"featured_media":0,"parent":211,"menu_order":0,"comment_status":"closed","ping_status":"closed","template":"single-gun-rights-page.php","meta":{"_acf_changed":false,"footnotes":""},"class_list":["post-235","page","type-page","status-publish","hentry"],"acf":[],"yoast_head":"<!-- This site is optimized with the Yoast SEO plugin v27.3 - https:\/\/yoast.com\/product\/yoast-seo-wordpress\/ -->\n<title>Gun Rights Restoration - GNS Law Group<\/title>\n<meta name=\"robots\" content=\"index, follow, max-snippet:-1, max-image-preview:large, max-video-preview:-1\" \/>\n<link rel=\"canonical\" href=\"https:\/\/www.gilroynapolishort.com\/es\/practice-areas\/gun-rights-restoration\/\" \/>\n<meta property=\"og:locale\" content=\"es_MX\" \/>\n<meta property=\"og:type\" content=\"article\" \/>\n<meta property=\"og:title\" content=\"Gun Rights Restoration - GNS Law Group\" \/>\n<meta property=\"og:description\" content=\"One of Oregon&#039;s top firms for restoring gun rights.\" \/>\n<meta property=\"og:url\" content=\"https:\/\/www.gilroynapolishort.com\/es\/practice-areas\/gun-rights-restoration\/\" \/>\n<meta property=\"og:site_name\" content=\"GNS Law Group\" \/>\n<meta property=\"article:modified_time\" content=\"2024-02-29T17:34:50+00:00\" \/>\n<meta name=\"twitter:card\" content=\"summary_large_image\" \/>\n<meta name=\"twitter:label1\" content=\"Est. reading time\" \/>\n\t<meta name=\"twitter:data1\" content=\"2 minutos\" \/>\n<script type=\"application\/ld+json\" class=\"yoast-schema-graph\">{\"@context\":\"https:\\\/\\\/schema.org\",\"@graph\":[{\"@type\":\"WebPage\",\"@id\":\"https:\\\/\\\/www.gilroynapolishort.com\\\/practice-areas\\\/gun-rights-restoration\\\/\",\"url\":\"https:\\\/\\\/www.gilroynapolishort.com\\\/practice-areas\\\/gun-rights-restoration\\\/\",\"name\":\"Gun Rights Restoration - GNS Law Group\",\"isPartOf\":{\"@id\":\"https:\\\/\\\/www.gilroynapolishort.com\\\/#website\"},\"datePublished\":\"2019-02-19T08:14:31+00:00\",\"dateModified\":\"2024-02-29T17:34:50+00:00\",\"breadcrumb\":{\"@id\":\"https:\\\/\\\/www.gilroynapolishort.com\\\/practice-areas\\\/gun-rights-restoration\\\/#breadcrumb\"},\"inLanguage\":\"es\",\"potentialAction\":[{\"@type\":\"ReadAction\",\"target\":[\"https:\\\/\\\/www.gilroynapolishort.com\\\/practice-areas\\\/gun-rights-restoration\\\/\"]}]},{\"@type\":\"BreadcrumbList\",\"@id\":\"https:\\\/\\\/www.gilroynapolishort.com\\\/practice-areas\\\/gun-rights-restoration\\\/#breadcrumb\",\"itemListElement\":[{\"@type\":\"ListItem\",\"position\":1,\"name\":\"Home\",\"item\":\"https:\\\/\\\/www.gilroynapolishort.com\\\/\"},{\"@type\":\"ListItem\",\"position\":2,\"name\":\"Practice Areas\",\"item\":\"https:\\\/\\\/www.gilroynapolishort.com\\\/practice-areas\\\/\"},{\"@type\":\"ListItem\",\"position\":3,\"name\":\"Gun Rights Restoration\"}]},{\"@type\":\"WebSite\",\"@id\":\"https:\\\/\\\/www.gilroynapolishort.com\\\/#website\",\"url\":\"https:\\\/\\\/www.gilroynapolishort.com\\\/\",\"name\":\"Gilroy Napoli Short Law Group\",\"description\":\"\",\"potentialAction\":[{\"@type\":\"SearchAction\",\"target\":{\"@type\":\"EntryPoint\",\"urlTemplate\":\"https:\\\/\\\/www.gilroynapolishort.com\\\/?s={search_term_string}\"},\"query-input\":{\"@type\":\"PropertyValueSpecification\",\"valueRequired\":true,\"valueName\":\"search_term_string\"}}],\"inLanguage\":\"es\"}]}<\/script>\n<!-- \/ Yoast SEO plugin. -->","yoast_head_json":{"title":"Gun Rights Restoration - GNS Law Group","robots":{"index":"index","follow":"follow","max-snippet":"max-snippet:-1","max-image-preview":"max-image-preview:large","max-video-preview":"max-video-preview:-1"},"canonical":"https:\/\/www.gilroynapolishort.com\/es\/practice-areas\/gun-rights-restoration\/","og_locale":"es_MX","og_type":"article","og_title":"Gun Rights Restoration - GNS Law Group","og_description":"One of Oregon's top firms for restoring gun rights.","og_url":"https:\/\/www.gilroynapolishort.com\/es\/practice-areas\/gun-rights-restoration\/","og_site_name":"GNS Law Group","article_modified_time":"2024-02-29T17:34:50+00:00","twitter_card":"summary_large_image","twitter_misc":{"Est. reading time":"2 minutos"},"schema":{"@context":"https:\/\/schema.org","@graph":[{"@type":"WebPage","@id":"https:\/\/www.gilroynapolishort.com\/practice-areas\/gun-rights-restoration\/","url":"https:\/\/www.gilroynapolishort.com\/practice-areas\/gun-rights-restoration\/","name":"Gun Rights Restoration - GNS Law Group","isPartOf":{"@id":"https:\/\/www.gilroynapolishort.com\/#website"},"datePublished":"2019-02-19T08:14:31+00:00","dateModified":"2024-02-29T17:34:50+00:00","breadcrumb":{"@id":"https:\/\/www.gilroynapolishort.com\/practice-areas\/gun-rights-restoration\/#breadcrumb"},"inLanguage":"es","potentialAction":[{"@type":"ReadAction","target":["https:\/\/www.gilroynapolishort.com\/practice-areas\/gun-rights-restoration\/"]}]},{"@type":"BreadcrumbList","@id":"https:\/\/www.gilroynapolishort.com\/practice-areas\/gun-rights-restoration\/#breadcrumb","itemListElement":[{"@type":"ListItem","position":1,"name":"Home","item":"https:\/\/www.gilroynapolishort.com\/"},{"@type":"ListItem","position":2,"name":"Practice Areas","item":"https:\/\/www.gilroynapolishort.com\/practice-areas\/"},{"@type":"ListItem","position":3,"name":"Gun Rights Restoration"}]},{"@type":"WebSite","@id":"https:\/\/www.gilroynapolishort.com\/#website","url":"https:\/\/www.gilroynapolishort.com\/","name":"Grupo de abogados Gilroy Napoli Short","description":"","potentialAction":[{"@type":"SearchAction","target":{"@type":"EntryPoint","urlTemplate":"https:\/\/www.gilroynapolishort.com\/?s={search_term_string}"},"query-input":{"@type":"PropertyValueSpecification","valueRequired":true,"valueName":"search_term_string"}}],"inLanguage":"es"}]}},"_links":{"self":[{"href":"https:\/\/www.gilroynapolishort.com\/es\/wp-json\/wp\/v2\/pages\/235","targetHints":{"allow":["GET"]}}],"collection":[{"href":"https:\/\/www.gilroynapolishort.com\/es\/wp-json\/wp\/v2\/pages"}],"about":[{"href":"https:\/\/www.gilroynapolishort.com\/es\/wp-json\/wp\/v2\/types\/page"}],"author":[{"embeddable":true,"href":"https:\/\/www.gilroynapolishort.com\/es\/wp-json\/wp\/v2\/users\/2"}],"replies":[{"embeddable":true,"href":"https:\/\/www.gilroynapolishort.com\/es\/wp-json\/wp\/v2\/comments?post=235"}],"version-history":[{"count":0,"href":"https:\/\/www.gilroynapolishort.com\/es\/wp-json\/wp\/v2\/pages\/235\/revisions"}],"up":[{"embeddable":true,"href":"https:\/\/www.gilroynapolishort.com\/es\/wp-json\/wp\/v2\/pages\/211"}],"wp:attachment":[{"href":"https:\/\/www.gilroynapolishort.com\/es\/wp-json\/wp\/v2\/media?parent=235"}],"curies":[{"name":"wp","href":"https:\/\/api.w.org\/{rel}","templated":true}]}}