{"id":2375,"date":"2020-04-30T03:14:16","date_gmt":"2020-04-30T03:14:16","guid":{"rendered":"https:\/\/www.gilroynapolishort.com\/?page_id=2375"},"modified":"2024-11-21T08:36:16","modified_gmt":"2024-11-21T16:36:16","slug":"dui-lawyer-ashland","status":"publish","type":"page","link":"https:\/\/www.gilroynapolishort.com\/es\/dui-lawyer-ashland\/","title":{"rendered":"Abogados de DUI en Ashland"},"content":{"rendered":"<h1>Abogados confiables de DUI en Ashland<\/h1>\n<p>Si has estado <a href=\"https:\/\/www.gilroynapolishort.com\/es\/practice-areas\/duii-felony-duii\/\">arrestado por conducir ebrio<\/a> En Ashland, no dude en contactarnos hoy:<br \/>\n<strong>541-930-5700.<\/strong><\/p>\n<p>Nuestro <a href=\"https:\/\/www.gilroynapolishort.com\/es\/practice-areas\/criminal-defense\/\">abogados de defensa penal<\/a> Podemos reunirnos con usted en persona o podemos realizar videoconsultas por FaceTime, Skype, Google o Zoom. Responderemos con prontitud a su correo electr\u00f3nico o mensaje urgente.<\/p>\n<div class=\"highlight-box-2\">\n<div class=\"row\">\n<div class=\"four columns\">\n<h3>Gilroy Napoli Corto<\/h3>\n<address><strong>16. N. Riverside<\/strong><br \/>\nSuite 201<br \/>\nMedford, OR 97501<br \/>\n<strong>TEL\u00c9FONO: 541-930-5700<\/strong><\/address>\n<\/div>\n<div class=\"eight columns\"><iframe loading=\"lazy\" style=\"border: 0;\" src=\"https:\/\/www.google.com\/maps\/embed?pb=!1m18!1m12!1m3!1d2949.691680397263!2d-122.87278288454465!3d42.32777447918899!2m3!1f0!2f0!3f0!3m2!1i1024!2i768!4f13.1!3m3!1m2!1s0x54cf7a3afb3ed49b%3A0xe64deec471d227fa!2s16%20N%20Riverside%20Ave%20%23201%2C%20Medford%2C%20OR%2097501!5e0!3m2!1sen!2sus!4v1588028042816!5m2!1sen!2sus\" width=\"580\" height=\"300\" frameborder=\"0\" allowfullscreen=\"allowfullscreen\"><span style=\"display: inline-block; width: 0px; overflow: hidden; line-height: 0;\" data-mce-type=\"bookmark\" class=\"mce_SELRES_start\"><\/span><\/iframe><\/div>\n<\/div>\n<\/div>\n<h2>Consulta gratuita, llame hoy<\/h2>\n<p>Cuando las cosas se ponen dif\u00edciles, estamos a su lado. Ponga a trabajar a nuestros abogados expertos en DUI de Ashland. Si es necesario, podemos reunirnos con usted en la c\u00e1rcel del Departamento de Polic\u00eda de Ashland o en la c\u00e1rcel del Condado de Jackson.<\/p>\n<p>Cont\u00e1ctenos hoy para una consulta gratuita y sin costo: <strong>541-930-5700.<\/strong><\/p>\n<p>Responderemos con prontitud a su correo electr\u00f3nico o mensaje urgente y a su solicitud de cita por la tarde o el fin de semana. Estamos disponibles las 24 horas, los 7 d\u00edas de la semana.<\/p>\n<p><strong>Se habla espa\u00f1ol.<\/strong><\/p>","protected":false},"excerpt":{"rendered":"<p>Reliable Ashland DUI Attorneys If you have been arrested for drunk driving in Ashland, don&#8217;t hesitate to contact us today: 541-930-5700. Our criminal defense attorneys can meet with you in&#8230;<\/p>","protected":false},"author":4,"featured_media":0,"parent":0,"menu_order":0,"comment_status":"closed","ping_status":"closed","template":"single-dui-page.php","meta":{"_acf_changed":false,"footnotes":""},"class_list":["post-2375","page","type-page","status-publish","hentry"],"acf":[],"yoast_head":"<!-- This site is optimized with the Yoast SEO plugin v27.3 - https:\/\/yoast.com\/product\/yoast-seo-wordpress\/ -->\n<title>Ashland DUI Attorneys | Drunk Driving Defense Lawyers Ashland OR<\/title>\n<meta name=\"description\" content=\"Our Ashland criminal defense attorneys are here for you and are fully prepared to aggressively protect your rights. Free Consultation 541-930-5700.\" \/>\n<meta name=\"robots\" content=\"index, follow, max-snippet:-1, max-image-preview:large, max-video-preview:-1\" \/>\n<link rel=\"canonical\" href=\"https:\/\/www.gilroynapolishort.com\/es\/dui-lawyer-ashland\/\" \/>\n<meta property=\"og:locale\" content=\"es_MX\" \/>\n<meta property=\"og:type\" content=\"article\" \/>\n<meta property=\"og:title\" content=\"Ashland DUI Attorneys | Drunk Driving Defense Lawyers Ashland OR\" \/>\n<meta property=\"og:description\" content=\"Our Ashland criminal defense attorneys are here for you and are fully prepared to aggressively protect your rights. Free Consultation 541-930-5700.\" \/>\n<meta property=\"og:url\" content=\"https:\/\/www.gilroynapolishort.com\/es\/dui-lawyer-ashland\/\" \/>\n<meta property=\"og:site_name\" content=\"GNS Law Group\" \/>\n<meta property=\"article:modified_time\" content=\"2024-11-21T16:36:16+00:00\" \/>\n<meta name=\"twitter:card\" content=\"summary_large_image\" \/>\n<meta name=\"twitter:label1\" content=\"Est. reading time\" \/>\n\t<meta name=\"twitter:data1\" content=\"1 minuto\" \/>\n<script type=\"application\/ld+json\" class=\"yoast-schema-graph\">{\"@context\":\"https:\\\/\\\/schema.org\",\"@graph\":[{\"@type\":\"WebPage\",\"@id\":\"https:\\\/\\\/www.gilroynapolishort.com\\\/dui-lawyer-ashland\\\/\",\"url\":\"https:\\\/\\\/www.gilroynapolishort.com\\\/dui-lawyer-ashland\\\/\",\"name\":\"Ashland DUI Attorneys | Drunk Driving Defense Lawyers Ashland OR\",\"isPartOf\":{\"@id\":\"https:\\\/\\\/www.gilroynapolishort.com\\\/#website\"},\"datePublished\":\"2020-04-30T03:14:16+00:00\",\"dateModified\":\"2024-11-21T16:36:16+00:00\",\"description\":\"Our Ashland criminal defense attorneys are here for you and are fully prepared to aggressively protect your rights. Free Consultation 541-930-5700.\",\"breadcrumb\":{\"@id\":\"https:\\\/\\\/www.gilroynapolishort.com\\\/dui-lawyer-ashland\\\/#breadcrumb\"},\"inLanguage\":\"es\",\"potentialAction\":[{\"@type\":\"ReadAction\",\"target\":[\"https:\\\/\\\/www.gilroynapolishort.com\\\/dui-lawyer-ashland\\\/\"]}]},{\"@type\":\"BreadcrumbList\",\"@id\":\"https:\\\/\\\/www.gilroynapolishort.com\\\/dui-lawyer-ashland\\\/#breadcrumb\",\"itemListElement\":[{\"@type\":\"ListItem\",\"position\":1,\"name\":\"Home\",\"item\":\"https:\\\/\\\/www.gilroynapolishort.com\\\/\"},{\"@type\":\"ListItem\",\"position\":2,\"name\":\"Ashland DUI Attorneys\"}]},{\"@type\":\"WebSite\",\"@id\":\"https:\\\/\\\/www.gilroynapolishort.com\\\/#website\",\"url\":\"https:\\\/\\\/www.gilroynapolishort.com\\\/\",\"name\":\"Gilroy Napoli Short Law Group\",\"description\":\"\",\"potentialAction\":[{\"@type\":\"SearchAction\",\"target\":{\"@type\":\"EntryPoint\",\"urlTemplate\":\"https:\\\/\\\/www.gilroynapolishort.com\\\/?s={search_term_string}\"},\"query-input\":{\"@type\":\"PropertyValueSpecification\",\"valueRequired\":true,\"valueName\":\"search_term_string\"}}],\"inLanguage\":\"es\"}]}<\/script>\n<!-- \/ Yoast SEO plugin. -->","yoast_head_json":{"title":"Ashland DUI Attorneys | Drunk Driving Defense Lawyers Ashland OR","description":"Our Ashland criminal defense attorneys are here for you and are fully prepared to aggressively protect your rights. Free Consultation 541-930-5700.","robots":{"index":"index","follow":"follow","max-snippet":"max-snippet:-1","max-image-preview":"max-image-preview:large","max-video-preview":"max-video-preview:-1"},"canonical":"https:\/\/www.gilroynapolishort.com\/es\/dui-lawyer-ashland\/","og_locale":"es_MX","og_type":"article","og_title":"Ashland DUI Attorneys | Drunk Driving Defense Lawyers Ashland OR","og_description":"Our Ashland criminal defense attorneys are here for you and are fully prepared to aggressively protect your rights. Free Consultation 541-930-5700.","og_url":"https:\/\/www.gilroynapolishort.com\/es\/dui-lawyer-ashland\/","og_site_name":"GNS Law Group","article_modified_time":"2024-11-21T16:36:16+00:00","twitter_card":"summary_large_image","twitter_misc":{"Est. reading time":"1 minuto"},"schema":{"@context":"https:\/\/schema.org","@graph":[{"@type":"WebPage","@id":"https:\/\/www.gilroynapolishort.com\/dui-lawyer-ashland\/","url":"https:\/\/www.gilroynapolishort.com\/dui-lawyer-ashland\/","name":"Ashland DUI Attorneys | Drunk Driving Defense Lawyers Ashland OR","isPartOf":{"@id":"https:\/\/www.gilroynapolishort.com\/#website"},"datePublished":"2020-04-30T03:14:16+00:00","dateModified":"2024-11-21T16:36:16+00:00","description":"Our Ashland criminal defense attorneys are here for you and are fully prepared to aggressively protect your rights. Free Consultation 541-930-5700.","breadcrumb":{"@id":"https:\/\/www.gilroynapolishort.com\/dui-lawyer-ashland\/#breadcrumb"},"inLanguage":"es","potentialAction":[{"@type":"ReadAction","target":["https:\/\/www.gilroynapolishort.com\/dui-lawyer-ashland\/"]}]},{"@type":"BreadcrumbList","@id":"https:\/\/www.gilroynapolishort.com\/dui-lawyer-ashland\/#breadcrumb","itemListElement":[{"@type":"ListItem","position":1,"name":"Home","item":"https:\/\/www.gilroynapolishort.com\/"},{"@type":"ListItem","position":2,"name":"Ashland DUI Attorneys"}]},{"@type":"WebSite","@id":"https:\/\/www.gilroynapolishort.com\/#website","url":"https:\/\/www.gilroynapolishort.com\/","name":"Grupo de abogados Gilroy Napoli Short","description":"","potentialAction":[{"@type":"SearchAction","target":{"@type":"EntryPoint","urlTemplate":"https:\/\/www.gilroynapolishort.com\/?s={search_term_string}"},"query-input":{"@type":"PropertyValueSpecification","valueRequired":true,"valueName":"search_term_string"}}],"inLanguage":"es"}]}},"_links":{"self":[{"href":"https:\/\/www.gilroynapolishort.com\/es\/wp-json\/wp\/v2\/pages\/2375","targetHints":{"allow":["GET"]}}],"collection":[{"href":"https:\/\/www.gilroynapolishort.com\/es\/wp-json\/wp\/v2\/pages"}],"about":[{"href":"https:\/\/www.gilroynapolishort.com\/es\/wp-json\/wp\/v2\/types\/page"}],"author":[{"embeddable":true,"href":"https:\/\/www.gilroynapolishort.com\/es\/wp-json\/wp\/v2\/users\/4"}],"replies":[{"embeddable":true,"href":"https:\/\/www.gilroynapolishort.com\/es\/wp-json\/wp\/v2\/comments?post=2375"}],"version-history":[{"count":0,"href":"https:\/\/www.gilroynapolishort.com\/es\/wp-json\/wp\/v2\/pages\/2375\/revisions"}],"wp:attachment":[{"href":"https:\/\/www.gilroynapolishort.com\/es\/wp-json\/wp\/v2\/media?parent=2375"}],"curies":[{"name":"wp","href":"https:\/\/api.w.org\/{rel}","templated":true}]}}