{"id":240,"date":"2019-02-19T08:23:15","date_gmt":"2019-02-19T08:23:15","guid":{"rendered":"https:\/\/www.gilroynapolishort.com\/?page_id=240"},"modified":"2024-02-28T22:54:31","modified_gmt":"2024-02-28T22:54:31","slug":"felonies","status":"publish","type":"page","link":"https:\/\/www.gilroynapolishort.com\/es\/practice-areas\/criminal-defense\/felonies\/","title":{"rendered":"Delitos graves"},"content":{"rendered":"<h1>Delitos graves<\/h1>\n<p>Los delitos graves son delitos graves. Conlleva largas penas de prisi\u00f3n y multas cuantiosas tras la condena, sin mencionar los problemas que tendr\u00e1s para conseguir empleo o vivienda tras tu liberaci\u00f3n. Todos tus movimientos ser\u00e1n vigilados por agentes de libertad condicional. A partir de ese momento, tendr\u00e1s que cumplir todos los d\u00edas de tu vida a la perfecci\u00f3n.<\/p>\n<p>Es su deber para consigo mismo y su familia evitar estos duros castigos, antecedentes penales, da\u00f1o a su reputaci\u00f3n y la separaci\u00f3n de sus seres queridos. Si enfrenta un cargo por delito grave en el \u00e1rea metropolitana de Portland o en cualquier lugar de Oreg\u00f3n, comun\u00edquese con nuestros abogados expertos.\u00a0<a href=\"https:\/\/www.gilroynapolishort.com\/es\/criminal-defense\/\">defensa penal<\/a>\u00a0abogados de Gilroy Napoli Short Law Group de inmediato.<\/p>\n<blockquote><p>Nuestros abogados de defensa penal en Portland pueden proteger sus derechos con firmeza. No pierda tiempo seleccionando un abogado mientras la fiscal\u00eda construye un caso en su contra. Ll\u00e1menos ahora al 503-747-7198. Responderemos con prontitud a su correo electr\u00f3nico o mensaje urgente. Podemos coordinar una consulta inicial gratuita en una comisar\u00eda o c\u00e1rcel si es necesario.<\/p><\/blockquote>\n<h3>No lo haga solo \u00b7 Nuestros abogados defensores de delitos graves de Portland estar\u00e1n all\u00ed a su lado<\/h3>\n<p>No existe ninguna ley que diga que usted tiene que soportar la carga emocional y financiera de un cargo por delito grave o\u00a0<a href=\"https:\/\/www.gilroynapolishort.com\/es\/criminal-defense\/measure-11-crimes\/\">Medida 11 crimen<\/a>\u00a0por ti mismo. Gilroy Napoli Short Law Group\u00a0<a href=\"https:\/\/www.gilroynapolishort.com\/es\/attorney\/\">equipo legal<\/a>\u00a0Lucharemos junto a usted desde la lectura de cargos hasta el resultado. Investigaremos sus cargos, negociaremos h\u00e1bilmente con los fiscales y actuaremos con agresividad en el tribunal, utilizando los hechos de su situaci\u00f3n para conectar con el juez y el jurado.<\/p>\n<p>Sabemos que sus libertades y su futuro dependen del veredicto de su juicio o de su oferta de declaraci\u00f3n de culpabilidad. No dejaremos nada al azar para salvaguardar sus intereses.<\/p>\n<p>Las sanciones que enfrenta al ser condenado por un delito grave son motivo suficiente para que exploremos todas las v\u00edas para la reducci\u00f3n o desestimaci\u00f3n de los cargos o la absoluci\u00f3n total. Por ejemplo: agresi\u00f3n en tercer grado, robo en primer grado, un delito en tercer grado...\u00a0<a href=\"https:\/\/www.gilroynapolishort.com\/es\/DUII-felony-DUII\/\">Conducir bajo los efectos del alcohol<\/a>\u00a0y un atropello y fuga con lesiones son delitos graves de clase C, castigados con cinco a\u00f1os de c\u00e1rcel y una multa de $125,000.<\/p>\n<p>Agresi\u00f3n en segundo grado o una\u00a0<a href=\"https:\/\/www.gilroynapolishort.com\/es\/drug-crimes\/\">delitos relacionados con drogas<\/a>\u00a0Un cargo como la distribuci\u00f3n de coca\u00edna es un delito grave de Clase B. Conlleva una pena de prisi\u00f3n de 10 a\u00f1os y una multa de $250,000. Una condena por agresi\u00f3n en primer grado, un delito grave de Clase A, podr\u00eda conllevar una pena de 20 a\u00f1os de prisi\u00f3n y una multa de $375,000.<\/p>\n<p>Puede confiar en nuestros h\u00e1biles y comprometidos abogados defensores de Gilroy Napoli Short Law Group, y sus\u00a0<strong>M\u00e1s de 25 a\u00f1os de experiencia combinada en juicios y negociaci\u00f3n de declaraciones de culpabilidad<\/strong>\u00a0\u2014 para brindarle la mejor oportunidad de \u00e9xito con sus cargos. Conocemos las pautas de sentencia, las estrategias de defensa y c\u00f3mo obtener resultados. Tenemos\u00a0<a href=\"https:\/\/www.gilroynapolishort.com\/es\/testimonials\/\">represent\u00f3 con \u00e9xito a miles de personas y familias<\/a>\u00a0En toda el \u00e1rea metropolitana de Portland con profesionalismo y dedicaci\u00f3n.<\/p>\n<h2>Consulta gratuita: obtenga ayuda legal hoy<\/h2>\n<p><a href=\"https:\/\/www.gilroynapolishort.com\/es\/contact\/\">Contacto<\/a>\u00a0Nuestras oficinas legales en Portland o Salem desde cualquier lugar del estado, incluyendo Portland, Hillsboro, Beaverton y alrededores. El n\u00famero de tel\u00e9fono es 503-747-7198.<\/p>\n<p><strong>Se habla espa\u00f1ol.<\/strong><\/p>\n<p>Llame hoy para una consulta gratuita: <a href=\"tel:5037477198\">503-747-7198<\/a><\/p>","protected":false},"excerpt":{"rendered":"<p>Felonies Felonies are serious criminal offenses. They carry long prison sentences and substantial fines upon conviction \u2014 to say nothing of the problems you will have acquiring employment or housing&#8230;<\/p>","protected":false},"author":2,"featured_media":0,"parent":221,"menu_order":0,"comment_status":"closed","ping_status":"closed","template":"single-criminal-page.php","meta":{"_acf_changed":false,"footnotes":""},"class_list":["post-240","page","type-page","status-publish","hentry"],"acf":[],"yoast_head":"<!-- This site is optimized with the Yoast SEO plugin v27.3 - https:\/\/yoast.com\/product\/yoast-seo-wordpress\/ -->\n<title>Felonies - GNS Law Group<\/title>\n<meta name=\"robots\" content=\"index, follow, max-snippet:-1, max-image-preview:large, max-video-preview:-1\" \/>\n<link rel=\"canonical\" href=\"https:\/\/www.gilroynapolishort.com\/es\/practice-areas\/criminal-defense\/felonies\/\" \/>\n<meta property=\"og:locale\" content=\"es_MX\" \/>\n<meta property=\"og:type\" content=\"article\" \/>\n<meta property=\"og:title\" content=\"Felonies - GNS Law Group\" \/>\n<meta property=\"og:description\" content=\"Felonies Felonies are serious criminal offenses. They carry long prison sentences and substantial fines upon conviction \u2014 to say nothing of the problems you will have acquiring employment or housing...\" \/>\n<meta property=\"og:url\" content=\"https:\/\/www.gilroynapolishort.com\/es\/practice-areas\/criminal-defense\/felonies\/\" \/>\n<meta property=\"og:site_name\" content=\"GNS Law Group\" \/>\n<meta property=\"article:modified_time\" content=\"2024-02-28T22:54:31+00:00\" \/>\n<meta name=\"twitter:card\" content=\"summary_large_image\" \/>\n<meta name=\"twitter:label1\" content=\"Est. reading time\" \/>\n\t<meta name=\"twitter:data1\" content=\"2 minutos\" \/>\n<script type=\"application\/ld+json\" class=\"yoast-schema-graph\">{\"@context\":\"https:\\\/\\\/schema.org\",\"@graph\":[{\"@type\":\"WebPage\",\"@id\":\"https:\\\/\\\/www.gilroynapolishort.com\\\/practice-areas\\\/criminal-defense\\\/felonies\\\/\",\"url\":\"https:\\\/\\\/www.gilroynapolishort.com\\\/practice-areas\\\/criminal-defense\\\/felonies\\\/\",\"name\":\"Felonies - GNS Law Group\",\"isPartOf\":{\"@id\":\"https:\\\/\\\/www.gilroynapolishort.com\\\/#website\"},\"datePublished\":\"2019-02-19T08:23:15+00:00\",\"dateModified\":\"2024-02-28T22:54:31+00:00\",\"breadcrumb\":{\"@id\":\"https:\\\/\\\/www.gilroynapolishort.com\\\/practice-areas\\\/criminal-defense\\\/felonies\\\/#breadcrumb\"},\"inLanguage\":\"es\",\"potentialAction\":[{\"@type\":\"ReadAction\",\"target\":[\"https:\\\/\\\/www.gilroynapolishort.com\\\/practice-areas\\\/criminal-defense\\\/felonies\\\/\"]}]},{\"@type\":\"BreadcrumbList\",\"@id\":\"https:\\\/\\\/www.gilroynapolishort.com\\\/practice-areas\\\/criminal-defense\\\/felonies\\\/#breadcrumb\",\"itemListElement\":[{\"@type\":\"ListItem\",\"position\":1,\"name\":\"Home\",\"item\":\"https:\\\/\\\/www.gilroynapolishort.com\\\/\"},{\"@type\":\"ListItem\",\"position\":2,\"name\":\"Practice Areas\",\"item\":\"https:\\\/\\\/www.gilroynapolishort.com\\\/practice-areas\\\/\"},{\"@type\":\"ListItem\",\"position\":3,\"name\":\"Criminal Defense\",\"item\":\"https:\\\/\\\/www.gilroynapolishort.com\\\/practice-areas\\\/criminal-defense\\\/\"},{\"@type\":\"ListItem\",\"position\":4,\"name\":\"Felonies\"}]},{\"@type\":\"WebSite\",\"@id\":\"https:\\\/\\\/www.gilroynapolishort.com\\\/#website\",\"url\":\"https:\\\/\\\/www.gilroynapolishort.com\\\/\",\"name\":\"Gilroy Napoli Short Law Group\",\"description\":\"\",\"potentialAction\":[{\"@type\":\"SearchAction\",\"target\":{\"@type\":\"EntryPoint\",\"urlTemplate\":\"https:\\\/\\\/www.gilroynapolishort.com\\\/?s={search_term_string}\"},\"query-input\":{\"@type\":\"PropertyValueSpecification\",\"valueRequired\":true,\"valueName\":\"search_term_string\"}}],\"inLanguage\":\"es\"}]}<\/script>\n<!-- \/ Yoast SEO plugin. -->","yoast_head_json":{"title":"Felonies - GNS Law Group","robots":{"index":"index","follow":"follow","max-snippet":"max-snippet:-1","max-image-preview":"max-image-preview:large","max-video-preview":"max-video-preview:-1"},"canonical":"https:\/\/www.gilroynapolishort.com\/es\/practice-areas\/criminal-defense\/felonies\/","og_locale":"es_MX","og_type":"article","og_title":"Felonies - GNS Law Group","og_description":"Felonies Felonies are serious criminal offenses. They carry long prison sentences and substantial fines upon conviction \u2014 to say nothing of the problems you will have acquiring employment or housing...","og_url":"https:\/\/www.gilroynapolishort.com\/es\/practice-areas\/criminal-defense\/felonies\/","og_site_name":"GNS Law Group","article_modified_time":"2024-02-28T22:54:31+00:00","twitter_card":"summary_large_image","twitter_misc":{"Est. reading time":"2 minutos"},"schema":{"@context":"https:\/\/schema.org","@graph":[{"@type":"WebPage","@id":"https:\/\/www.gilroynapolishort.com\/practice-areas\/criminal-defense\/felonies\/","url":"https:\/\/www.gilroynapolishort.com\/practice-areas\/criminal-defense\/felonies\/","name":"Felonies - GNS Law Group","isPartOf":{"@id":"https:\/\/www.gilroynapolishort.com\/#website"},"datePublished":"2019-02-19T08:23:15+00:00","dateModified":"2024-02-28T22:54:31+00:00","breadcrumb":{"@id":"https:\/\/www.gilroynapolishort.com\/practice-areas\/criminal-defense\/felonies\/#breadcrumb"},"inLanguage":"es","potentialAction":[{"@type":"ReadAction","target":["https:\/\/www.gilroynapolishort.com\/practice-areas\/criminal-defense\/felonies\/"]}]},{"@type":"BreadcrumbList","@id":"https:\/\/www.gilroynapolishort.com\/practice-areas\/criminal-defense\/felonies\/#breadcrumb","itemListElement":[{"@type":"ListItem","position":1,"name":"Home","item":"https:\/\/www.gilroynapolishort.com\/"},{"@type":"ListItem","position":2,"name":"Practice Areas","item":"https:\/\/www.gilroynapolishort.com\/practice-areas\/"},{"@type":"ListItem","position":3,"name":"Criminal Defense","item":"https:\/\/www.gilroynapolishort.com\/practice-areas\/criminal-defense\/"},{"@type":"ListItem","position":4,"name":"Felonies"}]},{"@type":"WebSite","@id":"https:\/\/www.gilroynapolishort.com\/#website","url":"https:\/\/www.gilroynapolishort.com\/","name":"Grupo de abogados Gilroy Napoli Short","description":"","potentialAction":[{"@type":"SearchAction","target":{"@type":"EntryPoint","urlTemplate":"https:\/\/www.gilroynapolishort.com\/?s={search_term_string}"},"query-input":{"@type":"PropertyValueSpecification","valueRequired":true,"valueName":"search_term_string"}}],"inLanguage":"es"}]}},"_links":{"self":[{"href":"https:\/\/www.gilroynapolishort.com\/es\/wp-json\/wp\/v2\/pages\/240","targetHints":{"allow":["GET"]}}],"collection":[{"href":"https:\/\/www.gilroynapolishort.com\/es\/wp-json\/wp\/v2\/pages"}],"about":[{"href":"https:\/\/www.gilroynapolishort.com\/es\/wp-json\/wp\/v2\/types\/page"}],"author":[{"embeddable":true,"href":"https:\/\/www.gilroynapolishort.com\/es\/wp-json\/wp\/v2\/users\/2"}],"replies":[{"embeddable":true,"href":"https:\/\/www.gilroynapolishort.com\/es\/wp-json\/wp\/v2\/comments?post=240"}],"version-history":[{"count":0,"href":"https:\/\/www.gilroynapolishort.com\/es\/wp-json\/wp\/v2\/pages\/240\/revisions"}],"up":[{"embeddable":true,"href":"https:\/\/www.gilroynapolishort.com\/es\/wp-json\/wp\/v2\/pages\/221"}],"wp:attachment":[{"href":"https:\/\/www.gilroynapolishort.com\/es\/wp-json\/wp\/v2\/media?parent=240"}],"curies":[{"name":"wp","href":"https:\/\/api.w.org\/{rel}","templated":true}]}}