{"id":242,"date":"2019-02-19T08:23:33","date_gmt":"2019-02-19T08:23:33","guid":{"rendered":"https:\/\/www.gilroynapolishort.com\/?page_id=242"},"modified":"2024-03-08T15:38:41","modified_gmt":"2024-03-08T15:38:41","slug":"misdemeanors","status":"publish","type":"page","link":"https:\/\/www.gilroynapolishort.com\/es\/practice-areas\/criminal-defense\/misdemeanors\/","title":{"rendered":"Delitos menores"},"content":{"rendered":"<h1>Delitos menores<\/h1>\n<p>Si est\u00e1 preocupado por un cargo de delito menor presentado contra usted o su hijo o hija menor de edad, nuestros expertos abogados de defensa penal de Portland pueden ayudarlo.<\/p>\n<p>Somos\u00a0<a href=\"https:\/\/www.gilroynapolishort.com\/es\/about\/\">Grupo de abogados Gilroy Napoli Short<\/a>, trayendo\u00a0<strong>m\u00e1s de 25 a\u00f1os de experiencia<\/strong>\u00a0a la protecci\u00f3n agresiva de sus derechos, dentro y fuera de los tribunales, ya sea que el cargo en su contra sea un delito menor, un asunto federal, un delito de cuello blanco o un asunto m\u00e1s grave como un\u00a0<a href=\"https:\/\/www.gilroynapolishort.com\/es\/criminal-defense\/felonies\/\">delito<\/a>.<\/p>\n<p>Nuestro grupo legal Gilroy Napoli Short\u00a0<a href=\"https:\/\/www.gilroynapolishort.com\/es\/attorney\/\">equipo legal<\/a>\u00a0Realizaremos una investigaci\u00f3n exhaustiva de los procedimientos de arresto policial, negociaremos h\u00e1bilmente con la fiscal\u00eda y exploraremos todas las v\u00edas para reducir o desestimar su cargo por delito menor. Escucharemos atentamente su versi\u00f3n de los hechos y utilizaremos los hechos de su caso a su favor ante el tribunal.<\/p>\n<p>Nuestros abogados de defensa penal protegen los derechos de los clientes por delitos menores en Greater Portland, Salem, Hillsboro, Beaverton y muchas otras ciudades y condados.<\/p>\n<p>Ll\u00e1menos hoy al 503-747-7198 para programar una consulta inicial gratuita.<\/p>\n<h3>No pases por esto solo \u00b7 Estaremos ah\u00ed a tu lado<\/h3>\n<p>Los castigos por un delito menor en Oregon var\u00edan desde servicio comunitario, 30 d\u00edas a un a\u00f1o de c\u00e1rcel y multas que comienzan en $1,250, pero podr\u00edan aumentar a $6,250 para delitos de Clase A, B o C que incluyen:<\/p>\n<ul>\n<li>Robo de segundo y tercer grado<\/li>\n<li>asalto en cuarto grado<\/li>\n<li><a href=\"\/es\/DUII-felony-DUII\/\">Primera infracci\u00f3n por conducir bajo los efectos del alcohol<\/a><\/li>\n<li>Escribir cheques sin fondos<\/li>\n<li>Fraude con tarjetas de cr\u00e9dito<\/li>\n<li>Conducta desordenada de segundo grado<\/li>\n<li>Robo en tercer grado<\/li>\n<li>Conducta desordenada<\/li>\n<li>Acoso<\/li>\n<li>Portar un arma oculta<\/li>\n<li>Da\u00f1os criminales<\/li>\n<li>No comparecencia<\/li>\n<li>Hurto<\/li>\n<li>Licencia suspendida<\/li>\n<\/ul>\n<p>No espere a ser acusado de un delito para consultar con un abogado. Llame de inmediato al bufete de abogados Gilroy Napoli Short Law Group en Portland o Salem para que podamos empezar a preparar su caso r\u00e1pidamente, ayudarle a comprender el proceso legal y presentarle sus opciones para que pueda tomar decisiones informadas.<\/p>\n<h2>Consulta gratuita: obtenga ayuda legal hoy<\/h2>\n<p>Nuestro numero es\u00a0<strong>503-747-7198.<\/strong>\u00a0Responderemos con prontitud a su correo electr\u00f3nico o mensaje urgente. Su consulta inicial es gratuita.<\/p>\n<p><strong>Se habla espa\u00f1ol.<\/strong><\/p>\n<p>Llame hoy para una consulta gratuita: <a href=\"tel:5037477198\">503-747-7198<\/a><\/p>","protected":false},"excerpt":{"rendered":"<p>Misdemeanors If you are concerned about a misdemeanor charge filed against you or your juvenile son or daughter, our skilled Portland criminal defense attorneys can help. We are\u00a0Gilroy Napoli Short&#8230;<\/p>","protected":false},"author":2,"featured_media":0,"parent":221,"menu_order":0,"comment_status":"closed","ping_status":"closed","template":"single-criminal-page.php","meta":{"_acf_changed":false,"footnotes":""},"class_list":["post-242","page","type-page","status-publish","hentry"],"acf":[],"yoast_head":"<!-- This site is optimized with the Yoast SEO plugin v27.3 - https:\/\/yoast.com\/product\/yoast-seo-wordpress\/ -->\n<title>Misdemeanors - GNS Law Group<\/title>\n<meta name=\"robots\" content=\"index, follow, max-snippet:-1, max-image-preview:large, max-video-preview:-1\" \/>\n<link rel=\"canonical\" href=\"https:\/\/www.gilroynapolishort.com\/es\/practice-areas\/criminal-defense\/misdemeanors\/\" \/>\n<meta property=\"og:locale\" content=\"es_MX\" \/>\n<meta property=\"og:type\" content=\"article\" \/>\n<meta property=\"og:title\" content=\"Misdemeanors - GNS Law Group\" \/>\n<meta property=\"og:description\" content=\"Misdemeanors If you are concerned about a misdemeanor charge filed against you or your juvenile son or daughter, our skilled Portland criminal defense attorneys can help. We are\u00a0Gilroy Napoli Short...\" \/>\n<meta property=\"og:url\" content=\"https:\/\/www.gilroynapolishort.com\/es\/practice-areas\/criminal-defense\/misdemeanors\/\" \/>\n<meta property=\"og:site_name\" content=\"GNS Law Group\" \/>\n<meta property=\"article:modified_time\" content=\"2024-03-08T15:38:41+00:00\" \/>\n<meta name=\"twitter:card\" content=\"summary_large_image\" \/>\n<meta name=\"twitter:label1\" content=\"Est. reading time\" \/>\n\t<meta name=\"twitter:data1\" content=\"2 minutos\" \/>\n<script type=\"application\/ld+json\" class=\"yoast-schema-graph\">{\"@context\":\"https:\\\/\\\/schema.org\",\"@graph\":[{\"@type\":\"WebPage\",\"@id\":\"https:\\\/\\\/www.gilroynapolishort.com\\\/practice-areas\\\/criminal-defense\\\/misdemeanors\\\/\",\"url\":\"https:\\\/\\\/www.gilroynapolishort.com\\\/practice-areas\\\/criminal-defense\\\/misdemeanors\\\/\",\"name\":\"Misdemeanors - GNS Law Group\",\"isPartOf\":{\"@id\":\"https:\\\/\\\/www.gilroynapolishort.com\\\/#website\"},\"datePublished\":\"2019-02-19T08:23:33+00:00\",\"dateModified\":\"2024-03-08T15:38:41+00:00\",\"breadcrumb\":{\"@id\":\"https:\\\/\\\/www.gilroynapolishort.com\\\/practice-areas\\\/criminal-defense\\\/misdemeanors\\\/#breadcrumb\"},\"inLanguage\":\"es\",\"potentialAction\":[{\"@type\":\"ReadAction\",\"target\":[\"https:\\\/\\\/www.gilroynapolishort.com\\\/practice-areas\\\/criminal-defense\\\/misdemeanors\\\/\"]}]},{\"@type\":\"BreadcrumbList\",\"@id\":\"https:\\\/\\\/www.gilroynapolishort.com\\\/practice-areas\\\/criminal-defense\\\/misdemeanors\\\/#breadcrumb\",\"itemListElement\":[{\"@type\":\"ListItem\",\"position\":1,\"name\":\"Home\",\"item\":\"https:\\\/\\\/www.gilroynapolishort.com\\\/\"},{\"@type\":\"ListItem\",\"position\":2,\"name\":\"Practice Areas\",\"item\":\"https:\\\/\\\/www.gilroynapolishort.com\\\/practice-areas\\\/\"},{\"@type\":\"ListItem\",\"position\":3,\"name\":\"Criminal Defense\",\"item\":\"https:\\\/\\\/www.gilroynapolishort.com\\\/practice-areas\\\/criminal-defense\\\/\"},{\"@type\":\"ListItem\",\"position\":4,\"name\":\"Misdemeanors\"}]},{\"@type\":\"WebSite\",\"@id\":\"https:\\\/\\\/www.gilroynapolishort.com\\\/#website\",\"url\":\"https:\\\/\\\/www.gilroynapolishort.com\\\/\",\"name\":\"Gilroy Napoli Short Law Group\",\"description\":\"\",\"potentialAction\":[{\"@type\":\"SearchAction\",\"target\":{\"@type\":\"EntryPoint\",\"urlTemplate\":\"https:\\\/\\\/www.gilroynapolishort.com\\\/?s={search_term_string}\"},\"query-input\":{\"@type\":\"PropertyValueSpecification\",\"valueRequired\":true,\"valueName\":\"search_term_string\"}}],\"inLanguage\":\"es\"}]}<\/script>\n<!-- \/ Yoast SEO plugin. -->","yoast_head_json":{"title":"Misdemeanors - GNS Law Group","robots":{"index":"index","follow":"follow","max-snippet":"max-snippet:-1","max-image-preview":"max-image-preview:large","max-video-preview":"max-video-preview:-1"},"canonical":"https:\/\/www.gilroynapolishort.com\/es\/practice-areas\/criminal-defense\/misdemeanors\/","og_locale":"es_MX","og_type":"article","og_title":"Misdemeanors - GNS Law Group","og_description":"Misdemeanors If you are concerned about a misdemeanor charge filed against you or your juvenile son or daughter, our skilled Portland criminal defense attorneys can help. We are\u00a0Gilroy Napoli Short...","og_url":"https:\/\/www.gilroynapolishort.com\/es\/practice-areas\/criminal-defense\/misdemeanors\/","og_site_name":"GNS Law Group","article_modified_time":"2024-03-08T15:38:41+00:00","twitter_card":"summary_large_image","twitter_misc":{"Est. reading time":"2 minutos"},"schema":{"@context":"https:\/\/schema.org","@graph":[{"@type":"WebPage","@id":"https:\/\/www.gilroynapolishort.com\/practice-areas\/criminal-defense\/misdemeanors\/","url":"https:\/\/www.gilroynapolishort.com\/practice-areas\/criminal-defense\/misdemeanors\/","name":"Misdemeanors - GNS Law Group","isPartOf":{"@id":"https:\/\/www.gilroynapolishort.com\/#website"},"datePublished":"2019-02-19T08:23:33+00:00","dateModified":"2024-03-08T15:38:41+00:00","breadcrumb":{"@id":"https:\/\/www.gilroynapolishort.com\/practice-areas\/criminal-defense\/misdemeanors\/#breadcrumb"},"inLanguage":"es","potentialAction":[{"@type":"ReadAction","target":["https:\/\/www.gilroynapolishort.com\/practice-areas\/criminal-defense\/misdemeanors\/"]}]},{"@type":"BreadcrumbList","@id":"https:\/\/www.gilroynapolishort.com\/practice-areas\/criminal-defense\/misdemeanors\/#breadcrumb","itemListElement":[{"@type":"ListItem","position":1,"name":"Home","item":"https:\/\/www.gilroynapolishort.com\/"},{"@type":"ListItem","position":2,"name":"Practice Areas","item":"https:\/\/www.gilroynapolishort.com\/practice-areas\/"},{"@type":"ListItem","position":3,"name":"Criminal Defense","item":"https:\/\/www.gilroynapolishort.com\/practice-areas\/criminal-defense\/"},{"@type":"ListItem","position":4,"name":"Misdemeanors"}]},{"@type":"WebSite","@id":"https:\/\/www.gilroynapolishort.com\/#website","url":"https:\/\/www.gilroynapolishort.com\/","name":"Grupo de abogados Gilroy Napoli Short","description":"","potentialAction":[{"@type":"SearchAction","target":{"@type":"EntryPoint","urlTemplate":"https:\/\/www.gilroynapolishort.com\/?s={search_term_string}"},"query-input":{"@type":"PropertyValueSpecification","valueRequired":true,"valueName":"search_term_string"}}],"inLanguage":"es"}]}},"_links":{"self":[{"href":"https:\/\/www.gilroynapolishort.com\/es\/wp-json\/wp\/v2\/pages\/242","targetHints":{"allow":["GET"]}}],"collection":[{"href":"https:\/\/www.gilroynapolishort.com\/es\/wp-json\/wp\/v2\/pages"}],"about":[{"href":"https:\/\/www.gilroynapolishort.com\/es\/wp-json\/wp\/v2\/types\/page"}],"author":[{"embeddable":true,"href":"https:\/\/www.gilroynapolishort.com\/es\/wp-json\/wp\/v2\/users\/2"}],"replies":[{"embeddable":true,"href":"https:\/\/www.gilroynapolishort.com\/es\/wp-json\/wp\/v2\/comments?post=242"}],"version-history":[{"count":0,"href":"https:\/\/www.gilroynapolishort.com\/es\/wp-json\/wp\/v2\/pages\/242\/revisions"}],"up":[{"embeddable":true,"href":"https:\/\/www.gilroynapolishort.com\/es\/wp-json\/wp\/v2\/pages\/221"}],"wp:attachment":[{"href":"https:\/\/www.gilroynapolishort.com\/es\/wp-json\/wp\/v2\/media?parent=242"}],"curies":[{"name":"wp","href":"https:\/\/api.w.org\/{rel}","templated":true}]}}