{"id":2432,"date":"2020-08-26T21:46:52","date_gmt":"2020-08-26T21:46:52","guid":{"rendered":"https:\/\/www.gilroynapolishort.com\/?page_id=2432"},"modified":"2024-03-07T17:16:22","modified_gmt":"2024-03-07T17:16:22","slug":"hillsboro","status":"publish","type":"page","link":"https:\/\/www.gilroynapolishort.com\/es\/hillsboro\/","title":{"rendered":"Hillsboro"},"content":{"rendered":"<h1>Gilroy Napoli Short \u2013 Hillsboro<\/h1>\n<p>Nuestros abogados locales de Hillsboro est\u00e1n a su disposici\u00f3n y totalmente preparados para proteger con firmeza sus derechos y salvaguardar sus intereses. Hemos ayudado a numerosas personas y familias en el condado de Washington a obtener resoluciones eficientes y eficaces para el cumplimiento de sus objetivos legales.<\/p>\n<p>Cont\u00e1ctanos hoy desde cualquier lugar del estado: <strong>503-747-7198.<\/strong> Responderemos con prontitud a su correo electr\u00f3nico o mensaje urgente y a su solicitud de cita por la tarde o el fin de semana. Estamos disponibles las 24 horas, los 7 d\u00edas de la semana.<\/p>\n<div class=\"highlight-box-2\">\n<div class=\"row\">\n<div class=\"four columns\">\n<h3>Ubicaci\u00f3n de la oficina de Hillsboro<\/h3>\n<address>110 SE Washington St.<br \/>\nHillsboro, Oreg\u00f3n<br \/>\n97123 TEL\u00c9FONO: 503-747-7198<\/p>\n<\/address>\n<\/div>\n<div class=\"eight columns\"><iframe loading=\"lazy\" style=\"border: 0;\" tabindex=\"0\" src=\"https:\/\/www.google.com\/maps\/embed?pb=!1m18!1m12!1m3!1d2795.4443266126304!2d-122.99183178444073!3d45.52126347910168!2m3!1f0!2f0!3f0!3m2!1i1024!2i768!4f13.1!3m3!1m2!1s0x54951aa339fbd3cd%3A0x8b0ac6b9cf8f2e71!2s110%20SE%20Washington%20St%2C%20Hillsboro%2C%20OR%2097123!5e0!3m2!1sen!2sus!4v1598478153145!5m2!1sen!2sus\" width=\"580\" height=\"300\" frameborder=\"0\" allowfullscreen=\"allowfullscreen\" aria-hidden=\"false\"><\/iframe><\/div>\n<\/div>\n<\/div>\n<p>Nuestro bufete se dedica a superar las expectativas de nuestros clientes. Los asuntos legales serios requieren una representaci\u00f3n legal seria. Hemos ayudado a numerosas personas y familias en el \u00e1rea de Hillsboro, Beaverton, Aloha y el condado de Washington a obtener resoluciones eficientes y eficaces para el cumplimiento de sus objetivos legales.<\/p>\n<h2>No lo hagas solo \u00b7 Estaremos ah\u00ed a tu lado<\/h2>\n<p>Nuestro <a href=\"https:\/\/www.gilroynapolishort.com\/es\/criminal-defense\/\">defensa penal<\/a> El equipo legal ha defendido con \u00e9xito a clientes que enfrentan una amplia gama de cargos criminales, desde robos menores y cargos por drogas. <a href=\"https:\/\/www.gilroynapolishort.com\/es\/dui-lawyer-hillsboro\/\">Conducir bajo los efectos del alcohol en Hillsboro<\/a> A cargos por conducir ebrio. Contamos con amplia experiencia en casos de delitos menores y graves, y siempre defendemos con firmeza los derechos e intereses de nuestros clientes.<\/p>\n<p>Atendemos a nuestros clientes de lesiones personales con una investigaci\u00f3n exhaustiva, una negociaci\u00f3n h\u00e1bil con las aseguradoras y un litigio agresivo, si es necesario, para que puedan concentrarse en su recuperaci\u00f3n y retomar la normalidad. Nuestros abogados de accidentes automovil\u00edsticos se preparar\u00e1n a fondo para abordar los problemas de su reclamo por lesiones. Buscaremos con ah\u00ednco la m\u00e1xima compensaci\u00f3n financiera que usted merece para cubrir la p\u00e9rdida de ingresos, los gastos m\u00e9dicos, la reparaci\u00f3n o el reemplazo de un auto o cami\u00f3n, y el dolor y el sufrimiento. Adem\u00e1s, ofrecemos representaci\u00f3n orientada a resultados en litigios complejos.<\/p>\n<div class=\"highlight-box\">\n<h2>Nuestro trabajo en la restauraci\u00f3n del derecho a poseer armas<\/h2>\n<p>Nuestro bufete se centra especialmente en representar a particulares y a comerciantes de armas de fuego en casos de derechos de armas. Si sus derechos est\u00e1n en peligro o ya los ha perdido, perm\u00edtanos trabajar para restaurar sus derechos constitucionales.<\/p>\n<\/div>\n<p>Puede poner los beneficios de nuestros muchos a\u00f1os de servicio, amplio conocimiento legal y gran compromiso con el cliente a trabajar para usted, su empresa y su familia, a partir de hoy.<\/p>\n<h2>Contacte a Gilroy Napoli Short Law Group<\/h2>\n<p>Cont\u00e1ctanos hoy, desde cualquier lugar del estado: <strong>503-747-7198.<\/strong><br \/>\nResponderemos con prontitud a su correo electr\u00f3nico o mensaje urgente y a su solicitud de cita por la tarde o el fin de semana. Estamos disponibles las 24 horas, los 7 d\u00edas de la semana.<\/p>\n<p><strong>Se habla espa\u00f1ol.<\/strong><\/p>","protected":false},"excerpt":{"rendered":"<p>Gilroy Napoli Short &#8211; Hillsboro Our local Hillsboro attorneys are here for you and are fully prepared to aggressively protect your rights and safeguard your interests. We have helped a&#8230;<\/p>","protected":false},"author":3,"featured_media":3727,"parent":0,"menu_order":0,"comment_status":"closed","ping_status":"closed","template":"page-template.php","meta":{"_acf_changed":false,"footnotes":""},"class_list":["post-2432","page","type-page","status-publish","has-post-thumbnail","hentry"],"acf":[],"yoast_head":"<!-- This site is optimized with the Yoast SEO plugin v27.3 - https:\/\/yoast.com\/product\/yoast-seo-wordpress\/ -->\n<title>Hillsboro Criminal Defense Attorneys | DUI Lawyer in Hillsboro Oregon<\/title>\n<meta name=\"description\" content=\"Our Hillsboro attorneys can meet with you in person or video consultations are available using FaceTime, Skype, Google or Zoom Video. Call or email us today.\" \/>\n<meta name=\"robots\" content=\"index, follow, max-snippet:-1, max-image-preview:large, max-video-preview:-1\" \/>\n<link rel=\"canonical\" href=\"https:\/\/www.gilroynapolishort.com\/es\/hillsboro\/\" \/>\n<meta property=\"og:locale\" content=\"es_MX\" \/>\n<meta property=\"og:type\" content=\"article\" \/>\n<meta property=\"og:title\" content=\"Hillsboro Criminal Defense Attorneys | DUI Lawyer in Hillsboro Oregon\" \/>\n<meta property=\"og:description\" content=\"Our Hillsboro attorneys can meet with you in person or video consultations are available using FaceTime, Skype, Google or Zoom Video. Call or email us today.\" \/>\n<meta property=\"og:url\" content=\"https:\/\/www.gilroynapolishort.com\/es\/hillsboro\/\" \/>\n<meta property=\"og:site_name\" content=\"GNS Law Group\" \/>\n<meta property=\"article:modified_time\" content=\"2024-03-07T17:16:22+00:00\" \/>\n<meta property=\"og:image\" content=\"https:\/\/www.gilroynapolishort.com\/wp-content\/uploads\/2024\/03\/shutterstock_1230062692.jpg\" \/>\n\t<meta property=\"og:image:width\" content=\"1600\" \/>\n\t<meta property=\"og:image:height\" content=\"900\" \/>\n\t<meta property=\"og:image:type\" content=\"image\/jpeg\" \/>\n<meta name=\"twitter:card\" content=\"summary_large_image\" \/>\n<meta name=\"twitter:label1\" content=\"Est. reading time\" \/>\n\t<meta name=\"twitter:data1\" content=\"2 minutos\" \/>\n<script type=\"application\/ld+json\" class=\"yoast-schema-graph\">{\"@context\":\"https:\\\/\\\/schema.org\",\"@graph\":[{\"@type\":\"WebPage\",\"@id\":\"https:\\\/\\\/www.gilroynapolishort.com\\\/hillsboro\\\/\",\"url\":\"https:\\\/\\\/www.gilroynapolishort.com\\\/hillsboro\\\/\",\"name\":\"Hillsboro Criminal Defense Attorneys | DUI Lawyer in Hillsboro Oregon\",\"isPartOf\":{\"@id\":\"https:\\\/\\\/www.gilroynapolishort.com\\\/#website\"},\"primaryImageOfPage\":{\"@id\":\"https:\\\/\\\/www.gilroynapolishort.com\\\/hillsboro\\\/#primaryimage\"},\"image\":{\"@id\":\"https:\\\/\\\/www.gilroynapolishort.com\\\/hillsboro\\\/#primaryimage\"},\"thumbnailUrl\":\"https:\\\/\\\/www.gilroynapolishort.com\\\/wp-content\\\/uploads\\\/2024\\\/03\\\/shutterstock_1230062692.jpg\",\"datePublished\":\"2020-08-26T21:46:52+00:00\",\"dateModified\":\"2024-03-07T17:16:22+00:00\",\"description\":\"Our Hillsboro attorneys can meet with you in person or video consultations are available using FaceTime, Skype, Google or Zoom Video. Call or email us today.\",\"breadcrumb\":{\"@id\":\"https:\\\/\\\/www.gilroynapolishort.com\\\/hillsboro\\\/#breadcrumb\"},\"inLanguage\":\"es\",\"potentialAction\":[{\"@type\":\"ReadAction\",\"target\":[\"https:\\\/\\\/www.gilroynapolishort.com\\\/hillsboro\\\/\"]}]},{\"@type\":\"ImageObject\",\"inLanguage\":\"es\",\"@id\":\"https:\\\/\\\/www.gilroynapolishort.com\\\/hillsboro\\\/#primaryimage\",\"url\":\"https:\\\/\\\/www.gilroynapolishort.com\\\/wp-content\\\/uploads\\\/2024\\\/03\\\/shutterstock_1230062692.jpg\",\"contentUrl\":\"https:\\\/\\\/www.gilroynapolishort.com\\\/wp-content\\\/uploads\\\/2024\\\/03\\\/shutterstock_1230062692.jpg\",\"width\":1600,\"height\":900,\"caption\":\"Aerial view of a street intersection in Hillsboro, Oregon. Red fall trees along streets highlighted with setting sun.\"},{\"@type\":\"BreadcrumbList\",\"@id\":\"https:\\\/\\\/www.gilroynapolishort.com\\\/hillsboro\\\/#breadcrumb\",\"itemListElement\":[{\"@type\":\"ListItem\",\"position\":1,\"name\":\"Home\",\"item\":\"https:\\\/\\\/www.gilroynapolishort.com\\\/\"},{\"@type\":\"ListItem\",\"position\":2,\"name\":\"Hillsboro\"}]},{\"@type\":\"WebSite\",\"@id\":\"https:\\\/\\\/www.gilroynapolishort.com\\\/#website\",\"url\":\"https:\\\/\\\/www.gilroynapolishort.com\\\/\",\"name\":\"Gilroy Napoli Short Law Group\",\"description\":\"\",\"potentialAction\":[{\"@type\":\"SearchAction\",\"target\":{\"@type\":\"EntryPoint\",\"urlTemplate\":\"https:\\\/\\\/www.gilroynapolishort.com\\\/?s={search_term_string}\"},\"query-input\":{\"@type\":\"PropertyValueSpecification\",\"valueRequired\":true,\"valueName\":\"search_term_string\"}}],\"inLanguage\":\"es\"}]}<\/script>\n<!-- \/ Yoast SEO plugin. -->","yoast_head_json":{"title":"Hillsboro Criminal Defense Attorneys | DUI Lawyer in Hillsboro Oregon","description":"Our Hillsboro attorneys can meet with you in person or video consultations are available using FaceTime, Skype, Google or Zoom Video. Call or email us today.","robots":{"index":"index","follow":"follow","max-snippet":"max-snippet:-1","max-image-preview":"max-image-preview:large","max-video-preview":"max-video-preview:-1"},"canonical":"https:\/\/www.gilroynapolishort.com\/es\/hillsboro\/","og_locale":"es_MX","og_type":"article","og_title":"Hillsboro Criminal Defense Attorneys | DUI Lawyer in Hillsboro Oregon","og_description":"Our Hillsboro attorneys can meet with you in person or video consultations are available using FaceTime, Skype, Google or Zoom Video. Call or email us today.","og_url":"https:\/\/www.gilroynapolishort.com\/es\/hillsboro\/","og_site_name":"GNS Law Group","article_modified_time":"2024-03-07T17:16:22+00:00","og_image":[{"width":1600,"height":900,"url":"https:\/\/www.gilroynapolishort.com\/wp-content\/uploads\/2024\/03\/shutterstock_1230062692.jpg","type":"image\/jpeg"}],"twitter_card":"summary_large_image","twitter_misc":{"Est. reading time":"2 minutos"},"schema":{"@context":"https:\/\/schema.org","@graph":[{"@type":"WebPage","@id":"https:\/\/www.gilroynapolishort.com\/hillsboro\/","url":"https:\/\/www.gilroynapolishort.com\/hillsboro\/","name":"Hillsboro Criminal Defense Attorneys | DUI Lawyer in Hillsboro Oregon","isPartOf":{"@id":"https:\/\/www.gilroynapolishort.com\/#website"},"primaryImageOfPage":{"@id":"https:\/\/www.gilroynapolishort.com\/hillsboro\/#primaryimage"},"image":{"@id":"https:\/\/www.gilroynapolishort.com\/hillsboro\/#primaryimage"},"thumbnailUrl":"https:\/\/www.gilroynapolishort.com\/wp-content\/uploads\/2024\/03\/shutterstock_1230062692.jpg","datePublished":"2020-08-26T21:46:52+00:00","dateModified":"2024-03-07T17:16:22+00:00","description":"Our Hillsboro attorneys can meet with you in person or video consultations are available using FaceTime, Skype, Google or Zoom Video. Call or email us today.","breadcrumb":{"@id":"https:\/\/www.gilroynapolishort.com\/hillsboro\/#breadcrumb"},"inLanguage":"es","potentialAction":[{"@type":"ReadAction","target":["https:\/\/www.gilroynapolishort.com\/hillsboro\/"]}]},{"@type":"ImageObject","inLanguage":"es","@id":"https:\/\/www.gilroynapolishort.com\/hillsboro\/#primaryimage","url":"https:\/\/www.gilroynapolishort.com\/wp-content\/uploads\/2024\/03\/shutterstock_1230062692.jpg","contentUrl":"https:\/\/www.gilroynapolishort.com\/wp-content\/uploads\/2024\/03\/shutterstock_1230062692.jpg","width":1600,"height":900,"caption":"Aerial view of a street intersection in Hillsboro, Oregon. Red fall trees along streets highlighted with setting sun."},{"@type":"BreadcrumbList","@id":"https:\/\/www.gilroynapolishort.com\/hillsboro\/#breadcrumb","itemListElement":[{"@type":"ListItem","position":1,"name":"Home","item":"https:\/\/www.gilroynapolishort.com\/"},{"@type":"ListItem","position":2,"name":"Hillsboro"}]},{"@type":"WebSite","@id":"https:\/\/www.gilroynapolishort.com\/#website","url":"https:\/\/www.gilroynapolishort.com\/","name":"Grupo de abogados Gilroy Napoli Short","description":"","potentialAction":[{"@type":"SearchAction","target":{"@type":"EntryPoint","urlTemplate":"https:\/\/www.gilroynapolishort.com\/?s={search_term_string}"},"query-input":{"@type":"PropertyValueSpecification","valueRequired":true,"valueName":"search_term_string"}}],"inLanguage":"es"}]}},"_links":{"self":[{"href":"https:\/\/www.gilroynapolishort.com\/es\/wp-json\/wp\/v2\/pages\/2432","targetHints":{"allow":["GET"]}}],"collection":[{"href":"https:\/\/www.gilroynapolishort.com\/es\/wp-json\/wp\/v2\/pages"}],"about":[{"href":"https:\/\/www.gilroynapolishort.com\/es\/wp-json\/wp\/v2\/types\/page"}],"author":[{"embeddable":true,"href":"https:\/\/www.gilroynapolishort.com\/es\/wp-json\/wp\/v2\/users\/3"}],"replies":[{"embeddable":true,"href":"https:\/\/www.gilroynapolishort.com\/es\/wp-json\/wp\/v2\/comments?post=2432"}],"version-history":[{"count":0,"href":"https:\/\/www.gilroynapolishort.com\/es\/wp-json\/wp\/v2\/pages\/2432\/revisions"}],"wp:featuredmedia":[{"embeddable":true,"href":"https:\/\/www.gilroynapolishort.com\/es\/wp-json\/wp\/v2\/media\/3727"}],"wp:attachment":[{"href":"https:\/\/www.gilroynapolishort.com\/es\/wp-json\/wp\/v2\/media?parent=2432"}],"curies":[{"name":"wp","href":"https:\/\/api.w.org\/{rel}","templated":true}]}}