{"id":244,"date":"2019-02-19T08:23:43","date_gmt":"2019-02-19T08:23:43","guid":{"rendered":"https:\/\/www.gilroynapolishort.com\/?page_id=244"},"modified":"2024-02-28T23:27:13","modified_gmt":"2024-02-28T23:27:13","slug":"measure-11-crimes","status":"publish","type":"page","link":"https:\/\/www.gilroynapolishort.com\/es\/practice-areas\/criminal-defense\/measure-11-crimes\/","title":{"rendered":"Delitos de la Medida 11"},"content":{"rendered":"<h2>Cargos de la Medida 11<\/h2>\n<p>Ser acusado de un delito de la Medida 11 es grave. No todos los abogados est\u00e1n calificados para manejar casos de la Medida 11, pero\u00a0<a href=\"https:\/\/www.gilroynapolishort.com\/es\/attorney\/\">Nuestro equipo<\/a>\u00a0El equipo de profesionales legales de Gilroy Napoli Short Law Group ha manejado numerosos casos de la Medida 11.<\/p>\n<p>La Medida 11 fue aprobada mediante refer\u00e9ndum por los votantes de Oreg\u00f3n en 1994 y regula las penas de prisi\u00f3n obligatorias para ciertos delitos violentos. La ley establece una pena m\u00ednima obligatoria de 70 a 300 meses de prisi\u00f3n para 25 delitos violentos, entre ellos:<\/p>\n<ul>\n<li>Incendio provocado<\/li>\n<li><a href=\"https:\/\/www.gilroynapolishort.com\/es\/practice-areas\/violent-crimes\/\">Agresi\u00f3n<\/a><\/li>\n<li>Robo<\/li>\n<li>Violaci\u00f3n<\/li>\n<li>pornograf\u00eda infantil<\/li>\n<li><a href=\"https:\/\/www.gilroynapolishort.com\/es\/criminal-defense\/assault-violent-crimes\/murder-manslaughter\/\">Asesinato<\/a><\/li>\n<li>Secuestro<\/li>\n<li><a href=\"https:\/\/www.gilroynapolishort.com\/es\/criminal-defense\/sex-crimes\/\">Abuso sexual\/agresi\u00f3n sexual<\/a><\/li>\n<li>Intento de homicidio<\/li>\n<\/ul>\n<p>Por lo general, un juez no puede modificar ni modificar una sentencia conforme a la Medida 11, y los infractores condenados no pueden optar a la libertad condicional anticipada ni a una reducci\u00f3n de la pena por buena conducta. Es fundamental que busque la asesor\u00eda y representaci\u00f3n de un abogado con amplia experiencia en casos conforme a la Medida 11 para lograr una reducci\u00f3n de la pena de prisi\u00f3n obligatoria.<\/p>\n<p>Ll\u00e1menos hoy al 503-747-7198 para programar una consulta inicial gratuita.<\/p>\n<h2>Abogados de derecho penal de Portland<\/h2>\n<p>Nuestro equipo de profesionales legales est\u00e1 formado por abogados defensores penales con amplia experiencia y profundo conocimiento del derecho penal y de c\u00f3mo la fiscal\u00eda prepara sus casos. Gilroy Napoli Short Law Group cuenta con experiencia representando a numerosas personas que enfrentan cargos bajo la Medida 11, mitigando las consecuencias y obteniendo los mejores resultados posibles para nuestros clientes.<\/p>\n<p>Con un abogado con experiencia, es posible eliminar el estatus de Medida 11 del delito y, en cambio, obtener un cargo menor.<\/p>\n<h2>Cont\u00e1ctenos para una consulta gratuita<\/h2>\n<p><a href=\"https:\/\/www.gilroynapolishort.com\/es\/contact\/\">Cont\u00e1ctanos<\/a>\u00a0Ll\u00e1menos hoy mismo para programar una consulta inicial gratuita y descubrir sus opciones legales. Puede llamar a Gilroy Napoli Short Law Group al 503-747-7198. Representamos a personas en Portland, Salem, Beaverton, Hillsboro y otras partes de Oreg\u00f3n.<\/p>\n<p><strong>Se habla espa\u00f1ol.<\/strong><\/p>\n<p>Llame hoy para una consulta gratuita: <a href=\"tel:5037477198\">503-747-7198<\/a><\/p>","protected":false},"excerpt":{"rendered":"<p>Measure 11 Charges Being charged with a Measure 11 offense is serious. Not every attorney is qualified to handle Measure 11 cases, but\u00a0our team\u00a0of legal professionals at Gilroy Napoli Short&#8230;<\/p>","protected":false},"author":2,"featured_media":0,"parent":221,"menu_order":0,"comment_status":"closed","ping_status":"closed","template":"single-criminal-page.php","meta":{"_acf_changed":false,"footnotes":""},"class_list":["post-244","page","type-page","status-publish","hentry"],"acf":[],"yoast_head":"<!-- This site is optimized with the Yoast SEO plugin v27.3 - https:\/\/yoast.com\/product\/yoast-seo-wordpress\/ -->\n<title>Measure 11 Crimes - GNS Law Group<\/title>\n<meta name=\"robots\" content=\"index, follow, max-snippet:-1, max-image-preview:large, max-video-preview:-1\" \/>\n<link rel=\"canonical\" href=\"https:\/\/www.gilroynapolishort.com\/es\/practice-areas\/criminal-defense\/measure-11-crimes\/\" \/>\n<meta property=\"og:locale\" content=\"es_MX\" \/>\n<meta property=\"og:type\" content=\"article\" \/>\n<meta property=\"og:title\" content=\"Measure 11 Crimes - GNS Law Group\" \/>\n<meta property=\"og:description\" content=\"Measure 11 Charges Being charged with a Measure 11 offense is serious. Not every attorney is qualified to handle Measure 11 cases, but\u00a0our team\u00a0of legal professionals at Gilroy Napoli Short...\" \/>\n<meta property=\"og:url\" content=\"https:\/\/www.gilroynapolishort.com\/es\/practice-areas\/criminal-defense\/measure-11-crimes\/\" \/>\n<meta property=\"og:site_name\" content=\"GNS Law Group\" \/>\n<meta property=\"article:modified_time\" content=\"2024-02-28T23:27:13+00:00\" \/>\n<meta name=\"twitter:card\" content=\"summary_large_image\" \/>\n<meta name=\"twitter:label1\" content=\"Est. reading time\" \/>\n\t<meta name=\"twitter:data1\" content=\"1 minuto\" \/>\n<script type=\"application\/ld+json\" class=\"yoast-schema-graph\">{\"@context\":\"https:\\\/\\\/schema.org\",\"@graph\":[{\"@type\":\"WebPage\",\"@id\":\"https:\\\/\\\/www.gilroynapolishort.com\\\/practice-areas\\\/criminal-defense\\\/measure-11-crimes\\\/\",\"url\":\"https:\\\/\\\/www.gilroynapolishort.com\\\/practice-areas\\\/criminal-defense\\\/measure-11-crimes\\\/\",\"name\":\"Measure 11 Crimes - GNS Law Group\",\"isPartOf\":{\"@id\":\"https:\\\/\\\/www.gilroynapolishort.com\\\/#website\"},\"datePublished\":\"2019-02-19T08:23:43+00:00\",\"dateModified\":\"2024-02-28T23:27:13+00:00\",\"breadcrumb\":{\"@id\":\"https:\\\/\\\/www.gilroynapolishort.com\\\/practice-areas\\\/criminal-defense\\\/measure-11-crimes\\\/#breadcrumb\"},\"inLanguage\":\"es\",\"potentialAction\":[{\"@type\":\"ReadAction\",\"target\":[\"https:\\\/\\\/www.gilroynapolishort.com\\\/practice-areas\\\/criminal-defense\\\/measure-11-crimes\\\/\"]}]},{\"@type\":\"BreadcrumbList\",\"@id\":\"https:\\\/\\\/www.gilroynapolishort.com\\\/practice-areas\\\/criminal-defense\\\/measure-11-crimes\\\/#breadcrumb\",\"itemListElement\":[{\"@type\":\"ListItem\",\"position\":1,\"name\":\"Home\",\"item\":\"https:\\\/\\\/www.gilroynapolishort.com\\\/\"},{\"@type\":\"ListItem\",\"position\":2,\"name\":\"Practice Areas\",\"item\":\"https:\\\/\\\/www.gilroynapolishort.com\\\/practice-areas\\\/\"},{\"@type\":\"ListItem\",\"position\":3,\"name\":\"Criminal Defense\",\"item\":\"https:\\\/\\\/www.gilroynapolishort.com\\\/practice-areas\\\/criminal-defense\\\/\"},{\"@type\":\"ListItem\",\"position\":4,\"name\":\"Measure 11 Crimes\"}]},{\"@type\":\"WebSite\",\"@id\":\"https:\\\/\\\/www.gilroynapolishort.com\\\/#website\",\"url\":\"https:\\\/\\\/www.gilroynapolishort.com\\\/\",\"name\":\"Gilroy Napoli Short Law Group\",\"description\":\"\",\"potentialAction\":[{\"@type\":\"SearchAction\",\"target\":{\"@type\":\"EntryPoint\",\"urlTemplate\":\"https:\\\/\\\/www.gilroynapolishort.com\\\/?s={search_term_string}\"},\"query-input\":{\"@type\":\"PropertyValueSpecification\",\"valueRequired\":true,\"valueName\":\"search_term_string\"}}],\"inLanguage\":\"es\"}]}<\/script>\n<!-- \/ Yoast SEO plugin. -->","yoast_head_json":{"title":"Measure 11 Crimes - GNS Law Group","robots":{"index":"index","follow":"follow","max-snippet":"max-snippet:-1","max-image-preview":"max-image-preview:large","max-video-preview":"max-video-preview:-1"},"canonical":"https:\/\/www.gilroynapolishort.com\/es\/practice-areas\/criminal-defense\/measure-11-crimes\/","og_locale":"es_MX","og_type":"article","og_title":"Measure 11 Crimes - GNS Law Group","og_description":"Measure 11 Charges Being charged with a Measure 11 offense is serious. Not every attorney is qualified to handle Measure 11 cases, but\u00a0our team\u00a0of legal professionals at Gilroy Napoli Short...","og_url":"https:\/\/www.gilroynapolishort.com\/es\/practice-areas\/criminal-defense\/measure-11-crimes\/","og_site_name":"GNS Law Group","article_modified_time":"2024-02-28T23:27:13+00:00","twitter_card":"summary_large_image","twitter_misc":{"Est. reading time":"1 minuto"},"schema":{"@context":"https:\/\/schema.org","@graph":[{"@type":"WebPage","@id":"https:\/\/www.gilroynapolishort.com\/practice-areas\/criminal-defense\/measure-11-crimes\/","url":"https:\/\/www.gilroynapolishort.com\/practice-areas\/criminal-defense\/measure-11-crimes\/","name":"Measure 11 Crimes - GNS Law Group","isPartOf":{"@id":"https:\/\/www.gilroynapolishort.com\/#website"},"datePublished":"2019-02-19T08:23:43+00:00","dateModified":"2024-02-28T23:27:13+00:00","breadcrumb":{"@id":"https:\/\/www.gilroynapolishort.com\/practice-areas\/criminal-defense\/measure-11-crimes\/#breadcrumb"},"inLanguage":"es","potentialAction":[{"@type":"ReadAction","target":["https:\/\/www.gilroynapolishort.com\/practice-areas\/criminal-defense\/measure-11-crimes\/"]}]},{"@type":"BreadcrumbList","@id":"https:\/\/www.gilroynapolishort.com\/practice-areas\/criminal-defense\/measure-11-crimes\/#breadcrumb","itemListElement":[{"@type":"ListItem","position":1,"name":"Home","item":"https:\/\/www.gilroynapolishort.com\/"},{"@type":"ListItem","position":2,"name":"Practice Areas","item":"https:\/\/www.gilroynapolishort.com\/practice-areas\/"},{"@type":"ListItem","position":3,"name":"Criminal Defense","item":"https:\/\/www.gilroynapolishort.com\/practice-areas\/criminal-defense\/"},{"@type":"ListItem","position":4,"name":"Measure 11 Crimes"}]},{"@type":"WebSite","@id":"https:\/\/www.gilroynapolishort.com\/#website","url":"https:\/\/www.gilroynapolishort.com\/","name":"Grupo de abogados Gilroy Napoli Short","description":"","potentialAction":[{"@type":"SearchAction","target":{"@type":"EntryPoint","urlTemplate":"https:\/\/www.gilroynapolishort.com\/?s={search_term_string}"},"query-input":{"@type":"PropertyValueSpecification","valueRequired":true,"valueName":"search_term_string"}}],"inLanguage":"es"}]}},"_links":{"self":[{"href":"https:\/\/www.gilroynapolishort.com\/es\/wp-json\/wp\/v2\/pages\/244","targetHints":{"allow":["GET"]}}],"collection":[{"href":"https:\/\/www.gilroynapolishort.com\/es\/wp-json\/wp\/v2\/pages"}],"about":[{"href":"https:\/\/www.gilroynapolishort.com\/es\/wp-json\/wp\/v2\/types\/page"}],"author":[{"embeddable":true,"href":"https:\/\/www.gilroynapolishort.com\/es\/wp-json\/wp\/v2\/users\/2"}],"replies":[{"embeddable":true,"href":"https:\/\/www.gilroynapolishort.com\/es\/wp-json\/wp\/v2\/comments?post=244"}],"version-history":[{"count":0,"href":"https:\/\/www.gilroynapolishort.com\/es\/wp-json\/wp\/v2\/pages\/244\/revisions"}],"up":[{"embeddable":true,"href":"https:\/\/www.gilroynapolishort.com\/es\/wp-json\/wp\/v2\/pages\/221"}],"wp:attachment":[{"href":"https:\/\/www.gilroynapolishort.com\/es\/wp-json\/wp\/v2\/media?parent=244"}],"curies":[{"name":"wp","href":"https:\/\/api.w.org\/{rel}","templated":true}]}}