{"id":249,"date":"2019-02-19T08:24:44","date_gmt":"2019-02-19T08:24:44","guid":{"rendered":"https:\/\/www.gilroynapolishort.com\/?page_id=249"},"modified":"2024-02-28T23:11:10","modified_gmt":"2024-02-28T23:11:10","slug":"probation-violations-warrants","status":"publish","type":"page","link":"https:\/\/www.gilroynapolishort.com\/es\/practice-areas\/criminal-defense\/probation-violations-warrants\/","title":{"rendered":"Violaciones de libertad condicional y \u00f3rdenes de arresto"},"content":{"rendered":"<h1>Defensa eficaz contra cargos por violaci\u00f3n de la libertad condicional<\/h1>\n<p>Las personas reciben libertad condicional tras declararse culpables o ser declaradas culpables por un juez o jurado. La duraci\u00f3n de la libertad condicional puede ser de uno a cinco a\u00f1os, aunque en ciertas situaciones puede ser mayor. La libertad condicional permite a la persona permanecer como miembro de su comunidad siempre que cumpla con un conjunto espec\u00edfico de normas, una de las m\u00e1s importantes de las cuales es no cometer nuevos delitos durante el per\u00edodo de libertad condicional.<\/p>\n<p>Gilroy Napoli Short Law Group en Portland ofrece a los clientes que puedan haber violado los t\u00e9rminos de la libertad condicional los servicios necesarios para defender sus derechos y mitigar cualquier posible ramificaci\u00f3n.<\/p>\n<p>Las condiciones de la libertad condicional en Oreg\u00f3n son estrictas y, si se viola alguna regla, la persona en libertad condicional corre el riesgo de volver a la c\u00e1rcel.<\/p>\n<p>Las formas m\u00e1s comunes en que se violan los t\u00e9rminos de la libertad condicional incluyen:<\/p>\n<ul>\n<li>No comparecer ante el tribunal<\/li>\n<li>No presentarse ante un oficial de libertad condicional asignado<\/li>\n<li>Cometer otro delito<\/li>\n<li>Posesi\u00f3n de una sustancia ilegal<\/li>\n<li>Conducir un veh\u00edculo motorizado sin una licencia de conducir o seguro v\u00e1lidos<\/li>\n<li>No cumplir con un programa de rehabilitaci\u00f3n o servicio comunitario asignado<\/li>\n<\/ul>\n<h2>Abogados de violaci\u00f3n de libertad condicional por conducir bajo los efectos del alcohol en Oreg\u00f3n<\/h2>\n<p>Si ha violado un per\u00edodo de prueba, es fundamental buscar representaci\u00f3n legal y un abogado con experiencia que pueda comunicarse con el tribunal en su nombre, eliminar cualquier posible orden judicial y restablecer su libertad condicional.<\/p>\n<p>El Grupo Legal Gilroy Napoli Short ha representado a numerosas personas que han recibido \u00f3rdenes de arresto por violar su libertad condicional. Somos minuciosos y precisos en la b\u00fasqueda de los mejores intereses de nuestros clientes.<\/p>\n<h2>Contacte a un abogado<\/h2>\n<p><a href=\"https:\/\/www.gilroynapolishort.com\/es\/contact\/\">Cont\u00e1ctanos\u00a0<\/a>Ll\u00e1menos hoy mismo para programar una consulta inicial gratuita y descubrir sus opciones legales. Puede llamar a Gilroy Napoli Short Law Group al 503-747-7198. Representamos a personas en Portland, Salem, Beaverton, Hillsboro y otras partes de Oreg\u00f3n.<\/p>\n<p><strong>Se habla espa\u00f1ol.<\/strong><\/p>\n<p>Llame hoy para una consulta gratuita: <a href=\"tel:5037477198\">503-747-7198<\/a><\/p>","protected":false},"excerpt":{"rendered":"<p>Effective Defense Against Probation Violation Charges Individuals are given probation after they have pleaded guilty or have been found guilty by a judge or jury. The length of probation can&#8230;<\/p>","protected":false},"author":2,"featured_media":0,"parent":221,"menu_order":0,"comment_status":"closed","ping_status":"closed","template":"single-criminal-page.php","meta":{"_acf_changed":false,"footnotes":""},"class_list":["post-249","page","type-page","status-publish","hentry"],"acf":[],"yoast_head":"<!-- This site is optimized with the Yoast SEO plugin v27.3 - https:\/\/yoast.com\/product\/yoast-seo-wordpress\/ -->\n<title>Probation Violations &amp; Warrants - GNS Law Group<\/title>\n<meta name=\"robots\" content=\"index, follow, max-snippet:-1, max-image-preview:large, max-video-preview:-1\" \/>\n<link rel=\"canonical\" href=\"https:\/\/www.gilroynapolishort.com\/es\/practice-areas\/criminal-defense\/probation-violations-warrants\/\" \/>\n<meta property=\"og:locale\" content=\"es_MX\" \/>\n<meta property=\"og:type\" content=\"article\" \/>\n<meta property=\"og:title\" content=\"Probation Violations &amp; Warrants - GNS Law Group\" \/>\n<meta property=\"og:description\" content=\"Effective Defense Against Probation Violation Charges Individuals are given probation after they have pleaded guilty or have been found guilty by a judge or jury. The length of probation can...\" \/>\n<meta property=\"og:url\" content=\"https:\/\/www.gilroynapolishort.com\/es\/practice-areas\/criminal-defense\/probation-violations-warrants\/\" \/>\n<meta property=\"og:site_name\" content=\"GNS Law Group\" \/>\n<meta property=\"article:modified_time\" content=\"2024-02-28T23:11:10+00:00\" \/>\n<meta name=\"twitter:card\" content=\"summary_large_image\" \/>\n<meta name=\"twitter:label1\" content=\"Est. reading time\" \/>\n\t<meta name=\"twitter:data1\" content=\"2 minutos\" \/>\n<script type=\"application\/ld+json\" class=\"yoast-schema-graph\">{\"@context\":\"https:\\\/\\\/schema.org\",\"@graph\":[{\"@type\":\"WebPage\",\"@id\":\"https:\\\/\\\/www.gilroynapolishort.com\\\/practice-areas\\\/criminal-defense\\\/probation-violations-warrants\\\/\",\"url\":\"https:\\\/\\\/www.gilroynapolishort.com\\\/practice-areas\\\/criminal-defense\\\/probation-violations-warrants\\\/\",\"name\":\"Probation Violations & Warrants - GNS Law Group\",\"isPartOf\":{\"@id\":\"https:\\\/\\\/www.gilroynapolishort.com\\\/#website\"},\"datePublished\":\"2019-02-19T08:24:44+00:00\",\"dateModified\":\"2024-02-28T23:11:10+00:00\",\"breadcrumb\":{\"@id\":\"https:\\\/\\\/www.gilroynapolishort.com\\\/practice-areas\\\/criminal-defense\\\/probation-violations-warrants\\\/#breadcrumb\"},\"inLanguage\":\"es\",\"potentialAction\":[{\"@type\":\"ReadAction\",\"target\":[\"https:\\\/\\\/www.gilroynapolishort.com\\\/practice-areas\\\/criminal-defense\\\/probation-violations-warrants\\\/\"]}]},{\"@type\":\"BreadcrumbList\",\"@id\":\"https:\\\/\\\/www.gilroynapolishort.com\\\/practice-areas\\\/criminal-defense\\\/probation-violations-warrants\\\/#breadcrumb\",\"itemListElement\":[{\"@type\":\"ListItem\",\"position\":1,\"name\":\"Home\",\"item\":\"https:\\\/\\\/www.gilroynapolishort.com\\\/\"},{\"@type\":\"ListItem\",\"position\":2,\"name\":\"Practice Areas\",\"item\":\"https:\\\/\\\/www.gilroynapolishort.com\\\/practice-areas\\\/\"},{\"@type\":\"ListItem\",\"position\":3,\"name\":\"Criminal Defense\",\"item\":\"https:\\\/\\\/www.gilroynapolishort.com\\\/practice-areas\\\/criminal-defense\\\/\"},{\"@type\":\"ListItem\",\"position\":4,\"name\":\"Probation Violations &#038; Warrants\"}]},{\"@type\":\"WebSite\",\"@id\":\"https:\\\/\\\/www.gilroynapolishort.com\\\/#website\",\"url\":\"https:\\\/\\\/www.gilroynapolishort.com\\\/\",\"name\":\"Gilroy Napoli Short Law Group\",\"description\":\"\",\"potentialAction\":[{\"@type\":\"SearchAction\",\"target\":{\"@type\":\"EntryPoint\",\"urlTemplate\":\"https:\\\/\\\/www.gilroynapolishort.com\\\/?s={search_term_string}\"},\"query-input\":{\"@type\":\"PropertyValueSpecification\",\"valueRequired\":true,\"valueName\":\"search_term_string\"}}],\"inLanguage\":\"es\"}]}<\/script>\n<!-- \/ Yoast SEO plugin. -->","yoast_head_json":{"title":"Probation Violations & Warrants - GNS Law Group","robots":{"index":"index","follow":"follow","max-snippet":"max-snippet:-1","max-image-preview":"max-image-preview:large","max-video-preview":"max-video-preview:-1"},"canonical":"https:\/\/www.gilroynapolishort.com\/es\/practice-areas\/criminal-defense\/probation-violations-warrants\/","og_locale":"es_MX","og_type":"article","og_title":"Probation Violations & Warrants - GNS Law Group","og_description":"Effective Defense Against Probation Violation Charges Individuals are given probation after they have pleaded guilty or have been found guilty by a judge or jury. The length of probation can...","og_url":"https:\/\/www.gilroynapolishort.com\/es\/practice-areas\/criminal-defense\/probation-violations-warrants\/","og_site_name":"GNS Law Group","article_modified_time":"2024-02-28T23:11:10+00:00","twitter_card":"summary_large_image","twitter_misc":{"Est. reading time":"2 minutos"},"schema":{"@context":"https:\/\/schema.org","@graph":[{"@type":"WebPage","@id":"https:\/\/www.gilroynapolishort.com\/practice-areas\/criminal-defense\/probation-violations-warrants\/","url":"https:\/\/www.gilroynapolishort.com\/practice-areas\/criminal-defense\/probation-violations-warrants\/","name":"Probation Violations & Warrants - GNS Law Group","isPartOf":{"@id":"https:\/\/www.gilroynapolishort.com\/#website"},"datePublished":"2019-02-19T08:24:44+00:00","dateModified":"2024-02-28T23:11:10+00:00","breadcrumb":{"@id":"https:\/\/www.gilroynapolishort.com\/practice-areas\/criminal-defense\/probation-violations-warrants\/#breadcrumb"},"inLanguage":"es","potentialAction":[{"@type":"ReadAction","target":["https:\/\/www.gilroynapolishort.com\/practice-areas\/criminal-defense\/probation-violations-warrants\/"]}]},{"@type":"BreadcrumbList","@id":"https:\/\/www.gilroynapolishort.com\/practice-areas\/criminal-defense\/probation-violations-warrants\/#breadcrumb","itemListElement":[{"@type":"ListItem","position":1,"name":"Home","item":"https:\/\/www.gilroynapolishort.com\/"},{"@type":"ListItem","position":2,"name":"Practice Areas","item":"https:\/\/www.gilroynapolishort.com\/practice-areas\/"},{"@type":"ListItem","position":3,"name":"Criminal Defense","item":"https:\/\/www.gilroynapolishort.com\/practice-areas\/criminal-defense\/"},{"@type":"ListItem","position":4,"name":"Probation Violations &#038; Warrants"}]},{"@type":"WebSite","@id":"https:\/\/www.gilroynapolishort.com\/#website","url":"https:\/\/www.gilroynapolishort.com\/","name":"Grupo de abogados Gilroy Napoli Short","description":"","potentialAction":[{"@type":"SearchAction","target":{"@type":"EntryPoint","urlTemplate":"https:\/\/www.gilroynapolishort.com\/?s={search_term_string}"},"query-input":{"@type":"PropertyValueSpecification","valueRequired":true,"valueName":"search_term_string"}}],"inLanguage":"es"}]}},"_links":{"self":[{"href":"https:\/\/www.gilroynapolishort.com\/es\/wp-json\/wp\/v2\/pages\/249","targetHints":{"allow":["GET"]}}],"collection":[{"href":"https:\/\/www.gilroynapolishort.com\/es\/wp-json\/wp\/v2\/pages"}],"about":[{"href":"https:\/\/www.gilroynapolishort.com\/es\/wp-json\/wp\/v2\/types\/page"}],"author":[{"embeddable":true,"href":"https:\/\/www.gilroynapolishort.com\/es\/wp-json\/wp\/v2\/users\/2"}],"replies":[{"embeddable":true,"href":"https:\/\/www.gilroynapolishort.com\/es\/wp-json\/wp\/v2\/comments?post=249"}],"version-history":[{"count":0,"href":"https:\/\/www.gilroynapolishort.com\/es\/wp-json\/wp\/v2\/pages\/249\/revisions"}],"up":[{"embeddable":true,"href":"https:\/\/www.gilroynapolishort.com\/es\/wp-json\/wp\/v2\/pages\/221"}],"wp:attachment":[{"href":"https:\/\/www.gilroynapolishort.com\/es\/wp-json\/wp\/v2\/media?parent=249"}],"curies":[{"name":"wp","href":"https:\/\/api.w.org\/{rel}","templated":true}]}}