{"id":253,"date":"2019-02-19T08:25:19","date_gmt":"2019-02-19T08:25:19","guid":{"rendered":"https:\/\/www.gilroynapolishort.com\/?page_id=253"},"modified":"2024-02-28T23:12:11","modified_gmt":"2024-02-28T23:12:11","slug":"grand-jury-hearings","status":"publish","type":"page","link":"https:\/\/www.gilroynapolishort.com\/es\/practice-areas\/criminal-defense\/grand-jury-hearings\/","title":{"rendered":"Audiencias del Gran Jurado"},"content":{"rendered":"<h1>Audiencias del Gran Jurado<\/h1>\n<p>El prop\u00f3sito de una audiencia ante un gran jurado es determinar si existen pruebas suficientes para acusar a alguien de un delito. En Oreg\u00f3n, existen audiencias estatales y federales ante un gran jurado.<\/p>\n<p>La persona objeto de una audiencia ante un gran jurado corre grave riesgo de ser acusada. Sin embargo, quienes comparecen como testigos en una audiencia ante un gran jurado tambi\u00e9n corren riesgo. El fiscal podr\u00eda creer ya que el testigo ha cometido un delito, o durante su testimonio, este podr\u00eda revelar pruebas que lleven al gobierno a realizar m\u00e1s investigaciones sobre su conducta o a presentar cargos penales.<\/p>\n<p>Si usted es objeto de una investigaci\u00f3n por parte de un gran jurado o est\u00e1 implicado en un delito y comparece ante un gran jurado, su libertad podr\u00eda estar en peligro. Necesita asesoramiento legal s\u00f3lido lo antes posible.<\/p>\n<p>Llame a Gilroy Napoli Short Law Group hoy al 503-747-7198 para una consulta gratuita con un abogado del gran jurado de Oregon.<\/p>\n<h2>Abogados que asesoran a los testigos del gran jurado<\/h2>\n<p>En Gilroy Napoli Short Law Group, contamos con amplia experiencia defendiendo a personas acusadas de delitos graves. Conocemos a fondo el proceso de justicia penal en Oreg\u00f3n, incluyendo el proceso de audiencias ante el gran jurado.<\/p>\n<p>Si lo citan como testigo ante el gran jurado, no podremos estar presentes en la sala mientras testifica. Es comprensible que esto le genere mucha ansiedad. Sin embargo, nos tomaremos el tiempo necesario para prepararlo completamente para la audiencia, explic\u00e1ndole qu\u00e9 esperar y c\u00f3mo responder para proteger sus intereses. Posteriormente, le informaremos sobre las preguntas que le formularon, lo cual podr\u00eda brindarle pistas importantes sobre lo que podr\u00eda suceder a continuaci\u00f3n. De ser necesario, podemos comenzar a preparar su defensa.<\/p>\n<p>En algunos casos, las indagaciones proactivas ante el fiscal pueden dar resultados positivos. Podr\u00edamos proporcionar informaci\u00f3n o argumentos que lo convenzan de no presentar cargos penales en su contra. Tambi\u00e9n podr\u00edamos negociar inmunidad procesal. Nuestro objetivo ser\u00e1 minimizar, y con suerte superar, cualquier amenaza que pueda enfrentar.<\/p>\n<h2>\u00bfEs usted el objetivo de una audiencia ante un gran jurado?<\/h2>\n<p>Si\u00a0<a href=\"https:\/\/www.gilroynapolishort.com\/es\/criminal-defense\/what-to-do-if-you-are-under-investigation\/\">Est\u00e1s bajo investigaci\u00f3n<\/a>\u00a0o ha recibido una carta inform\u00e1ndole que es objeto de un gran jurado, necesita obtener una representaci\u00f3n de defensa efectiva de inmediato. Nuestro\u00a0<a href=\"https:\/\/www.gilroynapolishort.com\/es\/criminal-defense\/\">defensa penal<\/a>\u00a0Los abogados lo defender\u00e1n agresivamente en todas las etapas del proceso legal, trabajando tenazmente para proteger sus derechos y preservar su libertad.<\/p>\n<h2>Consulta gratuita: obtenga ayuda legal hoy<\/h2>\n<p>Para programar una consulta gratuita sobre una audiencia ante un gran jurado en Oregon,\u00a0<a href=\"https:\/\/www.gilroynapolishort.com\/es\/contact\/\">contacto<\/a>\u00a0Contacte con Gilroy Napoli Short Law Group llamando al 503-747-7198. Representamos a personas en Portland, Salem, Beaverton, Hillsboro y otras partes de Oreg\u00f3n.<\/p>\n<p><strong>Se habla espa\u00f1ol.<\/strong><\/p>\n<p>Llame hoy para una consulta gratuita: <a href=\"tel:5037477198\">503-747-7198<\/a><\/p>","protected":false},"excerpt":{"rendered":"<p>Grand Jury Hearings The purpose of a grand jury hearing is to determine whether enough evidence exists to indict someone for a crime. In Oregon, there are state grand jury&#8230;<\/p>","protected":false},"author":2,"featured_media":0,"parent":221,"menu_order":0,"comment_status":"closed","ping_status":"closed","template":"single-criminal-page.php","meta":{"_acf_changed":false,"footnotes":""},"class_list":["post-253","page","type-page","status-publish","hentry"],"acf":[],"yoast_head":"<!-- This site is optimized with the Yoast SEO plugin v27.3 - https:\/\/yoast.com\/product\/yoast-seo-wordpress\/ -->\n<title>Grand Jury Hearings - GNS Law Group<\/title>\n<meta name=\"robots\" content=\"index, follow, max-snippet:-1, max-image-preview:large, max-video-preview:-1\" \/>\n<link rel=\"canonical\" href=\"https:\/\/www.gilroynapolishort.com\/es\/practice-areas\/criminal-defense\/grand-jury-hearings\/\" \/>\n<meta property=\"og:locale\" content=\"es_MX\" \/>\n<meta property=\"og:type\" content=\"article\" \/>\n<meta property=\"og:title\" content=\"Grand Jury Hearings - GNS Law Group\" \/>\n<meta property=\"og:description\" content=\"Grand Jury Hearings The purpose of a grand jury hearing is to determine whether enough evidence exists to indict someone for a crime. In Oregon, there are state grand jury...\" \/>\n<meta property=\"og:url\" content=\"https:\/\/www.gilroynapolishort.com\/es\/practice-areas\/criminal-defense\/grand-jury-hearings\/\" \/>\n<meta property=\"og:site_name\" content=\"GNS Law Group\" \/>\n<meta property=\"article:modified_time\" content=\"2024-02-28T23:12:11+00:00\" \/>\n<meta name=\"twitter:card\" content=\"summary_large_image\" \/>\n<meta name=\"twitter:label1\" content=\"Est. reading time\" \/>\n\t<meta name=\"twitter:data1\" content=\"2 minutos\" \/>\n<script type=\"application\/ld+json\" class=\"yoast-schema-graph\">{\"@context\":\"https:\\\/\\\/schema.org\",\"@graph\":[{\"@type\":\"WebPage\",\"@id\":\"https:\\\/\\\/www.gilroynapolishort.com\\\/practice-areas\\\/criminal-defense\\\/grand-jury-hearings\\\/\",\"url\":\"https:\\\/\\\/www.gilroynapolishort.com\\\/practice-areas\\\/criminal-defense\\\/grand-jury-hearings\\\/\",\"name\":\"Grand Jury Hearings - GNS Law Group\",\"isPartOf\":{\"@id\":\"https:\\\/\\\/www.gilroynapolishort.com\\\/#website\"},\"datePublished\":\"2019-02-19T08:25:19+00:00\",\"dateModified\":\"2024-02-28T23:12:11+00:00\",\"breadcrumb\":{\"@id\":\"https:\\\/\\\/www.gilroynapolishort.com\\\/practice-areas\\\/criminal-defense\\\/grand-jury-hearings\\\/#breadcrumb\"},\"inLanguage\":\"es\",\"potentialAction\":[{\"@type\":\"ReadAction\",\"target\":[\"https:\\\/\\\/www.gilroynapolishort.com\\\/practice-areas\\\/criminal-defense\\\/grand-jury-hearings\\\/\"]}]},{\"@type\":\"BreadcrumbList\",\"@id\":\"https:\\\/\\\/www.gilroynapolishort.com\\\/practice-areas\\\/criminal-defense\\\/grand-jury-hearings\\\/#breadcrumb\",\"itemListElement\":[{\"@type\":\"ListItem\",\"position\":1,\"name\":\"Home\",\"item\":\"https:\\\/\\\/www.gilroynapolishort.com\\\/\"},{\"@type\":\"ListItem\",\"position\":2,\"name\":\"Practice Areas\",\"item\":\"https:\\\/\\\/www.gilroynapolishort.com\\\/practice-areas\\\/\"},{\"@type\":\"ListItem\",\"position\":3,\"name\":\"Criminal Defense\",\"item\":\"https:\\\/\\\/www.gilroynapolishort.com\\\/practice-areas\\\/criminal-defense\\\/\"},{\"@type\":\"ListItem\",\"position\":4,\"name\":\"Grand Jury Hearings\"}]},{\"@type\":\"WebSite\",\"@id\":\"https:\\\/\\\/www.gilroynapolishort.com\\\/#website\",\"url\":\"https:\\\/\\\/www.gilroynapolishort.com\\\/\",\"name\":\"Gilroy Napoli Short Law Group\",\"description\":\"\",\"potentialAction\":[{\"@type\":\"SearchAction\",\"target\":{\"@type\":\"EntryPoint\",\"urlTemplate\":\"https:\\\/\\\/www.gilroynapolishort.com\\\/?s={search_term_string}\"},\"query-input\":{\"@type\":\"PropertyValueSpecification\",\"valueRequired\":true,\"valueName\":\"search_term_string\"}}],\"inLanguage\":\"es\"}]}<\/script>\n<!-- \/ Yoast SEO plugin. -->","yoast_head_json":{"title":"Grand Jury Hearings - GNS Law Group","robots":{"index":"index","follow":"follow","max-snippet":"max-snippet:-1","max-image-preview":"max-image-preview:large","max-video-preview":"max-video-preview:-1"},"canonical":"https:\/\/www.gilroynapolishort.com\/es\/practice-areas\/criminal-defense\/grand-jury-hearings\/","og_locale":"es_MX","og_type":"article","og_title":"Grand Jury Hearings - GNS Law Group","og_description":"Grand Jury Hearings The purpose of a grand jury hearing is to determine whether enough evidence exists to indict someone for a crime. In Oregon, there are state grand jury...","og_url":"https:\/\/www.gilroynapolishort.com\/es\/practice-areas\/criminal-defense\/grand-jury-hearings\/","og_site_name":"GNS Law Group","article_modified_time":"2024-02-28T23:12:11+00:00","twitter_card":"summary_large_image","twitter_misc":{"Est. reading time":"2 minutos"},"schema":{"@context":"https:\/\/schema.org","@graph":[{"@type":"WebPage","@id":"https:\/\/www.gilroynapolishort.com\/practice-areas\/criminal-defense\/grand-jury-hearings\/","url":"https:\/\/www.gilroynapolishort.com\/practice-areas\/criminal-defense\/grand-jury-hearings\/","name":"Grand Jury Hearings - GNS Law Group","isPartOf":{"@id":"https:\/\/www.gilroynapolishort.com\/#website"},"datePublished":"2019-02-19T08:25:19+00:00","dateModified":"2024-02-28T23:12:11+00:00","breadcrumb":{"@id":"https:\/\/www.gilroynapolishort.com\/practice-areas\/criminal-defense\/grand-jury-hearings\/#breadcrumb"},"inLanguage":"es","potentialAction":[{"@type":"ReadAction","target":["https:\/\/www.gilroynapolishort.com\/practice-areas\/criminal-defense\/grand-jury-hearings\/"]}]},{"@type":"BreadcrumbList","@id":"https:\/\/www.gilroynapolishort.com\/practice-areas\/criminal-defense\/grand-jury-hearings\/#breadcrumb","itemListElement":[{"@type":"ListItem","position":1,"name":"Home","item":"https:\/\/www.gilroynapolishort.com\/"},{"@type":"ListItem","position":2,"name":"Practice Areas","item":"https:\/\/www.gilroynapolishort.com\/practice-areas\/"},{"@type":"ListItem","position":3,"name":"Criminal Defense","item":"https:\/\/www.gilroynapolishort.com\/practice-areas\/criminal-defense\/"},{"@type":"ListItem","position":4,"name":"Grand Jury Hearings"}]},{"@type":"WebSite","@id":"https:\/\/www.gilroynapolishort.com\/#website","url":"https:\/\/www.gilroynapolishort.com\/","name":"Grupo de abogados Gilroy Napoli Short","description":"","potentialAction":[{"@type":"SearchAction","target":{"@type":"EntryPoint","urlTemplate":"https:\/\/www.gilroynapolishort.com\/?s={search_term_string}"},"query-input":{"@type":"PropertyValueSpecification","valueRequired":true,"valueName":"search_term_string"}}],"inLanguage":"es"}]}},"_links":{"self":[{"href":"https:\/\/www.gilroynapolishort.com\/es\/wp-json\/wp\/v2\/pages\/253","targetHints":{"allow":["GET"]}}],"collection":[{"href":"https:\/\/www.gilroynapolishort.com\/es\/wp-json\/wp\/v2\/pages"}],"about":[{"href":"https:\/\/www.gilroynapolishort.com\/es\/wp-json\/wp\/v2\/types\/page"}],"author":[{"embeddable":true,"href":"https:\/\/www.gilroynapolishort.com\/es\/wp-json\/wp\/v2\/users\/2"}],"replies":[{"embeddable":true,"href":"https:\/\/www.gilroynapolishort.com\/es\/wp-json\/wp\/v2\/comments?post=253"}],"version-history":[{"count":0,"href":"https:\/\/www.gilroynapolishort.com\/es\/wp-json\/wp\/v2\/pages\/253\/revisions"}],"up":[{"embeddable":true,"href":"https:\/\/www.gilroynapolishort.com\/es\/wp-json\/wp\/v2\/pages\/221"}],"wp:attachment":[{"href":"https:\/\/www.gilroynapolishort.com\/es\/wp-json\/wp\/v2\/media?parent=253"}],"curies":[{"name":"wp","href":"https:\/\/api.w.org\/{rel}","templated":true}]}}