{"id":255,"date":"2019-02-19T08:25:33","date_gmt":"2019-02-19T08:25:33","guid":{"rendered":"https:\/\/www.gilroynapolishort.com\/?page_id=255"},"modified":"2024-02-28T23:13:08","modified_gmt":"2024-02-28T23:13:08","slug":"expungements-clearing-your-record","status":"publish","type":"page","link":"https:\/\/www.gilroynapolishort.com\/es\/practice-areas\/criminal-defense\/expungements-clearing-your-record\/","title":{"rendered":"Eliminaci\u00f3n de antecedentes penales"},"content":{"rendered":"<h1>Eliminaci\u00f3n de antecedentes penales<\/h1>\n<p>Las condenas por delitos menores o graves conllevan la creaci\u00f3n de antecedentes penales, una consecuencia legal que puede inhibir las oportunidades de empleo y la posibilidad de obtener pr\u00e9stamos, adem\u00e1s de afectar su situaci\u00f3n vital. Incluso si el fiscal o el juez desestimaron su condena, el simple registro del arresto puede tener un gran impacto en su vida.<\/p>\n<p>Despu\u00e9s de cierto tiempo, muchas personas buscan limpiar sus antecedentes penales para mejorar su calidad de vida. Sin embargo, para ello, deben cumplirse varios requisitos.\u00a0<a href=\"https:\/\/www.gilroynapolishort.com\/es\/about\/\">Grupo de abogados Gilroy Napoli Short<\/a>\u00a0En Portland podemos ayudarle a comprender y cumplir esos requisitos.<\/p>\n<p>Ll\u00e1menos hoy al 503-747-7198 para programar una consulta gratuita con un abogado.<\/p>\n<h2>Abogados de eliminaci\u00f3n de antecedentes penales<\/h2>\n<p>Para calificar para una eliminaci\u00f3n de antecedentes penales, a menudo existen ciertos requisitos, entre ellos:<\/p>\n<ul>\n<li>No tener incidentes adicionales<\/li>\n<li>No tener m\u00e1s de un n\u00famero espec\u00edfico de cargos previos<\/li>\n<li>La naturaleza de la condena no se considera demasiado grave<\/li>\n<li>Finalizaci\u00f3n de la libertad condicional sin ning\u00fan incidente<\/li>\n<li>Cumplimiento de todos los t\u00e9rminos de cualquier oraci\u00f3n<\/li>\n<\/ul>\n<p>Nuestra eliminaci\u00f3n de antecedentes penales en el \u00e1rea metropolitana de Portland\u00a0<a href=\"https:\/\/www.gilroynapolishort.com\/es\/attorney\/\">abogados<\/a>\u00a0tienen un profundo conocimiento y comprensi\u00f3n del derecho penal y tienen experiencia en el manejo de eliminaciones de antecedentes penales en muchas circunstancias variadas para personas en todo Oreg\u00f3n.<\/p>\n<p>Gilroy Napoli Short Law Group ha manejado la eliminaci\u00f3n de numerosos antecedentes penales.\u00a0<a href=\"https:\/\/www.gilroynapolishort.com\/es\/practice-areas\/\">delitos menores y graves<\/a>, incluidos cargos por delitos graves relacionados con la marihuana y otros delitos relacionados con drogas.<\/p>\n<p>Adem\u00e1s de garantizar que nuestros clientes cumplan con los criterios para la eliminaci\u00f3n de antecedentes penales, llevamos a cabo una investigaci\u00f3n exhaustiva de su estado legal actual y trabajamos para lograr que se eliminen los arrestos y condenas anteriores.<\/p>\n<h2><strong>Contacte a Gilroy Napoli Short Law Group<\/strong><\/h2>\n<p><a href=\"https:\/\/www.gilroynapolishort.com\/es\/contact\/\">Cont\u00e1ctanos<\/a>\u00a0Ll\u00e1menos hoy mismo para programar una consulta inicial gratuita y descubrir sus opciones legales. Puede llamar a Gilroy Napoli Short Law Group al 503-747-7198. Representamos a personas en Portland, Salem, Beaverton, Hillsboro y otras partes de Oreg\u00f3n.<\/p>\n<p><strong>Se habla espa\u00f1ol.<\/strong><\/p>\n<p>Llame hoy para una consulta gratuita: <a href=\"tel:5037477198\">503-747-7198<\/a><\/p>","protected":false},"excerpt":{"rendered":"<p>Expungements \/ Clearing Your Record Misdemeanor or felony convictions lead to the creation of a criminal record for an individual, a legal ramification that can inhibit employment opportunities and the&#8230;<\/p>","protected":false},"author":2,"featured_media":0,"parent":221,"menu_order":0,"comment_status":"closed","ping_status":"closed","template":"single-criminal-page.php","meta":{"_acf_changed":false,"footnotes":""},"class_list":["post-255","page","type-page","status-publish","hentry"],"acf":[],"yoast_head":"<!-- This site is optimized with the Yoast SEO plugin v27.3 - https:\/\/yoast.com\/product\/yoast-seo-wordpress\/ -->\n<title>Expungements \/ Clearing Your Record - GNS Law Group<\/title>\n<meta name=\"robots\" content=\"index, follow, max-snippet:-1, max-image-preview:large, max-video-preview:-1\" \/>\n<link rel=\"canonical\" href=\"https:\/\/www.gilroynapolishort.com\/es\/practice-areas\/criminal-defense\/expungements-clearing-your-record\/\" \/>\n<meta property=\"og:locale\" content=\"es_MX\" \/>\n<meta property=\"og:type\" content=\"article\" \/>\n<meta property=\"og:title\" content=\"Expungements \/ Clearing Your Record - GNS Law Group\" \/>\n<meta property=\"og:description\" content=\"Expungements \/ Clearing Your Record Misdemeanor or felony convictions lead to the creation of a criminal record for an individual, a legal ramification that can inhibit employment opportunities and the...\" \/>\n<meta property=\"og:url\" content=\"https:\/\/www.gilroynapolishort.com\/es\/practice-areas\/criminal-defense\/expungements-clearing-your-record\/\" \/>\n<meta property=\"og:site_name\" content=\"GNS Law Group\" \/>\n<meta property=\"article:modified_time\" content=\"2024-02-28T23:13:08+00:00\" \/>\n<meta name=\"twitter:card\" content=\"summary_large_image\" \/>\n<meta name=\"twitter:label1\" content=\"Est. reading time\" \/>\n\t<meta name=\"twitter:data1\" content=\"2 minutos\" \/>\n<script type=\"application\/ld+json\" class=\"yoast-schema-graph\">{\"@context\":\"https:\\\/\\\/schema.org\",\"@graph\":[{\"@type\":\"WebPage\",\"@id\":\"https:\\\/\\\/www.gilroynapolishort.com\\\/practice-areas\\\/criminal-defense\\\/expungements-clearing-your-record\\\/\",\"url\":\"https:\\\/\\\/www.gilroynapolishort.com\\\/practice-areas\\\/criminal-defense\\\/expungements-clearing-your-record\\\/\",\"name\":\"Expungements \\\/ Clearing Your Record - GNS Law Group\",\"isPartOf\":{\"@id\":\"https:\\\/\\\/www.gilroynapolishort.com\\\/#website\"},\"datePublished\":\"2019-02-19T08:25:33+00:00\",\"dateModified\":\"2024-02-28T23:13:08+00:00\",\"breadcrumb\":{\"@id\":\"https:\\\/\\\/www.gilroynapolishort.com\\\/practice-areas\\\/criminal-defense\\\/expungements-clearing-your-record\\\/#breadcrumb\"},\"inLanguage\":\"es\",\"potentialAction\":[{\"@type\":\"ReadAction\",\"target\":[\"https:\\\/\\\/www.gilroynapolishort.com\\\/practice-areas\\\/criminal-defense\\\/expungements-clearing-your-record\\\/\"]}]},{\"@type\":\"BreadcrumbList\",\"@id\":\"https:\\\/\\\/www.gilroynapolishort.com\\\/practice-areas\\\/criminal-defense\\\/expungements-clearing-your-record\\\/#breadcrumb\",\"itemListElement\":[{\"@type\":\"ListItem\",\"position\":1,\"name\":\"Home\",\"item\":\"https:\\\/\\\/www.gilroynapolishort.com\\\/\"},{\"@type\":\"ListItem\",\"position\":2,\"name\":\"Practice Areas\",\"item\":\"https:\\\/\\\/www.gilroynapolishort.com\\\/practice-areas\\\/\"},{\"@type\":\"ListItem\",\"position\":3,\"name\":\"Criminal Defense\",\"item\":\"https:\\\/\\\/www.gilroynapolishort.com\\\/practice-areas\\\/criminal-defense\\\/\"},{\"@type\":\"ListItem\",\"position\":4,\"name\":\"Expungements \\\/ Clearing Your Record\"}]},{\"@type\":\"WebSite\",\"@id\":\"https:\\\/\\\/www.gilroynapolishort.com\\\/#website\",\"url\":\"https:\\\/\\\/www.gilroynapolishort.com\\\/\",\"name\":\"Gilroy Napoli Short Law Group\",\"description\":\"\",\"potentialAction\":[{\"@type\":\"SearchAction\",\"target\":{\"@type\":\"EntryPoint\",\"urlTemplate\":\"https:\\\/\\\/www.gilroynapolishort.com\\\/?s={search_term_string}\"},\"query-input\":{\"@type\":\"PropertyValueSpecification\",\"valueRequired\":true,\"valueName\":\"search_term_string\"}}],\"inLanguage\":\"es\"}]}<\/script>\n<!-- \/ Yoast SEO plugin. -->","yoast_head_json":{"title":"Expungements \/ Clearing Your Record - GNS Law Group","robots":{"index":"index","follow":"follow","max-snippet":"max-snippet:-1","max-image-preview":"max-image-preview:large","max-video-preview":"max-video-preview:-1"},"canonical":"https:\/\/www.gilroynapolishort.com\/es\/practice-areas\/criminal-defense\/expungements-clearing-your-record\/","og_locale":"es_MX","og_type":"article","og_title":"Expungements \/ Clearing Your Record - GNS Law Group","og_description":"Expungements \/ Clearing Your Record Misdemeanor or felony convictions lead to the creation of a criminal record for an individual, a legal ramification that can inhibit employment opportunities and the...","og_url":"https:\/\/www.gilroynapolishort.com\/es\/practice-areas\/criminal-defense\/expungements-clearing-your-record\/","og_site_name":"GNS Law Group","article_modified_time":"2024-02-28T23:13:08+00:00","twitter_card":"summary_large_image","twitter_misc":{"Est. reading time":"2 minutos"},"schema":{"@context":"https:\/\/schema.org","@graph":[{"@type":"WebPage","@id":"https:\/\/www.gilroynapolishort.com\/practice-areas\/criminal-defense\/expungements-clearing-your-record\/","url":"https:\/\/www.gilroynapolishort.com\/practice-areas\/criminal-defense\/expungements-clearing-your-record\/","name":"Expungements \/ Clearing Your Record - GNS Law Group","isPartOf":{"@id":"https:\/\/www.gilroynapolishort.com\/#website"},"datePublished":"2019-02-19T08:25:33+00:00","dateModified":"2024-02-28T23:13:08+00:00","breadcrumb":{"@id":"https:\/\/www.gilroynapolishort.com\/practice-areas\/criminal-defense\/expungements-clearing-your-record\/#breadcrumb"},"inLanguage":"es","potentialAction":[{"@type":"ReadAction","target":["https:\/\/www.gilroynapolishort.com\/practice-areas\/criminal-defense\/expungements-clearing-your-record\/"]}]},{"@type":"BreadcrumbList","@id":"https:\/\/www.gilroynapolishort.com\/practice-areas\/criminal-defense\/expungements-clearing-your-record\/#breadcrumb","itemListElement":[{"@type":"ListItem","position":1,"name":"Home","item":"https:\/\/www.gilroynapolishort.com\/"},{"@type":"ListItem","position":2,"name":"Practice Areas","item":"https:\/\/www.gilroynapolishort.com\/practice-areas\/"},{"@type":"ListItem","position":3,"name":"Criminal Defense","item":"https:\/\/www.gilroynapolishort.com\/practice-areas\/criminal-defense\/"},{"@type":"ListItem","position":4,"name":"Expungements \/ Clearing Your Record"}]},{"@type":"WebSite","@id":"https:\/\/www.gilroynapolishort.com\/#website","url":"https:\/\/www.gilroynapolishort.com\/","name":"Grupo de abogados Gilroy Napoli Short","description":"","potentialAction":[{"@type":"SearchAction","target":{"@type":"EntryPoint","urlTemplate":"https:\/\/www.gilroynapolishort.com\/?s={search_term_string}"},"query-input":{"@type":"PropertyValueSpecification","valueRequired":true,"valueName":"search_term_string"}}],"inLanguage":"es"}]}},"_links":{"self":[{"href":"https:\/\/www.gilroynapolishort.com\/es\/wp-json\/wp\/v2\/pages\/255","targetHints":{"allow":["GET"]}}],"collection":[{"href":"https:\/\/www.gilroynapolishort.com\/es\/wp-json\/wp\/v2\/pages"}],"about":[{"href":"https:\/\/www.gilroynapolishort.com\/es\/wp-json\/wp\/v2\/types\/page"}],"author":[{"embeddable":true,"href":"https:\/\/www.gilroynapolishort.com\/es\/wp-json\/wp\/v2\/users\/2"}],"replies":[{"embeddable":true,"href":"https:\/\/www.gilroynapolishort.com\/es\/wp-json\/wp\/v2\/comments?post=255"}],"version-history":[{"count":0,"href":"https:\/\/www.gilroynapolishort.com\/es\/wp-json\/wp\/v2\/pages\/255\/revisions"}],"up":[{"embeddable":true,"href":"https:\/\/www.gilroynapolishort.com\/es\/wp-json\/wp\/v2\/pages\/221"}],"wp:attachment":[{"href":"https:\/\/www.gilroynapolishort.com\/es\/wp-json\/wp\/v2\/media?parent=255"}],"curies":[{"name":"wp","href":"https:\/\/api.w.org\/{rel}","templated":true}]}}