{"id":259,"date":"2019-02-19T08:26:05","date_gmt":"2019-02-19T08:26:05","guid":{"rendered":"https:\/\/www.gilroynapolishort.com\/?page_id=259"},"modified":"2024-02-28T23:13:44","modified_gmt":"2024-02-28T23:13:44","slug":"weapons-charges","status":"publish","type":"page","link":"https:\/\/www.gilroynapolishort.com\/es\/practice-areas\/criminal-defense\/weapons-charges\/","title":{"rendered":"Cargos por armas"},"content":{"rendered":"<h1>Cargos por armas<\/h1>\n<p>La Corte Suprema de los Estados Unidos ha confirmado el derecho a poseer armas de fuego, pero a\u00fan existen muchos delitos con armas de fuego que pueden llevar a una persona a prisi\u00f3n. Por ejemplo, si tiene una orden de alejamiento, no puede poseer un arma de fuego. Las personas con enfermedades mentales o que hayan sido condenadas previamente por ciertos delitos no pueden poseer armas de fuego. Adem\u00e1s, el uso de un arma en la comisi\u00f3n de un delito puede resultar en penas m\u00e1s severas tras la condena. Estos son cargos graves que requieren una representaci\u00f3n proactiva y en\u00e9rgica.<\/p>\n<p>Si ha sido acusado de un delito con armas, su libertad podr\u00eda estar en peligro. No arriesgue su futuro: obtenga ayuda legal hoy mismo llamando a Gilroy Napoli Short Law Group al 503-747-7198.<\/p>\n<h2>Defendiendo agresivamente sus derechos y libertad<\/h2>\n<p>En Gilroy Napoli Short Law Group creemos que toda persona acusada de un delito merece una representaci\u00f3n s\u00f3lida y eficaz. Defendemos con firmeza a personas acusadas de todo tipo de cargos federales y estatales relacionados con armas, incluyendo:<\/p>\n<ul>\n<li><a href=\"https:\/\/www.gilroynapolishort.com\/es\/criminal-defense\/unlawful-use-of-a-firearm\/\">Uso ilegal de un arma<\/a><\/li>\n<li>Posesi\u00f3n ilegal de armas de fuego<\/li>\n<li>Apuntar con un arma de fuego a alguien<\/li>\n<li>Delincuente en posesi\u00f3n<\/li>\n<li>Posesi\u00f3n ilegal de armas de ca\u00f1\u00f3n corto, armas autom\u00e1ticas, granadas, bombas, explosivos o misiles<\/li>\n<li>Compras de armas realizadas por testaferros<\/li>\n<li>Tr\u00e1fico ilegal de armas<\/li>\n<li>Posesi\u00f3n de armas ocultas, como cuchillos y pu\u00f1os americanos.<\/li>\n<li>Otros cargos por armas<\/li>\n<\/ul>\n<h2>Firmes defensores de las personas acusadas de delitos con armas<\/h2>\n<p>Contamos con m\u00e1s de 25 a\u00f1os de experiencia combinada como fiscales, defensores p\u00fablicos y abogados defensores privados. Conocemos a fondo las leyes que rigen los delitos con armas y el sistema judicial de Oreg\u00f3n. Tambi\u00e9n sabemos c\u00f3mo identificar fallas potencialmente fatales en los casos de los fiscales. Cuando Gilroy Napoli Short Law Group lo represente, trabajaremos incansablemente para proteger sus derechos y preservar su libertad.<\/p>\n<h2>Consulta gratuita \u2014 Contacte con nuestra firma<\/h2>\n<p>Para una consulta gratuita con uno de nuestros abogados especializados en cargos por armas en Portland, llame a Gilroy Napoli Short Law Group al 503-747-7198 o\u00a0<a href=\"https:\/\/www.gilroynapolishort.com\/es\/contact\/\">Cont\u00e1ctanos por correo electr\u00f3nico<\/a>.<\/p>\n<p>Representamos a personas en toda el \u00e1rea de Portland y Oreg\u00f3n, incluidas las ciudades de Salem, Beaverton y Hillsboro.<\/p>\n<p><strong>Se habla espa\u00f1ol.<\/strong><\/p>\n<p>Llame hoy para una consulta gratuita: <a href=\"tel:5037477198\">503-747-7198<\/a><\/p>","protected":false},"excerpt":{"rendered":"<p>Weapons Charges The U.S. Supreme Court has affirmed the right to possess firearms, but there are still many gun crimes that can land a person in jail. For example, if&#8230;<\/p>","protected":false},"author":2,"featured_media":0,"parent":221,"menu_order":0,"comment_status":"closed","ping_status":"closed","template":"single-criminal-page.php","meta":{"_acf_changed":false,"footnotes":""},"class_list":["post-259","page","type-page","status-publish","hentry"],"acf":[],"yoast_head":"<!-- This site is optimized with the Yoast SEO plugin v27.3 - https:\/\/yoast.com\/product\/yoast-seo-wordpress\/ -->\n<title>Weapons Charges - GNS Law Group<\/title>\n<meta name=\"robots\" content=\"index, follow, max-snippet:-1, max-image-preview:large, max-video-preview:-1\" \/>\n<link rel=\"canonical\" href=\"https:\/\/www.gilroynapolishort.com\/es\/practice-areas\/criminal-defense\/weapons-charges\/\" \/>\n<meta property=\"og:locale\" content=\"es_MX\" \/>\n<meta property=\"og:type\" content=\"article\" \/>\n<meta property=\"og:title\" content=\"Weapons Charges - GNS Law Group\" \/>\n<meta property=\"og:description\" content=\"Weapons Charges The U.S. Supreme Court has affirmed the right to possess firearms, but there are still many gun crimes that can land a person in jail. For example, if...\" \/>\n<meta property=\"og:url\" content=\"https:\/\/www.gilroynapolishort.com\/es\/practice-areas\/criminal-defense\/weapons-charges\/\" \/>\n<meta property=\"og:site_name\" content=\"GNS Law Group\" \/>\n<meta property=\"article:modified_time\" content=\"2024-02-28T23:13:44+00:00\" \/>\n<meta name=\"twitter:card\" content=\"summary_large_image\" \/>\n<meta name=\"twitter:label1\" content=\"Est. reading time\" \/>\n\t<meta name=\"twitter:data1\" content=\"2 minutos\" \/>\n<script type=\"application\/ld+json\" class=\"yoast-schema-graph\">{\"@context\":\"https:\\\/\\\/schema.org\",\"@graph\":[{\"@type\":\"WebPage\",\"@id\":\"https:\\\/\\\/www.gilroynapolishort.com\\\/practice-areas\\\/criminal-defense\\\/weapons-charges\\\/\",\"url\":\"https:\\\/\\\/www.gilroynapolishort.com\\\/practice-areas\\\/criminal-defense\\\/weapons-charges\\\/\",\"name\":\"Weapons Charges - GNS Law Group\",\"isPartOf\":{\"@id\":\"https:\\\/\\\/www.gilroynapolishort.com\\\/#website\"},\"datePublished\":\"2019-02-19T08:26:05+00:00\",\"dateModified\":\"2024-02-28T23:13:44+00:00\",\"breadcrumb\":{\"@id\":\"https:\\\/\\\/www.gilroynapolishort.com\\\/practice-areas\\\/criminal-defense\\\/weapons-charges\\\/#breadcrumb\"},\"inLanguage\":\"es\",\"potentialAction\":[{\"@type\":\"ReadAction\",\"target\":[\"https:\\\/\\\/www.gilroynapolishort.com\\\/practice-areas\\\/criminal-defense\\\/weapons-charges\\\/\"]}]},{\"@type\":\"BreadcrumbList\",\"@id\":\"https:\\\/\\\/www.gilroynapolishort.com\\\/practice-areas\\\/criminal-defense\\\/weapons-charges\\\/#breadcrumb\",\"itemListElement\":[{\"@type\":\"ListItem\",\"position\":1,\"name\":\"Home\",\"item\":\"https:\\\/\\\/www.gilroynapolishort.com\\\/\"},{\"@type\":\"ListItem\",\"position\":2,\"name\":\"Practice Areas\",\"item\":\"https:\\\/\\\/www.gilroynapolishort.com\\\/practice-areas\\\/\"},{\"@type\":\"ListItem\",\"position\":3,\"name\":\"Criminal Defense\",\"item\":\"https:\\\/\\\/www.gilroynapolishort.com\\\/practice-areas\\\/criminal-defense\\\/\"},{\"@type\":\"ListItem\",\"position\":4,\"name\":\"Weapons Charges\"}]},{\"@type\":\"WebSite\",\"@id\":\"https:\\\/\\\/www.gilroynapolishort.com\\\/#website\",\"url\":\"https:\\\/\\\/www.gilroynapolishort.com\\\/\",\"name\":\"Gilroy Napoli Short Law Group\",\"description\":\"\",\"potentialAction\":[{\"@type\":\"SearchAction\",\"target\":{\"@type\":\"EntryPoint\",\"urlTemplate\":\"https:\\\/\\\/www.gilroynapolishort.com\\\/?s={search_term_string}\"},\"query-input\":{\"@type\":\"PropertyValueSpecification\",\"valueRequired\":true,\"valueName\":\"search_term_string\"}}],\"inLanguage\":\"es\"}]}<\/script>\n<!-- \/ Yoast SEO plugin. -->","yoast_head_json":{"title":"Weapons Charges - GNS Law Group","robots":{"index":"index","follow":"follow","max-snippet":"max-snippet:-1","max-image-preview":"max-image-preview:large","max-video-preview":"max-video-preview:-1"},"canonical":"https:\/\/www.gilroynapolishort.com\/es\/practice-areas\/criminal-defense\/weapons-charges\/","og_locale":"es_MX","og_type":"article","og_title":"Weapons Charges - GNS Law Group","og_description":"Weapons Charges The U.S. Supreme Court has affirmed the right to possess firearms, but there are still many gun crimes that can land a person in jail. For example, if...","og_url":"https:\/\/www.gilroynapolishort.com\/es\/practice-areas\/criminal-defense\/weapons-charges\/","og_site_name":"GNS Law Group","article_modified_time":"2024-02-28T23:13:44+00:00","twitter_card":"summary_large_image","twitter_misc":{"Est. reading time":"2 minutos"},"schema":{"@context":"https:\/\/schema.org","@graph":[{"@type":"WebPage","@id":"https:\/\/www.gilroynapolishort.com\/practice-areas\/criminal-defense\/weapons-charges\/","url":"https:\/\/www.gilroynapolishort.com\/practice-areas\/criminal-defense\/weapons-charges\/","name":"Weapons Charges - GNS Law Group","isPartOf":{"@id":"https:\/\/www.gilroynapolishort.com\/#website"},"datePublished":"2019-02-19T08:26:05+00:00","dateModified":"2024-02-28T23:13:44+00:00","breadcrumb":{"@id":"https:\/\/www.gilroynapolishort.com\/practice-areas\/criminal-defense\/weapons-charges\/#breadcrumb"},"inLanguage":"es","potentialAction":[{"@type":"ReadAction","target":["https:\/\/www.gilroynapolishort.com\/practice-areas\/criminal-defense\/weapons-charges\/"]}]},{"@type":"BreadcrumbList","@id":"https:\/\/www.gilroynapolishort.com\/practice-areas\/criminal-defense\/weapons-charges\/#breadcrumb","itemListElement":[{"@type":"ListItem","position":1,"name":"Home","item":"https:\/\/www.gilroynapolishort.com\/"},{"@type":"ListItem","position":2,"name":"Practice Areas","item":"https:\/\/www.gilroynapolishort.com\/practice-areas\/"},{"@type":"ListItem","position":3,"name":"Criminal Defense","item":"https:\/\/www.gilroynapolishort.com\/practice-areas\/criminal-defense\/"},{"@type":"ListItem","position":4,"name":"Weapons Charges"}]},{"@type":"WebSite","@id":"https:\/\/www.gilroynapolishort.com\/#website","url":"https:\/\/www.gilroynapolishort.com\/","name":"Grupo de abogados Gilroy Napoli Short","description":"","potentialAction":[{"@type":"SearchAction","target":{"@type":"EntryPoint","urlTemplate":"https:\/\/www.gilroynapolishort.com\/?s={search_term_string}"},"query-input":{"@type":"PropertyValueSpecification","valueRequired":true,"valueName":"search_term_string"}}],"inLanguage":"es"}]}},"_links":{"self":[{"href":"https:\/\/www.gilroynapolishort.com\/es\/wp-json\/wp\/v2\/pages\/259","targetHints":{"allow":["GET"]}}],"collection":[{"href":"https:\/\/www.gilroynapolishort.com\/es\/wp-json\/wp\/v2\/pages"}],"about":[{"href":"https:\/\/www.gilroynapolishort.com\/es\/wp-json\/wp\/v2\/types\/page"}],"author":[{"embeddable":true,"href":"https:\/\/www.gilroynapolishort.com\/es\/wp-json\/wp\/v2\/users\/2"}],"replies":[{"embeddable":true,"href":"https:\/\/www.gilroynapolishort.com\/es\/wp-json\/wp\/v2\/comments?post=259"}],"version-history":[{"count":0,"href":"https:\/\/www.gilroynapolishort.com\/es\/wp-json\/wp\/v2\/pages\/259\/revisions"}],"up":[{"embeddable":true,"href":"https:\/\/www.gilroynapolishort.com\/es\/wp-json\/wp\/v2\/pages\/221"}],"wp:attachment":[{"href":"https:\/\/www.gilroynapolishort.com\/es\/wp-json\/wp\/v2\/media?parent=259"}],"curies":[{"name":"wp","href":"https:\/\/api.w.org\/{rel}","templated":true}]}}