{"id":263,"date":"2019-02-19T08:26:38","date_gmt":"2019-02-19T08:26:38","guid":{"rendered":"https:\/\/www.gilroynapolishort.com\/?page_id=263"},"modified":"2024-02-28T23:14:52","modified_gmt":"2024-02-28T23:14:52","slug":"prostitution","status":"publish","type":"page","link":"https:\/\/www.gilroynapolishort.com\/es\/practice-areas\/criminal-defense\/prostitution\/","title":{"rendered":"Prostituci\u00f3n"},"content":{"rendered":"<h1>Prostituci\u00f3n<\/h1>\n<p>En Oreg\u00f3n, muchos delitos de prostituci\u00f3n constituyen delitos menores de Clase A, punibles con hasta un a\u00f1o de c\u00e1rcel y una multa de $6,250. La ciudad de Portland y otros municipios tambi\u00e9n cuentan con ordenanzas que proh\u00edben actividades como el merodeo con fines de prostituci\u00f3n, y la polic\u00eda de la zona realiza con frecuencia operativos contra presuntos clientes y prostitutas.<\/p>\n<p>Si ha sido arrestado por prostituci\u00f3n o por violar una ordenanza municipal sobre prostituci\u00f3n, probablemente recibi\u00f3 una citaci\u00f3n que le indica que debe comparecer ante el tribunal m\u00e1s adelante. Ahora es el momento de hablar con un abogado. Con una representaci\u00f3n legal experimentada y competente, es posible minimizar las consecuencias o incluso lograr que se desestime el cargo.<\/p>\n<p>Llame hoy mismo a Gilroy Napoli Short Law Group al 503-747-7198. En una consulta gratuita, revisaremos su situaci\u00f3n y le explicaremos c\u00f3mo podemos ayudarle.<\/p>\n<h2>Buscando un resultado favorable para cada cliente<\/h2>\n<p>En Gilroy Napoli Short Law Group contamos con a\u00f1os de experiencia en los tribunales de Oreg\u00f3n, tanto como fiscales como abogados defensores. Al representarlo, pondremos a su disposici\u00f3n nuestra experiencia y conocimientos, buscando minimizar las consecuencias y lograr una soluci\u00f3n favorable.<\/p>\n<p>En el condado de Multnomah, su caso podr\u00eda remitirse al Tribunal Comunitario. En este tribunal, podr\u00edamos obtener la desestimaci\u00f3n de los cargos, siempre que se mantenga alejado de problemas durante los meses intermedios y asista a una clase de John. Tras completar con \u00e9xito el programa, podr\u00edamos obtener una\u00a0<a href=\"https:\/\/www.gilroynapolishort.com\/es\/criminal-defense\/expungements-clearing-your-record\/\">eliminaci\u00f3n de antecedentes penales<\/a>.<\/p>\n<p>Cualquiera que sean las circunstancias, manejaremos su caso con discreci\u00f3n y sensibilidad protegiendo sus derechos en todo momento.<\/p>\n<h2>\u00bfAcusado de prostituci\u00f3n o de promover la prostituci\u00f3n?<\/h2>\n<p>Gilroy Napoli Short Law Group tambi\u00e9n defiende a personas acusadas de delitos menores por ejercer la prostituci\u00f3n u ofrecer participar en ella, as\u00ed como por los delitos graves de promover la prostituci\u00f3n y obligar a la prostituci\u00f3n.<\/p>\n<h2>Cont\u00e1ctenos hoy<\/h2>\n<p>Para una consulta inicial gratuita con un abogado especializado en prostituci\u00f3n, llame a Gilroy Napoli Short Law Group al 503-747-7198 o\u00a0<a href=\"https:\/\/www.gilroynapolishort.com\/es\/contact\/\">Cont\u00e1ctenos por correo electr\u00f3nico<\/a>Representamos a personas en Portland, Salem, Beaverton, Hillsboro y \u00e1reas circundantes.<\/p>\n<p><strong>Se habla espa\u00f1ol.<\/strong><\/p>\n<p>Llame hoy para una consulta gratuita: <a href=\"tel:5037477198\">503-747-7198<\/a><\/p>","protected":false},"excerpt":{"rendered":"<p>Prostitution In Oregon, many prostitution crimes are a Class A misdemeanors punishable by up to one year in jail and a fine of $6,250. The city of Portland and other&#8230;<\/p>","protected":false},"author":2,"featured_media":0,"parent":221,"menu_order":0,"comment_status":"closed","ping_status":"closed","template":"single-criminal-page.php","meta":{"_acf_changed":false,"footnotes":""},"class_list":["post-263","page","type-page","status-publish","hentry"],"acf":[],"yoast_head":"<!-- This site is optimized with the Yoast SEO plugin v27.3 - https:\/\/yoast.com\/product\/yoast-seo-wordpress\/ -->\n<title>Prostitution - GNS Law Group<\/title>\n<meta name=\"robots\" content=\"index, follow, max-snippet:-1, max-image-preview:large, max-video-preview:-1\" \/>\n<link rel=\"canonical\" href=\"https:\/\/www.gilroynapolishort.com\/es\/practice-areas\/criminal-defense\/prostitution\/\" \/>\n<meta property=\"og:locale\" content=\"es_MX\" \/>\n<meta property=\"og:type\" content=\"article\" \/>\n<meta property=\"og:title\" content=\"Prostitution - GNS Law Group\" \/>\n<meta property=\"og:description\" content=\"Prostitution In Oregon, many prostitution crimes are a Class A misdemeanors punishable by up to one year in jail and a fine of $6,250. The city of Portland and other...\" \/>\n<meta property=\"og:url\" content=\"https:\/\/www.gilroynapolishort.com\/es\/practice-areas\/criminal-defense\/prostitution\/\" \/>\n<meta property=\"og:site_name\" content=\"GNS Law Group\" \/>\n<meta property=\"article:modified_time\" content=\"2024-02-28T23:14:52+00:00\" \/>\n<meta name=\"twitter:card\" content=\"summary_large_image\" \/>\n<meta name=\"twitter:label1\" content=\"Est. reading time\" \/>\n\t<meta name=\"twitter:data1\" content=\"2 minutos\" \/>\n<script type=\"application\/ld+json\" class=\"yoast-schema-graph\">{\"@context\":\"https:\\\/\\\/schema.org\",\"@graph\":[{\"@type\":\"WebPage\",\"@id\":\"https:\\\/\\\/www.gilroynapolishort.com\\\/practice-areas\\\/criminal-defense\\\/prostitution\\\/\",\"url\":\"https:\\\/\\\/www.gilroynapolishort.com\\\/practice-areas\\\/criminal-defense\\\/prostitution\\\/\",\"name\":\"Prostitution - GNS Law Group\",\"isPartOf\":{\"@id\":\"https:\\\/\\\/www.gilroynapolishort.com\\\/#website\"},\"datePublished\":\"2019-02-19T08:26:38+00:00\",\"dateModified\":\"2024-02-28T23:14:52+00:00\",\"breadcrumb\":{\"@id\":\"https:\\\/\\\/www.gilroynapolishort.com\\\/practice-areas\\\/criminal-defense\\\/prostitution\\\/#breadcrumb\"},\"inLanguage\":\"es\",\"potentialAction\":[{\"@type\":\"ReadAction\",\"target\":[\"https:\\\/\\\/www.gilroynapolishort.com\\\/practice-areas\\\/criminal-defense\\\/prostitution\\\/\"]}]},{\"@type\":\"BreadcrumbList\",\"@id\":\"https:\\\/\\\/www.gilroynapolishort.com\\\/practice-areas\\\/criminal-defense\\\/prostitution\\\/#breadcrumb\",\"itemListElement\":[{\"@type\":\"ListItem\",\"position\":1,\"name\":\"Home\",\"item\":\"https:\\\/\\\/www.gilroynapolishort.com\\\/\"},{\"@type\":\"ListItem\",\"position\":2,\"name\":\"Practice Areas\",\"item\":\"https:\\\/\\\/www.gilroynapolishort.com\\\/practice-areas\\\/\"},{\"@type\":\"ListItem\",\"position\":3,\"name\":\"Criminal Defense\",\"item\":\"https:\\\/\\\/www.gilroynapolishort.com\\\/practice-areas\\\/criminal-defense\\\/\"},{\"@type\":\"ListItem\",\"position\":4,\"name\":\"Prostitution\"}]},{\"@type\":\"WebSite\",\"@id\":\"https:\\\/\\\/www.gilroynapolishort.com\\\/#website\",\"url\":\"https:\\\/\\\/www.gilroynapolishort.com\\\/\",\"name\":\"Gilroy Napoli Short Law Group\",\"description\":\"\",\"potentialAction\":[{\"@type\":\"SearchAction\",\"target\":{\"@type\":\"EntryPoint\",\"urlTemplate\":\"https:\\\/\\\/www.gilroynapolishort.com\\\/?s={search_term_string}\"},\"query-input\":{\"@type\":\"PropertyValueSpecification\",\"valueRequired\":true,\"valueName\":\"search_term_string\"}}],\"inLanguage\":\"es\"}]}<\/script>\n<!-- \/ Yoast SEO plugin. -->","yoast_head_json":{"title":"Prostitution - GNS Law Group","robots":{"index":"index","follow":"follow","max-snippet":"max-snippet:-1","max-image-preview":"max-image-preview:large","max-video-preview":"max-video-preview:-1"},"canonical":"https:\/\/www.gilroynapolishort.com\/es\/practice-areas\/criminal-defense\/prostitution\/","og_locale":"es_MX","og_type":"article","og_title":"Prostitution - GNS Law Group","og_description":"Prostitution In Oregon, many prostitution crimes are a Class A misdemeanors punishable by up to one year in jail and a fine of $6,250. The city of Portland and other...","og_url":"https:\/\/www.gilroynapolishort.com\/es\/practice-areas\/criminal-defense\/prostitution\/","og_site_name":"GNS Law Group","article_modified_time":"2024-02-28T23:14:52+00:00","twitter_card":"summary_large_image","twitter_misc":{"Est. reading time":"2 minutos"},"schema":{"@context":"https:\/\/schema.org","@graph":[{"@type":"WebPage","@id":"https:\/\/www.gilroynapolishort.com\/practice-areas\/criminal-defense\/prostitution\/","url":"https:\/\/www.gilroynapolishort.com\/practice-areas\/criminal-defense\/prostitution\/","name":"Prostitution - GNS Law Group","isPartOf":{"@id":"https:\/\/www.gilroynapolishort.com\/#website"},"datePublished":"2019-02-19T08:26:38+00:00","dateModified":"2024-02-28T23:14:52+00:00","breadcrumb":{"@id":"https:\/\/www.gilroynapolishort.com\/practice-areas\/criminal-defense\/prostitution\/#breadcrumb"},"inLanguage":"es","potentialAction":[{"@type":"ReadAction","target":["https:\/\/www.gilroynapolishort.com\/practice-areas\/criminal-defense\/prostitution\/"]}]},{"@type":"BreadcrumbList","@id":"https:\/\/www.gilroynapolishort.com\/practice-areas\/criminal-defense\/prostitution\/#breadcrumb","itemListElement":[{"@type":"ListItem","position":1,"name":"Home","item":"https:\/\/www.gilroynapolishort.com\/"},{"@type":"ListItem","position":2,"name":"Practice Areas","item":"https:\/\/www.gilroynapolishort.com\/practice-areas\/"},{"@type":"ListItem","position":3,"name":"Criminal Defense","item":"https:\/\/www.gilroynapolishort.com\/practice-areas\/criminal-defense\/"},{"@type":"ListItem","position":4,"name":"Prostitution"}]},{"@type":"WebSite","@id":"https:\/\/www.gilroynapolishort.com\/#website","url":"https:\/\/www.gilroynapolishort.com\/","name":"Grupo de abogados Gilroy Napoli Short","description":"","potentialAction":[{"@type":"SearchAction","target":{"@type":"EntryPoint","urlTemplate":"https:\/\/www.gilroynapolishort.com\/?s={search_term_string}"},"query-input":{"@type":"PropertyValueSpecification","valueRequired":true,"valueName":"search_term_string"}}],"inLanguage":"es"}]}},"_links":{"self":[{"href":"https:\/\/www.gilroynapolishort.com\/es\/wp-json\/wp\/v2\/pages\/263","targetHints":{"allow":["GET"]}}],"collection":[{"href":"https:\/\/www.gilroynapolishort.com\/es\/wp-json\/wp\/v2\/pages"}],"about":[{"href":"https:\/\/www.gilroynapolishort.com\/es\/wp-json\/wp\/v2\/types\/page"}],"author":[{"embeddable":true,"href":"https:\/\/www.gilroynapolishort.com\/es\/wp-json\/wp\/v2\/users\/2"}],"replies":[{"embeddable":true,"href":"https:\/\/www.gilroynapolishort.com\/es\/wp-json\/wp\/v2\/comments?post=263"}],"version-history":[{"count":0,"href":"https:\/\/www.gilroynapolishort.com\/es\/wp-json\/wp\/v2\/pages\/263\/revisions"}],"up":[{"embeddable":true,"href":"https:\/\/www.gilroynapolishort.com\/es\/wp-json\/wp\/v2\/pages\/221"}],"wp:attachment":[{"href":"https:\/\/www.gilroynapolishort.com\/es\/wp-json\/wp\/v2\/media?parent=263"}],"curies":[{"name":"wp","href":"https:\/\/api.w.org\/{rel}","templated":true}]}}