{"id":265,"date":"2019-02-19T08:26:51","date_gmt":"2019-02-19T08:26:51","guid":{"rendered":"https:\/\/www.gilroynapolishort.com\/?page_id=265"},"modified":"2024-02-28T23:29:03","modified_gmt":"2024-02-28T23:29:03","slug":"removal-from-the-sex-offender-registry","status":"publish","type":"page","link":"https:\/\/www.gilroynapolishort.com\/es\/practice-areas\/criminal-defense\/removal-from-the-sex-offender-registry\/","title":{"rendered":"Eliminaci\u00f3n del Registro de Delincuentes Sexuales"},"content":{"rendered":"<h2>C\u00f3mo eliminar su nombre del Registro de Delincuentes Sexuales en Oreg\u00f3n<\/h2>\n<p>En el caso de muchos delitos sexuales, la condena conlleva la inclusi\u00f3n obligatoria en el registro de delincuentes sexuales de Oreg\u00f3n. Esta lista, disponible p\u00fablicamente, puede restringir las opciones de empleo y residencia de una persona y exige que esta informe cualquier cambio de lugar de residencia. La inclusi\u00f3n en el registro de delincuentes sexuales puede seguir atormentando a una persona mucho despu\u00e9s de haber saldado su deuda con la sociedad.<\/p>\n<p>En Oreg\u00f3n, la eliminaci\u00f3n del registro de delincuentes sexuales es posible en ciertos casos. Otras personas podr\u00edan evitar ser incluidas en la lista. Sin embargo, obtener ayuda presenta desaf\u00edos y no es seguro. Los servicios de un abogado penalista con experiencia pueden ser invaluables en este proceso.<\/p>\n<h2>Abogados que protegen sus derechos<\/h2>\n<p>En Gilroy Napoli Short Law Group contamos con a\u00f1os de experiencia representando a personas acusadas de todo tipo de delitos sexuales. Trabajamos con tenacidad para proteger los derechos de nuestros clientes y preservar su libertad.<\/p>\n<p>Ll\u00e1menos al 503-747-7198 para una consulta inicial gratuita. Atendemos a personas en todo Oreg\u00f3n desde nuestras oficinas en Portland y Salem.<\/p>\n<h2>Sus opciones con respecto al Registro de Delincuentes Sexuales de Oreg\u00f3n<\/h2>\n<p>Dependiendo de las circunstancias, es posible que pueda lograr que su nombre sea eliminado de la lista de delincuentes sexuales o evitar su inclusi\u00f3n por completo, como se describe a continuaci\u00f3n.<\/p>\n<p><strong>Petici\u00f3n de destituci\u00f3n<\/strong>\u00a0\u2014 Seg\u00fan el ORS 181.820 de Oreg\u00f3n, una persona condenada por un delito grave o un delito sexual menor de Clase C puede solicitar la eliminaci\u00f3n del registro despu\u00e9s de 10 a\u00f1os. Antes de conceder dicha exenci\u00f3n, el tribunal examinar\u00e1 cuidadosamente el historial de la persona desde la condena y los factores relacionados con el delito, como el nivel de violencia y la edad de la v\u00edctima. El tribunal le exigir\u00e1 un alto nivel de exigencia, por lo que su solicitud debe estar bien preparada y argumentada.<\/p>\n<p><strong>J\u00f3venes<\/strong>\u00a0Los menores de edad que hayan sido condenados por un delito sexual menor que normalmente resultar\u00eda en su registro como adultos ya no tienen que registrarse. Quienes hayan sido condenados por un delito sexual grave de Clase C pueden solicitar una exenci\u00f3n 30 d\u00edas despu\u00e9s de su liberaci\u00f3n, o de su libertad condicional, libertad bajo palabra o encarcelamiento. Quienes hayan sido condenados por delitos sexuales graves de Clase A y Clase B pueden solicitar una exenci\u00f3n dos a\u00f1os despu\u00e9s de su liberaci\u00f3n, o de su libertad condicional, libertad bajo palabra o encarcelamiento.<\/p>\n<p><strong>Acuerdo de culpabilidad<\/strong>\u00a0Aunque puede ser un trago amargo, quiz\u00e1s sea preferible buscar una soluci\u00f3n que resulte en una condena por delito grave sin registro en lugar de una condena por delito menor que s\u00ed lo requiera. Un abogado de Gilroy Napoli Short Law Group puede revisar su situaci\u00f3n y analizar las ventajas y desventajas de este enfoque.<\/p>\n<p><strong>Defensa agresiva en el juicio<\/strong>\u00a0\u2014 Esta puede ser la mejor opci\u00f3n para algunas personas acusadas de\u00a0<a href=\"https:\/\/www.gilroynapolishort.com\/es\/criminal-defense\/sex-crimes\/\">delitos sexuales<\/a>Como abogados litigantes con experiencia, lo defenderemos en\u00e9rgicamente, buscando la desestimaci\u00f3n de los cargos, un veredicto de no culpabilidad u otro resultado aceptable.<\/p>\n<h2>Obtenga ayuda legal hoy<\/h2>\n<p>Para obtener m\u00e1s informaci\u00f3n sobre c\u00f3mo obtener alivio del registro de delincuentes sexuales, llame a Gilroy Napoli Short Law Group al 503-747-7198 o\u00a0<a href=\"https:\/\/www.gilroynapolishort.com\/es\/criminal-defense\/contact\/\">Cont\u00e1ctenos en l\u00ednea<\/a>Representamos a personas en Portland, Salem, Beaverton, Hillsboro y \u00e1reas circundantes.<\/p>\n<p><strong>Se habla espa\u00f1ol.<\/strong><\/p>\n<p>Llame hoy para una consulta gratuita: <a href=\"tel:5037477198\">503-747-7198<\/a><\/p>","protected":false},"excerpt":{"rendered":"<p>Getting You Name Removed From the Sex Offender Registry in Oregon For many sex crime charges, conviction results in mandatory listing on the Oregon sex offender registry. This is a&#8230;<\/p>","protected":false},"author":2,"featured_media":0,"parent":221,"menu_order":0,"comment_status":"closed","ping_status":"closed","template":"single-criminal-page.php","meta":{"_acf_changed":false,"footnotes":""},"class_list":["post-265","page","type-page","status-publish","hentry"],"acf":[],"yoast_head":"<!-- This site is optimized with the Yoast SEO plugin v27.3 - https:\/\/yoast.com\/product\/yoast-seo-wordpress\/ -->\n<title>Removal From the Sex Offender Registry - GNS Law Group<\/title>\n<meta name=\"robots\" content=\"index, follow, max-snippet:-1, max-image-preview:large, max-video-preview:-1\" \/>\n<link rel=\"canonical\" href=\"https:\/\/www.gilroynapolishort.com\/es\/practice-areas\/criminal-defense\/removal-from-the-sex-offender-registry\/\" \/>\n<meta property=\"og:locale\" content=\"es_MX\" \/>\n<meta property=\"og:type\" content=\"article\" \/>\n<meta property=\"og:title\" content=\"Removal From the Sex Offender Registry - GNS Law Group\" \/>\n<meta property=\"og:description\" content=\"Getting You Name Removed From the Sex Offender Registry in Oregon For many sex crime charges, conviction results in mandatory listing on the Oregon sex offender registry. This is a...\" \/>\n<meta property=\"og:url\" content=\"https:\/\/www.gilroynapolishort.com\/es\/practice-areas\/criminal-defense\/removal-from-the-sex-offender-registry\/\" \/>\n<meta property=\"og:site_name\" content=\"GNS Law Group\" \/>\n<meta property=\"article:modified_time\" content=\"2024-02-28T23:29:03+00:00\" \/>\n<meta name=\"twitter:card\" content=\"summary_large_image\" \/>\n<meta name=\"twitter:label1\" content=\"Est. reading time\" \/>\n\t<meta name=\"twitter:data1\" content=\"3 minutos\" \/>\n<script type=\"application\/ld+json\" class=\"yoast-schema-graph\">{\"@context\":\"https:\\\/\\\/schema.org\",\"@graph\":[{\"@type\":\"WebPage\",\"@id\":\"https:\\\/\\\/www.gilroynapolishort.com\\\/practice-areas\\\/criminal-defense\\\/removal-from-the-sex-offender-registry\\\/\",\"url\":\"https:\\\/\\\/www.gilroynapolishort.com\\\/practice-areas\\\/criminal-defense\\\/removal-from-the-sex-offender-registry\\\/\",\"name\":\"Removal From the Sex Offender Registry - GNS Law Group\",\"isPartOf\":{\"@id\":\"https:\\\/\\\/www.gilroynapolishort.com\\\/#website\"},\"datePublished\":\"2019-02-19T08:26:51+00:00\",\"dateModified\":\"2024-02-28T23:29:03+00:00\",\"breadcrumb\":{\"@id\":\"https:\\\/\\\/www.gilroynapolishort.com\\\/practice-areas\\\/criminal-defense\\\/removal-from-the-sex-offender-registry\\\/#breadcrumb\"},\"inLanguage\":\"es\",\"potentialAction\":[{\"@type\":\"ReadAction\",\"target\":[\"https:\\\/\\\/www.gilroynapolishort.com\\\/practice-areas\\\/criminal-defense\\\/removal-from-the-sex-offender-registry\\\/\"]}]},{\"@type\":\"BreadcrumbList\",\"@id\":\"https:\\\/\\\/www.gilroynapolishort.com\\\/practice-areas\\\/criminal-defense\\\/removal-from-the-sex-offender-registry\\\/#breadcrumb\",\"itemListElement\":[{\"@type\":\"ListItem\",\"position\":1,\"name\":\"Home\",\"item\":\"https:\\\/\\\/www.gilroynapolishort.com\\\/\"},{\"@type\":\"ListItem\",\"position\":2,\"name\":\"Practice Areas\",\"item\":\"https:\\\/\\\/www.gilroynapolishort.com\\\/practice-areas\\\/\"},{\"@type\":\"ListItem\",\"position\":3,\"name\":\"Criminal Defense\",\"item\":\"https:\\\/\\\/www.gilroynapolishort.com\\\/practice-areas\\\/criminal-defense\\\/\"},{\"@type\":\"ListItem\",\"position\":4,\"name\":\"Removal From the Sex Offender Registry\"}]},{\"@type\":\"WebSite\",\"@id\":\"https:\\\/\\\/www.gilroynapolishort.com\\\/#website\",\"url\":\"https:\\\/\\\/www.gilroynapolishort.com\\\/\",\"name\":\"Gilroy Napoli Short Law Group\",\"description\":\"\",\"potentialAction\":[{\"@type\":\"SearchAction\",\"target\":{\"@type\":\"EntryPoint\",\"urlTemplate\":\"https:\\\/\\\/www.gilroynapolishort.com\\\/?s={search_term_string}\"},\"query-input\":{\"@type\":\"PropertyValueSpecification\",\"valueRequired\":true,\"valueName\":\"search_term_string\"}}],\"inLanguage\":\"es\"}]}<\/script>\n<!-- \/ Yoast SEO plugin. -->","yoast_head_json":{"title":"Removal From the Sex Offender Registry - GNS Law Group","robots":{"index":"index","follow":"follow","max-snippet":"max-snippet:-1","max-image-preview":"max-image-preview:large","max-video-preview":"max-video-preview:-1"},"canonical":"https:\/\/www.gilroynapolishort.com\/es\/practice-areas\/criminal-defense\/removal-from-the-sex-offender-registry\/","og_locale":"es_MX","og_type":"article","og_title":"Removal From the Sex Offender Registry - GNS Law Group","og_description":"Getting You Name Removed From the Sex Offender Registry in Oregon For many sex crime charges, conviction results in mandatory listing on the Oregon sex offender registry. This is a...","og_url":"https:\/\/www.gilroynapolishort.com\/es\/practice-areas\/criminal-defense\/removal-from-the-sex-offender-registry\/","og_site_name":"GNS Law Group","article_modified_time":"2024-02-28T23:29:03+00:00","twitter_card":"summary_large_image","twitter_misc":{"Est. reading time":"3 minutos"},"schema":{"@context":"https:\/\/schema.org","@graph":[{"@type":"WebPage","@id":"https:\/\/www.gilroynapolishort.com\/practice-areas\/criminal-defense\/removal-from-the-sex-offender-registry\/","url":"https:\/\/www.gilroynapolishort.com\/practice-areas\/criminal-defense\/removal-from-the-sex-offender-registry\/","name":"Removal From the Sex Offender Registry - GNS Law Group","isPartOf":{"@id":"https:\/\/www.gilroynapolishort.com\/#website"},"datePublished":"2019-02-19T08:26:51+00:00","dateModified":"2024-02-28T23:29:03+00:00","breadcrumb":{"@id":"https:\/\/www.gilroynapolishort.com\/practice-areas\/criminal-defense\/removal-from-the-sex-offender-registry\/#breadcrumb"},"inLanguage":"es","potentialAction":[{"@type":"ReadAction","target":["https:\/\/www.gilroynapolishort.com\/practice-areas\/criminal-defense\/removal-from-the-sex-offender-registry\/"]}]},{"@type":"BreadcrumbList","@id":"https:\/\/www.gilroynapolishort.com\/practice-areas\/criminal-defense\/removal-from-the-sex-offender-registry\/#breadcrumb","itemListElement":[{"@type":"ListItem","position":1,"name":"Home","item":"https:\/\/www.gilroynapolishort.com\/"},{"@type":"ListItem","position":2,"name":"Practice Areas","item":"https:\/\/www.gilroynapolishort.com\/practice-areas\/"},{"@type":"ListItem","position":3,"name":"Criminal Defense","item":"https:\/\/www.gilroynapolishort.com\/practice-areas\/criminal-defense\/"},{"@type":"ListItem","position":4,"name":"Removal From the Sex Offender Registry"}]},{"@type":"WebSite","@id":"https:\/\/www.gilroynapolishort.com\/#website","url":"https:\/\/www.gilroynapolishort.com\/","name":"Grupo de abogados Gilroy Napoli Short","description":"","potentialAction":[{"@type":"SearchAction","target":{"@type":"EntryPoint","urlTemplate":"https:\/\/www.gilroynapolishort.com\/?s={search_term_string}"},"query-input":{"@type":"PropertyValueSpecification","valueRequired":true,"valueName":"search_term_string"}}],"inLanguage":"es"}]}},"_links":{"self":[{"href":"https:\/\/www.gilroynapolishort.com\/es\/wp-json\/wp\/v2\/pages\/265","targetHints":{"allow":["GET"]}}],"collection":[{"href":"https:\/\/www.gilroynapolishort.com\/es\/wp-json\/wp\/v2\/pages"}],"about":[{"href":"https:\/\/www.gilroynapolishort.com\/es\/wp-json\/wp\/v2\/types\/page"}],"author":[{"embeddable":true,"href":"https:\/\/www.gilroynapolishort.com\/es\/wp-json\/wp\/v2\/users\/2"}],"replies":[{"embeddable":true,"href":"https:\/\/www.gilroynapolishort.com\/es\/wp-json\/wp\/v2\/comments?post=265"}],"version-history":[{"count":0,"href":"https:\/\/www.gilroynapolishort.com\/es\/wp-json\/wp\/v2\/pages\/265\/revisions"}],"up":[{"embeddable":true,"href":"https:\/\/www.gilroynapolishort.com\/es\/wp-json\/wp\/v2\/pages\/221"}],"wp:attachment":[{"href":"https:\/\/www.gilroynapolishort.com\/es\/wp-json\/wp\/v2\/media?parent=265"}],"curies":[{"name":"wp","href":"https:\/\/api.w.org\/{rel}","templated":true}]}}