{"id":267,"date":"2019-02-19T08:27:04","date_gmt":"2019-02-19T08:27:04","guid":{"rendered":"https:\/\/www.gilroynapolishort.com\/?page_id=267"},"modified":"2024-02-28T23:15:12","modified_gmt":"2024-02-28T23:15:12","slug":"sex-crimes","status":"publish","type":"page","link":"https:\/\/www.gilroynapolishort.com\/es\/practice-areas\/criminal-defense\/sex-crimes\/","title":{"rendered":"Delitos sexuales"},"content":{"rendered":"<h1>Delitos sexuales<\/h1>\n<p>Su arresto por un delito sexual grave en el \u00e1rea metropolitana de Portland tiene implicaciones igualmente graves para su futuro incierto. Solo una representaci\u00f3n penal con amplia experiencia puede limpiar su nombre y restaurar sus libertades y su sustento. De lo contrario, corre el riesgo de recibir sanciones que le cambiar\u00e1n la vida, como penas de c\u00e1rcel, multas elevadas, antecedentes penales y registro de delincuentes sexuales.<\/p>\n<p>Los abogados que pueden defenderlo est\u00e1n tan cerca como su tel\u00e9fono: 503-747-7198. Puede hablar con los expertos abogados de defensa penal de Gilroy Napoli Short Law Group en Portland y Salem. Nuestro distinguido...\u00a0<a href=\"https:\/\/www.gilroynapolishort.com\/es\/attorney\/\">equipo legal<\/a>\u00a0utiliza expertamente su\u00a0<strong>M\u00e1s de 25 a\u00f1os de experiencia combinada en juicios,<\/strong>\u00a0Talento en investigaci\u00f3n intensiva y habilidades de negociaci\u00f3n para colocarlo en la mejor posici\u00f3n legal posible antes, durante y despu\u00e9s del proceso judicial penal.<\/p>\n<p>Si es necesario, su consulta inicial gratuita puede realizarse en una comisar\u00eda o prisi\u00f3n tras un arresto. A partir de ese momento, le ofrecemos m\u00e9todos de defensa agresivos, abordamos sus inquietudes con honestidad y claridad, y hacemos todo lo posible por proteger sus derechos.<\/p>\n<h3>Obtenga ayuda legal hoy<\/h3>\n<p>Debe comunicarse con Gilroy Napoli Short Law Group de inmediato si est\u00e1 siendo investigado o ha sido arrestado por un delito sexual grave como:<\/p>\n<ul>\n<li>Violaci\u00f3n<\/li>\n<li>violaci\u00f3n en una cita<\/li>\n<li>Solicitaci\u00f3n<\/li>\n<li>Posesi\u00f3n o distribuci\u00f3n de pornograf\u00eda infantil<\/li>\n<li>Solicitaci\u00f3n por Internet de un menor<\/li>\n<li>Sexteo<\/li>\n<li>Producci\u00f3n y venta de material pornogr\u00e1fico protagonizado por menores<\/li>\n<li>Abuso de menores<\/li>\n<li>conducta lasciva<\/li>\n<li>Complacencia<\/li>\n<li>Exhibicionismo<\/li>\n<li><a href=\"https:\/\/www.gilroynapolishort.com\/es\/criminal-defense\/prostitution\/\">Solicitaci\u00f3n de prostituci\u00f3n<\/a><\/li>\n<li>Sodom\u00eda agravada<\/li>\n<li>No registrarse como delincuente sexual<\/li>\n<\/ul>\n<h2>Abogados litigantes expertos de Oregon con m\u00e1s de 25 a\u00f1os de experiencia combinada<\/h2>\n<p>Hay demasiado en juego como para confiar su representaci\u00f3n en casos de delitos sexuales a un abogado defensor sin experiencia ni experiencia que no tenga reputaci\u00f3n de...\u00a0<a href=\"https:\/\/www.gilroynapolishort.com\/es\/testimonials\/\">resultados<\/a>\u00a0Que ofrece Gilroy Napoli Short Law Group. Su libertad y su futuro est\u00e1n en juego. Sin el apoyo del equipo de abogados adecuado, podr\u00eda terminar en la c\u00e1rcel o prisi\u00f3n, recibir multas cuantiosas, quedar marcado con antecedentes penales y verse obligado a registrarse como delincuente sexual.<\/p>\n<p>Tiene un problema y trabajaremos arduamente para encontrarle una soluci\u00f3n. Acuda a los abogados de confianza, eficaces y con amplia experiencia que d\u00eda a d\u00eda encuentran soluciones para los habitantes de Oreg\u00f3n que tienen problemas con la ley. El bufete de abogados especializado en defensa por violaci\u00f3n y agresi\u00f3n sexual que protege sus intereses desde la lectura de cargos hasta la sentencia, y hasta la apelaci\u00f3n penal si es necesario, es Gilroy Napoli Short Law Group.<\/p>\n<p><a href=\"https:\/\/www.gilroynapolishort.com\/es\/criminal-defense\/removal-from-the-sex-offender-registry\/\">Eliminaci\u00f3n del registro de delincuentes sexuales<\/a>\u00a0Es posible en algunos casos. Gilroy Napoli Short Law Group podr\u00eda ayudarle.<\/p>\n<h2>Consulta gratuita con un abogado<\/h2>\n<p><a href=\"https:\/\/www.gilroynapolishort.com\/es\/contact\/\">Contacto<\/a>\u00a0Nuestras oficinas legales en Portland o Salem le brindan asistencia desde cualquier lugar del estado, incluyendo Portland, Tigard, Beaverton, Hillsboro y alrededores. Llame al 503-747-7198. Respondemos con prontitud a correos electr\u00f3nicos y mensajes urgentes.<\/p>\n<p><strong>Se habla espa\u00f1ol.<\/strong><\/p>\n<p>Llame hoy para una consulta gratuita: <a href=\"tel:5037477198\">503-747-7198<\/a><\/p>","protected":false},"excerpt":{"rendered":"<p>Sex Crimes Your arrest for a serious sex crime in Greater Portland has equally serious implications for your uncertain future. Only seriously experienced criminal defense representation can clear your name&#8230;<\/p>","protected":false},"author":2,"featured_media":0,"parent":221,"menu_order":0,"comment_status":"closed","ping_status":"closed","template":"single-criminal-page.php","meta":{"_acf_changed":false,"footnotes":""},"class_list":["post-267","page","type-page","status-publish","hentry"],"acf":[],"yoast_head":"<!-- This site is optimized with the Yoast SEO plugin v27.3 - https:\/\/yoast.com\/product\/yoast-seo-wordpress\/ -->\n<title>Sex Crimes - GNS Law Group<\/title>\n<meta name=\"robots\" content=\"index, follow, max-snippet:-1, max-image-preview:large, max-video-preview:-1\" \/>\n<link rel=\"canonical\" href=\"https:\/\/www.gilroynapolishort.com\/es\/practice-areas\/criminal-defense\/sex-crimes\/\" \/>\n<meta property=\"og:locale\" content=\"es_MX\" \/>\n<meta property=\"og:type\" content=\"article\" \/>\n<meta property=\"og:title\" content=\"Sex Crimes - GNS Law Group\" \/>\n<meta property=\"og:description\" content=\"Sex Crimes Your arrest for a serious sex crime in Greater Portland has equally serious implications for your uncertain future. Only seriously experienced criminal defense representation can clear your name...\" \/>\n<meta property=\"og:url\" content=\"https:\/\/www.gilroynapolishort.com\/es\/practice-areas\/criminal-defense\/sex-crimes\/\" \/>\n<meta property=\"og:site_name\" content=\"GNS Law Group\" \/>\n<meta property=\"article:modified_time\" content=\"2024-02-28T23:15:12+00:00\" \/>\n<meta name=\"twitter:card\" content=\"summary_large_image\" \/>\n<meta name=\"twitter:label1\" content=\"Est. reading time\" \/>\n\t<meta name=\"twitter:data1\" content=\"2 minutos\" \/>\n<script type=\"application\/ld+json\" class=\"yoast-schema-graph\">{\"@context\":\"https:\\\/\\\/schema.org\",\"@graph\":[{\"@type\":\"WebPage\",\"@id\":\"https:\\\/\\\/www.gilroynapolishort.com\\\/practice-areas\\\/criminal-defense\\\/sex-crimes\\\/\",\"url\":\"https:\\\/\\\/www.gilroynapolishort.com\\\/practice-areas\\\/criminal-defense\\\/sex-crimes\\\/\",\"name\":\"Sex Crimes - GNS Law Group\",\"isPartOf\":{\"@id\":\"https:\\\/\\\/www.gilroynapolishort.com\\\/#website\"},\"datePublished\":\"2019-02-19T08:27:04+00:00\",\"dateModified\":\"2024-02-28T23:15:12+00:00\",\"breadcrumb\":{\"@id\":\"https:\\\/\\\/www.gilroynapolishort.com\\\/practice-areas\\\/criminal-defense\\\/sex-crimes\\\/#breadcrumb\"},\"inLanguage\":\"es\",\"potentialAction\":[{\"@type\":\"ReadAction\",\"target\":[\"https:\\\/\\\/www.gilroynapolishort.com\\\/practice-areas\\\/criminal-defense\\\/sex-crimes\\\/\"]}]},{\"@type\":\"BreadcrumbList\",\"@id\":\"https:\\\/\\\/www.gilroynapolishort.com\\\/practice-areas\\\/criminal-defense\\\/sex-crimes\\\/#breadcrumb\",\"itemListElement\":[{\"@type\":\"ListItem\",\"position\":1,\"name\":\"Home\",\"item\":\"https:\\\/\\\/www.gilroynapolishort.com\\\/\"},{\"@type\":\"ListItem\",\"position\":2,\"name\":\"Practice Areas\",\"item\":\"https:\\\/\\\/www.gilroynapolishort.com\\\/practice-areas\\\/\"},{\"@type\":\"ListItem\",\"position\":3,\"name\":\"Criminal Defense\",\"item\":\"https:\\\/\\\/www.gilroynapolishort.com\\\/practice-areas\\\/criminal-defense\\\/\"},{\"@type\":\"ListItem\",\"position\":4,\"name\":\"Sex Crimes\"}]},{\"@type\":\"WebSite\",\"@id\":\"https:\\\/\\\/www.gilroynapolishort.com\\\/#website\",\"url\":\"https:\\\/\\\/www.gilroynapolishort.com\\\/\",\"name\":\"Gilroy Napoli Short Law Group\",\"description\":\"\",\"potentialAction\":[{\"@type\":\"SearchAction\",\"target\":{\"@type\":\"EntryPoint\",\"urlTemplate\":\"https:\\\/\\\/www.gilroynapolishort.com\\\/?s={search_term_string}\"},\"query-input\":{\"@type\":\"PropertyValueSpecification\",\"valueRequired\":true,\"valueName\":\"search_term_string\"}}],\"inLanguage\":\"es\"}]}<\/script>\n<!-- \/ Yoast SEO plugin. -->","yoast_head_json":{"title":"Sex Crimes - GNS Law Group","robots":{"index":"index","follow":"follow","max-snippet":"max-snippet:-1","max-image-preview":"max-image-preview:large","max-video-preview":"max-video-preview:-1"},"canonical":"https:\/\/www.gilroynapolishort.com\/es\/practice-areas\/criminal-defense\/sex-crimes\/","og_locale":"es_MX","og_type":"article","og_title":"Sex Crimes - GNS Law Group","og_description":"Sex Crimes Your arrest for a serious sex crime in Greater Portland has equally serious implications for your uncertain future. Only seriously experienced criminal defense representation can clear your name...","og_url":"https:\/\/www.gilroynapolishort.com\/es\/practice-areas\/criminal-defense\/sex-crimes\/","og_site_name":"GNS Law Group","article_modified_time":"2024-02-28T23:15:12+00:00","twitter_card":"summary_large_image","twitter_misc":{"Est. reading time":"2 minutos"},"schema":{"@context":"https:\/\/schema.org","@graph":[{"@type":"WebPage","@id":"https:\/\/www.gilroynapolishort.com\/practice-areas\/criminal-defense\/sex-crimes\/","url":"https:\/\/www.gilroynapolishort.com\/practice-areas\/criminal-defense\/sex-crimes\/","name":"Sex Crimes - GNS Law Group","isPartOf":{"@id":"https:\/\/www.gilroynapolishort.com\/#website"},"datePublished":"2019-02-19T08:27:04+00:00","dateModified":"2024-02-28T23:15:12+00:00","breadcrumb":{"@id":"https:\/\/www.gilroynapolishort.com\/practice-areas\/criminal-defense\/sex-crimes\/#breadcrumb"},"inLanguage":"es","potentialAction":[{"@type":"ReadAction","target":["https:\/\/www.gilroynapolishort.com\/practice-areas\/criminal-defense\/sex-crimes\/"]}]},{"@type":"BreadcrumbList","@id":"https:\/\/www.gilroynapolishort.com\/practice-areas\/criminal-defense\/sex-crimes\/#breadcrumb","itemListElement":[{"@type":"ListItem","position":1,"name":"Home","item":"https:\/\/www.gilroynapolishort.com\/"},{"@type":"ListItem","position":2,"name":"Practice Areas","item":"https:\/\/www.gilroynapolishort.com\/practice-areas\/"},{"@type":"ListItem","position":3,"name":"Criminal Defense","item":"https:\/\/www.gilroynapolishort.com\/practice-areas\/criminal-defense\/"},{"@type":"ListItem","position":4,"name":"Sex Crimes"}]},{"@type":"WebSite","@id":"https:\/\/www.gilroynapolishort.com\/#website","url":"https:\/\/www.gilroynapolishort.com\/","name":"Grupo de abogados Gilroy Napoli Short","description":"","potentialAction":[{"@type":"SearchAction","target":{"@type":"EntryPoint","urlTemplate":"https:\/\/www.gilroynapolishort.com\/?s={search_term_string}"},"query-input":{"@type":"PropertyValueSpecification","valueRequired":true,"valueName":"search_term_string"}}],"inLanguage":"es"}]}},"_links":{"self":[{"href":"https:\/\/www.gilroynapolishort.com\/es\/wp-json\/wp\/v2\/pages\/267","targetHints":{"allow":["GET"]}}],"collection":[{"href":"https:\/\/www.gilroynapolishort.com\/es\/wp-json\/wp\/v2\/pages"}],"about":[{"href":"https:\/\/www.gilroynapolishort.com\/es\/wp-json\/wp\/v2\/types\/page"}],"author":[{"embeddable":true,"href":"https:\/\/www.gilroynapolishort.com\/es\/wp-json\/wp\/v2\/users\/2"}],"replies":[{"embeddable":true,"href":"https:\/\/www.gilroynapolishort.com\/es\/wp-json\/wp\/v2\/comments?post=267"}],"version-history":[{"count":0,"href":"https:\/\/www.gilroynapolishort.com\/es\/wp-json\/wp\/v2\/pages\/267\/revisions"}],"up":[{"embeddable":true,"href":"https:\/\/www.gilroynapolishort.com\/es\/wp-json\/wp\/v2\/pages\/221"}],"wp:attachment":[{"href":"https:\/\/www.gilroynapolishort.com\/es\/wp-json\/wp\/v2\/media?parent=267"}],"curies":[{"name":"wp","href":"https:\/\/api.w.org\/{rel}","templated":true}]}}