{"id":271,"date":"2019-02-19T08:33:17","date_gmt":"2019-02-19T08:33:17","guid":{"rendered":"https:\/\/www.gilroynapolishort.com\/?page_id=271"},"modified":"2024-02-28T22:29:12","modified_gmt":"2024-02-28T22:29:12","slug":"dmv-hearings","status":"publish","type":"page","link":"https:\/\/www.gilroynapolishort.com\/es\/practice-areas\/duii-felony-duii\/dmv-hearings\/","title":{"rendered":"Audiencias del DMV"},"content":{"rendered":"<h1>Audiencias del DMV<\/h1>\n<p>Si corre el riesgo de perder su privilegio de conducir en Oregon debido a un arresto por DUI o DUII, o una sucesi\u00f3n de infracciones de tr\u00e1nsito graves, debe actuar ahora para elegir abogados con experiencia, habilidades de negociaci\u00f3n y compromiso con el cliente que puedan ponerlo nuevamente en la carretera.<\/p>\n<p>Nuestros abogados defensores saben lo que significa para usted su licencia de conducir de Oreg\u00f3n: libertad, movilidad, espontaneidad y, lo m\u00e1s importante, un medio para llegar a su trabajo y mantener a su familia. Hacemos todo lo posible para restaurar su capacidad legal para conducir.<\/p>\n<p>Tambi\u00e9n podemos salvaguardar sus intereses si ha sido arrestado por conducir con la licencia suspendida o revocada, por negarse a una prueba de alcoholemia o por cualquier otro motivo.\u00a0<a href=\"https:\/\/www.gilroynapolishort.com\/es\/DUII-felony-DUII\/\">conducir ebrio<\/a>cargo relacionado. El Grupo Legal Gilroy Napoli Short trae\u00a0<strong>m\u00e1s de 25 a\u00f1os de experiencia combinada<\/strong>\u00a0y un historial de \u00e9xito en su objetivo de volver a conducir legalmente.<\/p>\n<p>Ll\u00e1menos al 503-747-7198 para concertar su consulta gratuita.<\/p>\n<h2>Gilroy Napoli Short Law Group \u00b7 M\u00e1s de 25 a\u00f1os de experiencia combinada<\/h2>\n<p>Tras un arresto por conducir bajo los efectos del alcohol (DUI), si su licencia est\u00e1 suspendida, el plazo para solicitar una audiencia administrativa en el DMV es de solo 10 d\u00edas. Si no cumple con ese plazo, perder\u00e1 la oportunidad de impugnar la suspensi\u00f3n.<\/p>\n<p>Las suspensiones de licencia pueden durar desde 90 d\u00edas hasta tres a\u00f1os. Entendemos su preocupaci\u00f3n por perder su licencia. Al contratar a Gilroy Napoli Short Law Group, nos mantendremos al tanto de su caso en todo momento para asegurarnos de que cumpla con el plazo de apelaci\u00f3n.<\/p>\n<p>A medida que se acerca su audiencia del DMV, <a href=\"https:\/\/www.gilroynapolishort.com\/es\/attorney\/\">nuestros abogados<\/a> Trabajaremos estrechamente con usted para que comprenda cada detalle de su arresto y las sanciones que enfrenta. Puede confiar en nuestros abogados expertos en derecho penal para preparar una defensa s\u00f3lida, como hacemos con cada cliente.<\/p>\n<blockquote><p>\u00bfEs usted padre o madre de un estudiante universitario o universitario del \u00e1rea de Portland, Bend, Eugene, Ashland o Salem que reside fuera del estado y cuya licencia de conducir o antecedentes penales est\u00e1n en riesgo? Ofrecemos servicios legales de calidad para su hijo o hija, atendiendo su caso localmente para evitarle preocupaciones y gastos de viaje innecesarios.<\/p><\/blockquote>\n<h2>Consulta gratuita con un abogado defensor<\/h2>\n<p>Llama a nuestro <a href=\"https:\/\/www.gilroynapolishort.com\/es\/dui-lawyer-portland\/\">Portland<\/a>, <a href=\"https:\/\/www.gilroynapolishort.com\/es\/dui-lawyer-bend\/\">Bend<\/a>, Medford y <a href=\"https:\/\/www.gilroynapolishort.com\/es\/salem-dui-attorney\/\">Abogados de DUI en Salem<\/a> Para representarlo en su audiencia de licencia de conducir. O ll\u00e1menos para una consulta gratuita; comun\u00edquese con nuestro bufete al 503-747-7198. Atendemos a clientes en toda la regi\u00f3n, incluyendo clientes en los condados de Jackson, Deschutes, Tillamook, Marion, Clackamas, Washington y Multnomah, Oreg\u00f3n.<\/p>\n<p><strong>Se habla espa\u00f1ol.<\/strong><\/p>\n<p>Llame hoy para una consulta gratuita: <a href=\"tel:5037477198\">503-747-7198<\/a><\/p>","protected":false},"excerpt":{"rendered":"<p>DMV Hearings If you are at risk of losing your Oregon driving privileges because of a DUI or DUII arrest, or a succession of serious traffic violations, you should act&#8230;<\/p>","protected":false},"author":2,"featured_media":0,"parent":223,"menu_order":0,"comment_status":"closed","ping_status":"closed","template":"single-dui-page.php","meta":{"_acf_changed":false,"footnotes":""},"class_list":["post-271","page","type-page","status-publish","hentry"],"acf":[],"yoast_head":"<!-- This site is optimized with the Yoast SEO plugin v27.3 - https:\/\/yoast.com\/product\/yoast-seo-wordpress\/ -->\n<title>DMV Hearings - DUI Lawyer in Salem, Bend, Medford &amp; Portland OR<\/title>\n<meta name=\"robots\" content=\"index, follow, max-snippet:-1, max-image-preview:large, max-video-preview:-1\" \/>\n<link rel=\"canonical\" href=\"https:\/\/www.gilroynapolishort.com\/es\/practice-areas\/duii-felony-duii\/dmv-hearings\/\" \/>\n<meta property=\"og:locale\" content=\"es_MX\" \/>\n<meta property=\"og:type\" content=\"article\" \/>\n<meta property=\"og:title\" content=\"DMV Hearings - DUI Lawyer in Salem, Bend, Medford &amp; Portland OR\" \/>\n<meta property=\"og:description\" content=\"DMV Hearings If you are at risk of losing your Oregon driving privileges because of a DUI or DUII arrest, or a succession of serious traffic violations, you should act...\" \/>\n<meta property=\"og:url\" content=\"https:\/\/www.gilroynapolishort.com\/es\/practice-areas\/duii-felony-duii\/dmv-hearings\/\" \/>\n<meta property=\"og:site_name\" content=\"GNS Law Group\" \/>\n<meta property=\"article:modified_time\" content=\"2024-02-28T22:29:12+00:00\" \/>\n<meta name=\"twitter:card\" content=\"summary_large_image\" \/>\n<meta name=\"twitter:label1\" content=\"Est. reading time\" \/>\n\t<meta name=\"twitter:data1\" content=\"2 minutos\" \/>\n<script type=\"application\/ld+json\" class=\"yoast-schema-graph\">{\"@context\":\"https:\\\/\\\/schema.org\",\"@graph\":[{\"@type\":\"WebPage\",\"@id\":\"https:\\\/\\\/www.gilroynapolishort.com\\\/practice-areas\\\/duii-felony-duii\\\/dmv-hearings\\\/\",\"url\":\"https:\\\/\\\/www.gilroynapolishort.com\\\/practice-areas\\\/duii-felony-duii\\\/dmv-hearings\\\/\",\"name\":\"DMV Hearings - DUI Lawyer in Salem, Bend, Medford & Portland OR\",\"isPartOf\":{\"@id\":\"https:\\\/\\\/www.gilroynapolishort.com\\\/#website\"},\"datePublished\":\"2019-02-19T08:33:17+00:00\",\"dateModified\":\"2024-02-28T22:29:12+00:00\",\"breadcrumb\":{\"@id\":\"https:\\\/\\\/www.gilroynapolishort.com\\\/practice-areas\\\/duii-felony-duii\\\/dmv-hearings\\\/#breadcrumb\"},\"inLanguage\":\"es\",\"potentialAction\":[{\"@type\":\"ReadAction\",\"target\":[\"https:\\\/\\\/www.gilroynapolishort.com\\\/practice-areas\\\/duii-felony-duii\\\/dmv-hearings\\\/\"]}]},{\"@type\":\"BreadcrumbList\",\"@id\":\"https:\\\/\\\/www.gilroynapolishort.com\\\/practice-areas\\\/duii-felony-duii\\\/dmv-hearings\\\/#breadcrumb\",\"itemListElement\":[{\"@type\":\"ListItem\",\"position\":1,\"name\":\"Home\",\"item\":\"https:\\\/\\\/www.gilroynapolishort.com\\\/\"},{\"@type\":\"ListItem\",\"position\":2,\"name\":\"Practice Areas\",\"item\":\"https:\\\/\\\/www.gilroynapolishort.com\\\/practice-areas\\\/\"},{\"@type\":\"ListItem\",\"position\":3,\"name\":\"DUII &#038; Felony DUII\",\"item\":\"https:\\\/\\\/www.gilroynapolishort.com\\\/practice-areas\\\/duii-felony-duii\\\/\"},{\"@type\":\"ListItem\",\"position\":4,\"name\":\"DMV Hearings\"}]},{\"@type\":\"WebSite\",\"@id\":\"https:\\\/\\\/www.gilroynapolishort.com\\\/#website\",\"url\":\"https:\\\/\\\/www.gilroynapolishort.com\\\/\",\"name\":\"Gilroy Napoli Short Law Group\",\"description\":\"\",\"potentialAction\":[{\"@type\":\"SearchAction\",\"target\":{\"@type\":\"EntryPoint\",\"urlTemplate\":\"https:\\\/\\\/www.gilroynapolishort.com\\\/?s={search_term_string}\"},\"query-input\":{\"@type\":\"PropertyValueSpecification\",\"valueRequired\":true,\"valueName\":\"search_term_string\"}}],\"inLanguage\":\"es\"}]}<\/script>\n<!-- \/ Yoast SEO plugin. -->","yoast_head_json":{"title":"DMV Hearings - DUI Lawyer in Salem, Bend, Medford & Portland OR","robots":{"index":"index","follow":"follow","max-snippet":"max-snippet:-1","max-image-preview":"max-image-preview:large","max-video-preview":"max-video-preview:-1"},"canonical":"https:\/\/www.gilroynapolishort.com\/es\/practice-areas\/duii-felony-duii\/dmv-hearings\/","og_locale":"es_MX","og_type":"article","og_title":"DMV Hearings - DUI Lawyer in Salem, Bend, Medford & Portland OR","og_description":"DMV Hearings If you are at risk of losing your Oregon driving privileges because of a DUI or DUII arrest, or a succession of serious traffic violations, you should act...","og_url":"https:\/\/www.gilroynapolishort.com\/es\/practice-areas\/duii-felony-duii\/dmv-hearings\/","og_site_name":"GNS Law Group","article_modified_time":"2024-02-28T22:29:12+00:00","twitter_card":"summary_large_image","twitter_misc":{"Est. reading time":"2 minutos"},"schema":{"@context":"https:\/\/schema.org","@graph":[{"@type":"WebPage","@id":"https:\/\/www.gilroynapolishort.com\/practice-areas\/duii-felony-duii\/dmv-hearings\/","url":"https:\/\/www.gilroynapolishort.com\/practice-areas\/duii-felony-duii\/dmv-hearings\/","name":"DMV Hearings - DUI Lawyer in Salem, Bend, Medford & Portland OR","isPartOf":{"@id":"https:\/\/www.gilroynapolishort.com\/#website"},"datePublished":"2019-02-19T08:33:17+00:00","dateModified":"2024-02-28T22:29:12+00:00","breadcrumb":{"@id":"https:\/\/www.gilroynapolishort.com\/practice-areas\/duii-felony-duii\/dmv-hearings\/#breadcrumb"},"inLanguage":"es","potentialAction":[{"@type":"ReadAction","target":["https:\/\/www.gilroynapolishort.com\/practice-areas\/duii-felony-duii\/dmv-hearings\/"]}]},{"@type":"BreadcrumbList","@id":"https:\/\/www.gilroynapolishort.com\/practice-areas\/duii-felony-duii\/dmv-hearings\/#breadcrumb","itemListElement":[{"@type":"ListItem","position":1,"name":"Home","item":"https:\/\/www.gilroynapolishort.com\/"},{"@type":"ListItem","position":2,"name":"Practice Areas","item":"https:\/\/www.gilroynapolishort.com\/practice-areas\/"},{"@type":"ListItem","position":3,"name":"DUII &#038; Felony DUII","item":"https:\/\/www.gilroynapolishort.com\/practice-areas\/duii-felony-duii\/"},{"@type":"ListItem","position":4,"name":"DMV Hearings"}]},{"@type":"WebSite","@id":"https:\/\/www.gilroynapolishort.com\/#website","url":"https:\/\/www.gilroynapolishort.com\/","name":"Grupo de abogados Gilroy Napoli Short","description":"","potentialAction":[{"@type":"SearchAction","target":{"@type":"EntryPoint","urlTemplate":"https:\/\/www.gilroynapolishort.com\/?s={search_term_string}"},"query-input":{"@type":"PropertyValueSpecification","valueRequired":true,"valueName":"search_term_string"}}],"inLanguage":"es"}]}},"_links":{"self":[{"href":"https:\/\/www.gilroynapolishort.com\/es\/wp-json\/wp\/v2\/pages\/271","targetHints":{"allow":["GET"]}}],"collection":[{"href":"https:\/\/www.gilroynapolishort.com\/es\/wp-json\/wp\/v2\/pages"}],"about":[{"href":"https:\/\/www.gilroynapolishort.com\/es\/wp-json\/wp\/v2\/types\/page"}],"author":[{"embeddable":true,"href":"https:\/\/www.gilroynapolishort.com\/es\/wp-json\/wp\/v2\/users\/2"}],"replies":[{"embeddable":true,"href":"https:\/\/www.gilroynapolishort.com\/es\/wp-json\/wp\/v2\/comments?post=271"}],"version-history":[{"count":0,"href":"https:\/\/www.gilroynapolishort.com\/es\/wp-json\/wp\/v2\/pages\/271\/revisions"}],"up":[{"embeddable":true,"href":"https:\/\/www.gilroynapolishort.com\/es\/wp-json\/wp\/v2\/pages\/223"}],"wp:attachment":[{"href":"https:\/\/www.gilroynapolishort.com\/es\/wp-json\/wp\/v2\/media?parent=271"}],"curies":[{"name":"wp","href":"https:\/\/api.w.org\/{rel}","templated":true}]}}