{"id":275,"date":"2019-02-19T08:35:29","date_gmt":"2019-02-19T08:35:29","guid":{"rendered":"https:\/\/www.gilroynapolishort.com\/?page_id=275"},"modified":"2024-02-29T17:56:34","modified_gmt":"2024-02-29T17:56:34","slug":"drug-possession","status":"publish","type":"page","link":"https:\/\/www.gilroynapolishort.com\/es\/practice-areas\/drug-crimes\/drug-possession\/","title":{"rendered":"Posesi\u00f3n de drogas"},"content":{"rendered":"<h1>Posesi\u00f3n de drogas<\/h1>\n<p>La posesi\u00f3n de sustancias controladas, como coca\u00edna, metanfetamina, \u00e9xtasis o hero\u00edna, es un delito grave en Oreg\u00f3n. Tras una condena, es muy probable que se le imponga una pena de c\u00e1rcel y antecedentes penales. Tambi\u00e9n podr\u00eda perder su permiso de conducir sin posibilidad de obtener una licencia de conducir por dificultades econ\u00f3micas durante seis meses, a menos que pueda presentar razones convincentes ante el tribunal para que esto no suceda.<\/p>\n<p>En Gilroy Napoli Short Law Group, con oficinas en Portland y Salem, defendemos en\u00e9rgicamente a las personas acusadas de\u00a0<a href=\"https:\/\/www.gilroynapolishort.com\/es\/drug-crimes\/\">delitos de drogas<\/a>Nuestros abogados cuentan con m\u00e1s de 25 a\u00f1os de experiencia combinada en los tribunales de Oreg\u00f3n y trabajamos arduamente para proteger los derechos y preservar la libertad de nuestros clientes.<\/p>\n<p>Para programar una consulta gratuita con uno de nuestros abogados de posesi\u00f3n de drogas en Portland, ll\u00e1menos al 503-747-7198.<\/p>\n<h2>Delitos relacionados con drogas comerciales en Oreg\u00f3n<\/h2>\n<p>Una de nuestras principales preocupaciones ser\u00e1 evitar una condena por un delito relacionado con drogas. Por ejemplo, si lo arrestaron por posesi\u00f3n de m\u00e1s de $$300 en efectivo, materiales de empaque o una b\u00e1scula, y cierta cantidad de una sustancia controlada, podr\u00eda enfrentar un delito relacionado con drogas que conlleva penas m\u00e1s severas.<\/p>\n<p>Nuestros abogados analizar\u00e1n cuidadosamente el caso del estado en busca de fallas que podr\u00edan conducir a un resultado positivo. Siempre que sea posible, utilizamos con firmeza las mociones para suprimir pruebas obtenidas ilegalmente. Estas y otras acciones podr\u00edan resultar en la desestimaci\u00f3n de los cargos, una declaraci\u00f3n negociada aceptable o un veredicto de inocencia.<\/p>\n<h2>Mantenerse fuera de la c\u00e1rcel<\/h2>\n<p>Evitar la c\u00e1rcel y la condena es un objetivo principal de la mayor\u00eda de nuestros clientes acusados de posesi\u00f3n de drogas. Afortunadamente para quienes se ven envueltos en el sistema de justicia penal, muchos condados de Oreg\u00f3n ofrecen alternativas a la condena y la c\u00e1rcel. Por ejemplo, si cumple los requisitos para el Tribunal STOP en el condado de Multnomah y acepta participar en un tratamiento intensivo contra las drogas, puede tener la posibilidad de que se retiren los cargos en su contra. Ayudamos a nuestros clientes en este proceso constantemente.<\/p>\n<p>Ciertas personas condenadas por delitos de posesi\u00f3n de drogas pueden ser elegibles para una\u00a0<a href=\"https:\/\/www.gilroynapolishort.com\/es\/criminal-defense\/expungements-clearing-your-record\/\">eliminaci\u00f3n de antecedentes penales<\/a>Nuestra firma ha obtenido con \u00e9xito la eliminaci\u00f3n de antecedentes penales de numerosos clientes, incluidas personas condenadas por delitos graves relacionados con la marihuana.<\/p>\n<h2>Cont\u00e1ctenos para una representaci\u00f3n orientada a resultados<\/h2>\n<p>Para una consulta gratuita sobre un caso de posesi\u00f3n de drogas,\u00a0<a href=\"https:\/\/www.gilroynapolishort.com\/es\/contact\/\">contacto<\/a>\u00a0Contacte con Gilroy Napoli Short Law Group llamando al 503-747-7198. Representamos a personas en Portland, Salem, Beaverton, Hillsboro y otras partes de Oreg\u00f3n.<\/p>\n<p><strong>Se habla espa\u00f1ol.<\/strong><\/p>\n<p>Llame hoy para una consulta gratuita: <a href=\"tel:5037477198\">503-747-7198<\/a><\/p>","protected":false},"excerpt":{"rendered":"<p>Drug Possession Possession of a controlled substance such as cocaine, methamphetamine, ecstasy or heroin, is a serious crime in Oregon. Upon conviction, a jail sentence and criminal record is a&#8230;<\/p>","protected":false},"author":2,"featured_media":0,"parent":225,"menu_order":0,"comment_status":"closed","ping_status":"closed","template":"single-drug-crimes-page.php","meta":{"_acf_changed":false,"footnotes":""},"class_list":["post-275","page","type-page","status-publish","hentry"],"acf":[],"yoast_head":"<!-- This site is optimized with the Yoast SEO plugin v27.3 - https:\/\/yoast.com\/product\/yoast-seo-wordpress\/ -->\n<title>Drug Possession - GNS Law Group<\/title>\n<meta name=\"robots\" content=\"index, follow, max-snippet:-1, max-image-preview:large, max-video-preview:-1\" \/>\n<link rel=\"canonical\" href=\"https:\/\/www.gilroynapolishort.com\/es\/practice-areas\/drug-crimes\/drug-possession\/\" \/>\n<meta property=\"og:locale\" content=\"es_MX\" \/>\n<meta property=\"og:type\" content=\"article\" \/>\n<meta property=\"og:title\" content=\"Drug Possession - GNS Law Group\" \/>\n<meta property=\"og:description\" content=\"Drug Possession Possession of a controlled substance such as cocaine, methamphetamine, ecstasy or heroin, is a serious crime in Oregon. Upon conviction, a jail sentence and criminal record is a...\" \/>\n<meta property=\"og:url\" content=\"https:\/\/www.gilroynapolishort.com\/es\/practice-areas\/drug-crimes\/drug-possession\/\" \/>\n<meta property=\"og:site_name\" content=\"GNS Law Group\" \/>\n<meta property=\"article:modified_time\" content=\"2024-02-29T17:56:34+00:00\" \/>\n<meta name=\"twitter:card\" content=\"summary_large_image\" \/>\n<meta name=\"twitter:label1\" content=\"Est. reading time\" \/>\n\t<meta name=\"twitter:data1\" content=\"2 minutos\" \/>\n<script type=\"application\/ld+json\" class=\"yoast-schema-graph\">{\"@context\":\"https:\\\/\\\/schema.org\",\"@graph\":[{\"@type\":\"WebPage\",\"@id\":\"https:\\\/\\\/www.gilroynapolishort.com\\\/practice-areas\\\/drug-crimes\\\/drug-possession\\\/\",\"url\":\"https:\\\/\\\/www.gilroynapolishort.com\\\/practice-areas\\\/drug-crimes\\\/drug-possession\\\/\",\"name\":\"Drug Possession - GNS Law Group\",\"isPartOf\":{\"@id\":\"https:\\\/\\\/www.gilroynapolishort.com\\\/#website\"},\"datePublished\":\"2019-02-19T08:35:29+00:00\",\"dateModified\":\"2024-02-29T17:56:34+00:00\",\"breadcrumb\":{\"@id\":\"https:\\\/\\\/www.gilroynapolishort.com\\\/practice-areas\\\/drug-crimes\\\/drug-possession\\\/#breadcrumb\"},\"inLanguage\":\"es\",\"potentialAction\":[{\"@type\":\"ReadAction\",\"target\":[\"https:\\\/\\\/www.gilroynapolishort.com\\\/practice-areas\\\/drug-crimes\\\/drug-possession\\\/\"]}]},{\"@type\":\"BreadcrumbList\",\"@id\":\"https:\\\/\\\/www.gilroynapolishort.com\\\/practice-areas\\\/drug-crimes\\\/drug-possession\\\/#breadcrumb\",\"itemListElement\":[{\"@type\":\"ListItem\",\"position\":1,\"name\":\"Home\",\"item\":\"https:\\\/\\\/www.gilroynapolishort.com\\\/\"},{\"@type\":\"ListItem\",\"position\":2,\"name\":\"Practice Areas\",\"item\":\"https:\\\/\\\/www.gilroynapolishort.com\\\/practice-areas\\\/\"},{\"@type\":\"ListItem\",\"position\":3,\"name\":\"Drug Crimes\",\"item\":\"https:\\\/\\\/www.gilroynapolishort.com\\\/practice-areas\\\/drug-crimes\\\/\"},{\"@type\":\"ListItem\",\"position\":4,\"name\":\"Drug Possession\"}]},{\"@type\":\"WebSite\",\"@id\":\"https:\\\/\\\/www.gilroynapolishort.com\\\/#website\",\"url\":\"https:\\\/\\\/www.gilroynapolishort.com\\\/\",\"name\":\"Gilroy Napoli Short Law Group\",\"description\":\"\",\"potentialAction\":[{\"@type\":\"SearchAction\",\"target\":{\"@type\":\"EntryPoint\",\"urlTemplate\":\"https:\\\/\\\/www.gilroynapolishort.com\\\/?s={search_term_string}\"},\"query-input\":{\"@type\":\"PropertyValueSpecification\",\"valueRequired\":true,\"valueName\":\"search_term_string\"}}],\"inLanguage\":\"es\"}]}<\/script>\n<!-- \/ Yoast SEO plugin. -->","yoast_head_json":{"title":"Drug Possession - GNS Law Group","robots":{"index":"index","follow":"follow","max-snippet":"max-snippet:-1","max-image-preview":"max-image-preview:large","max-video-preview":"max-video-preview:-1"},"canonical":"https:\/\/www.gilroynapolishort.com\/es\/practice-areas\/drug-crimes\/drug-possession\/","og_locale":"es_MX","og_type":"article","og_title":"Drug Possession - GNS Law Group","og_description":"Drug Possession Possession of a controlled substance such as cocaine, methamphetamine, ecstasy or heroin, is a serious crime in Oregon. Upon conviction, a jail sentence and criminal record is a...","og_url":"https:\/\/www.gilroynapolishort.com\/es\/practice-areas\/drug-crimes\/drug-possession\/","og_site_name":"GNS Law Group","article_modified_time":"2024-02-29T17:56:34+00:00","twitter_card":"summary_large_image","twitter_misc":{"Est. reading time":"2 minutos"},"schema":{"@context":"https:\/\/schema.org","@graph":[{"@type":"WebPage","@id":"https:\/\/www.gilroynapolishort.com\/practice-areas\/drug-crimes\/drug-possession\/","url":"https:\/\/www.gilroynapolishort.com\/practice-areas\/drug-crimes\/drug-possession\/","name":"Drug Possession - GNS Law Group","isPartOf":{"@id":"https:\/\/www.gilroynapolishort.com\/#website"},"datePublished":"2019-02-19T08:35:29+00:00","dateModified":"2024-02-29T17:56:34+00:00","breadcrumb":{"@id":"https:\/\/www.gilroynapolishort.com\/practice-areas\/drug-crimes\/drug-possession\/#breadcrumb"},"inLanguage":"es","potentialAction":[{"@type":"ReadAction","target":["https:\/\/www.gilroynapolishort.com\/practice-areas\/drug-crimes\/drug-possession\/"]}]},{"@type":"BreadcrumbList","@id":"https:\/\/www.gilroynapolishort.com\/practice-areas\/drug-crimes\/drug-possession\/#breadcrumb","itemListElement":[{"@type":"ListItem","position":1,"name":"Home","item":"https:\/\/www.gilroynapolishort.com\/"},{"@type":"ListItem","position":2,"name":"Practice Areas","item":"https:\/\/www.gilroynapolishort.com\/practice-areas\/"},{"@type":"ListItem","position":3,"name":"Drug Crimes","item":"https:\/\/www.gilroynapolishort.com\/practice-areas\/drug-crimes\/"},{"@type":"ListItem","position":4,"name":"Drug Possession"}]},{"@type":"WebSite","@id":"https:\/\/www.gilroynapolishort.com\/#website","url":"https:\/\/www.gilroynapolishort.com\/","name":"Grupo de abogados Gilroy Napoli Short","description":"","potentialAction":[{"@type":"SearchAction","target":{"@type":"EntryPoint","urlTemplate":"https:\/\/www.gilroynapolishort.com\/?s={search_term_string}"},"query-input":{"@type":"PropertyValueSpecification","valueRequired":true,"valueName":"search_term_string"}}],"inLanguage":"es"}]}},"_links":{"self":[{"href":"https:\/\/www.gilroynapolishort.com\/es\/wp-json\/wp\/v2\/pages\/275","targetHints":{"allow":["GET"]}}],"collection":[{"href":"https:\/\/www.gilroynapolishort.com\/es\/wp-json\/wp\/v2\/pages"}],"about":[{"href":"https:\/\/www.gilroynapolishort.com\/es\/wp-json\/wp\/v2\/types\/page"}],"author":[{"embeddable":true,"href":"https:\/\/www.gilroynapolishort.com\/es\/wp-json\/wp\/v2\/users\/2"}],"replies":[{"embeddable":true,"href":"https:\/\/www.gilroynapolishort.com\/es\/wp-json\/wp\/v2\/comments?post=275"}],"version-history":[{"count":0,"href":"https:\/\/www.gilroynapolishort.com\/es\/wp-json\/wp\/v2\/pages\/275\/revisions"}],"up":[{"embeddable":true,"href":"https:\/\/www.gilroynapolishort.com\/es\/wp-json\/wp\/v2\/pages\/225"}],"wp:attachment":[{"href":"https:\/\/www.gilroynapolishort.com\/es\/wp-json\/wp\/v2\/media?parent=275"}],"curies":[{"name":"wp","href":"https:\/\/api.w.org\/{rel}","templated":true}]}}