{"id":277,"date":"2019-02-19T08:35:57","date_gmt":"2019-02-19T08:35:57","guid":{"rendered":"https:\/\/www.gilroynapolishort.com\/?page_id=277"},"modified":"2024-02-29T17:56:51","modified_gmt":"2024-02-29T17:56:51","slug":"delivery-of-a-controlled-substance","status":"publish","type":"page","link":"https:\/\/www.gilroynapolishort.com\/es\/practice-areas\/drug-crimes\/delivery-of-a-controlled-substance\/","title":{"rendered":"Entrega de una sustancia controlada"},"content":{"rendered":"<h1>Entrega de una sustancia controlada<\/h1>\n<p>En un caso de tr\u00e1fico de drogas, el objetivo del fiscal es vincularlo con las drogas en cuesti\u00f3n. Si se logra romper ese v\u00ednculo, podr\u00eda ser posible suprimir esa evidencia, lo que podr\u00eda resultar en la desestimaci\u00f3n de los cargos en su contra.<\/p>\n<p>En Gilroy Napoli Short Law Group, defendemos a personas acusadas de todo tipo de\u00a0<a href=\"https:\/\/www.gilroynapolishort.com\/es\/drug-crimes\/\">cargos por drogas<\/a>, incluyendo la entrega de una sustancia controlada. Abordamos el caso del estado en todos los frentes, trabajando arduamente para obtener el mejor resultado posible para cada cliente. Cuando Gilroy Napoli Short Law Group lo defiende, trabajaremos tenazmente para proteger sus derechos y preservar su libertad.<\/p>\n<p>Para hablar sobre su caso, ll\u00e1menos al 503-747-7198. En una consulta gratuita, un abogado de nuestro bufete revisar\u00e1 su situaci\u00f3n y discutir\u00e1 con usted posibles estrategias de defensa.<\/p>\n<h2>Supresi\u00f3n de pruebas obtenidas ilegalmente<\/h2>\n<p>En el curso de una investigaci\u00f3n criminal, la polic\u00eda puede cometer errores, y de hecho los comete. Nuestros abogados defensores de tr\u00e1fico de drogas en Portland analizar\u00e1n minuciosamente cada aspecto de su caso. Siempre que sea posible, buscamos suprimir la evidencia obtenida mediante \u00f3rdenes de registro inv\u00e1lidas, actividades cuestionables de detectives encubiertos y otros medios ilegales. Una preparaci\u00f3n cuidadosa del campo de batalla de esta manera podr\u00eda llevar a la desestimaci\u00f3n de los cargos o a la reducci\u00f3n a un cargo mucho menor y aceptable, como...\u00a0<a href=\"https:\/\/www.gilroynapolishort.com\/es\/drug-crimes\/drug-possession\/\">posesi\u00f3n de drogas<\/a>.<\/p>\n<h2>\u00bfUna declaraci\u00f3n negociada o una reivindicaci\u00f3n en el juicio?<\/h2>\n<p>La mayor\u00eda de los casos de drogas en Oreg\u00f3n se resuelven mediante acuerdos de culpabilidad. Si bien esta siempre es una estrategia posible, Gilroy Napoli Short Law Group no la recomienda autom\u00e1ticamente en todos los casos. Somos abogados con amplia experiencia, tanto en juicios con jurado como sin jurado. Antes de recomendar un resultado negociado, le explicaremos las ventajas y desventajas de un acuerdo de culpabilidad negociado, considerando la solidez general de su caso.<\/p>\n<p>Si decide ir a juicio, Gilroy Napoli Short Law Group lo defender\u00e1 con firmeza en todas las etapas del proceso legal. Si opta por un resultado negociado, buscaremos la mejor resoluci\u00f3n posible. Esto podr\u00eda incluir un resultado judicial START o STOP, si cumple los requisitos.<\/p>\n<h2>Obtenga ayuda de abogados experimentados y agresivos<\/h2>\n<p>Para una consulta gratuita sobre un caso de drogas,\u00a0<a href=\"https:\/\/www.gilroynapolishort.com\/es\/contact\/\">contacto<\/a>\u00a0Contacte con Gilroy Napoli Short Law Group llamando al 503-747-7198. Representamos a personas en Portland, Salem, Beaverton, Hillsboro y otras partes de Oreg\u00f3n.<\/p>\n<p><strong>Se habla espa\u00f1ol.<\/strong><\/p>\n<p>Llame hoy para una consulta gratuita: <a href=\"tel:5037477198\">503-747-7198<\/a><\/p>","protected":false},"excerpt":{"rendered":"<p>Delivery of a Controlled Substance In a drug delivery case, the goal of the prosecutor is to link you with the drugs in question. If that link can be severed,&#8230;<\/p>","protected":false},"author":2,"featured_media":0,"parent":225,"menu_order":0,"comment_status":"closed","ping_status":"closed","template":"single-drug-crimes-page.php","meta":{"_acf_changed":false,"footnotes":""},"class_list":["post-277","page","type-page","status-publish","hentry"],"acf":[],"yoast_head":"<!-- This site is optimized with the Yoast SEO plugin v27.3 - https:\/\/yoast.com\/product\/yoast-seo-wordpress\/ -->\n<title>Delivery of a Controlled Substance - GNS Law Group<\/title>\n<meta name=\"robots\" content=\"index, follow, max-snippet:-1, max-image-preview:large, max-video-preview:-1\" \/>\n<link rel=\"canonical\" href=\"https:\/\/www.gilroynapolishort.com\/es\/practice-areas\/drug-crimes\/delivery-of-a-controlled-substance\/\" \/>\n<meta property=\"og:locale\" content=\"es_MX\" \/>\n<meta property=\"og:type\" content=\"article\" \/>\n<meta property=\"og:title\" content=\"Delivery of a Controlled Substance - GNS Law Group\" \/>\n<meta property=\"og:description\" content=\"Delivery of a Controlled Substance In a drug delivery case, the goal of the prosecutor is to link you with the drugs in question. If that link can be severed,...\" \/>\n<meta property=\"og:url\" content=\"https:\/\/www.gilroynapolishort.com\/es\/practice-areas\/drug-crimes\/delivery-of-a-controlled-substance\/\" \/>\n<meta property=\"og:site_name\" content=\"GNS Law Group\" \/>\n<meta property=\"article:modified_time\" content=\"2024-02-29T17:56:51+00:00\" \/>\n<meta name=\"twitter:card\" content=\"summary_large_image\" \/>\n<meta name=\"twitter:label1\" content=\"Est. reading time\" \/>\n\t<meta name=\"twitter:data1\" content=\"2 minutos\" \/>\n<script type=\"application\/ld+json\" class=\"yoast-schema-graph\">{\"@context\":\"https:\\\/\\\/schema.org\",\"@graph\":[{\"@type\":\"WebPage\",\"@id\":\"https:\\\/\\\/www.gilroynapolishort.com\\\/practice-areas\\\/drug-crimes\\\/delivery-of-a-controlled-substance\\\/\",\"url\":\"https:\\\/\\\/www.gilroynapolishort.com\\\/practice-areas\\\/drug-crimes\\\/delivery-of-a-controlled-substance\\\/\",\"name\":\"Delivery of a Controlled Substance - GNS Law Group\",\"isPartOf\":{\"@id\":\"https:\\\/\\\/www.gilroynapolishort.com\\\/#website\"},\"datePublished\":\"2019-02-19T08:35:57+00:00\",\"dateModified\":\"2024-02-29T17:56:51+00:00\",\"breadcrumb\":{\"@id\":\"https:\\\/\\\/www.gilroynapolishort.com\\\/practice-areas\\\/drug-crimes\\\/delivery-of-a-controlled-substance\\\/#breadcrumb\"},\"inLanguage\":\"es\",\"potentialAction\":[{\"@type\":\"ReadAction\",\"target\":[\"https:\\\/\\\/www.gilroynapolishort.com\\\/practice-areas\\\/drug-crimes\\\/delivery-of-a-controlled-substance\\\/\"]}]},{\"@type\":\"BreadcrumbList\",\"@id\":\"https:\\\/\\\/www.gilroynapolishort.com\\\/practice-areas\\\/drug-crimes\\\/delivery-of-a-controlled-substance\\\/#breadcrumb\",\"itemListElement\":[{\"@type\":\"ListItem\",\"position\":1,\"name\":\"Home\",\"item\":\"https:\\\/\\\/www.gilroynapolishort.com\\\/\"},{\"@type\":\"ListItem\",\"position\":2,\"name\":\"Practice Areas\",\"item\":\"https:\\\/\\\/www.gilroynapolishort.com\\\/practice-areas\\\/\"},{\"@type\":\"ListItem\",\"position\":3,\"name\":\"Drug Crimes\",\"item\":\"https:\\\/\\\/www.gilroynapolishort.com\\\/practice-areas\\\/drug-crimes\\\/\"},{\"@type\":\"ListItem\",\"position\":4,\"name\":\"Delivery of a Controlled Substance\"}]},{\"@type\":\"WebSite\",\"@id\":\"https:\\\/\\\/www.gilroynapolishort.com\\\/#website\",\"url\":\"https:\\\/\\\/www.gilroynapolishort.com\\\/\",\"name\":\"Gilroy Napoli Short Law Group\",\"description\":\"\",\"potentialAction\":[{\"@type\":\"SearchAction\",\"target\":{\"@type\":\"EntryPoint\",\"urlTemplate\":\"https:\\\/\\\/www.gilroynapolishort.com\\\/?s={search_term_string}\"},\"query-input\":{\"@type\":\"PropertyValueSpecification\",\"valueRequired\":true,\"valueName\":\"search_term_string\"}}],\"inLanguage\":\"es\"}]}<\/script>\n<!-- \/ Yoast SEO plugin. -->","yoast_head_json":{"title":"Delivery of a Controlled Substance - GNS Law Group","robots":{"index":"index","follow":"follow","max-snippet":"max-snippet:-1","max-image-preview":"max-image-preview:large","max-video-preview":"max-video-preview:-1"},"canonical":"https:\/\/www.gilroynapolishort.com\/es\/practice-areas\/drug-crimes\/delivery-of-a-controlled-substance\/","og_locale":"es_MX","og_type":"article","og_title":"Delivery of a Controlled Substance - GNS Law Group","og_description":"Delivery of a Controlled Substance In a drug delivery case, the goal of the prosecutor is to link you with the drugs in question. If that link can be severed,...","og_url":"https:\/\/www.gilroynapolishort.com\/es\/practice-areas\/drug-crimes\/delivery-of-a-controlled-substance\/","og_site_name":"GNS Law Group","article_modified_time":"2024-02-29T17:56:51+00:00","twitter_card":"summary_large_image","twitter_misc":{"Est. reading time":"2 minutos"},"schema":{"@context":"https:\/\/schema.org","@graph":[{"@type":"WebPage","@id":"https:\/\/www.gilroynapolishort.com\/practice-areas\/drug-crimes\/delivery-of-a-controlled-substance\/","url":"https:\/\/www.gilroynapolishort.com\/practice-areas\/drug-crimes\/delivery-of-a-controlled-substance\/","name":"Delivery of a Controlled Substance - GNS Law Group","isPartOf":{"@id":"https:\/\/www.gilroynapolishort.com\/#website"},"datePublished":"2019-02-19T08:35:57+00:00","dateModified":"2024-02-29T17:56:51+00:00","breadcrumb":{"@id":"https:\/\/www.gilroynapolishort.com\/practice-areas\/drug-crimes\/delivery-of-a-controlled-substance\/#breadcrumb"},"inLanguage":"es","potentialAction":[{"@type":"ReadAction","target":["https:\/\/www.gilroynapolishort.com\/practice-areas\/drug-crimes\/delivery-of-a-controlled-substance\/"]}]},{"@type":"BreadcrumbList","@id":"https:\/\/www.gilroynapolishort.com\/practice-areas\/drug-crimes\/delivery-of-a-controlled-substance\/#breadcrumb","itemListElement":[{"@type":"ListItem","position":1,"name":"Home","item":"https:\/\/www.gilroynapolishort.com\/"},{"@type":"ListItem","position":2,"name":"Practice Areas","item":"https:\/\/www.gilroynapolishort.com\/practice-areas\/"},{"@type":"ListItem","position":3,"name":"Drug Crimes","item":"https:\/\/www.gilroynapolishort.com\/practice-areas\/drug-crimes\/"},{"@type":"ListItem","position":4,"name":"Delivery of a Controlled Substance"}]},{"@type":"WebSite","@id":"https:\/\/www.gilroynapolishort.com\/#website","url":"https:\/\/www.gilroynapolishort.com\/","name":"Grupo de abogados Gilroy Napoli Short","description":"","potentialAction":[{"@type":"SearchAction","target":{"@type":"EntryPoint","urlTemplate":"https:\/\/www.gilroynapolishort.com\/?s={search_term_string}"},"query-input":{"@type":"PropertyValueSpecification","valueRequired":true,"valueName":"search_term_string"}}],"inLanguage":"es"}]}},"_links":{"self":[{"href":"https:\/\/www.gilroynapolishort.com\/es\/wp-json\/wp\/v2\/pages\/277","targetHints":{"allow":["GET"]}}],"collection":[{"href":"https:\/\/www.gilroynapolishort.com\/es\/wp-json\/wp\/v2\/pages"}],"about":[{"href":"https:\/\/www.gilroynapolishort.com\/es\/wp-json\/wp\/v2\/types\/page"}],"author":[{"embeddable":true,"href":"https:\/\/www.gilroynapolishort.com\/es\/wp-json\/wp\/v2\/users\/2"}],"replies":[{"embeddable":true,"href":"https:\/\/www.gilroynapolishort.com\/es\/wp-json\/wp\/v2\/comments?post=277"}],"version-history":[{"count":0,"href":"https:\/\/www.gilroynapolishort.com\/es\/wp-json\/wp\/v2\/pages\/277\/revisions"}],"up":[{"embeddable":true,"href":"https:\/\/www.gilroynapolishort.com\/es\/wp-json\/wp\/v2\/pages\/225"}],"wp:attachment":[{"href":"https:\/\/www.gilroynapolishort.com\/es\/wp-json\/wp\/v2\/media?parent=277"}],"curies":[{"name":"wp","href":"https:\/\/api.w.org\/{rel}","templated":true}]}}