{"id":2788,"date":"2023-09-05T10:09:52","date_gmt":"2023-09-05T10:09:52","guid":{"rendered":"https:\/\/www.gilroynapolishort.com\/?page_id=2788"},"modified":"2024-11-21T07:13:04","modified_gmt":"2024-11-21T15:13:04","slug":"marion-county-dui-attorney","status":"publish","type":"page","link":"https:\/\/www.gilroynapolishort.com\/es\/marion-county-dui-attorney\/","title":{"rendered":"Abogado de DUI del condado de Marion"},"content":{"rendered":"<h1>Abogado destacado en casos de DUI en el condado de Marion<\/h1>\n<p>Ubicado en el coraz\u00f3n del frondoso valle de Willamette en Oreg\u00f3n, el condado de Marion es un testimonio de la rica historia del estado y de su capacidad para adaptarse y evolucionar con el tiempo. Fundado sobre la tradici\u00f3n de la excelencia agr\u00edcola y bendecido con la belleza natural de paisajes como el r\u00edo Willamette, el condado de Marion ha crecido, cambiado y prosperado junto a sus importantes ciudades.<\/p>\n<p>Salem, sede del condado y capital de Oreg\u00f3n, es un excelente ejemplo. Desde sus ra\u00edces hist\u00f3ricas, se ha convertido en un vibrante centro urbano, integrando sus responsabilidades gubernamentales con iniciativas culturales, educativas y comerciales. No se trata solo de Salem; otras ciudades del condado tambi\u00e9n han mostrado un crecimiento similar, lo que ha permitido que el condado de Marion mantenga su relevancia en la narrativa general de Oreg\u00f3n.<\/p>\n<p>A lo largo de su evoluci\u00f3n, la sinergia entre el condado de Marion y sus ciudades ha sido evidente. El crecimiento, la innovaci\u00f3n y el desarrollo de cada ciudad se han reflejado en los esfuerzos del condado por modernizarse, sin dejar de honrar su patrimonio hist\u00f3rico y agr\u00edcola. Esta coevoluci\u00f3n muestra una regi\u00f3n profundamente interconectada, con una visi\u00f3n compartida de progreso sostenible que valora el pasado y abraza con entusiasmo el futuro.<\/p>\n<p>Con el crecimiento, se produce una afluencia de residentes, una mayor infraestructura y un mayor tr\u00e1fico vehicular. Esta evoluci\u00f3n a veces obliga a las personas del condado de Marion a buscar la experiencia y el asesoramiento de un abogado de DUI de confianza en el condado de Marion, quien les ayudar\u00e1 a gestionar los cargos por DUI y a eliminar sus antecedentes penales.<\/p>\n<p>Ll\u00e1menos hoy al 503-303-0058 para una consulta gratuita con un abogado.<\/p>\n<h2>Asesoramiento legal para infractores primerizos de DUI en el condado de Marion<\/h2>\n<p>Oreg\u00f3n ofrece un enfoque compasivo para <a href=\"https:\/\/www.gilroynapolishort.com\/es\/practice-areas\/duii-felony-duii\/\">personas que enfrentan su primera infracci\u00f3n por conducir bajo los efectos del alcohol<\/a> Con su Programa de Desv\u00edo de DUI. Disponible en todo el estado, este programa est\u00e1 dise\u00f1ado principalmente para quienes cometen infracciones por primera vez y optan por no buscar asistencia legal. Los participantes firman un acuerdo en el que reconocen su culpabilidad y se comprometen a cumplir con una serie de obligaciones. Estas pueden incluir evaluaciones, tratamientos obligatorios, pago de multas y asistencia a un panel de impacto para v\u00edctimas, entre otras.<\/p>\n<p>Al completar con \u00e9xito este programa de un a\u00f1o de duraci\u00f3n, el delito de DUI se elimina del expediente. Si bien es beneficioso, cabe destacar que esta es solo una de las varias opciones disponibles.<\/p>\n<h2>Reincidentes en DUI del condado de Marion<\/h2>\n<p>Lamentablemente, para las personas con antecedentes por conducir bajo los efectos del alcohol (DUI), el Programa de Desv\u00edo de DUI no es una opci\u00f3n. Si enfrenta m\u00faltiples arrestos por DUI, es fundamental contar con la asesor\u00eda de un abogado especializado en DUI del Condado de Marion. Estos profesionales lo representar\u00e1n diligentemente, garantizando que sus derechos sean respetados y que reciba un trato justo por parte de las fuerzas del orden y el sistema judicial.<\/p>\n<p>Colaborar con un abogado con experiencia significa contar con alguien que defienda sus intereses, garantizando que cualquier cargo se ajuste a los hechos y a las normas legales. Su amplia experiencia legal podr\u00eda facilitar la reducci\u00f3n de las sanciones, incluso para quienes tengan antecedentes penales.<\/p>\n<p>Es angustioso, pero cierto, que a veces personas inocentes se ven envueltas en complicaciones legales. Si alguna vez se encuentra en la desafortunada situaci\u00f3n de ser acusado injustamente de conducir bajo los efectos del alcohol en el condado de Marion, contactar a un abogado... <a href=\"https:\/\/www.gilroynapolishort.com\/es\/practice-areas\/criminal-defense\/\">abogado defensor penal local<\/a> La prontitud es crucial. Su intervenci\u00f3n puede prevenir encarcelamientos innecesarios y contribuir a restaurar su reputaci\u00f3n.<\/p>\n<h2><strong>Consulta gratuita\u00a0<\/strong>\u2014\u00a0<strong>Contacte a Gilroy Napoli Short Law Group<\/strong><\/h2>\n<p>Cont\u00e1ctenos hoy para programar una consulta inicial gratuita y descubrir sus opciones legales. Puede llamar al Grupo Legal Gilroy Napoli Short al 541-306-2990. Representamos a personas acusadas de conducir ebrias en Keizer, Aumsville, Aurora, Detroit, Donald, Gervais, Hubbard y Jefferson.<br \/>\nMill City, Mt. Angel, St. Paul, Scotts Mills, Silverton, Stayton,<br \/>\nSublimidad, Turner y Woodburn, y <a href=\"https:\/\/www.gilroynapolishort.com\/es\/salem-dui-attorney\/\">Salem, Oreg\u00f3n<\/a>.<\/p>\n<p><strong>Se habla espa\u00f1ol.<\/strong><\/p>\n<p>Llame hoy para una consulta gratuita: <a href=\"tel:5037477198\">503-747-7198<\/a><\/p>","protected":false},"excerpt":{"rendered":"<p>Outstanding Marion County DUI Attorney Located in the heart of Oregon&#8217;s verdant Willamette Valley, Marion County is a testament to the state&#8217;s rich tapestry of history and its ability to&#8230;<\/p>","protected":false},"author":2,"featured_media":0,"parent":0,"menu_order":0,"comment_status":"closed","ping_status":"closed","template":"single-dui-page.php","meta":{"_acf_changed":false,"footnotes":""},"class_list":["post-2788","page","type-page","status-publish","hentry"],"acf":[],"yoast_head":"<!-- This site is optimized with the Yoast SEO plugin v27.3 - https:\/\/yoast.com\/product\/yoast-seo-wordpress\/ -->\n<title>Marion County DUI Attorney: Salem, Keizer, Mt. Angel &amp; Woodburn DUII Lawyers<\/title>\n<meta name=\"description\" content=\"We represent people charged with drunk driving in Keizer, Aumsville, Aurora, Detroit, Donald, Gervais, Hubbard, Jefferson,Mill City, Mt. Angel, St. Paul, Scotts Mills, Silverton, Stayton,Sublimity, Turner, and Woodburn, and Salem Oregon.\" \/>\n<meta name=\"robots\" content=\"index, follow, max-snippet:-1, max-image-preview:large, max-video-preview:-1\" \/>\n<link rel=\"canonical\" href=\"https:\/\/www.gilroynapolishort.com\/es\/marion-county-dui-attorney\/\" \/>\n<meta property=\"og:locale\" content=\"es_MX\" \/>\n<meta property=\"og:type\" content=\"article\" \/>\n<meta property=\"og:title\" content=\"Marion County DUI Attorney: Salem, Keizer, Mt. Angel &amp; Woodburn DUII Lawyers\" \/>\n<meta property=\"og:description\" content=\"We represent people charged with drunk driving in Keizer, Aumsville, Aurora, Detroit, Donald, Gervais, Hubbard, Jefferson,Mill City, Mt. Angel, St. Paul, Scotts Mills, Silverton, Stayton,Sublimity, Turner, and Woodburn, and Salem Oregon.\" \/>\n<meta property=\"og:url\" content=\"https:\/\/www.gilroynapolishort.com\/es\/marion-county-dui-attorney\/\" \/>\n<meta property=\"og:site_name\" content=\"GNS Law Group\" \/>\n<meta property=\"article:modified_time\" content=\"2024-11-21T15:13:04+00:00\" \/>\n<meta name=\"twitter:card\" content=\"summary_large_image\" \/>\n<meta name=\"twitter:label1\" content=\"Est. reading time\" \/>\n\t<meta name=\"twitter:data1\" content=\"3 minutos\" \/>\n<script type=\"application\/ld+json\" class=\"yoast-schema-graph\">{\"@context\":\"https:\\\/\\\/schema.org\",\"@graph\":[{\"@type\":\"WebPage\",\"@id\":\"https:\\\/\\\/www.gilroynapolishort.com\\\/marion-county-dui-attorney\\\/\",\"url\":\"https:\\\/\\\/www.gilroynapolishort.com\\\/marion-county-dui-attorney\\\/\",\"name\":\"Marion County DUI Attorney: Salem, Keizer, Mt. Angel & Woodburn DUII Lawyers\",\"isPartOf\":{\"@id\":\"https:\\\/\\\/www.gilroynapolishort.com\\\/#website\"},\"datePublished\":\"2023-09-05T10:09:52+00:00\",\"dateModified\":\"2024-11-21T15:13:04+00:00\",\"description\":\"We represent people charged with drunk driving in Keizer, Aumsville, Aurora, Detroit, Donald, Gervais, Hubbard, Jefferson,Mill City, Mt. Angel, St. Paul, Scotts Mills, Silverton, Stayton,Sublimity, Turner, and Woodburn, and Salem Oregon.\",\"breadcrumb\":{\"@id\":\"https:\\\/\\\/www.gilroynapolishort.com\\\/marion-county-dui-attorney\\\/#breadcrumb\"},\"inLanguage\":\"es\",\"potentialAction\":[{\"@type\":\"ReadAction\",\"target\":[\"https:\\\/\\\/www.gilroynapolishort.com\\\/marion-county-dui-attorney\\\/\"]}]},{\"@type\":\"BreadcrumbList\",\"@id\":\"https:\\\/\\\/www.gilroynapolishort.com\\\/marion-county-dui-attorney\\\/#breadcrumb\",\"itemListElement\":[{\"@type\":\"ListItem\",\"position\":1,\"name\":\"Home\",\"item\":\"https:\\\/\\\/www.gilroynapolishort.com\\\/\"},{\"@type\":\"ListItem\",\"position\":2,\"name\":\"Marion County DUI Attorney\"}]},{\"@type\":\"WebSite\",\"@id\":\"https:\\\/\\\/www.gilroynapolishort.com\\\/#website\",\"url\":\"https:\\\/\\\/www.gilroynapolishort.com\\\/\",\"name\":\"Gilroy Napoli Short Law Group\",\"description\":\"\",\"potentialAction\":[{\"@type\":\"SearchAction\",\"target\":{\"@type\":\"EntryPoint\",\"urlTemplate\":\"https:\\\/\\\/www.gilroynapolishort.com\\\/?s={search_term_string}\"},\"query-input\":{\"@type\":\"PropertyValueSpecification\",\"valueRequired\":true,\"valueName\":\"search_term_string\"}}],\"inLanguage\":\"es\"}]}<\/script>\n<!-- \/ Yoast SEO plugin. -->","yoast_head_json":{"title":"Marion County DUI Attorney: Salem, Keizer, Mt. Angel & Woodburn DUII Lawyers","description":"We represent people charged with drunk driving in Keizer, Aumsville, Aurora, Detroit, Donald, Gervais, Hubbard, Jefferson,Mill City, Mt. Angel, St. Paul, Scotts Mills, Silverton, Stayton,Sublimity, Turner, and Woodburn, and Salem Oregon.","robots":{"index":"index","follow":"follow","max-snippet":"max-snippet:-1","max-image-preview":"max-image-preview:large","max-video-preview":"max-video-preview:-1"},"canonical":"https:\/\/www.gilroynapolishort.com\/es\/marion-county-dui-attorney\/","og_locale":"es_MX","og_type":"article","og_title":"Marion County DUI Attorney: Salem, Keizer, Mt. Angel & Woodburn DUII Lawyers","og_description":"We represent people charged with drunk driving in Keizer, Aumsville, Aurora, Detroit, Donald, Gervais, Hubbard, Jefferson,Mill City, Mt. Angel, St. Paul, Scotts Mills, Silverton, Stayton,Sublimity, Turner, and Woodburn, and Salem Oregon.","og_url":"https:\/\/www.gilroynapolishort.com\/es\/marion-county-dui-attorney\/","og_site_name":"GNS Law Group","article_modified_time":"2024-11-21T15:13:04+00:00","twitter_card":"summary_large_image","twitter_misc":{"Est. reading time":"3 minutos"},"schema":{"@context":"https:\/\/schema.org","@graph":[{"@type":"WebPage","@id":"https:\/\/www.gilroynapolishort.com\/marion-county-dui-attorney\/","url":"https:\/\/www.gilroynapolishort.com\/marion-county-dui-attorney\/","name":"Marion County DUI Attorney: Salem, Keizer, Mt. Angel & Woodburn DUII Lawyers","isPartOf":{"@id":"https:\/\/www.gilroynapolishort.com\/#website"},"datePublished":"2023-09-05T10:09:52+00:00","dateModified":"2024-11-21T15:13:04+00:00","description":"We represent people charged with drunk driving in Keizer, Aumsville, Aurora, Detroit, Donald, Gervais, Hubbard, Jefferson,Mill City, Mt. Angel, St. Paul, Scotts Mills, Silverton, Stayton,Sublimity, Turner, and Woodburn, and Salem Oregon.","breadcrumb":{"@id":"https:\/\/www.gilroynapolishort.com\/marion-county-dui-attorney\/#breadcrumb"},"inLanguage":"es","potentialAction":[{"@type":"ReadAction","target":["https:\/\/www.gilroynapolishort.com\/marion-county-dui-attorney\/"]}]},{"@type":"BreadcrumbList","@id":"https:\/\/www.gilroynapolishort.com\/marion-county-dui-attorney\/#breadcrumb","itemListElement":[{"@type":"ListItem","position":1,"name":"Home","item":"https:\/\/www.gilroynapolishort.com\/"},{"@type":"ListItem","position":2,"name":"Marion County DUI Attorney"}]},{"@type":"WebSite","@id":"https:\/\/www.gilroynapolishort.com\/#website","url":"https:\/\/www.gilroynapolishort.com\/","name":"Grupo de abogados Gilroy Napoli Short","description":"","potentialAction":[{"@type":"SearchAction","target":{"@type":"EntryPoint","urlTemplate":"https:\/\/www.gilroynapolishort.com\/?s={search_term_string}"},"query-input":{"@type":"PropertyValueSpecification","valueRequired":true,"valueName":"search_term_string"}}],"inLanguage":"es"}]}},"_links":{"self":[{"href":"https:\/\/www.gilroynapolishort.com\/es\/wp-json\/wp\/v2\/pages\/2788","targetHints":{"allow":["GET"]}}],"collection":[{"href":"https:\/\/www.gilroynapolishort.com\/es\/wp-json\/wp\/v2\/pages"}],"about":[{"href":"https:\/\/www.gilroynapolishort.com\/es\/wp-json\/wp\/v2\/types\/page"}],"author":[{"embeddable":true,"href":"https:\/\/www.gilroynapolishort.com\/es\/wp-json\/wp\/v2\/users\/2"}],"replies":[{"embeddable":true,"href":"https:\/\/www.gilroynapolishort.com\/es\/wp-json\/wp\/v2\/comments?post=2788"}],"version-history":[{"count":0,"href":"https:\/\/www.gilroynapolishort.com\/es\/wp-json\/wp\/v2\/pages\/2788\/revisions"}],"wp:attachment":[{"href":"https:\/\/www.gilroynapolishort.com\/es\/wp-json\/wp\/v2\/media?parent=2788"}],"curies":[{"name":"wp","href":"https:\/\/api.w.org\/{rel}","templated":true}]}}