{"id":279,"date":"2019-02-19T08:36:13","date_gmt":"2019-02-19T08:36:13","guid":{"rendered":"https:\/\/www.gilroynapolishort.com\/?page_id=279"},"modified":"2024-02-29T17:57:08","modified_gmt":"2024-02-29T17:57:08","slug":"manufacture-of-a-controlled-substance","status":"publish","type":"page","link":"https:\/\/www.gilroynapolishort.com\/es\/practice-areas\/drug-crimes\/manufacture-of-a-controlled-substance\/","title":{"rendered":"Fabricaci\u00f3n de una sustancia controlada"},"content":{"rendered":"<h1>Fabricaci\u00f3n de una sustancia controlada<\/h1>\n<p>La fabricaci\u00f3n de sustancias controladas, como la metanfetamina, es un delito grave, castigado con hasta 130 meses de prisi\u00f3n. Adem\u00e1s, las personas acusadas de estos delitos tambi\u00e9n pueden ser acusadas de delitos conexos, como delitos relacionados con armas y lavado de dinero. Las personas acusadas de fabricar sustancias controladas a menos de 300 metros de una escuela se enfrentan a penas m\u00e1s severas.<\/p>\n<p>En Gilroy Napoli Short Law Group, defendemos agresivamente a personas acusadas de fabricaci\u00f3n de todo tipo de sustancias controladas, incluidas:<\/p>\n<ul>\n<li>metanfetamina<\/li>\n<li>Hidrocodona<\/li>\n<li>Fentanilo<\/li>\n<li>MDMA (\u00e9xtasis) y otras drogas de fiesta<\/li>\n<li>Marijuana<\/li>\n<li>Otras sustancias controladas<\/li>\n<\/ul>\n<p>Nuestros abogados tienen experiencia, amplios conocimientos jur\u00eddicos y est\u00e1n decididos a ganar cada caso. Defenderemos sus derechos y su libertad con pasi\u00f3n y habilidad.<\/p>\n<p>Llame a Gilroy Napoli Short Law Group al 503-747-7198 para una consulta gratuita. Representamos a personas en Portland, Salem, Beaverton, Hillsboro y en todo Oreg\u00f3n.<\/p>\n<h2>Defensa de los cargos de fabricaci\u00f3n de medicamentos<\/h2>\n<p>Al igual que con otros\u00a0<a href=\"https:\/\/www.gilroynapolishort.com\/es\/drug-crimes\/\">casos de drogas<\/a>Las defensas basadas en registros e incautaciones y la Cuarta Enmienda a veces pueden resultar viables. Nuestros abogados comprenden a fondo estos temas y estrategias de defensa. Revisaremos a fondo todos los aspectos de su caso, buscando maneras de suprimir pruebas y manipular el campo de batalla a su favor.<\/p>\n<h2>Un equipo de defensores experimentados que lo defienden<\/h2>\n<p>Un caso de fabricaci\u00f3n de drogas puede involucrar aspectos complejos de hecho y de derecho. Nuestros tres abogados defensores trabajan en equipo, intercambiando ideas, cuestionando suposiciones y analizando el caso desde todos los \u00e1ngulos. Tras haber trabajado como fiscales y defensores p\u00fablicos, sabemos c\u00f3mo evaluar tanto las fortalezas como las debilidades de los casos de la fiscal\u00eda. Gilroy Napoli Short Law Group lo defender\u00e1 con firmeza en cada paso del proceso.<\/p>\n<h2>Cont\u00e1ctenos para una consulta gratuita<\/h2>\n<p>Llame a Gilroy Napoli Short Law Group al 503-747-7198 o\u00a0<a href=\"https:\/\/www.gilroynapolishort.com\/es\/contact\/\">Cont\u00e1ctanos por correo electr\u00f3nico<\/a>\u00a0para programar su consulta inicial gratuita.<\/p>\n<p><strong>Se habla espa\u00f1ol.<\/strong><\/p>\n<p>Llame hoy para una consulta gratuita: <a href=\"tel:5037477198\">503-747-7198<\/a><\/p>","protected":false},"excerpt":{"rendered":"<p>Manufacture of a Controlled Substance Manufacture of controlled substances such as methamphetamine is a serious felony crime, punishable by up to 130 months in prison. In addition, people charged with&#8230;<\/p>","protected":false},"author":2,"featured_media":0,"parent":225,"menu_order":0,"comment_status":"closed","ping_status":"closed","template":"single-drug-crimes-page.php","meta":{"_acf_changed":false,"footnotes":""},"class_list":["post-279","page","type-page","status-publish","hentry"],"acf":[],"yoast_head":"<!-- This site is optimized with the Yoast SEO plugin v27.3 - https:\/\/yoast.com\/product\/yoast-seo-wordpress\/ -->\n<title>Manufacture of a Controlled Substance - GNS Law Group<\/title>\n<meta name=\"robots\" content=\"index, follow, max-snippet:-1, max-image-preview:large, max-video-preview:-1\" \/>\n<link rel=\"canonical\" href=\"https:\/\/www.gilroynapolishort.com\/es\/practice-areas\/drug-crimes\/manufacture-of-a-controlled-substance\/\" \/>\n<meta property=\"og:locale\" content=\"es_MX\" \/>\n<meta property=\"og:type\" content=\"article\" \/>\n<meta property=\"og:title\" content=\"Manufacture of a Controlled Substance - GNS Law Group\" \/>\n<meta property=\"og:description\" content=\"Manufacture of a Controlled Substance Manufacture of controlled substances such as methamphetamine is a serious felony crime, punishable by up to 130 months in prison. In addition, people charged with...\" \/>\n<meta property=\"og:url\" content=\"https:\/\/www.gilroynapolishort.com\/es\/practice-areas\/drug-crimes\/manufacture-of-a-controlled-substance\/\" \/>\n<meta property=\"og:site_name\" content=\"GNS Law Group\" \/>\n<meta property=\"article:modified_time\" content=\"2024-02-29T17:57:08+00:00\" \/>\n<meta name=\"twitter:card\" content=\"summary_large_image\" \/>\n<meta name=\"twitter:label1\" content=\"Est. reading time\" \/>\n\t<meta name=\"twitter:data1\" content=\"2 minutos\" \/>\n<script type=\"application\/ld+json\" class=\"yoast-schema-graph\">{\"@context\":\"https:\\\/\\\/schema.org\",\"@graph\":[{\"@type\":\"WebPage\",\"@id\":\"https:\\\/\\\/www.gilroynapolishort.com\\\/practice-areas\\\/drug-crimes\\\/manufacture-of-a-controlled-substance\\\/\",\"url\":\"https:\\\/\\\/www.gilroynapolishort.com\\\/practice-areas\\\/drug-crimes\\\/manufacture-of-a-controlled-substance\\\/\",\"name\":\"Manufacture of a Controlled Substance - GNS Law Group\",\"isPartOf\":{\"@id\":\"https:\\\/\\\/www.gilroynapolishort.com\\\/#website\"},\"datePublished\":\"2019-02-19T08:36:13+00:00\",\"dateModified\":\"2024-02-29T17:57:08+00:00\",\"breadcrumb\":{\"@id\":\"https:\\\/\\\/www.gilroynapolishort.com\\\/practice-areas\\\/drug-crimes\\\/manufacture-of-a-controlled-substance\\\/#breadcrumb\"},\"inLanguage\":\"es\",\"potentialAction\":[{\"@type\":\"ReadAction\",\"target\":[\"https:\\\/\\\/www.gilroynapolishort.com\\\/practice-areas\\\/drug-crimes\\\/manufacture-of-a-controlled-substance\\\/\"]}]},{\"@type\":\"BreadcrumbList\",\"@id\":\"https:\\\/\\\/www.gilroynapolishort.com\\\/practice-areas\\\/drug-crimes\\\/manufacture-of-a-controlled-substance\\\/#breadcrumb\",\"itemListElement\":[{\"@type\":\"ListItem\",\"position\":1,\"name\":\"Home\",\"item\":\"https:\\\/\\\/www.gilroynapolishort.com\\\/\"},{\"@type\":\"ListItem\",\"position\":2,\"name\":\"Practice Areas\",\"item\":\"https:\\\/\\\/www.gilroynapolishort.com\\\/practice-areas\\\/\"},{\"@type\":\"ListItem\",\"position\":3,\"name\":\"Drug Crimes\",\"item\":\"https:\\\/\\\/www.gilroynapolishort.com\\\/practice-areas\\\/drug-crimes\\\/\"},{\"@type\":\"ListItem\",\"position\":4,\"name\":\"Manufacture of a Controlled Substance\"}]},{\"@type\":\"WebSite\",\"@id\":\"https:\\\/\\\/www.gilroynapolishort.com\\\/#website\",\"url\":\"https:\\\/\\\/www.gilroynapolishort.com\\\/\",\"name\":\"Gilroy Napoli Short Law Group\",\"description\":\"\",\"potentialAction\":[{\"@type\":\"SearchAction\",\"target\":{\"@type\":\"EntryPoint\",\"urlTemplate\":\"https:\\\/\\\/www.gilroynapolishort.com\\\/?s={search_term_string}\"},\"query-input\":{\"@type\":\"PropertyValueSpecification\",\"valueRequired\":true,\"valueName\":\"search_term_string\"}}],\"inLanguage\":\"es\"}]}<\/script>\n<!-- \/ Yoast SEO plugin. -->","yoast_head_json":{"title":"Manufacture of a Controlled Substance - GNS Law Group","robots":{"index":"index","follow":"follow","max-snippet":"max-snippet:-1","max-image-preview":"max-image-preview:large","max-video-preview":"max-video-preview:-1"},"canonical":"https:\/\/www.gilroynapolishort.com\/es\/practice-areas\/drug-crimes\/manufacture-of-a-controlled-substance\/","og_locale":"es_MX","og_type":"article","og_title":"Manufacture of a Controlled Substance - GNS Law Group","og_description":"Manufacture of a Controlled Substance Manufacture of controlled substances such as methamphetamine is a serious felony crime, punishable by up to 130 months in prison. In addition, people charged with...","og_url":"https:\/\/www.gilroynapolishort.com\/es\/practice-areas\/drug-crimes\/manufacture-of-a-controlled-substance\/","og_site_name":"GNS Law Group","article_modified_time":"2024-02-29T17:57:08+00:00","twitter_card":"summary_large_image","twitter_misc":{"Est. reading time":"2 minutos"},"schema":{"@context":"https:\/\/schema.org","@graph":[{"@type":"WebPage","@id":"https:\/\/www.gilroynapolishort.com\/practice-areas\/drug-crimes\/manufacture-of-a-controlled-substance\/","url":"https:\/\/www.gilroynapolishort.com\/practice-areas\/drug-crimes\/manufacture-of-a-controlled-substance\/","name":"Manufacture of a Controlled Substance - GNS Law Group","isPartOf":{"@id":"https:\/\/www.gilroynapolishort.com\/#website"},"datePublished":"2019-02-19T08:36:13+00:00","dateModified":"2024-02-29T17:57:08+00:00","breadcrumb":{"@id":"https:\/\/www.gilroynapolishort.com\/practice-areas\/drug-crimes\/manufacture-of-a-controlled-substance\/#breadcrumb"},"inLanguage":"es","potentialAction":[{"@type":"ReadAction","target":["https:\/\/www.gilroynapolishort.com\/practice-areas\/drug-crimes\/manufacture-of-a-controlled-substance\/"]}]},{"@type":"BreadcrumbList","@id":"https:\/\/www.gilroynapolishort.com\/practice-areas\/drug-crimes\/manufacture-of-a-controlled-substance\/#breadcrumb","itemListElement":[{"@type":"ListItem","position":1,"name":"Home","item":"https:\/\/www.gilroynapolishort.com\/"},{"@type":"ListItem","position":2,"name":"Practice Areas","item":"https:\/\/www.gilroynapolishort.com\/practice-areas\/"},{"@type":"ListItem","position":3,"name":"Drug Crimes","item":"https:\/\/www.gilroynapolishort.com\/practice-areas\/drug-crimes\/"},{"@type":"ListItem","position":4,"name":"Manufacture of a Controlled Substance"}]},{"@type":"WebSite","@id":"https:\/\/www.gilroynapolishort.com\/#website","url":"https:\/\/www.gilroynapolishort.com\/","name":"Grupo de abogados Gilroy Napoli Short","description":"","potentialAction":[{"@type":"SearchAction","target":{"@type":"EntryPoint","urlTemplate":"https:\/\/www.gilroynapolishort.com\/?s={search_term_string}"},"query-input":{"@type":"PropertyValueSpecification","valueRequired":true,"valueName":"search_term_string"}}],"inLanguage":"es"}]}},"_links":{"self":[{"href":"https:\/\/www.gilroynapolishort.com\/es\/wp-json\/wp\/v2\/pages\/279","targetHints":{"allow":["GET"]}}],"collection":[{"href":"https:\/\/www.gilroynapolishort.com\/es\/wp-json\/wp\/v2\/pages"}],"about":[{"href":"https:\/\/www.gilroynapolishort.com\/es\/wp-json\/wp\/v2\/types\/page"}],"author":[{"embeddable":true,"href":"https:\/\/www.gilroynapolishort.com\/es\/wp-json\/wp\/v2\/users\/2"}],"replies":[{"embeddable":true,"href":"https:\/\/www.gilroynapolishort.com\/es\/wp-json\/wp\/v2\/comments?post=279"}],"version-history":[{"count":0,"href":"https:\/\/www.gilroynapolishort.com\/es\/wp-json\/wp\/v2\/pages\/279\/revisions"}],"up":[{"embeddable":true,"href":"https:\/\/www.gilroynapolishort.com\/es\/wp-json\/wp\/v2\/pages\/225"}],"wp:attachment":[{"href":"https:\/\/www.gilroynapolishort.com\/es\/wp-json\/wp\/v2\/media?parent=279"}],"curies":[{"name":"wp","href":"https:\/\/api.w.org\/{rel}","templated":true}]}}