{"id":281,"date":"2019-02-19T08:36:28","date_gmt":"2019-02-19T08:36:28","guid":{"rendered":"https:\/\/www.gilroynapolishort.com\/?page_id=281"},"modified":"2024-02-29T17:57:30","modified_gmt":"2024-02-29T17:57:30","slug":"prescription-drug-charges","status":"publish","type":"page","link":"https:\/\/www.gilroynapolishort.com\/es\/practice-areas\/drug-crimes\/prescription-drug-charges\/","title":{"rendered":"Cargos por medicamentos recetados"},"content":{"rendered":"<h1>Cargos por medicamentos recetados<\/h1>\n<p>En los \u00faltimos a\u00f1os, muchos habitantes de Oreg\u00f3n que, por lo dem\u00e1s, cumplen la ley, se han vuelto dependientes de los medicamentos recetados. Terminan recurriendo a diferentes m\u00e9dicos, cometiendo fraudes con recetas o comprando medicamentos recetados en la calle. Sin embargo, estas actividades son ilegales y pueden dar lugar a cargos penales. Por ejemplo, la posesi\u00f3n ilegal de un medicamento recetado de la Lista III, como la hidrocodona o la code\u00edna, es un delito menor de Clase A, castigado con hasta un a\u00f1o de c\u00e1rcel y multas. La posesi\u00f3n de estas drogas como delito grave conlleva penas mucho m\u00e1s severas.<\/p>\n<blockquote><p>Tambi\u00e9n se le puede acusar de\u00a0<a href=\"https:\/\/www.gilroynapolishort.com\/es\/DUII-felony-DUII\/\">Conducir bajo los efectos del alcohol<\/a>\u00a0por conducir un veh\u00edculo bajo la influencia de ciertos medicamentos recetados.<\/p>\n<p>Para una consulta gratuita sobre c\u00f3mo defenderse de un cargo por posesi\u00f3n de medicamentos recetados, llame a Gilroy Napoli Short Law Group al 503-747-7198.<\/p><\/blockquote>\n<h2>Protegiendo sus derechos, preservando su libertad<\/h2>\n<p>En Gilroy Napoli Short Law Group, defendemos los derechos y la libertad de las personas acusadas de todo tipo de cargos relacionados con medicamentos recetados, incluidos:<\/p>\n<ul>\n<li>Posesi\u00f3n ilegal de medicamentos recetados de la Lista III (como hidrocodona, code\u00edna, ketamina, esteroides y algunos depresores)<\/li>\n<li>Posesi\u00f3n ilegal de medicamentos recetados de la Lista IV (como tranquilizantes y sedantes)<\/li>\n<li>Fraude en recetas: alteraci\u00f3n de recetas v\u00e1lidas, falsificaci\u00f3n de recetas, uso de un n\u00famero de devoluci\u00f3n de llamada falso, etc.<\/li>\n<li>Robo de medicamentos recetados<\/li>\n<li><a href=\"https:\/\/www.gilroynapolishort.com\/es\/drug-crimes\/delivery-of-a-controlled-substance\/\">Venta o entrega<\/a>\u00a0de medicamentos recetados ilegales<\/li>\n<\/ul>\n<h2>Buscando el mejor resultado posible<\/h2>\n<p>Al igual que con otros tipos de delitos relacionados con drogas, si la polic\u00eda descubre las drogas de forma ilegal, es posible suprimir la evidencia. Esto podr\u00eda resultar en la desestimaci\u00f3n del cargo. Nuestros abogados son experimentados, agresivos y est\u00e1n decididos a ganar. Comprendemos todas las posibles defensas en casos de drogas y siempre buscamos el mejor resultado posible para nuestros clientes. Gilroy Napoli Short Law Group trabajar\u00e1 incansablemente para proteger sus derechos y preservar su libertad.<\/p>\n<h2>Alternativas a la condena y la c\u00e1rcel<\/h2>\n<p>Oreg\u00f3n reconoce que las personas con problemas de drogodependencia necesitan ayuda. El condado de Multnomah y otros condados del \u00e1rea de Portland cuentan con programas que permiten a las personas que cumplen los requisitos obtener tratamiento supervisado para la drogadicci\u00f3n. Si cumple con los t\u00e9rminos del programa, se le retira el cargo. Incluso podr\u00eda obtener una\u00a0<a href=\"https:\/\/www.gilroynapolishort.com\/es\/criminal-defense\/expungements-clearing-your-record\/\">eliminaci\u00f3n de antecedentes penales<\/a>.<\/p>\n<p>Nuestros abogados est\u00e1n familiarizados con este tipo de alternativas, incluyendo el Tribunal START y el Tribunal STOP. Si cumple los requisitos, podemos buscar una alternativa para usted.<\/p>\n<blockquote><p>Si usted es un profesional m\u00e9dico, su licencia podr\u00eda estar en riesgo. Nuestro bufete representa a enfermeros, m\u00e9dicos y otros profesionales de la salud acusados de posesi\u00f3n ilegal de medicamentos recetados. No arriesgue su carrera: obtenga ayuda legal hoy mismo.<\/p><\/blockquote>\n<h2>Consulta gratuita \u2014 Contacte con nuestra firma<\/h2>\n<p>Llame a Gilroy Napoli Short Law Group al 503-747-7198 o\u00a0<a href=\"https:\/\/www.gilroynapolishort.com\/es\/contact\/\">enviar un formulario de correo electr\u00f3nico<\/a>\u00a0Para solicitar una consulta gratuita. Representamos a personas en Portland, Salem, Beaverton, Hillsboro y otras partes de Oreg\u00f3n.<\/p>\n<p><strong>Se habla espa\u00f1ol.<\/strong><\/p>\n<p>Llame hoy para una consulta gratuita: <a href=\"tel:5037477198\">503-747-7198<\/a><\/p>","protected":false},"excerpt":{"rendered":"<p>Prescription Drug Charges In recent years, many Oregonians who are otherwise law abiding have become dependent on prescription drugs. They end up doctor-shopping, engaging in prescription fraud or purchasing prescription&#8230;<\/p>","protected":false},"author":2,"featured_media":0,"parent":225,"menu_order":0,"comment_status":"closed","ping_status":"closed","template":"single-drug-crimes-page.php","meta":{"_acf_changed":false,"footnotes":""},"class_list":["post-281","page","type-page","status-publish","hentry"],"acf":[],"yoast_head":"<!-- This site is optimized with the Yoast SEO plugin v27.3 - https:\/\/yoast.com\/product\/yoast-seo-wordpress\/ -->\n<title>Prescription Drug Charges - GNS Law Group<\/title>\n<meta name=\"robots\" content=\"index, follow, max-snippet:-1, max-image-preview:large, max-video-preview:-1\" \/>\n<link rel=\"canonical\" href=\"https:\/\/www.gilroynapolishort.com\/es\/practice-areas\/drug-crimes\/prescription-drug-charges\/\" \/>\n<meta property=\"og:locale\" content=\"es_MX\" \/>\n<meta property=\"og:type\" content=\"article\" \/>\n<meta property=\"og:title\" content=\"Prescription Drug Charges - GNS Law Group\" \/>\n<meta property=\"og:description\" content=\"Prescription Drug Charges In recent years, many Oregonians who are otherwise law abiding have become dependent on prescription drugs. They end up doctor-shopping, engaging in prescription fraud or purchasing prescription...\" \/>\n<meta property=\"og:url\" content=\"https:\/\/www.gilroynapolishort.com\/es\/practice-areas\/drug-crimes\/prescription-drug-charges\/\" \/>\n<meta property=\"og:site_name\" content=\"GNS Law Group\" \/>\n<meta property=\"article:modified_time\" content=\"2024-02-29T17:57:30+00:00\" \/>\n<meta name=\"twitter:card\" content=\"summary_large_image\" \/>\n<meta name=\"twitter:label1\" content=\"Est. reading time\" \/>\n\t<meta name=\"twitter:data1\" content=\"2 minutos\" \/>\n<script type=\"application\/ld+json\" class=\"yoast-schema-graph\">{\"@context\":\"https:\\\/\\\/schema.org\",\"@graph\":[{\"@type\":\"WebPage\",\"@id\":\"https:\\\/\\\/www.gilroynapolishort.com\\\/practice-areas\\\/drug-crimes\\\/prescription-drug-charges\\\/\",\"url\":\"https:\\\/\\\/www.gilroynapolishort.com\\\/practice-areas\\\/drug-crimes\\\/prescription-drug-charges\\\/\",\"name\":\"Prescription Drug Charges - GNS Law Group\",\"isPartOf\":{\"@id\":\"https:\\\/\\\/www.gilroynapolishort.com\\\/#website\"},\"datePublished\":\"2019-02-19T08:36:28+00:00\",\"dateModified\":\"2024-02-29T17:57:30+00:00\",\"breadcrumb\":{\"@id\":\"https:\\\/\\\/www.gilroynapolishort.com\\\/practice-areas\\\/drug-crimes\\\/prescription-drug-charges\\\/#breadcrumb\"},\"inLanguage\":\"es\",\"potentialAction\":[{\"@type\":\"ReadAction\",\"target\":[\"https:\\\/\\\/www.gilroynapolishort.com\\\/practice-areas\\\/drug-crimes\\\/prescription-drug-charges\\\/\"]}]},{\"@type\":\"BreadcrumbList\",\"@id\":\"https:\\\/\\\/www.gilroynapolishort.com\\\/practice-areas\\\/drug-crimes\\\/prescription-drug-charges\\\/#breadcrumb\",\"itemListElement\":[{\"@type\":\"ListItem\",\"position\":1,\"name\":\"Home\",\"item\":\"https:\\\/\\\/www.gilroynapolishort.com\\\/\"},{\"@type\":\"ListItem\",\"position\":2,\"name\":\"Practice Areas\",\"item\":\"https:\\\/\\\/www.gilroynapolishort.com\\\/practice-areas\\\/\"},{\"@type\":\"ListItem\",\"position\":3,\"name\":\"Drug Crimes\",\"item\":\"https:\\\/\\\/www.gilroynapolishort.com\\\/practice-areas\\\/drug-crimes\\\/\"},{\"@type\":\"ListItem\",\"position\":4,\"name\":\"Prescription Drug Charges\"}]},{\"@type\":\"WebSite\",\"@id\":\"https:\\\/\\\/www.gilroynapolishort.com\\\/#website\",\"url\":\"https:\\\/\\\/www.gilroynapolishort.com\\\/\",\"name\":\"Gilroy Napoli Short Law Group\",\"description\":\"\",\"potentialAction\":[{\"@type\":\"SearchAction\",\"target\":{\"@type\":\"EntryPoint\",\"urlTemplate\":\"https:\\\/\\\/www.gilroynapolishort.com\\\/?s={search_term_string}\"},\"query-input\":{\"@type\":\"PropertyValueSpecification\",\"valueRequired\":true,\"valueName\":\"search_term_string\"}}],\"inLanguage\":\"es\"}]}<\/script>\n<!-- \/ Yoast SEO plugin. -->","yoast_head_json":{"title":"Prescription Drug Charges - GNS Law Group","robots":{"index":"index","follow":"follow","max-snippet":"max-snippet:-1","max-image-preview":"max-image-preview:large","max-video-preview":"max-video-preview:-1"},"canonical":"https:\/\/www.gilroynapolishort.com\/es\/practice-areas\/drug-crimes\/prescription-drug-charges\/","og_locale":"es_MX","og_type":"article","og_title":"Prescription Drug Charges - GNS Law Group","og_description":"Prescription Drug Charges In recent years, many Oregonians who are otherwise law abiding have become dependent on prescription drugs. They end up doctor-shopping, engaging in prescription fraud or purchasing prescription...","og_url":"https:\/\/www.gilroynapolishort.com\/es\/practice-areas\/drug-crimes\/prescription-drug-charges\/","og_site_name":"GNS Law Group","article_modified_time":"2024-02-29T17:57:30+00:00","twitter_card":"summary_large_image","twitter_misc":{"Est. reading time":"2 minutos"},"schema":{"@context":"https:\/\/schema.org","@graph":[{"@type":"WebPage","@id":"https:\/\/www.gilroynapolishort.com\/practice-areas\/drug-crimes\/prescription-drug-charges\/","url":"https:\/\/www.gilroynapolishort.com\/practice-areas\/drug-crimes\/prescription-drug-charges\/","name":"Prescription Drug Charges - GNS Law Group","isPartOf":{"@id":"https:\/\/www.gilroynapolishort.com\/#website"},"datePublished":"2019-02-19T08:36:28+00:00","dateModified":"2024-02-29T17:57:30+00:00","breadcrumb":{"@id":"https:\/\/www.gilroynapolishort.com\/practice-areas\/drug-crimes\/prescription-drug-charges\/#breadcrumb"},"inLanguage":"es","potentialAction":[{"@type":"ReadAction","target":["https:\/\/www.gilroynapolishort.com\/practice-areas\/drug-crimes\/prescription-drug-charges\/"]}]},{"@type":"BreadcrumbList","@id":"https:\/\/www.gilroynapolishort.com\/practice-areas\/drug-crimes\/prescription-drug-charges\/#breadcrumb","itemListElement":[{"@type":"ListItem","position":1,"name":"Home","item":"https:\/\/www.gilroynapolishort.com\/"},{"@type":"ListItem","position":2,"name":"Practice Areas","item":"https:\/\/www.gilroynapolishort.com\/practice-areas\/"},{"@type":"ListItem","position":3,"name":"Drug Crimes","item":"https:\/\/www.gilroynapolishort.com\/practice-areas\/drug-crimes\/"},{"@type":"ListItem","position":4,"name":"Prescription Drug Charges"}]},{"@type":"WebSite","@id":"https:\/\/www.gilroynapolishort.com\/#website","url":"https:\/\/www.gilroynapolishort.com\/","name":"Grupo de abogados Gilroy Napoli Short","description":"","potentialAction":[{"@type":"SearchAction","target":{"@type":"EntryPoint","urlTemplate":"https:\/\/www.gilroynapolishort.com\/?s={search_term_string}"},"query-input":{"@type":"PropertyValueSpecification","valueRequired":true,"valueName":"search_term_string"}}],"inLanguage":"es"}]}},"_links":{"self":[{"href":"https:\/\/www.gilroynapolishort.com\/es\/wp-json\/wp\/v2\/pages\/281","targetHints":{"allow":["GET"]}}],"collection":[{"href":"https:\/\/www.gilroynapolishort.com\/es\/wp-json\/wp\/v2\/pages"}],"about":[{"href":"https:\/\/www.gilroynapolishort.com\/es\/wp-json\/wp\/v2\/types\/page"}],"author":[{"embeddable":true,"href":"https:\/\/www.gilroynapolishort.com\/es\/wp-json\/wp\/v2\/users\/2"}],"replies":[{"embeddable":true,"href":"https:\/\/www.gilroynapolishort.com\/es\/wp-json\/wp\/v2\/comments?post=281"}],"version-history":[{"count":0,"href":"https:\/\/www.gilroynapolishort.com\/es\/wp-json\/wp\/v2\/pages\/281\/revisions"}],"up":[{"embeddable":true,"href":"https:\/\/www.gilroynapolishort.com\/es\/wp-json\/wp\/v2\/pages\/225"}],"wp:attachment":[{"href":"https:\/\/www.gilroynapolishort.com\/es\/wp-json\/wp\/v2\/media?parent=281"}],"curies":[{"name":"wp","href":"https:\/\/api.w.org\/{rel}","templated":true}]}}