{"id":285,"date":"2019-02-19T08:38:58","date_gmt":"2019-02-19T08:38:58","guid":{"rendered":"https:\/\/www.gilroynapolishort.com\/?page_id=285"},"modified":"2024-02-29T17:48:22","modified_gmt":"2024-02-29T17:48:22","slug":"murder-manslaughter","status":"publish","type":"page","link":"https:\/\/www.gilroynapolishort.com\/es\/practice-areas\/violent-crimes\/murder-manslaughter\/","title":{"rendered":"Asesinato y homicidio involuntario"},"content":{"rendered":"<h1>Asesinato y homicidio involuntario<\/h1>\n<p>Cuando hay mucho en juego, no puede permitirse nada menos que una representaci\u00f3n legal dedicada e integral. Su futuro y su libertad est\u00e1n en juego.<\/p>\n<p>Gilroy Napoli Short Law Group, con oficinas en Portland y Salem, es un equipo de abogados penalistas altamente experimentados y motivados. Defendemos agresivamente a personas que enfrentan cargos penales graves, como asesinato, homicidio involuntario y...\u00a0<a href=\"https:\/\/www.gilroynapolishort.com\/es\/assault-violent-crimes\/vehicular-homicide\/\">homicidio vehicular<\/a>En estos casos, comprendemos lo que est\u00e1 en juego. Al depositar su confianza en Gilroy Napoli Short Law Group, tendr\u00e1 la tranquilidad de saber que un equipo legal experimentado trabaja incansablemente para proteger sus derechos y preservar su libertad.<\/p>\n<p>Ll\u00e1menos hoy al 503-747-7198 para una consulta inicial gratuita.<\/p>\n<h2>\u00bfPor qu\u00e9 contratar a Gilroy Napoli Short Law Group?<\/h2>\n<p>Las personas acusadas de asesinato y homicidio involuntario en Oreg\u00f3n tienen varias opciones para elegir representaci\u00f3n legal, incluyendo abogados defensores penales privados o un defensor p\u00fablico designado por el tribunal. Estas son algunas de las razones por las que deber\u00eda contratar a Gilroy Napoli Short Law Group:<\/p>\n<p><strong>Nuestra experiencia<\/strong>\u00a0\u2014 Gilroy Napoli Short Law Group cuenta con una amplia experiencia en juicios por delitos graves y complejos. Nuestro fundador, Jason Short, es un exfiscal con un profundo conocimiento de los tribunales de Oreg\u00f3n, las normas de procedimiento y las normas de prueba.<\/p>\n<p><strong>Un enfoque de equipo<\/strong>\u00a0\u2014 En casos penales de alto riesgo, trabajamos en equipo: intercambiamos ideas, cuestionamos suposiciones y trabajamos duro para desarrollar el caso m\u00e1s s\u00f3lido posible.<\/p>\n<p><strong>Acceso a expertos t\u00e9cnicos<\/strong>\u00a0\u2014 Nuestro bufete suele contratar los servicios de expertos, como investigadores privados, especialistas en pruebas forenses y psic\u00f3logos, que pueden brindar informaci\u00f3n sobre aspectos cr\u00edticos de los casos penales. Estos recursos podr\u00edan no estar disponibles para un acusado representado por un defensor p\u00fablico.<\/p>\n<p><strong>Solidario y emp\u00e1tico<\/strong>\u00a0Nuestros abogados defensores de homicidios en Portland comprenden la situaci\u00f3n de nuestros clientes y sus familias. Estamos disponibles las 24 horas para responder preguntas y brindar la asesor\u00eda necesaria.<\/p>\n<h2>Obtenga ayuda legal de abogados con experiencia en defensa penal<\/h2>\n<p>Para discutir su caso, llame a Gilroy Napoli Short Law Group al 503-747-7198 o\u00a0<a href=\"https:\/\/www.gilroynapolishort.com\/es\/contact\/\">Cont\u00e1ctenos en l\u00ednea<\/a>Representamos a personas en Portland, Salem, Beaverton, Hillsboro y otras partes de Oreg\u00f3n.<\/p>\n<p><strong>Se habla espa\u00f1ol.<\/strong><\/p>\n<p>Llame hoy para una consulta gratuita: <a href=\"tel:5037477198\">503-747-7198<\/a><\/p>","protected":false},"excerpt":{"rendered":"<p>Murder &amp; Manslaughter When the stakes are high, you cannot afford anything less than dedicated, comprehensive defense representation. Your future and your freedom are on the line. Gilroy Napoli Short&#8230;<\/p>","protected":false},"author":2,"featured_media":0,"parent":227,"menu_order":0,"comment_status":"closed","ping_status":"closed","template":"single-violent-crimes-page.php","meta":{"_acf_changed":false,"footnotes":""},"class_list":["post-285","page","type-page","status-publish","hentry"],"acf":[],"yoast_head":"<!-- This site is optimized with the Yoast SEO plugin v27.3 - https:\/\/yoast.com\/product\/yoast-seo-wordpress\/ -->\n<title>Murder &amp; Manslaughter - GNS Law Group<\/title>\n<meta name=\"robots\" content=\"index, follow, max-snippet:-1, max-image-preview:large, max-video-preview:-1\" \/>\n<link rel=\"canonical\" href=\"https:\/\/www.gilroynapolishort.com\/es\/practice-areas\/violent-crimes\/murder-manslaughter\/\" \/>\n<meta property=\"og:locale\" content=\"es_MX\" \/>\n<meta property=\"og:type\" content=\"article\" \/>\n<meta property=\"og:title\" content=\"Murder &amp; Manslaughter - GNS Law Group\" \/>\n<meta property=\"og:description\" content=\"Murder &amp; Manslaughter When the stakes are high, you cannot afford anything less than dedicated, comprehensive defense representation. Your future and your freedom are on the line. Gilroy Napoli Short...\" \/>\n<meta property=\"og:url\" content=\"https:\/\/www.gilroynapolishort.com\/es\/practice-areas\/violent-crimes\/murder-manslaughter\/\" \/>\n<meta property=\"og:site_name\" content=\"GNS Law Group\" \/>\n<meta property=\"article:modified_time\" content=\"2024-02-29T17:48:22+00:00\" \/>\n<meta name=\"twitter:card\" content=\"summary_large_image\" \/>\n<meta name=\"twitter:label1\" content=\"Est. reading time\" \/>\n\t<meta name=\"twitter:data1\" content=\"2 minutos\" \/>\n<script type=\"application\/ld+json\" class=\"yoast-schema-graph\">{\"@context\":\"https:\\\/\\\/schema.org\",\"@graph\":[{\"@type\":\"WebPage\",\"@id\":\"https:\\\/\\\/www.gilroynapolishort.com\\\/practice-areas\\\/violent-crimes\\\/murder-manslaughter\\\/\",\"url\":\"https:\\\/\\\/www.gilroynapolishort.com\\\/practice-areas\\\/violent-crimes\\\/murder-manslaughter\\\/\",\"name\":\"Murder & Manslaughter - GNS Law Group\",\"isPartOf\":{\"@id\":\"https:\\\/\\\/www.gilroynapolishort.com\\\/#website\"},\"datePublished\":\"2019-02-19T08:38:58+00:00\",\"dateModified\":\"2024-02-29T17:48:22+00:00\",\"breadcrumb\":{\"@id\":\"https:\\\/\\\/www.gilroynapolishort.com\\\/practice-areas\\\/violent-crimes\\\/murder-manslaughter\\\/#breadcrumb\"},\"inLanguage\":\"es\",\"potentialAction\":[{\"@type\":\"ReadAction\",\"target\":[\"https:\\\/\\\/www.gilroynapolishort.com\\\/practice-areas\\\/violent-crimes\\\/murder-manslaughter\\\/\"]}]},{\"@type\":\"BreadcrumbList\",\"@id\":\"https:\\\/\\\/www.gilroynapolishort.com\\\/practice-areas\\\/violent-crimes\\\/murder-manslaughter\\\/#breadcrumb\",\"itemListElement\":[{\"@type\":\"ListItem\",\"position\":1,\"name\":\"Home\",\"item\":\"https:\\\/\\\/www.gilroynapolishort.com\\\/\"},{\"@type\":\"ListItem\",\"position\":2,\"name\":\"Practice Areas\",\"item\":\"https:\\\/\\\/www.gilroynapolishort.com\\\/practice-areas\\\/\"},{\"@type\":\"ListItem\",\"position\":3,\"name\":\"Violent Crimes\",\"item\":\"https:\\\/\\\/www.gilroynapolishort.com\\\/practice-areas\\\/violent-crimes\\\/\"},{\"@type\":\"ListItem\",\"position\":4,\"name\":\"Murder &#038; Manslaughter\"}]},{\"@type\":\"WebSite\",\"@id\":\"https:\\\/\\\/www.gilroynapolishort.com\\\/#website\",\"url\":\"https:\\\/\\\/www.gilroynapolishort.com\\\/\",\"name\":\"Gilroy Napoli Short Law Group\",\"description\":\"\",\"potentialAction\":[{\"@type\":\"SearchAction\",\"target\":{\"@type\":\"EntryPoint\",\"urlTemplate\":\"https:\\\/\\\/www.gilroynapolishort.com\\\/?s={search_term_string}\"},\"query-input\":{\"@type\":\"PropertyValueSpecification\",\"valueRequired\":true,\"valueName\":\"search_term_string\"}}],\"inLanguage\":\"es\"}]}<\/script>\n<!-- \/ Yoast SEO plugin. -->","yoast_head_json":{"title":"Murder & Manslaughter - GNS Law Group","robots":{"index":"index","follow":"follow","max-snippet":"max-snippet:-1","max-image-preview":"max-image-preview:large","max-video-preview":"max-video-preview:-1"},"canonical":"https:\/\/www.gilroynapolishort.com\/es\/practice-areas\/violent-crimes\/murder-manslaughter\/","og_locale":"es_MX","og_type":"article","og_title":"Murder & Manslaughter - GNS Law Group","og_description":"Murder &amp; Manslaughter When the stakes are high, you cannot afford anything less than dedicated, comprehensive defense representation. Your future and your freedom are on the line. Gilroy Napoli Short...","og_url":"https:\/\/www.gilroynapolishort.com\/es\/practice-areas\/violent-crimes\/murder-manslaughter\/","og_site_name":"GNS Law Group","article_modified_time":"2024-02-29T17:48:22+00:00","twitter_card":"summary_large_image","twitter_misc":{"Est. reading time":"2 minutos"},"schema":{"@context":"https:\/\/schema.org","@graph":[{"@type":"WebPage","@id":"https:\/\/www.gilroynapolishort.com\/practice-areas\/violent-crimes\/murder-manslaughter\/","url":"https:\/\/www.gilroynapolishort.com\/practice-areas\/violent-crimes\/murder-manslaughter\/","name":"Murder & Manslaughter - GNS Law Group","isPartOf":{"@id":"https:\/\/www.gilroynapolishort.com\/#website"},"datePublished":"2019-02-19T08:38:58+00:00","dateModified":"2024-02-29T17:48:22+00:00","breadcrumb":{"@id":"https:\/\/www.gilroynapolishort.com\/practice-areas\/violent-crimes\/murder-manslaughter\/#breadcrumb"},"inLanguage":"es","potentialAction":[{"@type":"ReadAction","target":["https:\/\/www.gilroynapolishort.com\/practice-areas\/violent-crimes\/murder-manslaughter\/"]}]},{"@type":"BreadcrumbList","@id":"https:\/\/www.gilroynapolishort.com\/practice-areas\/violent-crimes\/murder-manslaughter\/#breadcrumb","itemListElement":[{"@type":"ListItem","position":1,"name":"Home","item":"https:\/\/www.gilroynapolishort.com\/"},{"@type":"ListItem","position":2,"name":"Practice Areas","item":"https:\/\/www.gilroynapolishort.com\/practice-areas\/"},{"@type":"ListItem","position":3,"name":"Violent Crimes","item":"https:\/\/www.gilroynapolishort.com\/practice-areas\/violent-crimes\/"},{"@type":"ListItem","position":4,"name":"Murder &#038; Manslaughter"}]},{"@type":"WebSite","@id":"https:\/\/www.gilroynapolishort.com\/#website","url":"https:\/\/www.gilroynapolishort.com\/","name":"Grupo de abogados Gilroy Napoli Short","description":"","potentialAction":[{"@type":"SearchAction","target":{"@type":"EntryPoint","urlTemplate":"https:\/\/www.gilroynapolishort.com\/?s={search_term_string}"},"query-input":{"@type":"PropertyValueSpecification","valueRequired":true,"valueName":"search_term_string"}}],"inLanguage":"es"}]}},"_links":{"self":[{"href":"https:\/\/www.gilroynapolishort.com\/es\/wp-json\/wp\/v2\/pages\/285","targetHints":{"allow":["GET"]}}],"collection":[{"href":"https:\/\/www.gilroynapolishort.com\/es\/wp-json\/wp\/v2\/pages"}],"about":[{"href":"https:\/\/www.gilroynapolishort.com\/es\/wp-json\/wp\/v2\/types\/page"}],"author":[{"embeddable":true,"href":"https:\/\/www.gilroynapolishort.com\/es\/wp-json\/wp\/v2\/users\/2"}],"replies":[{"embeddable":true,"href":"https:\/\/www.gilroynapolishort.com\/es\/wp-json\/wp\/v2\/comments?post=285"}],"version-history":[{"count":0,"href":"https:\/\/www.gilroynapolishort.com\/es\/wp-json\/wp\/v2\/pages\/285\/revisions"}],"up":[{"embeddable":true,"href":"https:\/\/www.gilroynapolishort.com\/es\/wp-json\/wp\/v2\/pages\/227"}],"wp:attachment":[{"href":"https:\/\/www.gilroynapolishort.com\/es\/wp-json\/wp\/v2\/media?parent=285"}],"curies":[{"name":"wp","href":"https:\/\/api.w.org\/{rel}","templated":true}]}}